{"id":120496,"date":"2025-03-11T19:30:56","date_gmt":"2025-03-11T19:30:56","guid":{"rendered":"https:\/\/wiladu.de\/?post_type=product&#038;p=120496"},"modified":"2025-03-28T18:33:41","modified_gmt":"2025-03-28T18:33:41","slug":"copriletto-bursa","status":"publish","type":"product","link":"https:\/\/wiladu.de\/it\/copriletto-bursa\/","title":{"rendered":"Copriletto Bursa in cotone 130 x 180 cm Coperta House Nordic"},"content":{"rendered":"<div class=\"relative\">\n<div class=\"prose text-pretty dark:prose-invert inline leading-normal break-words min-w-0 [word-break:break-word]\">\n<p class=\"my-0\">Il copriletto Bursa \u00e8 realizzato in cotone, un materiale noto per la sua traspirabilit\u00e0 e durabilit\u00e0. A differenza delle fibre sintetiche, il cotone \u00e8 particolarmente piacevole sulla pelle, regola in modo ottimale la temperatura e garantisce una confortevole sensazione di benessere \u2013 perfetto per ogni stagione.<\/p>\n<h2 class=\"mb-2 mt-6 text-lg font-[500] first:mt-3\">Versatile \u2013 Pi\u00f9 di un semplice copriletto<\/h2>\n<p class=\"my-0\">Questo copriletto \u00e8 pi\u00f9 di una classica coperta da letto. Pu\u00f2 essere utilizzato in vari modi:<\/p>\n<ul class=\"marker:text-textOff list-disc\">\n<li>\n<p class=\"my-0\">Come copriletto \u2013 per una camera da letto elegante e curata<\/p>\n<\/li>\n<li>\n<p class=\"my-0\">Come coperta sul divano \u2013 per un&#8217;atmosfera accogliente nel soggiorno<\/p>\n<\/li>\n<li>\n<p class=\"my-0\">Come leggera coperta estiva \u2013 perfetta per le notti calde<\/p>\n<\/li>\n<li>\n<p class=\"my-0\">Come elegante coperta da picnic o da spiaggia \u2013 grazie al suo design leggero e maneggevole<\/p>\n<\/li>\n<\/ul>\n<p class=\"my-0\">La combinazione di funzionalit\u00e0 ed eleganza rende questa coperta un must-have per qualsiasi arredamento.<\/p>\n<h2 class=\"mb-2 mt-6 text-lg font-[500] first:mt-3\">Disponibile in diversi colori \u2013 Adatto a ogni stile d&#8217;arredamento<\/h2>\n<p class=\"my-0\">Il copriletto Bursa \u00e8 disponibile in diversi colori eleganti, permettendogli di integrarsi perfettamente in qualsiasi concetto abitativo.<\/p>\n<ul class=\"marker:text-textOff list-disc\">\n<li>\n<p class=\"my-0\">Copriletto beige \u2013 Perfetto per stili minimalisti o scandinavi<\/p>\n<\/li>\n<li>\n<p class=\"my-0\">Copriletto blu \u2013 Porta un&#8217;atmosfera fresca e marittima nella tua casa<\/p>\n<\/li>\n<li>\n<p class=\"my-0\">Copriletto verde \u2013 Crea accenti naturali per un arredamento armonioso<\/p>\n<\/li>\n<li>\n<p class=\"my-0\">Copriletto marrone \u2013 Genera calore e accoglienza negli spazi abitativi classici<\/p>\n<\/li>\n<li>\n<p class=\"my-0\">Copriletto nero \u2013 Senza tempo ed elegante per interni moderni e lussuosi<\/p>\n<\/li>\n<\/ul>\n<p class=\"my-0\">Indipendentemente dallo stile che preferisci \u2013 con il copriletto Bursa, crei esattamente gli accenti giusti.<\/p>\n<h2 class=\"mb-2 mt-6 text-lg font-[500] first:mt-3\">Facile da curare e durevole \u2013 Adatto all&#8217;uso quotidiano<\/h2>\n<p class=\"my-0\">Il cotone non \u00e8 solo piacevole sulla pelle, ma anche particolarmente facile da curare. Il copriletto Bursa pu\u00f2 essere facilmente lavato in lavatrice, mantiene la sua forma anche dopo numerosi lavaggi ed \u00e8 estremamente resistente. Questo lo rende ideale per l&#8217;uso quotidiano, sia sul letto, sul divano o come coperta protettiva per i mobili.<\/p>\n<h2 class=\"mb-2 mt-6 text-lg font-[500] first:mt-3\">Perch\u00e9 il copriletto Bursa di alta qualit\u00e0 \u00e8 un elemento essenziale per la casa<\/h2>\n<p class=\"my-0\">Un buon copriletto \u00e8 pi\u00f9 di un semplice elemento decorativo \u2013 protegge i tuoi mobili, conferisce al tuo spazio abitativo un&#8217;atmosfera speciale e fornisce comfort aggiuntivo. A differenza delle coperte pesanti e poco pratiche, il copriletto Bursa \u00e8 leggero, morbido e facile da maneggiare.<\/p>\n<p class=\"my-0\">Alcuni vantaggi in breve:<\/p>\n<ul class=\"marker:text-textOff list-disc\">\n<li>\n<p class=\"my-0\">Protegge letto e divano dalla polvere e dall&#8217;usura<\/p>\n<\/li>\n<li>\n<p class=\"my-0\">Fornisce un aspetto ordinato nella camera da letto<\/p>\n<\/li>\n<li>\n<p class=\"my-0\">Dona alla stanza un&#8217;atmosfera accogliente ed elegante<\/p>\n<\/li>\n<li>\n<p class=\"my-0\">Versatile per l&#8217;uso su letti, divani, aree relax o attivit\u00e0 all&#8217;aperto<\/p>\n<\/li>\n<li>\n<p class=\"my-0\">Perfetto per tutte le stagioni \u2013 come coperta calda invernale o leggera coperta estiva<\/p>\n<\/li>\n<\/ul>\n<h2 class=\"mb-2 mt-6 text-lg font-[500] first:mt-3\">Il copriletto Bursa \u00e8 un must per le case attente allo stile<\/h2>\n<p class=\"my-0\">Se stai cercando un copriletto di alta qualit\u00e0, versatile ed elegante per il tuo letto o divano, il copriletto Bursa di House Nordic \u00e8 la scelta perfetta. Con i suoi colori raffinati, il materiale in cotone di alta qualit\u00e0 e la sua versatilit\u00e0 d&#8217;uso, porta comfort ed eleganza nella tua casa.<\/p>\n<p class=\"my-0\">Scoprilo ora e dai al tuo spazio abitativo quel qualcosa in pi\u00f9!<\/p>\n<\/div>\n<\/div>\n","protected":false},"excerpt":{"rendered":"<p>Il copriletto Bursa \u00e8 realizzato in cotone, un materiale noto per la sua traspirabilit\u00e0 e durabilit\u00e0. A differenza delle fibre sintetiche, il cotone \u00e8 particolarmente piacevole sulla pelle, regola in modo ottimale la temperatura e garantisce una confortevole sensazione di benessere \u2013 perfetto per ogni stagione. Versatile \u2013 Pi\u00f9 di un semplice copriletto Questo copriletto [&hellip;]<\/p>\n","protected":false},"featured_media":118598,"comment_status":"closed","ping_status":"closed","template":"","meta":[],"product_brand":[],"product_cat":[2604,1956],"product_tag":[],"class_list":{"0":"post-120496","1":"product","2":"type-product","3":"status-publish","4":"has-post-thumbnail","6":"product_cat-coperte","7":"product_cat-tutti-i-prodotti","8":"pa_farbe-beige-it","9":"pa_farbe-blu","10":"pa_farbe-marrone","11":"pa_farbe-nero","12":"pa_farbe-verde","14":"first","15":"instock","16":"taxable","17":"shipping-taxable","18":"purchasable","19":"product-type-variable"},"_links":{"self":[{"href":"https:\/\/wiladu.de\/it\/wp-json\/wp\/v2\/product\/120496","targetHints":{"allow":["GET"]}}],"collection":[{"href":"https:\/\/wiladu.de\/it\/wp-json\/wp\/v2\/product"}],"about":[{"href":"https:\/\/wiladu.de\/it\/wp-json\/wp\/v2\/types\/product"}],"replies":[{"embeddable":true,"href":"https:\/\/wiladu.de\/it\/wp-json\/wp\/v2\/comments?post=120496"}],"version-history":[{"count":1,"href":"https:\/\/wiladu.de\/it\/wp-json\/wp\/v2\/product\/120496\/revisions"}],"predecessor-version":[{"id":120497,"href":"https:\/\/wiladu.de\/it\/wp-json\/wp\/v2\/product\/120496\/revisions\/120497"}],"wp:featuredmedia":[{"embeddable":true,"href":"https:\/\/wiladu.de\/it\/wp-json\/wp\/v2\/media\/118598"}],"wp:attachment":[{"href":"https:\/\/wiladu.de\/it\/wp-json\/wp\/v2\/media?parent=120496"}],"wp:term":[{"taxonomy":"product_brand","embeddable":true,"href":"https:\/\/wiladu.de\/it\/wp-json\/wp\/v2\/product_brand?post=120496"},{"taxonomy":"product_cat","embeddable":true,"href":"https:\/\/wiladu.de\/it\/wp-json\/wp\/v2\/product_cat?post=120496"},{"taxonomy":"product_tag","embeddable":true,"href":"https:\/\/wiladu.de\/it\/wp-json\/wp\/v2\/product_tag?post=120496"}],"curies":[{"name":"wp","href":"https:\/\/api.w.org\/{rel}","templated":true}]}}