{"id":120063,"date":"2022-10-11T16:39:13","date_gmt":"2022-10-11T16:39:13","guid":{"rendered":"https:\/\/wiladu.de\/?post_type=product&#038;p=120063"},"modified":"2025-03-25T10:23:32","modified_gmt":"2025-03-25T10:23:32","slug":"bilancia-da-cucina-retro","status":"publish","type":"product","link":"https:\/\/wiladu.de\/it\/bilancia-da-cucina-retro\/","title":{"rendered":"Bilancia da cucina retr\u00f2 Wiladu bilancia vintage design bilancia da cucina analogica retro metallo"},"content":{"rendered":"<div class=\"border-borderMain\/50 ring-borderMain\/50 divide-borderMain\/50 dark:divide-borderMainDark\/50  dark:ring-borderMainDark\/50 dark:border-borderMainDark\/50 bg-transparent\">\n<div class=\"gap-y-md flex flex-col\">\n<div class=\"relative default font-sans text-base text-textMain dark:text-textMainDark selection:bg-super\/50 selection:text-textMain dark:selection:bg-superDuper\/10 dark:selection:text-superDark\">\n<div class=\"min-w-0 break-words [word-break:break-word]\">\n<div id=\"markdown-content-1\" class=\"gap-y-md flex flex-col\" dir=\"auto\">\n<div class=\"relative\">\n<div class=\"prose text-pretty dark:prose-invert inline leading-normal break-words min-w-0 [word-break:break-word]\">\n<p class=\"my-0\"><strong>Bilancia da cucina retr\u00f2 Wiladu vintage &#8211; per pasticceri e chef esperti &#8211; e per chiunque voglia diventarlo:<\/strong>\u00a0i piatti e i dessert sono davvero buoni solo quando gli ingredienti sono pesati con precisione.<\/p>\n<p class=\"my-0\">La bilancia da cucina retr\u00f2 \u00e8 uno strumento elegante e pratico per ogni cuoco o pasticcere. Permette di pesare rapidamente e con precisione gli ingredienti, garantendo risultati perfetti nella preparazione di piatti o dolci.<\/p>\n<p class=\"my-0\">Questa bilancia ha un design retr\u00f2 che ricorda le bilance degli anni &#8217;50. \u00c8 realizzata in acciaio inossidabile di alta qualit\u00e0 e dispone di un ampio display analogico facile da leggere. La capacit\u00e0 di pesatura va da 0 a 5 kg con una precisione di 1 g. Inoltre, \u00e8 dotata di una funzione tara che consente di sottrarre il peso dei contenitori o delle confezioni, ottenendo solo il peso del contenuto.<\/p>\n<p class=\"my-0\">La bilancia \u00e8 facile da usare e ha una struttura stabile che garantisce un posizionamento sicuro su qualsiasi superficie. \u00c8 anche semplice da pulire: basta passarla con un panno.<\/p>\n<p class=\"my-0\">Il design retr\u00f2 della bilancia si adatta perfettamente a qualsiasi cucina, aggiungendo un tocco nostalgico. \u00c8 anche un regalo ideale per chi ama cucinare o preparare dolci.<\/p>\n<h2 class=\"mb-xs mt-5 text-base font-[525] first:mt-3\"><strong>Bilancia da cucina retr\u00f2 &#8211; design splendido<\/strong><\/h2>\n<p class=\"my-0\">Un vero pezzo centrale: questa elegante bilancia da cucina sembra uscita dai tempi passati. Sicuramente attirer\u00e0 l&#8217;attenzione nella tua cucina! Ma quando si tratta di pesare, pu\u00f2 facilmente competere con le bilance moderne di oggi.<\/p>\n<p class=\"my-0\">Il grande vantaggio: non rimarrai mai senza batteria mentre prepari dolci. Questo piccolo tesoro nostalgico non necessita di batterie.<\/p>\n<p class=\"my-0\">Gli ingredienti per cucinare e preparare dolci, frutta e verdura, porzioni dietetiche e alimenti per bambini vengono pesati con precisione nella ciotola in acciaio inossidabile e possono essere utilizzati immediatamente.<\/p>\n<p class=\"my-0\">La funzione di pesatura particolarmente pratica consente anche di aggiungere pi\u00f9 ingredienti in successione: basta aggiungere un ingrediente e regolare la rotella in modo che l&#8217;indicatore torni a zero. Poi si aggiunge il prossimo ingrediente. In questo modo, gli ingredienti possono essere pesati uno dopo l&#8217;altro con precisione al grammo.<\/p>\n<p><img fetchpriority=\"high\" decoding=\"async\" class=\"aligncenter wp-image-117398 size-full\" src=\"https:\/\/wiladu.de\/wp-content\/uploads\/2022\/10\/Kuechenwaage-Retro-Atmosphaere-in-der-Kueche.jpg\" alt=\"K\u00fcchenwaage Retro Atmosph\u00e4re in der K\u00fcche\" width=\"1000\" height=\"1000\" title=\"\" srcset=\"https:\/\/wiladu.de\/wp-content\/uploads\/2022\/10\/Kuechenwaage-Retro-Atmosphaere-in-der-Kueche.jpg 1000w, https:\/\/wiladu.de\/wp-content\/uploads\/2022\/10\/Kuechenwaage-Retro-Atmosphaere-in-der-Kueche-300x300.jpg 300w, https:\/\/wiladu.de\/wp-content\/uploads\/2022\/10\/Kuechenwaage-Retro-Atmosphaere-in-der-Kueche-150x150.jpg 150w, https:\/\/wiladu.de\/wp-content\/uploads\/2022\/10\/Kuechenwaage-Retro-Atmosphaere-in-der-Kueche-768x768.jpg 768w, https:\/\/wiladu.de\/wp-content\/uploads\/2022\/10\/Kuechenwaage-Retro-Atmosphaere-in-der-Kueche-990x990.jpg 990w, https:\/\/wiladu.de\/wp-content\/uploads\/2022\/10\/Kuechenwaage-Retro-Atmosphaere-in-der-Kueche-441x441.jpg 441w, https:\/\/wiladu.de\/wp-content\/uploads\/2022\/10\/Kuechenwaage-Retro-Atmosphaere-in-der-Kueche-800x800.jpg 800w\" sizes=\"(max-width: 1000px) 100vw, 1000px\"><\/p>\n<h2 class=\"mb-xs mt-5 text-base font-[525] first:mt-3\"><strong>Bilancia da cucina retr\u00f2 vintage Wiladu &#8211; I tuoi vantaggi<\/strong><\/h2>\n<ul class=\"marker:text-textOff list-disc\">\n<li>\n<p class=\"my-0\">Lettura rapida grazie al grande quadrante<\/p>\n<\/li>\n<li>\n<p class=\"my-0\">Ideale per porzioni grandi: pesa fino a 5 kg<\/p>\n<\/li>\n<li>\n<p class=\"my-0\">Pesatura facile degli ingredienti<\/p>\n<\/li>\n<li>\n<p class=\"my-0\">Ciotola rimovibile<\/p>\n<\/li>\n<li>\n<p class=\"my-0\">Design retr\u00f2 senza tempo: elegante in ogni cucina<\/p>\n<\/li>\n<li>\n<p class=\"my-0\">Lettura rapida semplificata: ampio display analogico<\/p>\n<\/li>\n<li>\n<p class=\"my-0\">Dimensioni: 23 x 22 x 20 cm<\/p>\n<\/li>\n<li>\n<p class=\"my-0\">Peso: 1,4 kg<\/p>\n<\/li>\n<li>\n<p class=\"my-0\">Pesa fino a 5 kg con incrementi di 20 g<\/p>\n<\/li>\n<li>\n<p class=\"my-0\">Funzionamento senza energia: non necessita di batterie o adattatori<\/p>\n<\/li>\n<li>\n<p class=\"my-0\">Funzione tara con rotella di regolazione: pesatura semplice &#8211; Corpo in metallo nero con ciotola rimovibile in acciaio inossidabile<\/p>\n<\/li>\n<li>\n<p class=\"my-0\">Bilancia retr\u00f2 inclusa con ciotola e istruzioni. Bilancia meccanica &#8211; Adatta anche per: bilancia postale, bilancia fine, ciotola, vintage, dolci, analogica, cucina, piatto &#8211; Il prezzo originale di EUR 56,90 corrisponde al prezzo consigliato dal produttore (RRP).<\/p>\n<\/li>\n<\/ul>\n<h2 class=\"mb-xs mt-5 text-base font-[525] first:mt-3\"><strong>Cos&#8217;\u00e8 una bilancia da cucina retr\u00f2?<\/strong><\/h2>\n<p class=\"my-0\">Una bilancia da cucina retr\u00f2 \u00e8 qualsiasi tipo di bilancia meccanica o digitale progettata per sembrare realizzata negli anni &#8217;50, &#8217;60 o &#8217;70. Queste bilance hanno generalmente una base metallica e un quadrante in plastica, rendendole sia robuste che esteticamente piacevoli. Molte offrono misurazioni precise sia in unit\u00e0 metriche che imperiali, dandoti la flessibilit\u00e0 necessaria per pesare qualsiasi ingrediente.<\/p>\n<h2 class=\"mb-xs mt-5 text-base font-[525] first:mt-3\"><strong>I vantaggi delle bilance da cucina retr\u00f2<\/strong><\/h2>\n<p class=\"my-0\">Una bilancia da cucina retr\u00f2 offre numerosi vantaggi che altre bilance non hanno. Ad esempio, spesso dispongono di grandi quadranti (e precisi) che rendono facile leggere le misurazioni &#8211; niente pi\u00f9 occhi strizzati! E poich\u00e9 sono progettate in stile vintage, sono un accento decorativo ideale per cucine moderne dal gusto r\u00e9tro o tradizionali dallo stile rustico. Quando \u00e8 il momento di riporle, queste bilance occupano pochissimo spazio sul piano lavoro!<\/p>\n<h2 class=\"mb-xs mt-5 text-base font-[525] first:mt-3\"><strong>Dove trovare una bilancia da cucina retr\u00f2?<\/strong><\/h2>\n<p class=\"my-0\">Se stai cercando una bilancia da cucina retr\u00f2 per la tua casa, ci sono molte opzioni disponibili online e nei negozi del paese. Alcuni negozi sono specializzati in elettrodomestici e utensili dal design vintage. Ma se preferisci non uscire subito, ci sono numerosi siti web dove puoi acquistare comodamente da casa tua. Che tu stia cercando un modello meccanico o digitale &#8211; o qualcosa di unico &#8211; dovresti trovare ci\u00f2 che ti serve senza troppe difficolt\u00e0.<\/p>\n<p class=\"my-0\">Una bilancia da cucina retr\u00f2 \u00e8 un ottimo modo per aggiungere un tocco vintage alla tua cucina sfruttando tutte le funzionalit\u00e0 moderne di una bilancia attuale. Con il loro design robusto e le misurazioni precise (in unit\u00e0 metriche e imperiali), queste bilance rendono la preparazione dei dolci pi\u00f9 facile che mai! Che tu stia cercando questi modelli online o nei negozi locali, speriamo che questa guida ti abbia aiutato nella ricerca della bilancia retr\u00f2 perfetta.<\/p>\n<\/div>\n<\/div>\n<\/div>\n<\/div>\n<\/div>\n<\/div>\n<\/div>\n","protected":false},"excerpt":{"rendered":"<p>Bilancia da cucina retr\u00f2 Wiladu vintage &#8211; per pasticceri e chef esperti &#8211; e per chiunque voglia diventarlo:\u00a0i piatti e i dessert sono davvero buoni solo quando gli ingredienti sono pesati con precisione. La bilancia da cucina retr\u00f2 \u00e8 uno strumento elegante e pratico per ogni cuoco o pasticcere. Permette di pesare rapidamente e con [&hellip;]<\/p>\n","protected":false},"featured_media":78347,"comment_status":"closed","ping_status":"closed","template":"","meta":[],"product_brand":[],"product_cat":[1863,1956,1649],"product_tag":[],"class_list":{"0":"post-120063","1":"product","2":"type-product","3":"status-publish","4":"has-post-thumbnail","6":"product_cat-la-cucina","7":"product_cat-tutti-i-prodotti","8":"product_cat-wiladu-it","9":"pa_farbe-blu","10":"pa_farbe-crema","11":"pa_farbe-grigio","12":"pa_farbe-nero","13":"pa_farbe-rosa-it","14":"pa_farbe-rosso","15":"pa_farbe-verde","17":"first","18":"instock","19":"taxable","20":"shipping-taxable","21":"purchasable","22":"product-type-variable"},"_links":{"self":[{"href":"https:\/\/wiladu.de\/it\/wp-json\/wp\/v2\/product\/120063","targetHints":{"allow":["GET"]}}],"collection":[{"href":"https:\/\/wiladu.de\/it\/wp-json\/wp\/v2\/product"}],"about":[{"href":"https:\/\/wiladu.de\/it\/wp-json\/wp\/v2\/types\/product"}],"replies":[{"embeddable":true,"href":"https:\/\/wiladu.de\/it\/wp-json\/wp\/v2\/comments?post=120063"}],"version-history":[{"count":1,"href":"https:\/\/wiladu.de\/it\/wp-json\/wp\/v2\/product\/120063\/revisions"}],"predecessor-version":[{"id":120064,"href":"https:\/\/wiladu.de\/it\/wp-json\/wp\/v2\/product\/120063\/revisions\/120064"}],"wp:featuredmedia":[{"embeddable":true,"href":"https:\/\/wiladu.de\/it\/wp-json\/wp\/v2\/media\/78347"}],"wp:attachment":[{"href":"https:\/\/wiladu.de\/it\/wp-json\/wp\/v2\/media?parent=120063"}],"wp:term":[{"taxonomy":"product_brand","embeddable":true,"href":"https:\/\/wiladu.de\/it\/wp-json\/wp\/v2\/product_brand?post=120063"},{"taxonomy":"product_cat","embeddable":true,"href":"https:\/\/wiladu.de\/it\/wp-json\/wp\/v2\/product_cat?post=120063"},{"taxonomy":"product_tag","embeddable":true,"href":"https:\/\/wiladu.de\/it\/wp-json\/wp\/v2\/product_tag?post=120063"}],"curies":[{"name":"wp","href":"https:\/\/api.w.org\/{rel}","templated":true}]}}