{"id":120022,"date":"2022-09-03T13:37:20","date_gmt":"2022-09-03T13:37:20","guid":{"rendered":"https:\/\/wiladu.de\/?post_type=product&#038;p=120022"},"modified":"2025-03-24T16:40:08","modified_gmt":"2025-03-24T16:40:08","slug":"30-pezzi-di-salviette-per-bambini","status":"publish","type":"product","link":"https:\/\/wiladu.de\/it\/30-pezzi-di-salviette-per-bambini\/","title":{"rendered":"30 pezzi di salviette per bambini in cotone organico Ultimate economy pack"},"content":{"rendered":"<p><strong>30 pezzi di salviette per bambini in cotone biologico<\/strong>? Li trovate a questo prezzo solo nel negozio online di Wiladu!<\/p>\n<p>Le salviette sono lavabili fino a 60\u00b0, ma si consiglia di lavarle a 40\u00b0 per proteggere il materiale.<\/p>\n<p>Sappiamo tutti quanto sia delicata e sensibile la pelle del bambino. Per questo \u00e8 ancora pi\u00f9 importante fornire le giuste cure e i giusti accessori per garantire una protezione e un&#8217;igiene ottimali. Per questo motivo, abbiamo deciso di offrirvi il set perfetto di salviette biologiche a un prezzo imbattibile.<\/p>\n<p>Perch\u00e9 crediamo che ogni bambino meriti di essere curato con materiali naturali e delicati. Nel nostro negozio online, potete scegliere tra le misure 22,5 x 22,5 cm, 20 x 20 cm e 15 x 15 cm.<\/p>\n<p>Entrambi i tipi di salvietta sono di alta qualit\u00e0, prodotti in modo sostenibile e ideali per la pelle sensibile del bambino. In linea di principio, per la pulizia \u00e8 sufficiente l&#8217;acqua. \u00c8 sufficiente immergere le salviette nella vaschetta di lavaggio e poi passarle lentamente e con cura sulla pelle. Lo sporco verr\u00e0 via praticamente da solo. Perfette per il bambino e per l&#8217;ambiente, le nostre 30 salviette per bambini in confezione economica.<\/p>\n<p>Si prega di notare che questa \u00e8 un&#8217;immagine segnaposto. Le salviette inviate differiscono da questa, ma la qualit\u00e0 \u00e8 comunque eccellente.<\/p>\n<h2>30 salviette per bambini &#8211; tre misure, qualit\u00e0 perfetta<\/h2>\n<p>E naturalmente le nostre salviette offrono un grande vantaggio rispetto alle salviette disponibili in commercio. Se avete tempo e tempo libero, dovreste investire il vostro tempo e leggere gli ingredienti delle salviette monouso presenti nelle varie farmacie.<\/p>\n<p>Rimarrete stupiti dal numero di ingredienti diversi contenuti in un prodotto cos\u00ec semplice. Non ci vuole molta immaginazione per capire che un numero cos\u00ec elevato di ingredienti non \u00e8 ottimale per la pelle del vostro bambino.<\/p>\n<p>A questo punto, ovviamente, adottiamo un approccio completamente diverso. Ottenete delle ottime salviette naturali, particolarmente delicate per la pelle del vostro bambino.<\/p>\n<p>Un altro fattore positivo \u00e8 naturalmente l&#8217;enorme risparmio sui costi. Rispetto alle salviette monouso in farmacia, potete lavare e pulire queste salviette normalmente in lavatrice e poi semplicemente riutilizzarle.<\/p>\n<p>In questo modo si risparmia molto denaro nel lungo periodo e, naturalmente, si riduce anche la quantit\u00e0 di rifiuti che altrimenti verrebbero generati dall&#8217;uso di panni monouso. Una situazione vantaggiosa per il vostro bambino, per il vostro portafoglio e per l&#8217;ambiente. Date un&#8217;occhiata agli altri prodotti in saldo del negozio online Wiladu e risparmiate.<\/p>\n<p>Volete rivedere l&#8217;intera selezione di salviette per bambini? Divertitevi a navigare.<\/p>\n<p>Le immagini sono solo un esempio!<\/p>\n","protected":false},"excerpt":{"rendered":"<p>30 pezzi di salviette per bambini in cotone biologico? Li trovate a questo prezzo solo nel negozio online di Wiladu! Le salviette sono lavabili fino a 60\u00b0, ma si consiglia di lavarle a 40\u00b0 per proteggere il materiale. Sappiamo tutti quanto sia delicata e sensibile la pelle del bambino. Per questo \u00e8 ancora pi\u00f9 importante [&hellip;]<\/p>\n","protected":false},"featured_media":55001,"comment_status":"open","ping_status":"closed","template":"","meta":[],"product_brand":[],"product_cat":[1879,1956,1739,1649],"product_tag":[],"class_list":{"0":"post-120022","1":"product","2":"type-product","3":"status-publish","4":"has-post-thumbnail","6":"product_cat-salvietta-per-bambini","7":"product_cat-tutti-i-prodotti","8":"product_cat-vendita","9":"product_cat-wiladu-it","11":"first","12":"instock","13":"taxable","14":"shipping-taxable","15":"purchasable","16":"product-type-variable"},"_links":{"self":[{"href":"https:\/\/wiladu.de\/it\/wp-json\/wp\/v2\/product\/120022","targetHints":{"allow":["GET"]}}],"collection":[{"href":"https:\/\/wiladu.de\/it\/wp-json\/wp\/v2\/product"}],"about":[{"href":"https:\/\/wiladu.de\/it\/wp-json\/wp\/v2\/types\/product"}],"replies":[{"embeddable":true,"href":"https:\/\/wiladu.de\/it\/wp-json\/wp\/v2\/comments?post=120022"}],"version-history":[{"count":2,"href":"https:\/\/wiladu.de\/it\/wp-json\/wp\/v2\/product\/120022\/revisions"}],"predecessor-version":[{"id":120024,"href":"https:\/\/wiladu.de\/it\/wp-json\/wp\/v2\/product\/120022\/revisions\/120024"}],"wp:featuredmedia":[{"embeddable":true,"href":"https:\/\/wiladu.de\/it\/wp-json\/wp\/v2\/media\/55001"}],"wp:attachment":[{"href":"https:\/\/wiladu.de\/it\/wp-json\/wp\/v2\/media?parent=120022"}],"wp:term":[{"taxonomy":"product_brand","embeddable":true,"href":"https:\/\/wiladu.de\/it\/wp-json\/wp\/v2\/product_brand?post=120022"},{"taxonomy":"product_cat","embeddable":true,"href":"https:\/\/wiladu.de\/it\/wp-json\/wp\/v2\/product_cat?post=120022"},{"taxonomy":"product_tag","embeddable":true,"href":"https:\/\/wiladu.de\/it\/wp-json\/wp\/v2\/product_tag?post=120022"}],"curies":[{"name":"wp","href":"https:\/\/api.w.org\/{rel}","templated":true}]}}