{"id":119989,"date":"2022-09-30T22:12:23","date_gmt":"2022-09-30T22:12:23","guid":{"rendered":"https:\/\/wiladu.de\/?post_type=product&#038;p=119989"},"modified":"2025-03-23T21:55:09","modified_gmt":"2025-03-23T21:55:09","slug":"robotime-emily","status":"publish","type":"product","link":"https:\/\/wiladu.de\/it\/robotime-emily\/","title":{"rendered":"Robotime Il negozio di fiori di Emily Set di artigianato fai da te 22x19x21cm DG145 Puzzle 3D in legno"},"content":{"rendered":"<p>Benvenuti nel magico mondo di Robotime! Il set di artigianato fai da te <strong>Robotime Emily Flower Shop<\/strong> non \u00e8 solo un semplice puzzle 3D in legno. \u00c8 un viaggio nel mondo della creativit\u00e0, un omaggio alla bellezza della natura e un&#8217;ode all&#8217;artigianato. Approfondite i dettagli di questo affascinante progetto artigianale e scoprite perch\u00e9 ha conquistato i cuori degli appassionati di artigianato di tutto il mondo.<\/p>\n<div class=\"video-container\"><iframe title=\"Happy Corner Emily&#039;s Flower Shop Craft Kit Robotime\" width=\"1170\" height=\"658\" src=\"https:\/\/www.youtube.com\/embed\/SXxL2gaPba8?feature=oembed\" frameborder=\"0\" allow=\"accelerometer; autoplay; clipboard-write; encrypted-media; gyroscope; picture-in-picture; web-share\" referrerpolicy=\"strict-origin-when-cross-origin\" allowfullscreen><\/iframe><\/div>\n<h2>Il mondo di Robotime: pi\u00f9 di un semplice puzzle<\/h2>\n<p>Robotime \u00e8 nota per i suoi puzzle 3D di alta qualit\u00e0 e per i kit di artigianato fai-da-te che non solo sono divertenti, ma stimolano anche l&#8217;immaginazione e fanno emergere il lato creativo di ognuno di noi. Con un&#8217;ampia gamma di temi e disegni, Robotime ha un progetto artigianale per tutti i gusti e le et\u00e0. Da incantevoli negozi di fiori a imponenti edifici, le possibilit\u00e0 sono infinite.<\/p>\n<h3>Il fascino del negozio di fiori di Emily<\/h3>\n<p>Il negozio di fiori di Emily di Robotime \u00e8 un capolavoro di artigianato e una vera festa per i sensi. Ogni dettaglio \u00e8 stato progettato con amore e cura per creare un&#8217;atmosfera autentica e invitante. Dai bouquet colorati ai mobili rustici in legno, questo negozio di fiori \u00e8 pi\u00f9 di un semplice modello, \u00e8 un mondo in miniatura pieno di vita e di colori.<\/p>\n<ul>\n<li>Dettagli tecnici e specifiche<\/li>\n<li>Nome del prodotto: Robotime Emily&#8217;s flower shop DIY craft set<\/li>\n<li>Numero di modello: DG145<\/li>\n<li>Dimensioni: 22 x 19 x 21 cm<\/li>\n<li>Materiale: Legno di alta qualit\u00e0<\/li>\n<li>Livello di difficolt\u00e0: Da intermedio ad avanzato<\/li>\n<li>Et\u00e0 consigliata: Da 14 anni<\/li>\n<\/ul>\n<h2>Scopri la magia del negozio di fiori di Robotime Emily: Un set di artigianato fai-da-te unico nel suo genere<\/h2>\n<p>Il kit di artigianato fai da te Robotime Emily&#8217;s Flower Shop offre numerosi vantaggi che lo rendono un elemento essenziale di ogni collezione di artigianato. Ecco alcuni motivi per cui questo progetto artigianale unico \u00e8 cos\u00ec speciale:<\/p>\n<h3>La creativit\u00e0 incontra l&#8217;artigianato<\/h3>\n<p>L&#8217;assemblaggio del negozio di fiori non \u00e8 solo un&#8217;attivit\u00e0 artigianale, ma un viaggio creativo ricco di possibilit\u00e0. Dalla scelta dei colori alla disposizione dei fiori, qui potete dare vita alla vostra visione e dare sfogo alla vostra immaginazione.<\/p>\n<h3>Materiali di alta qualit\u00e0 per un&#8217;esperienza autentica<\/h3>\n<p>Robotime attribuisce grande importanza alla qualit\u00e0 e all&#8217;autenticit\u00e0. Il set artigianale del negozio di fiori di Emily \u00e8 realizzato in legno di alta qualit\u00e0 che non solo \u00e8 resistente, ma offre anche un&#8217;estetica naturale e rustica.<\/p>\n<h3>Illuminazione per un&#8217;atmosfera magica<\/h3>\n<p>Il punto forte del negozio di fiori di Emily sono le luci LED integrate, che creano un&#8217;atmosfera calda e invitante. Sia di giorno che di sera, il negozio di fiori emana sempre un&#8217;aura magica.<\/p>\n<h3>Una decorazione unica per la casa o l&#8217;ufficio<\/h3>\n<p>Una volta completato, il negozio di fiori non sar\u00e0 solo un&#8217;impressionante opera d&#8217;arte, ma anche un pezzo decorativo unico per la vostra casa o il vostro ufficio. Mostrate la vostra abilit\u00e0 artigianale e godete della sua vista ogni giorno.<\/p>\n<h3>Un regalo che viene dal cuore<\/h3>\n<p>Cercate il regalo perfetto per un appassionato di artigianato? Il set artigianale Robotime Emily&#8217;s Flower Shop \u00e8 la scelta ideale. Non \u00e8 solo un regalo, \u00e8 un&#8217;esperienza, un modo per esprimere il proprio amore e apprezzamento.<\/p>\n","protected":false},"excerpt":{"rendered":"<p>Benvenuti nel magico mondo di Robotime! Il set di artigianato fai da te Robotime Emily Flower Shop non \u00e8 solo un semplice puzzle 3D in legno. \u00c8 un viaggio nel mondo della creativit\u00e0, un omaggio alla bellezza della natura e un&#8217;ode all&#8217;artigianato. Approfondite i dettagli di questo affascinante progetto artigianale e scoprite perch\u00e9 ha conquistato [&hellip;]<\/p>\n","protected":false},"featured_media":76282,"comment_status":"closed","ping_status":"closed","template":"","meta":[],"product_brand":[],"product_cat":[1621,1956],"product_tag":[],"class_list":{"0":"post-119989","1":"product","2":"type-product","3":"status-publish","4":"has-post-thumbnail","6":"product_cat-robotime-it","7":"product_cat-tutti-i-prodotti","9":"first","10":"instock","11":"taxable","12":"shipping-taxable","13":"purchasable","14":"product-type-simple"},"_links":{"self":[{"href":"https:\/\/wiladu.de\/it\/wp-json\/wp\/v2\/product\/119989","targetHints":{"allow":["GET"]}}],"collection":[{"href":"https:\/\/wiladu.de\/it\/wp-json\/wp\/v2\/product"}],"about":[{"href":"https:\/\/wiladu.de\/it\/wp-json\/wp\/v2\/types\/product"}],"replies":[{"embeddable":true,"href":"https:\/\/wiladu.de\/it\/wp-json\/wp\/v2\/comments?post=119989"}],"version-history":[{"count":1,"href":"https:\/\/wiladu.de\/it\/wp-json\/wp\/v2\/product\/119989\/revisions"}],"predecessor-version":[{"id":119995,"href":"https:\/\/wiladu.de\/it\/wp-json\/wp\/v2\/product\/119989\/revisions\/119995"}],"wp:featuredmedia":[{"embeddable":true,"href":"https:\/\/wiladu.de\/it\/wp-json\/wp\/v2\/media\/76282"}],"wp:attachment":[{"href":"https:\/\/wiladu.de\/it\/wp-json\/wp\/v2\/media?parent=119989"}],"wp:term":[{"taxonomy":"product_brand","embeddable":true,"href":"https:\/\/wiladu.de\/it\/wp-json\/wp\/v2\/product_brand?post=119989"},{"taxonomy":"product_cat","embeddable":true,"href":"https:\/\/wiladu.de\/it\/wp-json\/wp\/v2\/product_cat?post=119989"},{"taxonomy":"product_tag","embeddable":true,"href":"https:\/\/wiladu.de\/it\/wp-json\/wp\/v2\/product_tag?post=119989"}],"curies":[{"name":"wp","href":"https:\/\/api.w.org\/{rel}","templated":true}]}}