{"id":110337,"date":"2024-01-21T13:24:20","date_gmt":"2024-01-21T13:24:20","guid":{"rendered":"https:\/\/wiladu.de\/?post_type=product&#038;p=110337"},"modified":"2024-02-11T19:59:48","modified_gmt":"2024-02-11T19:59:48","slug":"tonecheer-isola-dellamore-3d-scatola-puzzle-in-legno-con-illuminazione-tq105-miniatura","status":"publish","type":"product","link":"https:\/\/wiladu.de\/it\/tonecheer-isola-dellamore-3d-scatola-puzzle-in-legno-con-illuminazione-tq105-miniatura\/","title":{"rendered":"Tonecheer Isola dell&#8217;amore 3D scatola puzzle in legno con illuminazione TQ105 miniatura"},"content":{"rendered":"<p><strong>Il puzzle 3D Tonecheer Island of Love<\/strong> non \u00e8 solo un impressionante puzzle in legno, ma anche un affascinante fermalibri e una casa delle bambole in miniatura con illuminazione (TQ105). Questo prodotto unico combina elegantemente arte, artigianato e funzionalit\u00e0, offrendo ore di divertimento e un risultato impressionante.<\/p>\n<div class=\"video-container\"><iframe title=\"Tonecheer Island of Love 3D Puzzle\" width=\"1170\" height=\"878\" src=\"https:\/\/www.youtube.com\/embed\/Gb8ICV_6e_o?feature=oembed\" frameborder=\"0\" allow=\"accelerometer; autoplay; clipboard-write; encrypted-media; gyroscope; picture-in-picture; web-share\" allowfullscreen><\/iframe><\/div>\n<h2>Tonecheer Island of Love 3D Puzzle &#8211; Caratteristiche del prodotto:<\/h2>\n<ol>\n<li><strong>Materiale in legno di alta qualit\u00e0:<\/strong> il puzzle \u00e8 realizzato in legno di alta qualit\u00e0, che non solo \u00e8 resistente ma conferisce anche un&#8217;estetica naturale. I pezzi tagliati con precisione consentono un assemblaggio agevole.<\/li>\n<li><strong>Fermalibro creativo:<\/strong> una volta completato, il puzzle diventa un fermalibro decorativo che non solo sostiene i libri, ma aggiunge anche un tocco d&#8217;arte alla libreria. La silhouette elegante del puzzle finito aggiunger\u00e0 un tocco artistico alla vostra stanza.<\/li>\n<li><strong>Casa delle bambole in miniatura con illuminazione:<\/strong> il punto forte di questo prodotto \u00e8 la casa delle bambole in miniatura integrata con illuminazione. Le luci a LED creano un&#8217;atmosfera calda e invitante nella stanza in miniatura, progettata con attenzione ai dettagli.<\/li>\n<\/ol>\n<h3>Perch\u00e9 scegliere Tonecheer Island of Love?<\/h3>\n<ol>\n<li><strong>Divertimento creativo:<\/strong> il puzzle 3D non solo offre ore di divertimento creativo, ma \u00e8 anche un prodotto finale versatile che funge da fermalibri e da casa delle bambole in miniatura.<\/li>\n<li><strong>Elemento decorativo:<\/strong> il puzzle finito non \u00e8 solo funzionale ma anche esteticamente piacevole. Diventa un elemento decorativo in casa che attira l&#8217;attenzione e stimola la conversazione.<\/li>\n<li><strong>Regalo unico:<\/strong> cercate un regalo unico per un amante dell&#8217;arte o dei puzzle? L&#8217;isola dell&#8217;amore di Tonecheer \u00e8 la scelta perfetta. Non \u00e8 solo un puzzle, ma un&#8217;opera d&#8217;arte versatile.<\/li>\n<\/ol>\n<h2>Un capolavoro in legno<\/h2>\n<p>Il puzzle 3D Tonecheer Island of Love \u00e8 pi\u00f9 di un semplice puzzle. \u00c8 un capolavoro creativo che unisce funzionalit\u00e0, estetica e artigianalit\u00e0. Dalla struttura in legno di alta qualit\u00e0 alla funzione di fermalibri creativi e all&#8217;incantevole casa delle bambole in miniatura con illuminazione, questo prodotto offre un&#8217;esperienza unica. Immergetevi nel mondo di Tonecheer e create la vostra isola dell&#8217;amore artistica.<\/p>\n","protected":false},"excerpt":{"rendered":"<p>Il puzzle 3D Tonecheer Island of Love non \u00e8 solo un impressionante puzzle in legno, ma anche un affascinante fermalibri e una casa delle bambole in miniatura con illuminazione (TQ105). Questo prodotto unico combina elegantemente arte, artigianato e funzionalit\u00e0, offrendo ore di divertimento e un risultato impressionante. Tonecheer Island of Love 3D Puzzle &#8211; Caratteristiche [&hellip;]<\/p>\n","protected":false},"featured_media":109883,"comment_status":"closed","ping_status":"closed","template":"","meta":[],"product_brand":[],"product_cat":[1705,1621,1956],"product_tag":[],"class_list":{"0":"post-110337","1":"product","2":"type-product","3":"status-publish","4":"has-post-thumbnail","6":"product_cat-giocattoli-in-legno","7":"product_cat-robotime-it","8":"product_cat-tutti-i-prodotti","10":"first","11":"outofstock","12":"taxable","13":"shipping-taxable","14":"purchasable","15":"product-type-simple"},"_links":{"self":[{"href":"https:\/\/wiladu.de\/it\/wp-json\/wp\/v2\/product\/110337","targetHints":{"allow":["GET"]}}],"collection":[{"href":"https:\/\/wiladu.de\/it\/wp-json\/wp\/v2\/product"}],"about":[{"href":"https:\/\/wiladu.de\/it\/wp-json\/wp\/v2\/types\/product"}],"replies":[{"embeddable":true,"href":"https:\/\/wiladu.de\/it\/wp-json\/wp\/v2\/comments?post=110337"}],"version-history":[{"count":3,"href":"https:\/\/wiladu.de\/it\/wp-json\/wp\/v2\/product\/110337\/revisions"}],"predecessor-version":[{"id":110345,"href":"https:\/\/wiladu.de\/it\/wp-json\/wp\/v2\/product\/110337\/revisions\/110345"}],"wp:featuredmedia":[{"embeddable":true,"href":"https:\/\/wiladu.de\/it\/wp-json\/wp\/v2\/media\/109883"}],"wp:attachment":[{"href":"https:\/\/wiladu.de\/it\/wp-json\/wp\/v2\/media?parent=110337"}],"wp:term":[{"taxonomy":"product_brand","embeddable":true,"href":"https:\/\/wiladu.de\/it\/wp-json\/wp\/v2\/product_brand?post=110337"},{"taxonomy":"product_cat","embeddable":true,"href":"https:\/\/wiladu.de\/it\/wp-json\/wp\/v2\/product_cat?post=110337"},{"taxonomy":"product_tag","embeddable":true,"href":"https:\/\/wiladu.de\/it\/wp-json\/wp\/v2\/product_tag?post=110337"}],"curies":[{"name":"wp","href":"https:\/\/api.w.org\/{rel}","templated":true}]}}