{"id":110291,"date":"2023-08-24T13:17:33","date_gmt":"2023-08-24T13:17:33","guid":{"rendered":"https:\/\/wiladu.de\/?post_type=product&#038;p=110291"},"modified":"2024-02-11T18:45:54","modified_gmt":"2024-02-11T18:45:54","slug":"piatto-da-burro-in-ceramica-isabelle-rose","status":"publish","type":"product","link":"https:\/\/wiladu.de\/it\/piatto-da-burro-in-ceramica-isabelle-rose\/","title":{"rendered":"Piatto da burro in ceramica Isabelle Rose con puntini bianchi 16,5 \u00d710 x 8 cm"},"content":{"rendered":"<p><strong>La Mantequillera Isabelle Rose<\/strong> con lunares combina un encantador dise\u00f1o con una funcionalidad pr\u00e1ctica para elevar con estilo tu cocina y mantener la mantequilla fresca. Este recipiente para mantequilla es el complemento perfecto para tu mesa de desayuno y a\u00f1ade un toque de elegancia y encanto retro a tu cocina.<\/p>\n<h2>Caracter\u00edsticas y puntos destacados de la Mantequillera Isabelle Rose:<\/h2>\n<ol>\n<li><strong>Dise\u00f1o elegante:<\/strong> La Mantequillera Isabelle Rose destaca por su dise\u00f1o atemporal con delicados lunares, evocando una era de elegancia y sofisticaci\u00f3n. Los tonos suaves se adaptan perfectamente a diferentes estilos de decoraci\u00f3n.<\/li>\n<li><strong>Calidad premium:<\/strong> Fabricada con porcelana de alta calidad, esta mantequillera es duradera y de la m\u00e1s alta calidad. Es apta para microondas y lavavajillas, manteniendo su brillo a lo largo de los a\u00f1os.<\/li>\n<li><strong>Tama\u00f1o perfecto:<\/strong> Con medidas de 16 x 11 x 7 cm, esta mantequillera ofrece suficiente espacio para una barra de mantequilla est\u00e1ndar. Se guarda f\u00e1cilmente en el refrigerador, protegiendo la mantequilla de olores no deseados y el secado.<\/li>\n<li><strong>F\u00e1cil de manejar:<\/strong> La pr\u00e1ctica tapa facilita la apertura y el cierre de la mantequillera. Puedes sacar la mantequilla sin esfuerzo, sin aplastarla ni desperdiciarla.<\/li>\n<li><strong>Vers\u00e1til:<\/strong> Adem\u00e1s de almacenar mantequilla, esta mantequillera tambi\u00e9n es perfecta para presentar pat\u00e9s, quesos o peque\u00f1as delicias. Es vers\u00e1til y adecuada para diversas ocasiones.<\/li>\n<li><strong>Idea de regalo:<\/strong> La Mantequillera Isabelle Rose tambi\u00e9n es una excelente idea de regalo para amigos y familiares que aprecian el placer culinario y la decoraci\u00f3n elegante de la cocina.<\/li>\n<\/ol>\n<p>Aporta un toque de encanto vintage a tu cocina con la Mantequillera Isabelle Rose con lunares y disfruta de la mantequilla fresca siempre a mano. Esta mantequillera a\u00f1ade un toque de nostalgia a tu hogar y es un accesorio imprescindible para aquellos que valoran la calidad y el estilo. Reg\u00e1late a ti mismo o a un ser querido esta atemporal mantequillera y experimenta el placer de disfrutar de pan tierno, bollos y m\u00e1s en un elegante ambiente.<\/p>\n","protected":false},"excerpt":{"rendered":"<p>La Mantequillera Isabelle Rose con lunares combina un encantador dise\u00f1o con una funcionalidad pr\u00e1ctica para elevar con estilo tu cocina y mantener la mantequilla fresca. Este recipiente para mantequilla es el complemento perfecto para tu mesa de desayuno y a\u00f1ade un toque de elegancia y encanto retro a tu cocina. Caracter\u00edsticas y puntos destacados de [&hellip;]<\/p>\n","protected":false},"featured_media":104798,"comment_status":"closed","ping_status":"closed","template":"","meta":[],"product_brand":[],"product_cat":[2569,1863,1692,1956],"product_tag":[],"class_list":{"0":"post-110291","1":"product","2":"type-product","3":"status-publish","4":"has-post-thumbnail","6":"product_cat-isabelle-rose-it","7":"product_cat-la-cucina","8":"product_cat-stoviglie","9":"product_cat-tutti-i-prodotti","10":"pa_farbe-azzurro","11":"pa_farbe-beige-it","12":"pa_farbe-blu","13":"pa_farbe-giallo","14":"pa_farbe-nero","15":"pa_farbe-rosa-it","16":"pa_farbe-rosso","17":"pa_farbe-verde","19":"first","20":"instock","21":"taxable","22":"shipping-taxable","23":"purchasable","24":"product-type-variable"},"_links":{"self":[{"href":"https:\/\/wiladu.de\/it\/wp-json\/wp\/v2\/product\/110291","targetHints":{"allow":["GET"]}}],"collection":[{"href":"https:\/\/wiladu.de\/it\/wp-json\/wp\/v2\/product"}],"about":[{"href":"https:\/\/wiladu.de\/it\/wp-json\/wp\/v2\/types\/product"}],"replies":[{"embeddable":true,"href":"https:\/\/wiladu.de\/it\/wp-json\/wp\/v2\/comments?post=110291"}],"version-history":[{"count":1,"href":"https:\/\/wiladu.de\/it\/wp-json\/wp\/v2\/product\/110291\/revisions"}],"predecessor-version":[{"id":110292,"href":"https:\/\/wiladu.de\/it\/wp-json\/wp\/v2\/product\/110291\/revisions\/110292"}],"wp:featuredmedia":[{"embeddable":true,"href":"https:\/\/wiladu.de\/it\/wp-json\/wp\/v2\/media\/104798"}],"wp:attachment":[{"href":"https:\/\/wiladu.de\/it\/wp-json\/wp\/v2\/media?parent=110291"}],"wp:term":[{"taxonomy":"product_brand","embeddable":true,"href":"https:\/\/wiladu.de\/it\/wp-json\/wp\/v2\/product_brand?post=110291"},{"taxonomy":"product_cat","embeddable":true,"href":"https:\/\/wiladu.de\/it\/wp-json\/wp\/v2\/product_cat?post=110291"},{"taxonomy":"product_tag","embeddable":true,"href":"https:\/\/wiladu.de\/it\/wp-json\/wp\/v2\/product_tag?post=110291"}],"curies":[{"name":"wp","href":"https:\/\/api.w.org\/{rel}","templated":true}]}}