{"id":109610,"date":"2021-11-13T22:36:17","date_gmt":"2021-11-13T22:36:17","guid":{"rendered":"https:\/\/wiladu.de\/?post_type=product&#038;p=109610"},"modified":"2024-01-07T13:56:50","modified_gmt":"2024-01-07T13:56:50","slug":"estensione-corpo-3-pezzi-colori-diversi","status":"publish","type":"product","link":"https:\/\/wiladu.de\/it\/estensione-corpo-3-pezzi-colori-diversi\/","title":{"rendered":"Estensione corpo 3 pezzi colori diversi"},"content":{"rendered":"<p>L&#8217;estensione del corpo \u00e8 perfetta per ogni body. Non importa se il bambino viene cambiato con pannolini di stoffa o meno. Questo piccolo gadget consente di continuare a utilizzare il body del bambino anche se non \u00e8 pi\u00f9 adatto in termini di lunghezza.<\/p>\n<div class=\"video-container\"><iframe title=\"Bodyverl\u00e4ngerung Wiladu Shop\" width=\"1170\" height=\"658\" src=\"https:\/\/www.youtube.com\/embed\/RSwwaMmBxjs?feature=oembed\" frameborder=\"0\" allow=\"accelerometer; autoplay; clipboard-write; encrypted-media; gyroscope; picture-in-picture; web-share\" allowfullscreen><\/iframe><\/div>\n<h2>Estensione del corpo adatta ai pannolini di stoffa<\/h2>\n<p>Gli attuali modelli di pannolini di stoffa hanno generalmente un design molto confortevole e non limitano i movimenti del bambino. Rispetto ai pannolini tradizionali, possono essere un po&#8217; pi\u00f9 ingombranti e creare un sedere pi\u00f9 grande. Questo pu\u00f2 essere particolarmente evidente nei primi tempi, quando il bambino \u00e8 ancora molto piccolo. La maggiore quantit\u00e0 di tessuto sul sedere pu\u00f2 far s\u00ec che il body aderisca pi\u00f9 strettamente di quanto farebbe senza pannolino. Nel peggiore dei casi, pu\u00f2 scivolare sotto i polsini delle gambe del pannolino di stoffa e assorbire il liquido.<\/p>\n<p><strong>L&#8217;estensione del body in cotone \u00e8 il gadget perfetto per evitare che questo accada. I grandi vantaggi in breve:<\/strong><\/p>\n<ul>\n<li>3 estensioni per il corpo incluse nella confezione<\/li>\n<li>Possono essere utilizzate con molte varianti di body. Il diametro dei bottoni pu\u00f2 essere di 5, 7 e 9 mm<\/li>\n<li>Estensione di 7 cm<\/li>\n<\/ul>\n<h2>Estensione del corpo in cotone e certificato \u00d6KOTEX 100<\/h2>\n<p>L&#8217;utilizzo \u00e8 un gioco da ragazzi. Basta collegare i bottoni dell&#8217;estensione a quelli del body e voil\u00e0, il gioco \u00e8 fatto. I 7 cm guadagnati equivalgono di solito a un&#8217;intera taglia di abito.<\/p>\n<p>Se non siete sicure che l&#8217;extension sia adatta ai vostri capi, basta prendere le misure. I bottoni sono disponibili in tre diverse misure: 9 mm, 7 mm e 5 mm. Inoltre, i bottoni distano circa 2 cm l&#8217;uno dall&#8217;altro. Prendete un righello e lo saprete con certezza.<\/p>\n<p>Le estensioni del corpo sono realizzate in cotone grezzo. Anche i bottoni a pressione sono certificati \u00d6KOTEX 100. Questo garantisce che sono privi di sostanze nocive. Ci\u00f2 garantisce l&#8217;assenza di sostanze nocive. Si possono lavare a 60 gradi e, se necessario, mettere in asciugatrice.<\/p>\n<p>Un&#8217;ultima nota. Fate attenzione a non premere con eccessiva forza i bottoni nel vostro body. Di solito \u00e8 molto facile. Se cos\u00ec non fosse, probabilmente i bottoni non vanno bene. In questo caso, purtroppo, l&#8217;uso di un&#8217;ulteriore forza non servir\u00e0 a nulla, poich\u00e9 dannegger\u00e0 i bottoni.<\/p>\n<h2>Prolungate la vita dei vostri body per neonati con il pratico estensore per body<\/h2>\n<p>L&#8217;estensore per body \u00e8 la soluzione ideale per migliorare la vestibilit\u00e0 dei vostri body da neonato in pochissimo tempo. Con questa confezione da 3 estensori per body di alta qualit\u00e0, non solo prolungherete la vita utile degli indumenti, ma garantirete anche il massimo comfort al vostro piccolo preferito.<\/p>\n<p><strong>Applicazione versatile:<\/strong> Il set contiene tre diversi estensori per body, perfetti per un&#8217;ampia gamma di body per neonati. Grazie ai diversi diametri dei bottoni (5, 7 e 9 mm), le estensioni si adattano a molti modelli di body comuni. Ci\u00f2 consente di utilizzarle in modo flessibile a seconda delle esigenze.<\/p>\n<p><strong>Pratica estensione:<\/strong> con un&#8217;estensione di 7 cm, avete spazio sufficiente per adattare il body al vostro bambino in crescita. L&#8217;estensione del body assicura una vestibilit\u00e0 ottimale ed evita una scomoda costrizione.<\/p>\n<p><strong>Materiali di alta qualit\u00e0:<\/strong> le extension per il corpo sono realizzate in cotone delicato sulla pelle e sono certificate \u00d6KOTEX 100. Questi materiali non solo assicurano che siano comode da indossare, ma soddisfano anche i pi\u00f9 alti standard di qualit\u00e0 e sicurezza per il bambino. Questi materiali non solo assicurano che siano comode da indossare, ma soddisfano anche i pi\u00f9 alti standard di qualit\u00e0 e sicurezza per il bambino.<\/p>\n<p><strong>Facile da usare:<\/strong> utilizzare le estensioni per il corpo \u00e8 un gioco da ragazzi. Basta abbottonarle sul body esistente per creare in un attimo l&#8217;estensione desiderata. La pratica confezione da 3 offre anche la possibilit\u00e0 di montare contemporaneamente diversi body.<\/p>\n<p><strong>Soluzione durevole:<\/strong> la lavorazione di alta qualit\u00e0 e i materiali resistenti rendono le extension per body una soluzione duratura per un uso sostenibile dell&#8217;abbigliamento per bambini. In questo modo non solo si risparmia denaro, ma si protegge anche l&#8217;ambiente.<\/p>\n<p>Con l&#8217;estensore per body, i body per neonati troppo piccoli appartengono al passato. Il set convince per la sua versatilit\u00e0, i materiali di alta qualit\u00e0 e la facilit\u00e0 d&#8217;uso. Regalate al vostro bambino il massimo comfort e a voi stessi una soluzione sostenibile e a basso costo per il guardaroba del vostro bambino. Utilizzate il pratico estensore di body per personalizzare l&#8217;abbigliamento del vostro bambino e regalargli il comfort di body perfettamente aderenti.<\/p>\n","protected":false},"excerpt":{"rendered":"<p>L&#8217;estensione del corpo \u00e8 perfetta per ogni body. Non importa se il bambino viene cambiato con pannolini di stoffa o meno. Questo piccolo gadget consente di continuare a utilizzare il body del bambino anche se non \u00e8 pi\u00f9 adatto in termini di lunghezza. Estensione del corpo adatta ai pannolini di stoffa Gli attuali modelli di [&hellip;]<\/p>\n","protected":false},"featured_media":51479,"comment_status":"open","ping_status":"closed","template":"","meta":[],"product_brand":[],"product_cat":[1477,1886,1956,1739],"product_tag":[],"class_list":{"0":"post-109610","1":"product","2":"type-product","3":"status-publish","4":"has-post-thumbnail","6":"product_cat-avocado-it","7":"product_cat-estensione-del-corpo","8":"product_cat-tutti-i-prodotti","9":"product_cat-vendita","11":"first","12":"instock","13":"sale","14":"taxable","15":"shipping-taxable","16":"purchasable","17":"product-type-variable"},"_links":{"self":[{"href":"https:\/\/wiladu.de\/it\/wp-json\/wp\/v2\/product\/109610","targetHints":{"allow":["GET"]}}],"collection":[{"href":"https:\/\/wiladu.de\/it\/wp-json\/wp\/v2\/product"}],"about":[{"href":"https:\/\/wiladu.de\/it\/wp-json\/wp\/v2\/types\/product"}],"replies":[{"embeddable":true,"href":"https:\/\/wiladu.de\/it\/wp-json\/wp\/v2\/comments?post=109610"}],"version-history":[{"count":1,"href":"https:\/\/wiladu.de\/it\/wp-json\/wp\/v2\/product\/109610\/revisions"}],"predecessor-version":[{"id":109616,"href":"https:\/\/wiladu.de\/it\/wp-json\/wp\/v2\/product\/109610\/revisions\/109616"}],"wp:featuredmedia":[{"embeddable":true,"href":"https:\/\/wiladu.de\/it\/wp-json\/wp\/v2\/media\/51479"}],"wp:attachment":[{"href":"https:\/\/wiladu.de\/it\/wp-json\/wp\/v2\/media?parent=109610"}],"wp:term":[{"taxonomy":"product_brand","embeddable":true,"href":"https:\/\/wiladu.de\/it\/wp-json\/wp\/v2\/product_brand?post=109610"},{"taxonomy":"product_cat","embeddable":true,"href":"https:\/\/wiladu.de\/it\/wp-json\/wp\/v2\/product_cat?post=109610"},{"taxonomy":"product_tag","embeddable":true,"href":"https:\/\/wiladu.de\/it\/wp-json\/wp\/v2\/product_tag?post=109610"}],"curies":[{"name":"wp","href":"https:\/\/api.w.org\/{rel}","templated":true}]}}