{"id":105089,"date":"2023-01-13T14:53:20","date_gmt":"2023-01-13T14:53:20","guid":{"rendered":"https:\/\/wiladu.de\/?post_type=product&#038;p=105089"},"modified":"2023-09-09T19:59:14","modified_gmt":"2023-09-09T19:59:14","slug":"teiera-in-gres-plint-con-colino-in-acciaio-inox-da-15-litri-in-stile-retro-country","status":"publish","type":"product","link":"https:\/\/wiladu.de\/it\/teiera-in-gres-plint-con-colino-in-acciaio-inox-da-15-litri-in-stile-retro-country\/","title":{"rendered":"Teiera in gres Plint con colino in acciaio inox da 1,5 litri in stile retro country"},"content":{"rendered":"<p>La teiera in gres Plint \u00e8 una scelta elegante e resistente per tutti gli amanti del t\u00e8. Con una capacit\u00e0 di 1,5 litri, offre spazio sufficiente per diverse tazze di t\u00e8 ed \u00e8 quindi ideale per preparare il t\u00e8 per la famiglia o gli amici.<\/p>\n<p>La teiera \u00e8 realizzata in gres di alta qualit\u00e0, che la rende robusta e resistente ai danni. La terracotta ha anche la propriet\u00e0 di trattenere il calore a lungo, il che significa che il t\u00e8 rimane caldo pi\u00f9 a lungo se servito in una teiera di terracotta.<\/p>\n<div class=\"video-container\"><iframe title=\"The Tea Collection\" width=\"1170\" height=\"658\" src=\"https:\/\/www.youtube.com\/embed\/2b0t3vXL4R0?feature=oembed\" frameborder=\"0\" allow=\"accelerometer; autoplay; clipboard-write; encrypted-media; gyroscope; picture-in-picture; web-share\" allowfullscreen><\/iframe><\/div>\n<p>La teiera Plint presenta un design moderno e senza tempo che si adatta a qualsiasi cucina. Ha una superficie liscia e lucente facile da pulire. Il coperchio si adagia saldamente sulla teiera, evitando che il t\u00e8 fuoriesca. La maniglia e il beccuccio sono comodi da afferrare, consentendo un versamento del t\u00e8 semplice e sicuro.<\/p>\n<p>I vantaggi della teiera Plint in sintesi:<br \/>\n1. Durabilit\u00e0 e robustezza: La terracotta \u00e8 un materiale naturale estremamente resistente ai graffi e alle macchie.<br \/>\n2. Distribuzione uniforme del calore: La terracotta trattiene bene il calore e lo rilascia lentamente, mantenendo il t\u00e8 costantemente caldo.<br \/>\n3. Aspetto naturale: La terracotta ha una texture e un colore naturali che rendono ogni teiera Plint unica e accattivante.<br \/>\n4. Lavabile in lavastoviglie e adatta al microonde: Le teiere in terracotta sono facili da pulire e possono essere utilizzate in lavastoviglie e microonde.<br \/>\n5. Elegante e pratica: Le teiere in terracotta solitamente presentano una forma elegante e moderna che si adatta a qualsiasi arredamento e offre una maneggevolezza confortevole.<\/p>\n<p>Questa teiera \u00e8 anche adatta per l&#8217;uso in forno e sulla cucina a gas. Pu\u00f2 essere riscaldata direttamente sulla cucina o nel forno a microonde. Grazie alla capacit\u00e0 della terracotta di trattenere il calore, \u00e8 particolarmente adatta per scaldare il t\u00e8 o l&#8217;infusione di t\u00e8.<\/p>\n<p>In sintesi, la teiera Plint in terracotta \u00e8 una scelta eccellente per chiunque cerchi una teiera durevole, elegante e pratica. Con una capacit\u00e0 di 1,5 litri e un design moderno, offre tutto ci\u00f2 che ci si pu\u00f2 aspettare da una teiera ed \u00e8 un&#8217;ottima aggiunta a qualsiasi cucina.<\/p>\n<h2>Teiera in terracotta Plint &#8211; Vibrazioni retr\u00f2<\/h2>\n<p>Se stai cercando la teiera perfetta, allora la teiera in terracotta da 1,5 litri di Plint \u00e8 ci\u00f2 che fa per te! La nostra teiera \u00e8 realizzata in terracotta di alta qualit\u00e0 e presenta un design sobrio e moderno che si fa notare in qualsiasi cucina. La sua generosa capacit\u00e0 di 1,5 litri \u00e8 perfetta per riempire quattro tazze con una sola infusione, garantendo che i tuoi sapori preferiti rimangano freschi e deliziosi. Il beccuccio largo rende il versamento un gioco da ragazzi, e la maniglia ergonomica assicura che le tue mani e i polsi rimangano comodi anche quando la teiera \u00e8 piena.<\/p>\n<p>La bellezza della nostra teiera non si limita al suo design, \u00e8 incredibilmente versatile. Grazie alla nostra smaltatura antiaderente facile da pulire, puoi preparare tutti i tipi di foglie di t\u00e8 sfuso, compresi t\u00e8 nero, verde, bianco e miscele di erbe, senza preoccuparti che si attacchino alla teiera. Inoltre, puoi utilizzare questa teiera su tutti i tipi di cucine, dalle elettriche a gas e a induzione, qualunque tipo di piano cottura tu abbia a casa, \u00e8 compatibile con il nostro prodotto!<\/p>\n<p>La teiera in terracotta di Plint offre non solo prestazioni eccezionali, ma anche un prezzo accessibile, quindi non devi svuotare il portafoglio per ottenere un dispositivo di infusione di alta qualit\u00e0. Inoltre, tutti gli acquisti sono coperti da una garanzia di rimborso entro 30 giorni. Quindi, se per qualsiasi motivo non sei soddisfatto, puoi restituire l&#8217;articolo entro un mese, senza fare domande.<\/p>\n<p>Quindi, perch\u00e9 aspettare? Ottieni la tua teiera oggi stesso e goditi la bevanda aromatica e saporita preparata con una delle migliori teiere di Plint.<\/p>\n","protected":false},"excerpt":{"rendered":"<p>La teiera in gres Plint \u00e8 una scelta elegante e resistente per tutti gli amanti del t\u00e8. Con una capacit\u00e0 di 1,5 litri, offre spazio sufficiente per diverse tazze di t\u00e8 ed \u00e8 quindi ideale per preparare il t\u00e8 per la famiglia o gli amici. La teiera \u00e8 realizzata in gres di alta qualit\u00e0, che [&hellip;]<\/p>\n","protected":false},"featured_media":88100,"comment_status":"closed","ping_status":"closed","template":"","meta":[],"product_brand":[],"product_cat":[1863,1609,1697,1956],"product_tag":[],"class_list":{"0":"post-105089","1":"product","2":"type-product","3":"status-publish","4":"has-post-thumbnail","6":"product_cat-la-cucina","7":"product_cat-plint-it","8":"product_cat-te-e-caffe","9":"product_cat-tutti-i-prodotti","10":"pa_farbe-bianco","11":"pa_farbe-blu","12":"pa_farbe-grigio","13":"pa_farbe-rosso","14":"pa_farbe-verde","16":"first","17":"instock","18":"sale","19":"taxable","20":"shipping-taxable","21":"purchasable","22":"product-type-variable"},"_links":{"self":[{"href":"https:\/\/wiladu.de\/it\/wp-json\/wp\/v2\/product\/105089","targetHints":{"allow":["GET"]}}],"collection":[{"href":"https:\/\/wiladu.de\/it\/wp-json\/wp\/v2\/product"}],"about":[{"href":"https:\/\/wiladu.de\/it\/wp-json\/wp\/v2\/types\/product"}],"replies":[{"embeddable":true,"href":"https:\/\/wiladu.de\/it\/wp-json\/wp\/v2\/comments?post=105089"}],"version-history":[{"count":2,"href":"https:\/\/wiladu.de\/it\/wp-json\/wp\/v2\/product\/105089\/revisions"}],"predecessor-version":[{"id":105096,"href":"https:\/\/wiladu.de\/it\/wp-json\/wp\/v2\/product\/105089\/revisions\/105096"}],"wp:featuredmedia":[{"embeddable":true,"href":"https:\/\/wiladu.de\/it\/wp-json\/wp\/v2\/media\/88100"}],"wp:attachment":[{"href":"https:\/\/wiladu.de\/it\/wp-json\/wp\/v2\/media?parent=105089"}],"wp:term":[{"taxonomy":"product_brand","embeddable":true,"href":"https:\/\/wiladu.de\/it\/wp-json\/wp\/v2\/product_brand?post=105089"},{"taxonomy":"product_cat","embeddable":true,"href":"https:\/\/wiladu.de\/it\/wp-json\/wp\/v2\/product_cat?post=105089"},{"taxonomy":"product_tag","embeddable":true,"href":"https:\/\/wiladu.de\/it\/wp-json\/wp\/v2\/product_tag?post=105089"}],"curies":[{"name":"wp","href":"https:\/\/api.w.org\/{rel}","templated":true}]}}