{"id":104328,"date":"2022-03-05T22:31:45","date_gmt":"2022-03-05T22:31:45","guid":{"rendered":"https:\/\/wiladu.de\/?post_type=product&#038;p=104328"},"modified":"2023-08-17T08:02:04","modified_gmt":"2023-08-17T08:02:04","slug":"bluemchen-all-in-one-futuristisches-design-35-15kg","status":"publish","type":"product","link":"https:\/\/wiladu.de\/it\/bluemchen-all-in-one-futuristisches-design-35-15kg\/","title":{"rendered":"Bl\u00fcmchen All-in-One futuristisches Design (3,5-15kg)"},"content":{"rendered":"\t\t<div data-elementor-type=\"product-post\" data-elementor-id=\"104328\" class=\"elementor elementor-104328 elementor-59339\" data-elementor-settings=\"{&quot;element_pack_global_tooltip_width&quot;:{&quot;unit&quot;:&quot;px&quot;,&quot;size&quot;:&quot;&quot;,&quot;sizes&quot;:[]},&quot;element_pack_global_tooltip_width_tablet&quot;:{&quot;unit&quot;:&quot;px&quot;,&quot;size&quot;:&quot;&quot;,&quot;sizes&quot;:[]},&quot;element_pack_global_tooltip_width_mobile&quot;:{&quot;unit&quot;:&quot;px&quot;,&quot;size&quot;:&quot;&quot;,&quot;sizes&quot;:[]},&quot;element_pack_global_tooltip_padding&quot;:{&quot;unit&quot;:&quot;px&quot;,&quot;top&quot;:&quot;&quot;,&quot;right&quot;:&quot;&quot;,&quot;bottom&quot;:&quot;&quot;,&quot;left&quot;:&quot;&quot;,&quot;isLinked&quot;:true},&quot;element_pack_global_tooltip_padding_tablet&quot;:{&quot;unit&quot;:&quot;px&quot;,&quot;top&quot;:&quot;&quot;,&quot;right&quot;:&quot;&quot;,&quot;bottom&quot;:&quot;&quot;,&quot;left&quot;:&quot;&quot;,&quot;isLinked&quot;:true},&quot;element_pack_global_tooltip_padding_mobile&quot;:{&quot;unit&quot;:&quot;px&quot;,&quot;top&quot;:&quot;&quot;,&quot;right&quot;:&quot;&quot;,&quot;bottom&quot;:&quot;&quot;,&quot;left&quot;:&quot;&quot;,&quot;isLinked&quot;:true},&quot;element_pack_global_tooltip_border_radius&quot;:{&quot;unit&quot;:&quot;px&quot;,&quot;top&quot;:&quot;&quot;,&quot;right&quot;:&quot;&quot;,&quot;bottom&quot;:&quot;&quot;,&quot;left&quot;:&quot;&quot;,&quot;isLinked&quot;:true},&quot;element_pack_global_tooltip_border_radius_tablet&quot;:{&quot;unit&quot;:&quot;px&quot;,&quot;top&quot;:&quot;&quot;,&quot;right&quot;:&quot;&quot;,&quot;bottom&quot;:&quot;&quot;,&quot;left&quot;:&quot;&quot;,&quot;isLinked&quot;:true},&quot;element_pack_global_tooltip_border_radius_mobile&quot;:{&quot;unit&quot;:&quot;px&quot;,&quot;top&quot;:&quot;&quot;,&quot;right&quot;:&quot;&quot;,&quot;bottom&quot;:&quot;&quot;,&quot;left&quot;:&quot;&quot;,&quot;isLinked&quot;:true}}\" data-elementor-post-type=\"product\">\n\t\t\t\t\t\t<section class=\"elementor-section elementor-top-section elementor-element elementor-element-578495b2 elementor-section-boxed elementor-section-height-default elementor-section-height-default\" data-id=\"578495b2\" data-element_type=\"section\" data-e-type=\"section\">\n\t\t\t\t\t\t<div class=\"elementor-container elementor-column-gap-default\">\n\t\t\t\t\t<div class=\"elementor-column elementor-col-100 elementor-top-column elementor-element elementor-element-3de6bfda\" data-id=\"3de6bfda\" data-element_type=\"column\" data-e-type=\"column\">\n\t\t\t<div class=\"elementor-widget-wrap elementor-element-populated\">\n\t\t\t\t\t\t<div class=\"elementor-element elementor-element-71f9b21 elementor-widget elementor-widget-text-editor\" data-id=\"71f9b21\" data-element_type=\"widget\" data-e-type=\"widget\" data-widget_type=\"text-editor.default\">\n\t\t\t\t<div class=\"elementor-widget-container\">\n\t\t\t\t\t\t\t\t\t<p>Il Bl\u00fcmchen All-in-One design futuristico con 5 design favolosi. Un pannolino in tessuto AIO molto sottile con fodera in bamb\u00f9. Il pannolino \u00e8 dotato di finiture senza cuciture sulle gambe e di una barriera elastica interna per evitare le fuoriuscite. La doppia barriera interna consente una migliore protezione contro le fuoriuscite durante il sonno e la camminata. Nonostante la vestibilit\u00e0 sottile, il nucleo in microfibra nascosto offre una superba capacit\u00e0 di assorbimento.<\/p><p>Taglia unica (3,5-15 kg) &#8211; bottoni a pressione coordinati per accorciare il pannolino, elastico alto sulla schiena per una finitura ancora pi\u00f9 morbida, membrana protettiva contro l&#8217;umidit\u00e0 morbida come la seta e traspirante, con funzione di tasca per inserti assorbenti aggiuntivi (non inclusi).<\/p><p>Uso:<\/p><p>prima di tutto, accorcia il pannolino con i bottoni a pressione &#8211; chiudi i bottoni a pressione per le taglie S e M e lasciali aperti per la taglia L. Poi posiziona il pannolino con il lato esterno sul fasciatoio. Se il tuo beb\u00e8 ha bisogno di inserti assorbenti aggiuntivi, posizionali sempre nella tasca del pannolino per non bloccare la barriera elastica contro le fuoriuscite del pannolino.<\/p><p>Posiziona un foglio di velo monouso, facendo attenzione che non sporga dal bordo del pannolino. Se necessario, piegalo in larghezza. Ora metti il tuo beb\u00e8 sul pannolino e chiudilo con i bottoni a pressione. Il pannolino dovrebbe aderire alla vita e chiudersi bene ovunque, senza stringere. Solleva le gambe del tuo beb\u00e8 e controlla tutto intorno per assicurarti che non ci siano angoli della stoffa del rivestimento o del velo di carta che sporgano. Premi le parti di stoffa sporgenti con il dito sotto la stoffa impermeabile.<\/p><p>Materiali:<\/p><p>Spugna di bamb\u00f9: 80% viscosa di bamb\u00f9, 20% poliestere (materiale di supporto)<\/p><p>Nucleo assorbente: invisibile sotto il bamb\u00f9: 100% microfibra di poliestere<\/p><p>Membrana protettiva contro l&#8217;umidit\u00e0: PUL (poliestere rivestito di poliuretano)<\/p><p><div class=\"video-container\"><iframe title=\"Bl\u00fcmchen All-in-One Bambus Stoffwindel Wickelvideo\" width=\"1170\" height=\"658\" src=\"https:\/\/www.youtube.com\/embed\/-pbyKk_svlU?feature=oembed\" frameborder=\"0\" allow=\"accelerometer; autoplay; clipboard-write; encrypted-media; gyroscope; picture-in-picture; web-share\" allowfullscreen><\/iframe><\/div><\/p>\t\t\t\t\t\t\t\t<\/div>\n\t\t\t\t<\/div>\n\t\t\t\t\t<\/div>\n\t\t<\/div>\n\t\t\t\t\t<\/div>\n\t\t<\/section>\n\t\t\t\t<section class=\"elementor-section elementor-top-section elementor-element elementor-element-a982409 elementor-section-boxed elementor-section-height-default elementor-section-height-default\" data-id=\"a982409\" data-element_type=\"section\" data-e-type=\"section\">\n\t\t\t\t\t\t<div class=\"elementor-container elementor-column-gap-default\">\n\t\t\t\t\t<div class=\"elementor-column elementor-col-100 elementor-top-column elementor-element elementor-element-b8d5d5a\" data-id=\"b8d5d5a\" data-element_type=\"column\" data-e-type=\"column\">\n\t\t\t<div class=\"elementor-widget-wrap elementor-element-populated\">\n\t\t\t\t\t\t<div class=\"elementor-element elementor-element-aa29f27 elementor-widget elementor-widget-heading\" data-id=\"aa29f27\" data-element_type=\"widget\" data-e-type=\"widget\" data-widget_type=\"heading.default\">\n\t\t\t\t<div class=\"elementor-widget-container\">\n\t\t\t\t\t<h2 class=\"elementor-heading-title elementor-size-default\">Bl\u00fcmchen All-in-One Design Futuristico<\/h2>\t\t\t\t<\/div>\n\t\t\t\t<\/div>\n\t\t\t\t\t<\/div>\n\t\t<\/div>\n\t\t\t\t\t<\/div>\n\t\t<\/section>\n\t\t\t\t<section class=\"elementor-section elementor-top-section elementor-element elementor-element-55d0eef elementor-section-boxed elementor-section-height-default elementor-section-height-default\" data-id=\"55d0eef\" data-element_type=\"section\" data-e-type=\"section\">\n\t\t\t\t\t\t<div class=\"elementor-container elementor-column-gap-default\">\n\t\t\t\t\t<div class=\"elementor-column elementor-col-100 elementor-top-column elementor-element elementor-element-6effc61\" data-id=\"6effc61\" data-element_type=\"column\" data-e-type=\"column\">\n\t\t\t<div class=\"elementor-widget-wrap elementor-element-populated\">\n\t\t\t\t\t\t<div class=\"elementor-element elementor-element-45e2cea elementor-widget elementor-widget-text-editor\" data-id=\"45e2cea\" data-element_type=\"widget\" data-e-type=\"widget\" data-widget_type=\"text-editor.default\">\n\t\t\t\t<div class=\"elementor-widget-container\">\n\t\t\t\t\t\t\t\t\t<div class=\"group w-full text-token-text-primary border-b border-black\/10 dark:border-gray-900\/50 bg-gray-50 dark:bg-[#444654]\"><div class=\"flex p-4 gap-4 text-base md:gap-6 md:max-w-2xl lg:max-w-[38rem] xl:max-w-3xl md:py-6 lg:px-0 m-auto\"><div class=\"relative flex w-[calc(100%-50px)] flex-col gap-1 md:gap-3 lg:w-[calc(100%-115px)]\"><div class=\"flex flex-grow flex-col gap-3\"><div class=\"min-h-[20px] flex flex-col items-start gap-3 overflow-x-auto whitespace-pre-wrap break-words\"><div class=\"markdown prose w-full break-words dark:prose-invert light\"><p>Immergiti nel futuro della tecnologia dei pannolini con il pannolino Bl\u00fcmchen All-in-One Design Futuristico. Questa innovazione rivoluzionaria unisce prestazioni eccezionali con un tocco di stile futuristico per offrirti a te e al tuo beb\u00e8 un&#8217;esperienza senza eguali.<\/p><p>Il Bl\u00fcmchen All-in-One Design Futuristico incarna materiali all&#8217;avanguardia e una costruzione avanzata. La combinazione unica di comfort, funzionalit\u00e0 ed estetica rende questo pannolino la scelta definitiva per i genitori moderni. Il design futuristico non \u00e8 solo visivamente impressionante, ma riflette anche la tecnologia all&#8217;avanguardia incorporata in questo pannolino.<\/p><p>Con un design intelligente tutto in uno, questo pannolino \u00e8 incredibilmente facile da usare. Non pi\u00f9 montaggio di inserti o copripannolini scomodi: tutto ci\u00f2 di cui hai bisogno \u00e8 racchiuso in un unico prodotto. Le chiusure regolabili permettono un&#8217;adattabilit\u00e0 individuale, mentre la capacit\u00e0 di assorbimento avanzata e la tecnologia di protezione anti-perdite garantiscono che il tuo beb\u00e8 rimanga asciutto e comodo in ogni situazione.<\/p><p>Il Bl\u00fcmchen All-in-One Design Futuristico non \u00e8 solo un investimento nel comfort del tuo beb\u00e8, ma anche nell&#8217;ambiente. Optare per il riutilizzo riduce i rifiuti e contribuisce a un futuro pi\u00f9 sostenibile.<\/p><p>Vivi la fusione di innovazione ed eleganza con il pannolino Bl\u00fcmchen All-in-One Design Futuristico. Entra in un mondo in cui comfort, stile e funzionalit\u00e0 si fondono in un pannolino, pronto a soddisfare le esigenze della genitorialit\u00e0 moderna. Il futuro inizia qui.<\/p><\/div><\/div><\/div><\/div><\/div><\/div>\t\t\t\t\t\t\t\t<\/div>\n\t\t\t\t<\/div>\n\t\t\t\t\t<\/div>\n\t\t<\/div>\n\t\t\t\t\t<\/div>\n\t\t<\/section>\n\t\t\t\t<\/div>\n\t\t","protected":false},"excerpt":{"rendered":"<p>Il Bl\u00fcmchen All-in-One design futuristico con 5 design favolosi. Un pannolino in tessuto AIO molto sottile con fodera in bamb\u00f9. Il pannolino \u00e8 dotato di finiture senza cuciture sulle gambe e di una barriera elastica interna per evitare le fuoriuscite. La doppia barriera interna consente una migliore protezione contro le fuoriuscite durante il sonno e [&hellip;]<\/p>\n","protected":false},"featured_media":59404,"comment_status":"closed","ping_status":"closed","template":"","meta":[],"product_brand":[],"product_cat":[1481,1956,518],"product_tag":[],"class_list":{"0":"post-104328","1":"product","2":"type-product","3":"status-publish","4":"has-post-thumbnail","6":"product_cat-bluemchen-it","7":"product_cat-tutti-i-prodotti","8":"product_cat-all-in-ones-it","9":"pa_farbe-gocciolare","10":"pa_farbe-onde","11":"pa_farbe-quadrati","12":"pa_farbe-trapezio","13":"pa_farbe-y-it","15":"first","16":"instock","17":"taxable","18":"shipping-taxable","19":"purchasable","20":"product-type-variable"},"_links":{"self":[{"href":"https:\/\/wiladu.de\/it\/wp-json\/wp\/v2\/product\/104328","targetHints":{"allow":["GET"]}}],"collection":[{"href":"https:\/\/wiladu.de\/it\/wp-json\/wp\/v2\/product"}],"about":[{"href":"https:\/\/wiladu.de\/it\/wp-json\/wp\/v2\/types\/product"}],"replies":[{"embeddable":true,"href":"https:\/\/wiladu.de\/it\/wp-json\/wp\/v2\/comments?post=104328"}],"version-history":[{"count":7,"href":"https:\/\/wiladu.de\/it\/wp-json\/wp\/v2\/product\/104328\/revisions"}],"predecessor-version":[{"id":104395,"href":"https:\/\/wiladu.de\/it\/wp-json\/wp\/v2\/product\/104328\/revisions\/104395"}],"wp:featuredmedia":[{"embeddable":true,"href":"https:\/\/wiladu.de\/it\/wp-json\/wp\/v2\/media\/59404"}],"wp:attachment":[{"href":"https:\/\/wiladu.de\/it\/wp-json\/wp\/v2\/media?parent=104328"}],"wp:term":[{"taxonomy":"product_brand","embeddable":true,"href":"https:\/\/wiladu.de\/it\/wp-json\/wp\/v2\/product_brand?post=104328"},{"taxonomy":"product_cat","embeddable":true,"href":"https:\/\/wiladu.de\/it\/wp-json\/wp\/v2\/product_cat?post=104328"},{"taxonomy":"product_tag","embeddable":true,"href":"https:\/\/wiladu.de\/it\/wp-json\/wp\/v2\/product_tag?post=104328"}],"curies":[{"name":"wp","href":"https:\/\/api.w.org\/{rel}","templated":true}]}}