{"id":103099,"date":"2022-10-01T10:00:13","date_gmt":"2022-10-01T10:00:13","guid":{"rendered":"https:\/\/wiladu.de\/?post_type=product&#038;p=103099"},"modified":"2023-06-08T13:57:48","modified_gmt":"2023-06-08T13:57:48","slug":"robotime-casa-delle-bambole-music-bar-fai-da-te-con-illuminazione","status":"publish","type":"product","link":"https:\/\/wiladu.de\/it\/robotime-casa-delle-bambole-music-bar-fai-da-te-con-illuminazione\/","title":{"rendered":"Robotime Casa delle bambole Music Bar fai da te con illuminazione"},"content":{"rendered":"<p>Scoprite l&#8217;affascinante set di barre musicali della casa delle bambole Robotime: la combinazione perfetta di precisione artigianale e divertimento musicale! Questo set per la casa delle bambole, dal design accattivante, vi trasporter\u00e0 in un mondo di gioia e divertimento.<\/p>\n<p>Il set di music bar della casa delle bambole Robotime \u00e8 un vero capolavoro di arte in miniatura. Ogni dettaglio \u00e8 stato progettato e realizzato con la massima attenzione ai particolari. Dall&#8217;esterno squisitamente dipinto ai minuscoli strumenti e mobili all&#8217;interno, questo set \u00e8 un tributo all&#8217;artigianato e all&#8217;estetica.<\/p>\n<p>Ma ci\u00f2 che rende questo set di case per bambole cos\u00ec speciale \u00e8 la barra musicale incorporata. Accendete la musica e lasciatevi incantare dai suoni meravigliosi. Gli strumenti in miniatura suonano insieme armoniosamente e creano un&#8217;atmosfera incantevole. Vi sembrer\u00e0 di essere in un vero bar, circondati da musica e allegria.<\/p>\n<p>Il set per il bar musicale della casa delle bambole Robotime non \u00e8 solo una festa visiva, ma anche un divertente progetto artigianale. Include tutti i materiali e le istruzioni necessarie per creare il vostro capolavoro. L&#8217;assemblaggio della casa delle bambole \u00e8 un&#8217;attivit\u00e0 divertente e rilassante che consente di sviluppare appieno le proprie capacit\u00e0 creative.<\/p>\n<p>Questo set di case delle bambole \u00e8 perfetto come regalo per gli appassionati di artigianato, per gli amanti della musica e per chiunque sia appassionato di mondi in miniatura. Trascorrete ore piacevoli costruendo la casa delle bambole e poi godetevi i suoni musicali che le danno vita.<\/p>\n<p>Immergetevi nell&#8217;affascinante mondo delle case delle bambole Robotime e lasciatevi incantare dalla barra musicale. Ordinate oggi stesso e preparatevi a vivere un&#8217;esperienza di crafting unica e magica!<\/p>\n<h2>Robotime Casa delle bambole Music Bar &#8211; Favoloso puzzle 3D<\/h2>\n<ul>\n<li>Dove si trova la pi\u00f9 bella casa delle bambole? &#8211; Venite qui! Robotime 3D Doll&#8217;s House \u00e8 un kit che deve essere assemblato da soli e richiede circa 24 ore. Questo kit \u00e8 impegnativo, ma \u00e8 un ottimo regalo per chi ama i lavori manuali.<\/li>\n<li>La casa in miniatura briller\u00e0? &#8211; S\u00ec! \u00c8 dotata di luci LED. Quando le luci sono accese, riflettono la casetta in scala 1:24. L&#8217;immagine \u00e8 calda e bella. La pi\u00f9 bella di notte. Chi non la vorrebbe. (A causa delle norme di trasporto, la batteria CR2302 da 3V non \u00e8 inclusa).<\/li>\n<li>Cosa devo fare se il montaggio sembra difficile? &#8211; Non \u00e8 difficile! Non preoccupatevi! Il kit della casa delle bambole viene fornito con tutti gli accessori e le istruzioni illustrate. Tutti i pezzi sono perfettamente tagliati e possono essere facilmente assemblati con un po&#8217; di colla. Il kit \u00e8 ben fatto, adatto ai principianti del fai-da-te e agli amanti dell&#8217;artigianato.<\/li>\n<li>Il mio gioco, il mio territorio, le mie regole! &#8211; Tutti gli arredi interni sono di alta qualit\u00e0 e vivaci. Potete usare il vostro cervello per decorare la casa o dipingere il vostro colore preferito. Mentre si assembla la casa delle bambole in miniatura pezzo per pezzo, ci si sente molto rilassati e si prova un senso di realizzazione. Una volta terminata, stupir\u00e0 tutti coloro che la vedranno.<\/li>\n<li>Si pu\u00f2 regalare? &#8211; S\u00ec! Un set da cottage creativo come questo \u00e8 un ottimo regalo per un&#8217;amica o una sorella. Pu\u00f2 essere regalato in qualsiasi occasione, come compleanni, anniversari, San Valentino o Natale. Se si riscontrano problemi durante l&#8217;assemblaggio, si prega di contattarci.<\/li>\n<\/ul>\n","protected":false},"excerpt":{"rendered":"<p>Scoprite l&#8217;affascinante set di barre musicali della casa delle bambole Robotime: la combinazione perfetta di precisione artigianale e divertimento musicale! Questo set per la casa delle bambole, dal design accattivante, vi trasporter\u00e0 in un mondo di gioia e divertimento. Il set di music bar della casa delle bambole Robotime \u00e8 un vero capolavoro di arte [&hellip;]<\/p>\n","protected":false},"featured_media":76423,"comment_status":"closed","ping_status":"closed","template":"","meta":[],"product_brand":[],"product_cat":[1754,1621,1956],"product_tag":[],"class_list":{"0":"post-103099","1":"product","2":"type-product","3":"status-publish","4":"has-post-thumbnail","6":"product_cat-giocattolo","7":"product_cat-robotime-it","8":"product_cat-tutti-i-prodotti","10":"first","11":"outofstock","12":"taxable","13":"shipping-taxable","14":"purchasable","15":"product-type-simple"},"_links":{"self":[{"href":"https:\/\/wiladu.de\/it\/wp-json\/wp\/v2\/product\/103099","targetHints":{"allow":["GET"]}}],"collection":[{"href":"https:\/\/wiladu.de\/it\/wp-json\/wp\/v2\/product"}],"about":[{"href":"https:\/\/wiladu.de\/it\/wp-json\/wp\/v2\/types\/product"}],"replies":[{"embeddable":true,"href":"https:\/\/wiladu.de\/it\/wp-json\/wp\/v2\/comments?post=103099"}],"version-history":[{"count":2,"href":"https:\/\/wiladu.de\/it\/wp-json\/wp\/v2\/product\/103099\/revisions"}],"predecessor-version":[{"id":103101,"href":"https:\/\/wiladu.de\/it\/wp-json\/wp\/v2\/product\/103099\/revisions\/103101"}],"wp:featuredmedia":[{"embeddable":true,"href":"https:\/\/wiladu.de\/it\/wp-json\/wp\/v2\/media\/76423"}],"wp:attachment":[{"href":"https:\/\/wiladu.de\/it\/wp-json\/wp\/v2\/media?parent=103099"}],"wp:term":[{"taxonomy":"product_brand","embeddable":true,"href":"https:\/\/wiladu.de\/it\/wp-json\/wp\/v2\/product_brand?post=103099"},{"taxonomy":"product_cat","embeddable":true,"href":"https:\/\/wiladu.de\/it\/wp-json\/wp\/v2\/product_cat?post=103099"},{"taxonomy":"product_tag","embeddable":true,"href":"https:\/\/wiladu.de\/it\/wp-json\/wp\/v2\/product_tag?post=103099"}],"curies":[{"name":"wp","href":"https:\/\/api.w.org\/{rel}","templated":true}]}}