{"id":102945,"date":"2022-10-01T09:34:06","date_gmt":"2022-10-01T09:34:06","guid":{"rendered":"https:\/\/wiladu.de\/?post_type=product&#038;p=102945"},"modified":"2023-06-07T12:26:23","modified_gmt":"2023-06-07T12:26:23","slug":"robotime-cathys-casa-dei-fiori","status":"publish","type":"product","link":"https:\/\/wiladu.de\/it\/robotime-cathys-casa-dei-fiori\/","title":{"rendered":"Robotime Cathys Casa dei fiori Rolife Casa del giardino fai da te con illuminazione Rolife Cathys Casa dei fiori"},"content":{"rendered":"<p>Esplorate il magico mondo di Robotime con la Casa dei fiori di Cathy e fate sbocciare il vostro lato creativo! Con questo incantevole kit, potrete progettare la vostra casa dei fiori in miniatura e creare una scena idilliaca.<\/p>\n<p>Robotime Cathy&#8217;s Flower House \u00e8 pi\u00f9 di un semplice kit: \u00e8 un&#8217;opera d&#8217;arte che prende vita. Il kit contiene parti in legno di alta qualit\u00e0, pretagliate e realizzate con precisione. Sarete guidati passo dopo passo nel processo di costruzione, sviluppando le vostre abilit\u00e0 artigianali e la vostra attenzione per i dettagli.<\/p>\n<p>Una volta terminata la casa dei fiori, rimarrete stupiti dalla sua bellezza. I deliziosi dettagli, come le aiuole, lo steccato e i mobili in miniatura, conferiscono alla casa un aspetto affascinante e realistico. Trasformatela in una casa da favola per i vostri personaggi in miniatura o usatela come elemento decorativo nella vostra stanza.<\/p>\n<p>La casa dei fiori di Cathy non \u00e8 solo un fantastico progetto artigianale, ma anche un ottimo modo per favorire il relax e la creativit\u00e0. Immergetevi in un mondo di calma ed espressione artistica mentre create e decorate la casa dei fiori. \u00c8 l&#8217;attivit\u00e0 perfetta per alleviare lo stress e calmare la mente.<\/p>\n<p>Questo kit \u00e8 un regalo meraviglioso per gli amanti dell&#8217;arte, per gli artigiani e per tutti coloro che amano creare qualcosa con le proprie mani. Trascorrete del tempo di qualit\u00e0 con i vostri cari mentre date vita a questo mondo in miniatura.<\/p>\n<p>Fate sbocciare la vostra immaginazione con la Casa dei fiori di Robotime Cathy. Ordinatela oggi stesso e pregustate il meraviglioso viaggio del design creativo!<\/p>\n<div class=\"video-container\"><iframe title=\"Robotime dollhouse kit - Kathy&#039;s Flower house - DG104\" width=\"1170\" height=\"658\" src=\"https:\/\/www.youtube.com\/embed\/qDgOPbLtJoo?feature=oembed\" frameborder=\"0\" allow=\"accelerometer; autoplay; clipboard-write; encrypted-media; gyroscope; picture-in-picture; web-share\" allowfullscreen><\/iframe><\/div>\n<h2>Robotime La casa dei fiori di Cathy &#8211; Bella da vedere<\/h2>\n<ul>\n<li>Questa mini-casa delle bambole fai da te \u00e8 molto ben fatta e ha una scala miniaturizzata di circa 1:24. Tutti i pezzi sono in buste separate e sono incluse istruzioni colorate passo-passo che sono un piacere da leggere e molto chiare. I materiali del kit sono ecologici e non presentano bave. La vernice \u00e8 inodore e si lava facilmente con l&#8217;acqua.<\/li>\n<li>La pazienza \u00e8 la chiave del successo. Si pu\u00f2 realizzare con la famiglia, gli amici e gli amanti per sperimentare il piacere della pratica. Una volta terminato, si prova un senso di soddisfazione.<\/li>\n<li>Si pu\u00f2 ridecorare e aggiungere alla nuova creazione. Dopo l&#8217;accensione delle luci si crea uno spazio confortevole e dolce.<\/li>\n<li>Nessuno rifiuter\u00e0 un simile regalo per la casa delle fate. Se siete amanti del fai-da-te o avete pazienza e tempo, questo prodotto \u00e8 molto adatto a voi, perch\u00e9 \u00e8 pi\u00f9 delicato della media dei lavori di artigianato. Inoltre, pu\u00f2 essere un bel regalo di compleanno, Natale, San Valentino o una decorazione per la casa per famiglie e amici.<\/li>\n<li>I materiali del kit sono ecologici e non presentano bave. La vernice \u00e8 inodore e pu\u00f2 essere facilmente lavata con acqua.<\/li>\n<\/ul>\n","protected":false},"excerpt":{"rendered":"<p>Esplorate il magico mondo di Robotime con la Casa dei fiori di Cathy e fate sbocciare il vostro lato creativo! Con questo incantevole kit, potrete progettare la vostra casa dei fiori in miniatura e creare una scena idilliaca. Robotime Cathy&#8217;s Flower House \u00e8 pi\u00f9 di un semplice kit: \u00e8 un&#8217;opera d&#8217;arte che prende vita. Il [&hellip;]<\/p>\n","protected":false},"featured_media":76361,"comment_status":"closed","ping_status":"closed","template":"","meta":[],"product_brand":[],"product_cat":[2936,1621,1956],"product_tag":[],"class_list":{"0":"post-102945","1":"product","2":"type-product","3":"status-publish","4":"has-post-thumbnail","6":"product_cat-puzzle-in-legno-3d","7":"product_cat-robotime-it","8":"product_cat-tutti-i-prodotti","10":"first","11":"instock","12":"taxable","13":"shipping-taxable","14":"purchasable","15":"product-type-simple"},"_links":{"self":[{"href":"https:\/\/wiladu.de\/it\/wp-json\/wp\/v2\/product\/102945","targetHints":{"allow":["GET"]}}],"collection":[{"href":"https:\/\/wiladu.de\/it\/wp-json\/wp\/v2\/product"}],"about":[{"href":"https:\/\/wiladu.de\/it\/wp-json\/wp\/v2\/types\/product"}],"replies":[{"embeddable":true,"href":"https:\/\/wiladu.de\/it\/wp-json\/wp\/v2\/comments?post=102945"}],"version-history":[{"count":1,"href":"https:\/\/wiladu.de\/it\/wp-json\/wp\/v2\/product\/102945\/revisions"}],"predecessor-version":[{"id":102959,"href":"https:\/\/wiladu.de\/it\/wp-json\/wp\/v2\/product\/102945\/revisions\/102959"}],"wp:featuredmedia":[{"embeddable":true,"href":"https:\/\/wiladu.de\/it\/wp-json\/wp\/v2\/media\/76361"}],"wp:attachment":[{"href":"https:\/\/wiladu.de\/it\/wp-json\/wp\/v2\/media?parent=102945"}],"wp:term":[{"taxonomy":"product_brand","embeddable":true,"href":"https:\/\/wiladu.de\/it\/wp-json\/wp\/v2\/product_brand?post=102945"},{"taxonomy":"product_cat","embeddable":true,"href":"https:\/\/wiladu.de\/it\/wp-json\/wp\/v2\/product_cat?post=102945"},{"taxonomy":"product_tag","embeddable":true,"href":"https:\/\/wiladu.de\/it\/wp-json\/wp\/v2\/product_tag?post=102945"}],"curies":[{"name":"wp","href":"https:\/\/api.w.org\/{rel}","templated":true}]}}