{"id":91304,"date":"2022-02-09T22:52:25","date_gmt":"2022-02-09T22:52:25","guid":{"rendered":"https:\/\/wiladu.de\/rimuovere-le-macchie-di-fragola\/"},"modified":"2023-01-31T11:36:33","modified_gmt":"2023-01-31T11:36:33","slug":"rimuovere-le-macchie-di-fragola","status":"publish","type":"page","link":"https:\/\/wiladu.de\/it\/rimuovere-le-macchie-di-fragola\/","title":{"rendered":"Rimuovere le macchie di fragola"},"content":{"rendered":"\t\t<div data-elementor-type=\"wp-page\" data-elementor-id=\"91304\" class=\"elementor elementor-91304 elementor-49246\" data-elementor-settings=\"{&quot;element_pack_global_tooltip_width&quot;:{&quot;unit&quot;:&quot;px&quot;,&quot;size&quot;:&quot;&quot;,&quot;sizes&quot;:[]},&quot;element_pack_global_tooltip_width_tablet&quot;:{&quot;unit&quot;:&quot;px&quot;,&quot;size&quot;:&quot;&quot;,&quot;sizes&quot;:[]},&quot;element_pack_global_tooltip_width_mobile&quot;:{&quot;unit&quot;:&quot;px&quot;,&quot;size&quot;:&quot;&quot;,&quot;sizes&quot;:[]},&quot;element_pack_global_tooltip_padding&quot;:{&quot;unit&quot;:&quot;px&quot;,&quot;top&quot;:&quot;&quot;,&quot;right&quot;:&quot;&quot;,&quot;bottom&quot;:&quot;&quot;,&quot;left&quot;:&quot;&quot;,&quot;isLinked&quot;:true},&quot;element_pack_global_tooltip_padding_tablet&quot;:{&quot;unit&quot;:&quot;px&quot;,&quot;top&quot;:&quot;&quot;,&quot;right&quot;:&quot;&quot;,&quot;bottom&quot;:&quot;&quot;,&quot;left&quot;:&quot;&quot;,&quot;isLinked&quot;:true},&quot;element_pack_global_tooltip_padding_mobile&quot;:{&quot;unit&quot;:&quot;px&quot;,&quot;top&quot;:&quot;&quot;,&quot;right&quot;:&quot;&quot;,&quot;bottom&quot;:&quot;&quot;,&quot;left&quot;:&quot;&quot;,&quot;isLinked&quot;:true},&quot;element_pack_global_tooltip_border_radius&quot;:{&quot;unit&quot;:&quot;px&quot;,&quot;top&quot;:&quot;&quot;,&quot;right&quot;:&quot;&quot;,&quot;bottom&quot;:&quot;&quot;,&quot;left&quot;:&quot;&quot;,&quot;isLinked&quot;:true},&quot;element_pack_global_tooltip_border_radius_tablet&quot;:{&quot;unit&quot;:&quot;px&quot;,&quot;top&quot;:&quot;&quot;,&quot;right&quot;:&quot;&quot;,&quot;bottom&quot;:&quot;&quot;,&quot;left&quot;:&quot;&quot;,&quot;isLinked&quot;:true},&quot;element_pack_global_tooltip_border_radius_mobile&quot;:{&quot;unit&quot;:&quot;px&quot;,&quot;top&quot;:&quot;&quot;,&quot;right&quot;:&quot;&quot;,&quot;bottom&quot;:&quot;&quot;,&quot;left&quot;:&quot;&quot;,&quot;isLinked&quot;:true}}\" data-elementor-post-type=\"page\">\n\t\t\t\t\t\t<section class=\"elementor-section elementor-top-section elementor-element elementor-element-5f84f7a elementor-section-boxed elementor-section-height-default elementor-section-height-default\" data-id=\"5f84f7a\" data-element_type=\"section\" data-e-type=\"section\">\n\t\t\t\t\t\t<div class=\"elementor-container elementor-column-gap-default\">\n\t\t\t\t\t<div class=\"elementor-column elementor-col-100 elementor-top-column elementor-element elementor-element-944925d\" data-id=\"944925d\" data-element_type=\"column\" data-e-type=\"column\">\n\t\t\t<div class=\"elementor-widget-wrap elementor-element-populated\">\n\t\t\t\t\t\t<div class=\"elementor-element elementor-element-99fca67 elementor-widget elementor-widget-heading\" data-id=\"99fca67\" data-element_type=\"widget\" data-e-type=\"widget\" data-widget_type=\"heading.default\">\n\t\t\t\t<div class=\"elementor-widget-container\">\n\t\t\t\t\t<h1 class=\"elementor-heading-title elementor-size-default\">Rimuovere le macchie di fragola  <\/h1>\t\t\t\t<\/div>\n\t\t\t\t<\/div>\n\t\t\t\t\t<\/div>\n\t\t<\/div>\n\t\t\t\t\t<\/div>\n\t\t<\/section>\n\t\t\t\t<section class=\"elementor-section elementor-top-section elementor-element elementor-element-bf61874 elementor-section-boxed elementor-section-height-default elementor-section-height-default\" data-id=\"bf61874\" data-element_type=\"section\" data-e-type=\"section\">\n\t\t\t\t\t\t<div class=\"elementor-container elementor-column-gap-default\">\n\t\t\t\t\t<div class=\"elementor-column elementor-col-100 elementor-top-column elementor-element elementor-element-138661a\" data-id=\"138661a\" data-element_type=\"column\" data-e-type=\"column\">\n\t\t\t<div class=\"elementor-widget-wrap elementor-element-populated\">\n\t\t\t\t\t\t<div class=\"elementor-element elementor-element-ea85d22 elementor-widget elementor-widget-text-editor\" data-id=\"ea85d22\" data-element_type=\"widget\" data-e-type=\"widget\" data-widget_type=\"text-editor.default\">\n\t\t\t\t<div class=\"elementor-widget-container\">\n\t\t\t\t\t\t\t\t\t<p>Tempo di fragole, tempo di fragole! Come siamo felici quando le fragole sono di nuovo in abbondanza e tutti possono godersi il dolce frutto. Delizioso, dolce e fruttato &#8211; il <a href=\"https:\/\/www.fuersie.de\/kochen\/rezeptideen\/artikel\/erdbeersaft-selber-machen-rezept-und-anleitung\" target=\"_blank\" rel=\"noopener\">succo di fragola<\/a> sulla mano cola sulla tovaglia o sui pantaloni buoni ed ecco la macchia di fragola, bella rossa e non facile da eliminare di nuovo. Ma quali rimedi casalinghi sono adatti come rimedio? In generale, \u00e8 necessario agire rapidamente, perch\u00e9 le macchie fresche sono molto pi\u00f9 facili da rimuovere rispetto a quelle che si sono asciugate e impregnate nelle fibre. Quali rimedi casalinghi aiutano a contrastare le macchie delle deliziose fragole?<\/p>\n<p>Le macchie di fragola non sono cos\u00ec ostinate come altre macchie. Subito dopo la piccola disavventura, la macchia pu\u00f2 essere sciacquata con <u>acqua tiepida<\/u>, ma solo se si tratta di una fragola fresca, non zuccherata e non di marmellata di fragole o simili.<\/p>\n<p><u>Acqua saponata:<\/u> \u00e8 utile per le macchie di fragola un po&#8217; pi\u00f9 difficili, ad esempio di succo di frutta o di zucchero. In questo caso l&#8217;indumento deve essere immerso per una notte in una soluzione di acqua e sapone. Poi si pu\u00f2 sciacquare e mettere direttamente in lavatrice. Anche le macchie di fragole secche possono essere ricondizionate in questo modo.<\/p>\n<p><u>Limone o aceto<\/u>: Come per molte macchie, anche quelle di fragola possono essere trattate con aceto o succo di limone, anche se \u00e8 preferibile farlo su indumenti chiari, poich\u00e9 hanno anche un effetto sbiancante. Il tutto deve rimanere in ammollo per circa un&#8217;ora.<\/p>\n\t\t\t\t\t\t\t\t<\/div>\n\t\t\t\t<\/div>\n\t\t\t\t\t<\/div>\n\t\t<\/div>\n\t\t\t\t\t<\/div>\n\t\t<\/section>\n\t\t\t\t<section class=\"elementor-section elementor-top-section elementor-element elementor-element-e1d8806 elementor-section-boxed elementor-section-height-default elementor-section-height-default\" data-id=\"e1d8806\" data-element_type=\"section\" data-e-type=\"section\">\n\t\t\t\t\t\t<div class=\"elementor-container elementor-column-gap-default\">\n\t\t\t\t\t<div class=\"elementor-column elementor-col-100 elementor-top-column elementor-element elementor-element-1d3681b\" data-id=\"1d3681b\" data-element_type=\"column\" data-e-type=\"column\">\n\t\t\t<div class=\"elementor-widget-wrap elementor-element-populated\">\n\t\t\t\t\t\t<div class=\"elementor-element elementor-element-f12148b elementor-widget elementor-widget-heading\" data-id=\"f12148b\" data-element_type=\"widget\" data-e-type=\"widget\" data-widget_type=\"heading.default\">\n\t\t\t\t<div class=\"elementor-widget-container\">\n\t\t\t\t\t<h2 class=\"elementor-heading-title elementor-size-default\">Rimuovere le macchie di fragola: molto semplice<\/h2>\t\t\t\t<\/div>\n\t\t\t\t<\/div>\n\t\t\t\t\t<\/div>\n\t\t<\/div>\n\t\t\t\t\t<\/div>\n\t\t<\/section>\n\t\t\t\t<section class=\"elementor-section elementor-top-section elementor-element elementor-element-5997278 elementor-section-boxed elementor-section-height-default elementor-section-height-default\" data-id=\"5997278\" data-element_type=\"section\" data-e-type=\"section\">\n\t\t\t\t\t\t<div class=\"elementor-container elementor-column-gap-default\">\n\t\t\t\t\t<div class=\"elementor-column elementor-col-100 elementor-top-column elementor-element elementor-element-faea524\" data-id=\"faea524\" data-element_type=\"column\" data-e-type=\"column\">\n\t\t\t<div class=\"elementor-widget-wrap elementor-element-populated\">\n\t\t\t\t\t\t<div class=\"elementor-element elementor-element-2defd97 elementor-widget elementor-widget-text-editor\" data-id=\"2defd97\" data-element_type=\"widget\" data-e-type=\"widget\" data-widget_type=\"text-editor.default\">\n\t\t\t\t<div class=\"elementor-widget-container\">\n\t\t\t\t\t\t\t\t\t<p>L&#8217;acqua tiepida con <u>bicarbonato di sodio <\/u>\u00e8 lo smacchiatore pi\u00f9 forte e va quindi utilizzato solo su tessuti relativamente poco sensibili, ad esempio una tovaglia chiara per il tavolo da giardino. Anche in questo caso, lasciate il tessuto in infusione nel liquido per alcune ore o per tutta la notte.<\/p>\n<p>Dopo questa preparazione, il pezzo buono viene lavato a mano per un controllo preciso oppure messo in lavatrice. Il pretrattamento delle macchie \u00e8 indispensabile affinch\u00e9 non si secchino e si dissolvano definitivamente nel ciclo di lavaggio.<\/p>\n<p>Infine, l&#8217;ultimo residuo di colore pu\u00f2 essere completamente sbiadito mettendolo deliberatamente al sole. Scegliete per\u00f2 un posto all&#8217;ombra, altrimenti anche il colore ne risentir\u00e0 (i capi bianchi possono anche essere messi al sole).<\/p>\n<p>E se il tessuto non \u00e8 lavabile? In caso di emergenza, si pu\u00f2 mettere sulla macchia un po&#8217; di alcool di colore il pi\u00f9 possibile neutro e in percentuale il pi\u00f9 possibile elevata e poi passare un panno con acqua fresca.<\/p>\n<p>Se siete in giro, la prima scelta \u00e8 probabilmente l&#8217;acqua calda, con il sapone per le mani del bagno locale, se necessario, per ridurre la macchia.<\/p>\n<p>Speriamo che questo vi aiuti a dominare le belle macchie rosse delle fragole e a ripristinare la bellezza dei vostri capi, e che possiate continuare a godervi e a festeggiare indisturbati la stagione delle fragole.<\/p>\n\t\t\t\t\t\t\t\t<\/div>\n\t\t\t\t<\/div>\n\t\t\t\t\t<\/div>\n\t\t<\/div>\n\t\t\t\t\t<\/div>\n\t\t<\/section>\n\t\t\t\t<section class=\"elementor-section elementor-top-section elementor-element elementor-element-1db0c7c elementor-section-boxed elementor-section-height-default elementor-section-height-default\" data-id=\"1db0c7c\" data-element_type=\"section\" data-e-type=\"section\">\n\t\t\t\t\t\t<div class=\"elementor-container elementor-column-gap-default\">\n\t\t\t\t\t<div class=\"elementor-column elementor-col-100 elementor-top-column elementor-element elementor-element-c8c696c\" data-id=\"c8c696c\" data-element_type=\"column\" data-e-type=\"column\">\n\t\t\t<div class=\"elementor-widget-wrap elementor-element-populated\">\n\t\t\t\t\t\t<div class=\"elementor-element elementor-element-274a821 elementor-widget elementor-widget-text-editor\" data-id=\"274a821\" data-element_type=\"widget\" data-e-type=\"widget\" data-widget_type=\"text-editor.default\">\n\t\t\t\t<div class=\"elementor-widget-container\">\n\t\t\t\t\t\t\t\t\t<p>Per ulteriori consigli utili, consultate la nostra <a href=\"https:\/\/wiladu.de\/wiladu-fleckenratgeber\/\">guida alle macchie di Wiladu<\/a>.<\/p>\n\t\t\t\t\t\t\t\t<\/div>\n\t\t\t\t<\/div>\n\t\t\t\t\t<\/div>\n\t\t<\/div>\n\t\t\t\t\t<\/div>\n\t\t<\/section>\n\t\t\t\t<\/div>\n\t\t","protected":false},"excerpt":{"rendered":"<p>Rimuovere le macchie di fragola Tempo di fragole, tempo di fragole! Come siamo felici quando le fragole sono di nuovo in abbondanza e tutti possono godersi il dolce frutto. Delizioso, dolce e fruttato &#8211; il succo di fragola sulla mano cola sulla tovaglia o sui pantaloni buoni ed ecco la macchia di fragola, bella rossa [&hellip;]<\/p>\n","protected":false},"author":1,"featured_media":0,"parent":0,"menu_order":0,"comment_status":"closed","ping_status":"closed","template":"elementor_header_footer","meta":{"footnotes":""},"class_list":["post-91304","page","type-page","status-publish","hentry"],"_links":{"self":[{"href":"https:\/\/wiladu.de\/it\/wp-json\/wp\/v2\/pages\/91304","targetHints":{"allow":["GET"]}}],"collection":[{"href":"https:\/\/wiladu.de\/it\/wp-json\/wp\/v2\/pages"}],"about":[{"href":"https:\/\/wiladu.de\/it\/wp-json\/wp\/v2\/types\/page"}],"author":[{"embeddable":true,"href":"https:\/\/wiladu.de\/it\/wp-json\/wp\/v2\/users\/1"}],"replies":[{"embeddable":true,"href":"https:\/\/wiladu.de\/it\/wp-json\/wp\/v2\/comments?post=91304"}],"version-history":[{"count":1,"href":"https:\/\/wiladu.de\/it\/wp-json\/wp\/v2\/pages\/91304\/revisions"}],"predecessor-version":[{"id":91306,"href":"https:\/\/wiladu.de\/it\/wp-json\/wp\/v2\/pages\/91304\/revisions\/91306"}],"wp:attachment":[{"href":"https:\/\/wiladu.de\/it\/wp-json\/wp\/v2\/media?parent=91304"}],"curies":[{"name":"wp","href":"https:\/\/api.w.org\/{rel}","templated":true}]}}