{"id":91293,"date":"2022-02-09T22:53:38","date_gmt":"2022-02-09T22:53:38","guid":{"rendered":"https:\/\/wiladu.de\/rimuovere-le-macchie-di-erba-secca\/"},"modified":"2023-01-31T11:34:16","modified_gmt":"2023-01-31T11:34:16","slug":"rimuovere-le-macchie-di-erba-secca","status":"publish","type":"page","link":"https:\/\/wiladu.de\/it\/rimuovere-le-macchie-di-erba-secca\/","title":{"rendered":"Rimuovere le macchie di erba secca"},"content":{"rendered":"\t\t<div data-elementor-type=\"wp-page\" data-elementor-id=\"91293\" class=\"elementor elementor-91293 elementor-49250\" data-elementor-settings=\"{&quot;element_pack_global_tooltip_width&quot;:{&quot;unit&quot;:&quot;px&quot;,&quot;size&quot;:&quot;&quot;,&quot;sizes&quot;:[]},&quot;element_pack_global_tooltip_width_tablet&quot;:{&quot;unit&quot;:&quot;px&quot;,&quot;size&quot;:&quot;&quot;,&quot;sizes&quot;:[]},&quot;element_pack_global_tooltip_width_mobile&quot;:{&quot;unit&quot;:&quot;px&quot;,&quot;size&quot;:&quot;&quot;,&quot;sizes&quot;:[]},&quot;element_pack_global_tooltip_padding&quot;:{&quot;unit&quot;:&quot;px&quot;,&quot;top&quot;:&quot;&quot;,&quot;right&quot;:&quot;&quot;,&quot;bottom&quot;:&quot;&quot;,&quot;left&quot;:&quot;&quot;,&quot;isLinked&quot;:true},&quot;element_pack_global_tooltip_padding_tablet&quot;:{&quot;unit&quot;:&quot;px&quot;,&quot;top&quot;:&quot;&quot;,&quot;right&quot;:&quot;&quot;,&quot;bottom&quot;:&quot;&quot;,&quot;left&quot;:&quot;&quot;,&quot;isLinked&quot;:true},&quot;element_pack_global_tooltip_padding_mobile&quot;:{&quot;unit&quot;:&quot;px&quot;,&quot;top&quot;:&quot;&quot;,&quot;right&quot;:&quot;&quot;,&quot;bottom&quot;:&quot;&quot;,&quot;left&quot;:&quot;&quot;,&quot;isLinked&quot;:true},&quot;element_pack_global_tooltip_border_radius&quot;:{&quot;unit&quot;:&quot;px&quot;,&quot;top&quot;:&quot;&quot;,&quot;right&quot;:&quot;&quot;,&quot;bottom&quot;:&quot;&quot;,&quot;left&quot;:&quot;&quot;,&quot;isLinked&quot;:true},&quot;element_pack_global_tooltip_border_radius_tablet&quot;:{&quot;unit&quot;:&quot;px&quot;,&quot;top&quot;:&quot;&quot;,&quot;right&quot;:&quot;&quot;,&quot;bottom&quot;:&quot;&quot;,&quot;left&quot;:&quot;&quot;,&quot;isLinked&quot;:true},&quot;element_pack_global_tooltip_border_radius_mobile&quot;:{&quot;unit&quot;:&quot;px&quot;,&quot;top&quot;:&quot;&quot;,&quot;right&quot;:&quot;&quot;,&quot;bottom&quot;:&quot;&quot;,&quot;left&quot;:&quot;&quot;,&quot;isLinked&quot;:true}}\" data-elementor-post-type=\"page\">\n\t\t\t\t\t\t<section class=\"elementor-section elementor-top-section elementor-element elementor-element-924c7ce elementor-section-boxed elementor-section-height-default elementor-section-height-default\" data-id=\"924c7ce\" data-element_type=\"section\" data-e-type=\"section\">\n\t\t\t\t\t\t<div class=\"elementor-container elementor-column-gap-default\">\n\t\t\t\t\t<div class=\"elementor-column elementor-col-100 elementor-top-column elementor-element elementor-element-a3e2368\" data-id=\"a3e2368\" data-element_type=\"column\" data-e-type=\"column\">\n\t\t\t<div class=\"elementor-widget-wrap elementor-element-populated\">\n\t\t\t\t\t\t<div class=\"elementor-element elementor-element-4dc676e elementor-widget elementor-widget-heading\" data-id=\"4dc676e\" data-element_type=\"widget\" data-e-type=\"widget\" data-widget_type=\"heading.default\">\n\t\t\t\t<div class=\"elementor-widget-container\">\n\t\t\t\t\t<h1 class=\"elementor-heading-title elementor-size-default\">Rimuovere le macchie di erba secca  <\/h1>\t\t\t\t<\/div>\n\t\t\t\t<\/div>\n\t\t\t\t\t<\/div>\n\t\t<\/div>\n\t\t\t\t\t<\/div>\n\t\t<\/section>\n\t\t\t\t<section class=\"elementor-section elementor-top-section elementor-element elementor-element-b23a0f7 elementor-section-boxed elementor-section-height-default elementor-section-height-default\" data-id=\"b23a0f7\" data-element_type=\"section\" data-e-type=\"section\">\n\t\t\t\t\t\t<div class=\"elementor-container elementor-column-gap-default\">\n\t\t\t\t\t<div class=\"elementor-column elementor-col-100 elementor-top-column elementor-element elementor-element-53ca6bb\" data-id=\"53ca6bb\" data-element_type=\"column\" data-e-type=\"column\">\n\t\t\t<div class=\"elementor-widget-wrap elementor-element-populated\">\n\t\t\t\t\t\t<div class=\"elementor-element elementor-element-ac5bf03 elementor-widget elementor-widget-heading\" data-id=\"ac5bf03\" data-element_type=\"widget\" data-e-type=\"widget\" data-widget_type=\"heading.default\">\n\t\t\t\t<div class=\"elementor-widget-container\">\n\t\t\t\t\t<h3 class=\"elementor-heading-title elementor-size-default\">Consigli professionali per rimuovere le macchie di erba secca\n<\/h3>\t\t\t\t<\/div>\n\t\t\t\t<\/div>\n\t\t\t\t\t<\/div>\n\t\t<\/div>\n\t\t\t\t\t<\/div>\n\t\t<\/section>\n\t\t\t\t<section class=\"elementor-section elementor-top-section elementor-element elementor-element-c6a6aae elementor-section-boxed elementor-section-height-default elementor-section-height-default\" data-id=\"c6a6aae\" data-element_type=\"section\" data-e-type=\"section\">\n\t\t\t\t\t\t<div class=\"elementor-container elementor-column-gap-default\">\n\t\t\t\t\t<div class=\"elementor-column elementor-col-100 elementor-top-column elementor-element elementor-element-6b4f1a9\" data-id=\"6b4f1a9\" data-element_type=\"column\" data-e-type=\"column\">\n\t\t\t<div class=\"elementor-widget-wrap elementor-element-populated\">\n\t\t\t\t\t\t<div class=\"elementor-element elementor-element-b84a92b elementor-widget elementor-widget-image\" data-id=\"b84a92b\" data-element_type=\"widget\" data-e-type=\"widget\" data-widget_type=\"image.default\">\n\t\t\t\t<div class=\"elementor-widget-container\">\n\t\t\t\t\t\t\t\t\t\t\t\t\t\t\t<img decoding=\"async\" src=\"https:\/\/wiladu.de\/wp-content\/uploads\/elementor\/thumbs\/Eingetrocknete-Grasflecken-entfernen-pri62rfxdg1c996p2e6nn6s2pue6oqk289cuhl362w.jpg\" title=\"Eingetrocknete Grasflecken entfernen\" alt=\"Eingetrocknete Grasflecken entfernen\" loading=\"lazy\">\t\t\t\t\t\t\t\t\t\t\t\t\t\t\t<\/div>\n\t\t\t\t<\/div>\n\t\t\t\t\t<\/div>\n\t\t<\/div>\n\t\t\t\t\t<\/div>\n\t\t<\/section>\n\t\t\t\t<section class=\"elementor-section elementor-top-section elementor-element elementor-element-b9b452d elementor-section-stretched elementor-section-boxed elementor-section-height-default elementor-section-height-default\" data-id=\"b9b452d\" data-element_type=\"section\" data-e-type=\"section\" data-settings=\"{&quot;stretch_section&quot;:&quot;section-stretched&quot;}\">\n\t\t\t\t\t\t<div class=\"elementor-container elementor-column-gap-default\">\n\t\t\t\t\t<div class=\"elementor-column elementor-col-100 elementor-top-column elementor-element elementor-element-7a625b3\" data-id=\"7a625b3\" data-element_type=\"column\" data-e-type=\"column\">\n\t\t\t<div class=\"elementor-widget-wrap elementor-element-populated\">\n\t\t\t\t\t\t<div class=\"elementor-element elementor-element-d444b24 elementor-widget elementor-widget-text-editor\" data-id=\"d444b24\" data-element_type=\"widget\" data-e-type=\"widget\" data-widget_type=\"text-editor.default\">\n\t\t\t\t<div class=\"elementor-widget-container\">\n\t\t\t\t\t\t\t\t\t<p>La <strong>rimozione delle macchie di erba secca<\/strong> pu\u00f2 essere effettuata in modo semplice e veloce. Con i nostri consigli sarete in regola.<\/p>\n<p>Stare all&#8217;aperto \u00e8 divertente, scatenarsi in un prato o rotolarsi nell&#8217;erba insieme lo \u00e8 ancora di pi\u00f9. I prati sono profumati e invitano al relax e al gioco.  <\/p>\n<p>Ma \u00e8 facile scivolare o macchiarsi di erba nei pantaloni o nella camicia mentre si \u00e8 comodamente seduti sul verde.  <\/p>\n<p>Anche le macchie di erba del campo da calcio sono tipiche, soprattutto se si ha spesso un contatto fisico e si passa sopra la superficie erbosa. Poi ci sono le macchie nei calzini, nelle scarpe, nei pantaloni e nelle magliette.  <\/p>\n<p>Queste macchie di erba sono ostinate e si asciugano rapidamente. Ma come rimuovere le macchie di erba secca a casa?<\/p>\n<p><u><a href=\"https:\/\/de.wikipedia.org\/wiki\/Gallseife\" target=\"_blank\" rel=\"noopener\">Sapone di galla<\/a> o sapone di cagliata:<\/u> questo metodo \u00e8 particolarmente adatto ai jeans o ai tessuti meno sensibili. Il sapone viene applicato direttamente sulle macchie d&#8217;erba e lavorato con un pennello, per poi essere lasciato in posa. Quindi risciacquare il sapone con acqua pulita e mettere l&#8217;indumento in lavatrice.<\/p>\n<p><u>Succo di limone o aceto:<\/u> Il succo di limone o l&#8217;aceto vanno bene per le scarpe e per quelle chiare. abbigliamento insensibile. A questo scopo, si applicano alcune gocce sulla zona interessata e si lasciano agire per circa un&#8217;ora (succo di limone) o per circa 20 minuti (aceto diluito).  <\/p>\n<p>Tenete presente che il succo di limone e l&#8217;aceto hanno un leggero effetto sbiancante.<\/p>\n<p><u>Dentifricio<\/u>: il dentifricio contenente mentolo con agenti sbiancanti \u00e8 adatto per i capi molto chiari e bianchi, in quanto ha anche un effetto sbiancante e dissolve la decolorazione. Per farlo, strofinate il dentifricio sulla macchia d&#8217;erba con un pennello.  <\/p>\n<p>Tuttavia, \u00e8 necessario lasciarlo asciugare per un&#8217;ora e poi risciacquarlo con acqua tiepida prima di lavarlo.<\/p>\n<p><u>Patate:<\/u> le patate sono adatte per i tessuti lisci di cotone o poliestere, poich\u00e9 l&#8217;amido che contengono toglie il verde dai vestiti. A questo scopo, tagliare la patata e strofinare la superficie tagliata sulle macchie d&#8217;erba. Dopo un breve periodo di ammollo, l&#8217;indumento viene messo in lavatrice.<\/p>\n<p><u>Shampoo per bambini:<\/u> in caso di macchie d&#8217;erba sui vestiti di lana, \u00e8 meglio usare lo shampoo per bambini. Essendo leggermente grassa, la lana viene trattata con cura ed \u00e8 anche in grado di rimuovere delicatamente le decolorazioni causate dal verde dell&#8217;erba.  <\/p>\n<p>A tal fine, immergere l&#8217;indumento in una bacinella con acqua e shampoo per bambini 50\/50 e poi lavarlo a mano: non \u00e8 previsto un ciclo di lavaggio. <strong>Rimuovere le macchie di erba secca<\/strong> pu\u00f2 essere molto semplice.<\/p>\n\t\t\t\t\t\t\t\t<\/div>\n\t\t\t\t<\/div>\n\t\t\t\t\t<\/div>\n\t\t<\/div>\n\t\t\t\t\t<\/div>\n\t\t<\/section>\n\t\t\t\t<section class=\"elementor-section elementor-top-section elementor-element elementor-element-0d5cad8 elementor-section-stretched elementor-section-boxed elementor-section-height-default elementor-section-height-default\" data-id=\"0d5cad8\" data-element_type=\"section\" data-e-type=\"section\" data-settings=\"{&quot;stretch_section&quot;:&quot;section-stretched&quot;}\">\n\t\t\t\t\t\t<div class=\"elementor-container elementor-column-gap-default\">\n\t\t\t\t\t<div class=\"elementor-column elementor-col-100 elementor-top-column elementor-element elementor-element-4d50673\" data-id=\"4d50673\" data-element_type=\"column\" data-e-type=\"column\">\n\t\t\t<div class=\"elementor-widget-wrap elementor-element-populated\">\n\t\t\t\t\t\t<div class=\"elementor-element elementor-element-66f7d6c elementor-widget elementor-widget-heading\" data-id=\"66f7d6c\" data-element_type=\"widget\" data-e-type=\"widget\" data-widget_type=\"heading.default\">\n\t\t\t\t<div class=\"elementor-widget-container\">\n\t\t\t\t\t<h2 class=\"elementor-heading-title elementor-size-default\">Rimuovere le macchie di erba secca: ecco come fare<\/h2>\t\t\t\t<\/div>\n\t\t\t\t<\/div>\n\t\t\t\t\t<\/div>\n\t\t<\/div>\n\t\t\t\t\t<\/div>\n\t\t<\/section>\n\t\t\t\t<section class=\"elementor-section elementor-top-section elementor-element elementor-element-f80e3cb elementor-section-stretched elementor-section-boxed elementor-section-height-default elementor-section-height-default\" data-id=\"f80e3cb\" data-element_type=\"section\" data-e-type=\"section\" data-settings=\"{&quot;stretch_section&quot;:&quot;section-stretched&quot;}\">\n\t\t\t\t\t\t<div class=\"elementor-container elementor-column-gap-default\">\n\t\t\t\t\t<div class=\"elementor-column elementor-col-100 elementor-top-column elementor-element elementor-element-c654d23\" data-id=\"c654d23\" data-element_type=\"column\" data-e-type=\"column\">\n\t\t\t<div class=\"elementor-widget-wrap elementor-element-populated\">\n\t\t\t\t\t\t<div class=\"elementor-element elementor-element-3637934 elementor-widget elementor-widget-text-editor\" data-id=\"3637934\" data-element_type=\"widget\" data-e-type=\"widget\" data-widget_type=\"text-editor.default\">\n\t\t\t\t<div class=\"elementor-widget-container\">\n\t\t\t\t\t\t\t\t\t<p>Dopo questi pretrattamenti (tranne che per la lana), il capo interessato dalla macchia d&#8217;erba secca pu\u00f2 essere lavato a mano per osservarne da vicino la riuscita o, se deve essere fatto in fretta, o messo in lavatrice con esso.<\/p>\n<p>\u00c8 utile lavare l&#8217;indumento alla temperatura pi\u00f9 alta possibile per rimuovere le macchie di erba. Si deve prima lasciare in ammollo per circa 30 minuti-un&#8217;ora con lo smacchiatore appropriato.<\/p>\n<p>Tuttavia, \u00e8 necessario un pre-trattamento per sciogliere le macchie di erba, altrimenti rimarranno visibili nei capi amati per qualche altro lavaggio.<\/p>\n<p>Infine, l&#8217;ultimo residuo di colore pu\u00f2 essere completamente sbiadito mettendolo deliberatamente al sole. Scegliete per\u00f2 un posto all&#8217;ombra, altrimenti anche il colore ne risentir\u00e0 (i capi bianchi possono anche essere messi al sole).<\/p>\n<p>In questo modo, potrete liberare il vostro bambino nel mondo con un cuore allegro o uscire voi stessi nella splendida natura in un giorno d&#8217;estate comodamente su una coperta senza troppe preoccupazioni.<\/p>\n\t\t\t\t\t\t\t\t<\/div>\n\t\t\t\t<\/div>\n\t\t\t\t\t<\/div>\n\t\t<\/div>\n\t\t\t\t\t<\/div>\n\t\t<\/section>\n\t\t\t\t<section class=\"elementor-section elementor-top-section elementor-element elementor-element-5e2cc11 elementor-section-stretched elementor-section-boxed elementor-section-height-default elementor-section-height-default\" data-id=\"5e2cc11\" data-element_type=\"section\" data-e-type=\"section\" data-settings=\"{&quot;stretch_section&quot;:&quot;section-stretched&quot;}\">\n\t\t\t\t\t\t<div class=\"elementor-container elementor-column-gap-default\">\n\t\t\t\t\t<div class=\"elementor-column elementor-col-100 elementor-top-column elementor-element elementor-element-fb9f7c1\" data-id=\"fb9f7c1\" data-element_type=\"column\" data-e-type=\"column\">\n\t\t\t<div class=\"elementor-widget-wrap elementor-element-populated\">\n\t\t\t\t\t\t<div class=\"elementor-element elementor-element-6d07c11 elementor-widget elementor-widget-text-editor\" data-id=\"6d07c11\" data-element_type=\"widget\" data-e-type=\"widget\" data-widget_type=\"text-editor.default\">\n\t\t\t\t<div class=\"elementor-widget-container\">\n\t\t\t\t\t\t\t\t\t<p>Per ulteriori consigli utili, consultate la nostra <a href=\"https:\/\/wiladu.de\/wiladu-fleckenratgeber\/\">guida alle macchie di Wiladu<\/a>. Vi troverete, ad esempio, informazioni su come rimuovere le macchie di fragola, le macchie di crema e numerosi altri tipi di macchie in modo semplice, rapido e duraturo. Inoltre, vale sempre la pena di dare un&#8217;occhiata ai nostri detergenti. Tra le altre cose, troverete anche detergenti privi di enzimi, particolarmente delicati per le fibre naturali. Inoltre, proteggete attivamente l&#8217;ambiente.<\/p>\n\t\t\t\t\t\t\t\t<\/div>\n\t\t\t\t<\/div>\n\t\t\t\t\t<\/div>\n\t\t<\/div>\n\t\t\t\t\t<\/div>\n\t\t<\/section>\n\t\t\t\t<\/div>\n\t\t","protected":false},"excerpt":{"rendered":"<p>Rimuovere le macchie di erba secca Consigli professionali per rimuovere le macchie di erba secca La rimozione delle macchie di erba secca pu\u00f2 essere effettuata in modo semplice e veloce. Con i nostri consigli sarete in regola. Stare all&#8217;aperto \u00e8 divertente, scatenarsi in un prato o rotolarsi nell&#8217;erba insieme lo \u00e8 ancora di pi\u00f9. I [&hellip;]<\/p>\n","protected":false},"author":1,"featured_media":0,"parent":0,"menu_order":0,"comment_status":"closed","ping_status":"closed","template":"elementor_header_footer","meta":{"footnotes":""},"class_list":["post-91293","page","type-page","status-publish","hentry"],"_links":{"self":[{"href":"https:\/\/wiladu.de\/it\/wp-json\/wp\/v2\/pages\/91293","targetHints":{"allow":["GET"]}}],"collection":[{"href":"https:\/\/wiladu.de\/it\/wp-json\/wp\/v2\/pages"}],"about":[{"href":"https:\/\/wiladu.de\/it\/wp-json\/wp\/v2\/types\/page"}],"author":[{"embeddable":true,"href":"https:\/\/wiladu.de\/it\/wp-json\/wp\/v2\/users\/1"}],"replies":[{"embeddable":true,"href":"https:\/\/wiladu.de\/it\/wp-json\/wp\/v2\/comments?post=91293"}],"version-history":[{"count":2,"href":"https:\/\/wiladu.de\/it\/wp-json\/wp\/v2\/pages\/91293\/revisions"}],"predecessor-version":[{"id":91296,"href":"https:\/\/wiladu.de\/it\/wp-json\/wp\/v2\/pages\/91293\/revisions\/91296"}],"wp:attachment":[{"href":"https:\/\/wiladu.de\/it\/wp-json\/wp\/v2\/media?parent=91293"}],"curies":[{"name":"wp","href":"https:\/\/api.w.org\/{rel}","templated":true}]}}