{"id":105025,"date":"2022-04-05T10:59:48","date_gmt":"2022-04-05T10:59:48","guid":{"rendered":"https:\/\/wiladu.de\/?page_id=105025"},"modified":"2023-09-08T12:05:55","modified_gmt":"2023-09-08T12:05:55","slug":"borsa-per-la-biancheria-sporca-kita","status":"publish","type":"page","link":"https:\/\/wiladu.de\/it\/borsa-per-la-biancheria-sporca-kita\/","title":{"rendered":"Borsa per la biancheria sporca Scuola materna"},"content":{"rendered":"\t\t<div data-elementor-type=\"wp-page\" data-elementor-id=\"105025\" class=\"elementor elementor-105025 elementor-62448\" data-elementor-settings=\"{&quot;element_pack_global_tooltip_width&quot;:{&quot;unit&quot;:&quot;px&quot;,&quot;size&quot;:&quot;&quot;,&quot;sizes&quot;:[]},&quot;element_pack_global_tooltip_width_tablet&quot;:{&quot;unit&quot;:&quot;px&quot;,&quot;size&quot;:&quot;&quot;,&quot;sizes&quot;:[]},&quot;element_pack_global_tooltip_width_mobile&quot;:{&quot;unit&quot;:&quot;px&quot;,&quot;size&quot;:&quot;&quot;,&quot;sizes&quot;:[]},&quot;element_pack_global_tooltip_padding&quot;:{&quot;unit&quot;:&quot;px&quot;,&quot;top&quot;:&quot;&quot;,&quot;right&quot;:&quot;&quot;,&quot;bottom&quot;:&quot;&quot;,&quot;left&quot;:&quot;&quot;,&quot;isLinked&quot;:true},&quot;element_pack_global_tooltip_padding_tablet&quot;:{&quot;unit&quot;:&quot;px&quot;,&quot;top&quot;:&quot;&quot;,&quot;right&quot;:&quot;&quot;,&quot;bottom&quot;:&quot;&quot;,&quot;left&quot;:&quot;&quot;,&quot;isLinked&quot;:true},&quot;element_pack_global_tooltip_padding_mobile&quot;:{&quot;unit&quot;:&quot;px&quot;,&quot;top&quot;:&quot;&quot;,&quot;right&quot;:&quot;&quot;,&quot;bottom&quot;:&quot;&quot;,&quot;left&quot;:&quot;&quot;,&quot;isLinked&quot;:true},&quot;element_pack_global_tooltip_border_radius&quot;:{&quot;unit&quot;:&quot;px&quot;,&quot;top&quot;:&quot;&quot;,&quot;right&quot;:&quot;&quot;,&quot;bottom&quot;:&quot;&quot;,&quot;left&quot;:&quot;&quot;,&quot;isLinked&quot;:true},&quot;element_pack_global_tooltip_border_radius_tablet&quot;:{&quot;unit&quot;:&quot;px&quot;,&quot;top&quot;:&quot;&quot;,&quot;right&quot;:&quot;&quot;,&quot;bottom&quot;:&quot;&quot;,&quot;left&quot;:&quot;&quot;,&quot;isLinked&quot;:true},&quot;element_pack_global_tooltip_border_radius_mobile&quot;:{&quot;unit&quot;:&quot;px&quot;,&quot;top&quot;:&quot;&quot;,&quot;right&quot;:&quot;&quot;,&quot;bottom&quot;:&quot;&quot;,&quot;left&quot;:&quot;&quot;,&quot;isLinked&quot;:true}}\" data-elementor-post-type=\"page\">\n\t\t\t\t\t\t<section class=\"elementor-section elementor-top-section elementor-element elementor-element-b987b0e elementor-section-full_width elementor-section-height-default elementor-section-height-default\" data-id=\"b987b0e\" data-element_type=\"section\" data-e-type=\"section\">\n\t\t\t\t\t\t<div class=\"elementor-container elementor-column-gap-no\">\n\t\t\t\t\t<div class=\"elementor-column elementor-col-100 elementor-top-column elementor-element elementor-element-b6cf6d0\" data-id=\"b6cf6d0\" data-element_type=\"column\" data-e-type=\"column\">\n\t\t\t<div class=\"elementor-widget-wrap elementor-element-populated\">\n\t\t\t\t\t\t<div class=\"elementor-element elementor-element-170c047 elementor-widget elementor-widget-heading\" data-id=\"170c047\" data-element_type=\"widget\" data-e-type=\"widget\" data-widget_type=\"heading.default\">\n\t\t\t\t<div class=\"elementor-widget-container\">\n\t\t\t\t\t<h2 class=\"elementor-heading-title elementor-size-default\">Borsa per la biancheria sporca Scuola materna<\/h2>\t\t\t\t<\/div>\n\t\t\t\t<\/div>\n\t\t\t\t\t<\/div>\n\t\t<\/div>\n\t\t\t\t\t<\/div>\n\t\t<\/section>\n\t\t\t\t<section class=\"elementor-section elementor-top-section elementor-element elementor-element-f393ae3 elementor-section-full_width elementor-section-height-default elementor-section-height-default\" data-id=\"f393ae3\" data-element_type=\"section\" data-e-type=\"section\">\n\t\t\t\t\t\t<div class=\"elementor-container elementor-column-gap-default\">\n\t\t\t\t\t<div class=\"elementor-column elementor-col-100 elementor-top-column elementor-element elementor-element-36fe681\" data-id=\"36fe681\" data-element_type=\"column\" data-e-type=\"column\">\n\t\t\t<div class=\"elementor-widget-wrap elementor-element-populated\">\n\t\t\t\t\t\t<div class=\"elementor-element elementor-element-871cee7 elementor-widget elementor-widget-text-editor\" data-id=\"871cee7\" data-element_type=\"widget\" data-e-type=\"widget\" data-widget_type=\"text-editor.default\">\n\t\t\t\t<div class=\"elementor-widget-container\">\n\t\t\t\t\t\t\t\t\t<p>Sacchi per il bucato sporco per l&#8217;asilo sono estremamente utili e preziosi per evitare e ridurre i rifiuti delle buste di plastica. La cosa buona di questi sacchi \u00e8 che puoi riutilizzarli ancora e ancora, e la pulizia \u00e8 molto semplice. Basta mettere il sacco in lavatrice e lavarlo insieme al resto del bucato. Il metodo pi\u00f9 semplice \u00e8 semplicemente aprire il sacco e metterci dentro il contenuto, ad esempio, i vestiti bagnati del tuo bambino, nella lavatrice. Devi solo fare attenzione a non usare una temperatura di lavaggio troppo alta, altrimenti il tessuto PUL potrebbe deformarsi e nel peggiore dei casi la borsa potrebbe non chiudersi pi\u00f9 correttamente.<\/p>\t\t\t\t\t\t\t\t<\/div>\n\t\t\t\t<\/div>\n\t\t\t\t\t<\/div>\n\t\t<\/div>\n\t\t\t\t\t<\/div>\n\t\t<\/section>\n\t\t\t\t<section class=\"elementor-section elementor-top-section elementor-element elementor-element-a5946aa elementor-section-full_width elementor-section-height-default elementor-section-height-default\" data-id=\"a5946aa\" data-element_type=\"section\" data-e-type=\"section\">\n\t\t\t\t\t\t<div class=\"elementor-container elementor-column-gap-no\">\n\t\t\t\t\t<div class=\"elementor-column elementor-col-100 elementor-top-column elementor-element elementor-element-187dbb8\" data-id=\"187dbb8\" data-element_type=\"column\" data-e-type=\"column\">\n\t\t\t<div class=\"elementor-widget-wrap elementor-element-populated\">\n\t\t\t\t\t\t<div class=\"elementor-element elementor-element-abd64ab elementor-widget elementor-widget-image\" data-id=\"abd64ab\" data-element_type=\"widget\" data-e-type=\"widget\" data-widget_type=\"image.default\">\n\t\t\t\t<div class=\"elementor-widget-container\">\n\t\t\t\t\t\t\t\t\t\t\t\t\t\t\t<img fetchpriority=\"high\" decoding=\"async\" width=\"600\" height=\"600\" src=\"https:\/\/wiladu.de\/wp-content\/uploads\/2021\/10\/TotsBotsNasstasche_Streifen.jpg\" class=\"attachment-large size-large wp-image-56299\" alt=\"Beutel f\u00fcr Schmutzw\u00e4sche Kita\" srcset=\"https:\/\/wiladu.de\/wp-content\/uploads\/2021\/10\/TotsBotsNasstasche_Streifen.jpg 600w, https:\/\/wiladu.de\/wp-content\/uploads\/2021\/10\/TotsBotsNasstasche_Streifen-300x300.jpg 300w, https:\/\/wiladu.de\/wp-content\/uploads\/2021\/10\/TotsBotsNasstasche_Streifen-150x150.jpg 150w, https:\/\/wiladu.de\/wp-content\/uploads\/2021\/10\/TotsBotsNasstasche_Streifen-441x441.jpg 441w\" sizes=\"(max-width: 360px) 147px, (max-width: 600px) 100vw, 600px\" title=\"\">\t\t\t\t\t\t\t\t\t\t\t\t\t\t\t<\/div>\n\t\t\t\t<\/div>\n\t\t\t\t\t<\/div>\n\t\t<\/div>\n\t\t\t\t\t<\/div>\n\t\t<\/section>\n\t\t\t\t<section class=\"elementor-section elementor-top-section elementor-element elementor-element-836e5b7 elementor-section-boxed elementor-section-height-default elementor-section-height-default\" data-id=\"836e5b7\" data-element_type=\"section\" data-e-type=\"section\">\n\t\t\t\t\t\t<div class=\"elementor-container elementor-column-gap-default\">\n\t\t\t\t\t<div class=\"elementor-column elementor-col-100 elementor-top-column elementor-element elementor-element-315dfcc\" data-id=\"315dfcc\" data-element_type=\"column\" data-e-type=\"column\">\n\t\t\t<div class=\"elementor-widget-wrap elementor-element-populated\">\n\t\t\t\t\t\t<div class=\"elementor-element elementor-element-4e73ae8 elementor-widget elementor-widget-heading\" data-id=\"4e73ae8\" data-element_type=\"widget\" data-e-type=\"widget\" data-widget_type=\"heading.default\">\n\t\t\t\t<div class=\"elementor-widget-container\">\n\t\t\t\t\t<h2 class=\"elementor-heading-title elementor-size-default\">Sacchetto per la biancheria sporca dell'asilo - un'ottima scelta<\/h2>\t\t\t\t<\/div>\n\t\t\t\t<\/div>\n\t\t\t\t\t<\/div>\n\t\t<\/div>\n\t\t\t\t\t<\/div>\n\t\t<\/section>\n\t\t\t\t<section class=\"elementor-section elementor-top-section elementor-element elementor-element-16f64d1 elementor-section-full_width elementor-section-height-default elementor-section-height-default\" data-id=\"16f64d1\" data-element_type=\"section\" data-e-type=\"section\">\n\t\t\t\t\t\t<div class=\"elementor-container elementor-column-gap-default\">\n\t\t\t\t\t<div class=\"elementor-column elementor-col-100 elementor-top-column elementor-element elementor-element-53abf09\" data-id=\"53abf09\" data-element_type=\"column\" data-e-type=\"column\">\n\t\t\t<div class=\"elementor-widget-wrap elementor-element-populated\">\n\t\t\t\t\t\t<div class=\"elementor-element elementor-element-2c83725 elementor-widget elementor-widget-text-editor\" data-id=\"2c83725\" data-element_type=\"widget\" data-e-type=\"widget\" data-widget_type=\"text-editor.default\">\n\t\t\t\t<div class=\"elementor-widget-container\">\n\t\t\t\t\t\t\t\t\t<p>\u00c8 meraviglioso che sempre pi\u00f9 fornitori e produttori abbiano riconosciuto la necessit\u00e0 di tali sacchi. Ci\u00f2 ha portato a un numero sempre crescente di questi produttori che offrono prodotti di alta qualit\u00e0 sul mercato, da cui trai non solo vantaggi ma anche il tuo portafoglio e, naturalmente, in termini di sostenibilit\u00e0, anche l&#8217;ambiente ne beneficia. La selezione di questi sacchi \u00e8 praticamente illimitata. Puoi scegliere tra una variet\u00e0 di design e dimensioni. Nel nostro negozio, questi sacchi per il bucato sono elencati sotto le categorie &#8220;wetbags&#8221;. Ti offriamo anche la possibilit\u00e0 di acquistarli in confezioni doppie perch\u00e9 \u00e8 sempre una buona idea avere una riserva quando, ad esempio, un sacchetto bagnato \u00e8 attualmente in lavatrice.<\/p><p>E, naturalmente, questi sacchi bagnati non sono adatti solo per l&#8217;asilo. Possono essere utilizzati anche con le assistenti all&#8217;infanzia e sempre pi\u00f9 genitori e famiglie si rivolgono a questi oggetti pratici per le attivit\u00e0 ricreative. Un esempio popolare in questo senso \u00e8 una gita in piscina o al lago. Quando i pannolini per il nuoto o i cambi di vestiti si bagnano, non c&#8217;\u00e8 opzione migliore che utilizzare un sacchetto bagnato del genere. Hai due vantaggi principali. In primo luogo, il sacco \u00e8 assolutamente impermeabile. L&#8217;umidit\u00e0 non pu\u00f2 uscirne grazie alla fodera interna. Il secondo beneficio significativo \u00e8 che gli odori non possono sfuggire nemmeno. Quindi, se ci fosse mai un incidente, puoi sempre contare su questo sacco per mantenerti al sicuro.<\/p><p>Se sei interessato a preservare l&#8217;ambiente mentre fai qualcosa di positivo anche per il tuo portafoglio, dovresti dare un&#8217;occhiata alla fantastica selezione dei nostri sacchi bagnati ora. Se hai domande, non esitare a contattarci in qualsiasi momento. Siamo sempre qui per aiutarti.<\/p>\t\t\t\t\t\t\t\t<\/div>\n\t\t\t\t<\/div>\n\t\t\t\t\t<\/div>\n\t\t<\/div>\n\t\t\t\t\t<\/div>\n\t\t<\/section>\n\t\t\t\t<section class=\"elementor-section elementor-top-section elementor-element elementor-element-bd42bc8 elementor-section-full_width elementor-section-height-default elementor-section-height-default\" data-id=\"bd42bc8\" data-element_type=\"section\" data-e-type=\"section\">\n\t\t\t\t\t\t<div class=\"elementor-container elementor-column-gap-no\">\n\t\t\t\t\t<div class=\"elementor-column elementor-col-100 elementor-top-column elementor-element elementor-element-8a5c813\" data-id=\"8a5c813\" data-element_type=\"column\" data-e-type=\"column\">\n\t\t\t<div class=\"elementor-widget-wrap elementor-element-populated\">\n\t\t\t\t\t\t<div class=\"elementor-element elementor-element-a3ace5c elementor-widget elementor-widget-bdt-wc-products\" data-id=\"a3ace5c\" data-element_type=\"widget\" data-e-type=\"widget\" data-widget_type=\"bdt-wc-products.default\">\n\t\t\t\t<div class=\"elementor-widget-container\">\n\t\t\t\t\t\t\t<div class=\"bdt-wc-products bdt-wc-products-skin-default\" data-settings=\"{&quot;posts_source&quot;:&quot;manual_selection&quot;,&quot;posts_per_page&quot;:6,&quot;ajax_item_load&quot;:4,&quot;posts_selected_ids&quot;:[&quot;47013&quot;,&quot;47693&quot;,&quot;47390&quot;],&quot;posts_select_date&quot;:&quot;anytime&quot;,&quot;posts_orderby&quot;:&quot;date&quot;,&quot;posts_order&quot;:&quot;desc&quot;,&quot;hide_out_stock&quot;:&quot;yes&quot;,&quot;show_badge&quot;:&quot;yes&quot;,&quot;show_title&quot;:&quot;yes&quot;,&quot;title_tags&quot;:&quot;h2&quot;,&quot;show_rating&quot;:&quot;yes&quot;,&quot;show_price&quot;:&quot;yes&quot;,&quot;show_cart&quot;:&quot;yes&quot;,&quot;paged&quot;:1,&quot;nonce&quot;:&quot;b92ad66b11&quot;}\">\n\n\t\t\t<div class=\"bdt-alert-warning\" data-bdt-alert>Ops! There no product to display.<div>\n\t\t<\/div>\n\t\t\t\t\t\t\t\t<\/div>\n\t\t\t\t<\/div>\n\t\t\t\t\t<\/div>\n\t\t<\/div>\n\t\t\t\t\t<\/div>\n\t\t<\/section>\n\t\t\t\t<\/div>\n\t\t","protected":false},"excerpt":{"rendered":"<p>Borsa per la biancheria sporca Scuola materna Sacchi per il bucato sporco per l&#8217;asilo sono estremamente utili e preziosi per evitare e ridurre i rifiuti delle buste di plastica. La cosa buona di questi sacchi \u00e8 che puoi riutilizzarli ancora e ancora, e la pulizia \u00e8 molto semplice. Basta mettere il sacco in lavatrice e [&hellip;]<\/p>\n","protected":false},"author":1,"featured_media":0,"parent":0,"menu_order":0,"comment_status":"closed","ping_status":"closed","template":"elementor_header_footer","meta":{"footnotes":""},"class_list":["post-105025","page","type-page","status-publish","hentry"],"_links":{"self":[{"href":"https:\/\/wiladu.de\/it\/wp-json\/wp\/v2\/pages\/105025","targetHints":{"allow":["GET"]}}],"collection":[{"href":"https:\/\/wiladu.de\/it\/wp-json\/wp\/v2\/pages"}],"about":[{"href":"https:\/\/wiladu.de\/it\/wp-json\/wp\/v2\/types\/page"}],"author":[{"embeddable":true,"href":"https:\/\/wiladu.de\/it\/wp-json\/wp\/v2\/users\/1"}],"replies":[{"embeddable":true,"href":"https:\/\/wiladu.de\/it\/wp-json\/wp\/v2\/comments?post=105025"}],"version-history":[{"count":5,"href":"https:\/\/wiladu.de\/it\/wp-json\/wp\/v2\/pages\/105025\/revisions"}],"predecessor-version":[{"id":105031,"href":"https:\/\/wiladu.de\/it\/wp-json\/wp\/v2\/pages\/105025\/revisions\/105031"}],"wp:attachment":[{"href":"https:\/\/wiladu.de\/it\/wp-json\/wp\/v2\/media?parent=105025"}],"curies":[{"name":"wp","href":"https:\/\/api.w.org\/{rel}","templated":true}]}}