{"id":100324,"date":"2023-01-30T10:43:38","date_gmt":"2023-01-30T10:43:38","guid":{"rendered":"https:\/\/wiladu.de\/?page_id=100324"},"modified":"2023-04-25T12:35:45","modified_gmt":"2023-04-25T12:35:45","slug":"rimuovere-le-macchie-di-caffe","status":"publish","type":"page","link":"https:\/\/wiladu.de\/it\/rimuovere-le-macchie-di-caffe\/","title":{"rendered":"Rimuovere le macchie di caff\u00e8"},"content":{"rendered":"\t\t<div data-elementor-type=\"wp-page\" data-elementor-id=\"100324\" class=\"elementor elementor-100324 elementor-91042\" data-elementor-settings=\"{&quot;element_pack_global_tooltip_width&quot;:{&quot;unit&quot;:&quot;px&quot;,&quot;size&quot;:&quot;&quot;,&quot;sizes&quot;:[]},&quot;element_pack_global_tooltip_width_tablet&quot;:{&quot;unit&quot;:&quot;px&quot;,&quot;size&quot;:&quot;&quot;,&quot;sizes&quot;:[]},&quot;element_pack_global_tooltip_width_mobile&quot;:{&quot;unit&quot;:&quot;px&quot;,&quot;size&quot;:&quot;&quot;,&quot;sizes&quot;:[]},&quot;element_pack_global_tooltip_padding&quot;:{&quot;unit&quot;:&quot;px&quot;,&quot;top&quot;:&quot;&quot;,&quot;right&quot;:&quot;&quot;,&quot;bottom&quot;:&quot;&quot;,&quot;left&quot;:&quot;&quot;,&quot;isLinked&quot;:true},&quot;element_pack_global_tooltip_padding_tablet&quot;:{&quot;unit&quot;:&quot;px&quot;,&quot;top&quot;:&quot;&quot;,&quot;right&quot;:&quot;&quot;,&quot;bottom&quot;:&quot;&quot;,&quot;left&quot;:&quot;&quot;,&quot;isLinked&quot;:true},&quot;element_pack_global_tooltip_padding_mobile&quot;:{&quot;unit&quot;:&quot;px&quot;,&quot;top&quot;:&quot;&quot;,&quot;right&quot;:&quot;&quot;,&quot;bottom&quot;:&quot;&quot;,&quot;left&quot;:&quot;&quot;,&quot;isLinked&quot;:true},&quot;element_pack_global_tooltip_border_radius&quot;:{&quot;unit&quot;:&quot;px&quot;,&quot;top&quot;:&quot;&quot;,&quot;right&quot;:&quot;&quot;,&quot;bottom&quot;:&quot;&quot;,&quot;left&quot;:&quot;&quot;,&quot;isLinked&quot;:true},&quot;element_pack_global_tooltip_border_radius_tablet&quot;:{&quot;unit&quot;:&quot;px&quot;,&quot;top&quot;:&quot;&quot;,&quot;right&quot;:&quot;&quot;,&quot;bottom&quot;:&quot;&quot;,&quot;left&quot;:&quot;&quot;,&quot;isLinked&quot;:true},&quot;element_pack_global_tooltip_border_radius_mobile&quot;:{&quot;unit&quot;:&quot;px&quot;,&quot;top&quot;:&quot;&quot;,&quot;right&quot;:&quot;&quot;,&quot;bottom&quot;:&quot;&quot;,&quot;left&quot;:&quot;&quot;,&quot;isLinked&quot;:true}}\" data-elementor-post-type=\"page\">\n\t\t\t\t\t\t<section class=\"elementor-section elementor-top-section elementor-element elementor-element-68eb241 elementor-section-boxed elementor-section-height-default elementor-section-height-default\" data-id=\"68eb241\" data-element_type=\"section\" data-e-type=\"section\">\n\t\t\t\t\t\t<div class=\"elementor-container elementor-column-gap-default\">\n\t\t\t\t\t<div class=\"elementor-column elementor-col-100 elementor-top-column elementor-element elementor-element-40a530a\" data-id=\"40a530a\" data-element_type=\"column\" data-e-type=\"column\">\n\t\t\t<div class=\"elementor-widget-wrap elementor-element-populated\">\n\t\t\t\t\t\t<div class=\"elementor-element elementor-element-b0dc838 elementor-widget elementor-widget-heading\" data-id=\"b0dc838\" data-element_type=\"widget\" data-e-type=\"widget\" data-widget_type=\"heading.default\">\n\t\t\t\t<div class=\"elementor-widget-container\">\n\t\t\t\t\t<h1 class=\"elementor-heading-title elementor-size-default\">Rimuovere le macchie di caff\u00e8<\/h1>\t\t\t\t<\/div>\n\t\t\t\t<\/div>\n\t\t\t\t\t<\/div>\n\t\t<\/div>\n\t\t\t\t\t<\/div>\n\t\t<\/section>\n\t\t\t\t<section class=\"elementor-section elementor-top-section elementor-element elementor-element-4ce5201 elementor-section-boxed elementor-section-height-default elementor-section-height-default\" data-id=\"4ce5201\" data-element_type=\"section\" data-e-type=\"section\">\n\t\t\t\t\t\t<div class=\"elementor-container elementor-column-gap-default\">\n\t\t\t\t\t<div class=\"elementor-column elementor-col-100 elementor-top-column elementor-element elementor-element-b3d971e\" data-id=\"b3d971e\" data-element_type=\"column\" data-e-type=\"column\">\n\t\t\t<div class=\"elementor-widget-wrap elementor-element-populated\">\n\t\t\t\t\t\t<div class=\"elementor-element elementor-element-c75557f elementor-widget elementor-widget-heading\" data-id=\"c75557f\" data-element_type=\"widget\" data-e-type=\"widget\" data-widget_type=\"heading.default\">\n\t\t\t\t<div class=\"elementor-widget-container\">\n\t\t\t\t\t<h4 class=\"elementor-heading-title elementor-size-default\">Consigli professionali per la rimozione delle macchie di caff\u00e8\n<\/h4>\t\t\t\t<\/div>\n\t\t\t\t<\/div>\n\t\t\t\t\t<\/div>\n\t\t<\/div>\n\t\t\t\t\t<\/div>\n\t\t<\/section>\n\t\t\t\t<section class=\"elementor-section elementor-top-section elementor-element elementor-element-cb26c03 elementor-section-boxed elementor-section-height-default elementor-section-height-default\" data-id=\"cb26c03\" data-element_type=\"section\" data-e-type=\"section\">\n\t\t\t\t\t\t<div class=\"elementor-container elementor-column-gap-default\">\n\t\t\t\t\t<div class=\"elementor-column elementor-col-100 elementor-top-column elementor-element elementor-element-5bee498\" data-id=\"5bee498\" data-element_type=\"column\" data-e-type=\"column\">\n\t\t\t<div class=\"elementor-widget-wrap elementor-element-populated\">\n\t\t\t\t\t\t<div class=\"elementor-element elementor-element-ef6415a elementor-widget elementor-widget-image\" data-id=\"ef6415a\" data-element_type=\"widget\" data-e-type=\"widget\" data-widget_type=\"image.default\">\n\t\t\t\t<div class=\"elementor-widget-container\">\n\t\t\t\t\t\t\t\t\t\t\t\t\t\t\t<img fetchpriority=\"high\" decoding=\"async\" width=\"800\" height=\"533\" src=\"https:\/\/wiladu.de\/wp-content\/uploads\/2023\/01\/Kaffeeflecken-entfernen-800x533.jpg\" class=\"attachment-woocommerce_single size-woocommerce_single wp-image-91051\" alt=\"Kaffeeflecken entfernen\" srcset=\"https:\/\/wiladu.de\/wp-content\/uploads\/2023\/01\/Kaffeeflecken-entfernen-800x533.jpg 800w, https:\/\/wiladu.de\/wp-content\/uploads\/2023\/01\/Kaffeeflecken-entfernen-300x200.jpg 300w, https:\/\/wiladu.de\/wp-content\/uploads\/2023\/01\/Kaffeeflecken-entfernen-1024x683.jpg 1024w, https:\/\/wiladu.de\/wp-content\/uploads\/2023\/01\/Kaffeeflecken-entfernen-768x512.jpg 768w, https:\/\/wiladu.de\/wp-content\/uploads\/2023\/01\/Kaffeeflecken-entfernen-990x660.jpg 990w, https:\/\/wiladu.de\/wp-content\/uploads\/2023\/01\/Kaffeeflecken-entfernen-441x294.jpg 441w, https:\/\/wiladu.de\/wp-content\/uploads\/2023\/01\/Kaffeeflecken-entfernen-150x100.jpg 150w, https:\/\/wiladu.de\/wp-content\/uploads\/2023\/01\/Kaffeeflecken-entfernen.jpg 1500w\" sizes=\"(max-width: 360px) 330px, (max-width: 800px) 100vw, 800px\" title=\"\">\t\t\t\t\t\t\t\t\t\t\t\t\t\t\t<\/div>\n\t\t\t\t<\/div>\n\t\t\t\t\t<\/div>\n\t\t<\/div>\n\t\t\t\t\t<\/div>\n\t\t<\/section>\n\t\t\t\t<section class=\"elementor-section elementor-top-section elementor-element elementor-element-733b9d8 elementor-section-boxed elementor-section-height-default elementor-section-height-default\" data-id=\"733b9d8\" data-element_type=\"section\" data-e-type=\"section\">\n\t\t\t\t\t\t<div class=\"elementor-container elementor-column-gap-default\">\n\t\t\t\t\t<div class=\"elementor-column elementor-col-100 elementor-top-column elementor-element elementor-element-7f7ebd8\" data-id=\"7f7ebd8\" data-element_type=\"column\" data-e-type=\"column\">\n\t\t\t<div class=\"elementor-widget-wrap elementor-element-populated\">\n\t\t\t\t\t\t<div class=\"elementor-element elementor-element-85db719 elementor-widget elementor-widget-text-editor\" data-id=\"85db719\" data-element_type=\"widget\" data-e-type=\"widget\" data-widget_type=\"text-editor.default\">\n\t\t\t\t<div class=\"elementor-widget-container\">\n\t\t\t\t\t\t\t\t\t<p>Le macchie di caff\u00e8 sono inevitabili, ma fortunatamente esistono diversi modi per rimuoverle. Sia che abbiate versato una tazza di caff\u00e8 sui vestiti o che abbiate lasciato una macchia sul tappeto o sul divano, \u00e8 importante sapere come rimuovere le macchie in modo rapido ed efficace.<\/p><p>Uno dei primi passi per rimuovere le macchie di caff\u00e8 \u00e8 agire il pi\u00f9 rapidamente possibile. Pi\u00f9 la macchia \u00e8 fresca, pi\u00f9 \u00e8 facile da rimuovere. Iniziate ad assorbire l&#8217;eccesso di caff\u00e8 con un panno pulito. Non utilizzate tovaglioli di carta per questa operazione, perch\u00e9 potrebbero solo diffondere ulteriormente la macchia.<\/p>\t\t\t\t\t\t\t\t<\/div>\n\t\t\t\t<\/div>\n\t\t\t\t\t<\/div>\n\t\t<\/div>\n\t\t\t\t\t<\/div>\n\t\t<\/section>\n\t\t\t\t<section class=\"elementor-section elementor-top-section elementor-element elementor-element-78b6fe2 elementor-section-boxed elementor-section-height-default elementor-section-height-default\" data-id=\"78b6fe2\" data-element_type=\"section\" data-e-type=\"section\">\n\t\t\t\t\t\t<div class=\"elementor-container elementor-column-gap-default\">\n\t\t\t\t\t<div class=\"elementor-column elementor-col-100 elementor-top-column elementor-element elementor-element-535540a\" data-id=\"535540a\" data-element_type=\"column\" data-e-type=\"column\">\n\t\t\t<div class=\"elementor-widget-wrap elementor-element-populated\">\n\t\t\t\t\t\t<div class=\"elementor-element elementor-element-3e1a43a elementor-widget elementor-widget-heading\" data-id=\"3e1a43a\" data-element_type=\"widget\" data-e-type=\"widget\" data-widget_type=\"heading.default\">\n\t\t\t\t<div class=\"elementor-widget-container\">\n\t\t\t\t\t<h2 class=\"elementor-heading-title elementor-size-default\">Trattamento e rimozione di macchie di caff\u00e8 ostinate: ecco cosa conta<\/h2>\t\t\t\t<\/div>\n\t\t\t\t<\/div>\n\t\t\t\t\t<\/div>\n\t\t<\/div>\n\t\t\t\t\t<\/div>\n\t\t<\/section>\n\t\t\t\t<section class=\"elementor-section elementor-top-section elementor-element elementor-element-54a7f64 elementor-section-boxed elementor-section-height-default elementor-section-height-default\" data-id=\"54a7f64\" data-element_type=\"section\" data-e-type=\"section\">\n\t\t\t\t\t\t<div class=\"elementor-container elementor-column-gap-default\">\n\t\t\t\t\t<div class=\"elementor-column elementor-col-100 elementor-top-column elementor-element elementor-element-2f42e91\" data-id=\"2f42e91\" data-element_type=\"column\" data-e-type=\"column\">\n\t\t\t<div class=\"elementor-widget-wrap elementor-element-populated\">\n\t\t\t\t\t\t<div class=\"elementor-element elementor-element-09c4f96 elementor-widget elementor-widget-text-editor\" data-id=\"09c4f96\" data-element_type=\"widget\" data-e-type=\"widget\" data-widget_type=\"text-editor.default\">\n\t\t\t\t<div class=\"elementor-widget-container\">\n\t\t\t\t\t\t\t\t\t<ul><li>Agite rapidamente quando rimuovete le macchie di caff\u00e8 per evitare che la macchia penetri nel tessuto.<\/li><li>Per le macchie di caff\u00e8 sugli indumenti utilizzate uno spray o una polvere smacchiante, ma verificate prima che sia adatto al tessuto.<\/li><li>Per rimuovere le macchie di caff\u00e8 dagli indumenti si pu\u00f2 usare anche l&#8217;acqua saponata.<\/li><li>Una soluzione di acqua e aceto o di bicarbonato di sodio e acqua pu\u00f2 essere utilizzata per rimuovere le macchie di caff\u00e8 da tappeti e mobili.<\/li><li>Prima di utilizzare un metodo di rimozione delle macchie, provate sempre su una piccola area poco appariscente del tessuto, per assicurarvi che non si verifichi alcuno scolorimento.<\/li><\/ul>\t\t\t\t\t\t\t\t<\/div>\n\t\t\t\t<\/div>\n\t\t\t\t\t<\/div>\n\t\t<\/div>\n\t\t\t\t\t<\/div>\n\t\t<\/section>\n\t\t\t\t<section class=\"elementor-section elementor-top-section elementor-element elementor-element-e634a46 elementor-section-boxed elementor-section-height-default elementor-section-height-default\" data-id=\"e634a46\" data-element_type=\"section\" data-e-type=\"section\">\n\t\t\t\t\t\t<div class=\"elementor-container elementor-column-gap-default\">\n\t\t\t\t\t<div class=\"elementor-column elementor-col-100 elementor-top-column elementor-element elementor-element-b4dc2a0\" data-id=\"b4dc2a0\" data-element_type=\"column\" data-e-type=\"column\">\n\t\t\t<div class=\"elementor-widget-wrap elementor-element-populated\">\n\t\t\t\t\t\t<div class=\"elementor-element elementor-element-6e32f2a elementor-widget elementor-widget-text-editor\" data-id=\"6e32f2a\" data-element_type=\"widget\" data-e-type=\"widget\" data-widget_type=\"text-editor.default\">\n\t\t\t\t<div class=\"elementor-widget-container\">\n\t\t\t\t\t\t\t\t\t<p>Se si desidera rimuovere le macchie di caff\u00e8 dai vestiti, \u00e8 possibile utilizzare uno spray o una polvere smacchiante. Questi prodotti si applicano direttamente sulla macchia e poi si lavano in lavatrice. Tuttavia, \u00e8 importante verificare che il prodotto scelto sia adatto al tessuto dei vestiti.<\/p><p>Un altro consiglio per rimuovere le macchie di caff\u00e8 dai vestiti \u00e8 quello di trattare la macchia con acqua e sapone. A tale scopo, utilizzate una soluzione saponosa preparata con acqua e sapone da bucato. Applicate la soluzione direttamente sulla macchia e lasciatela agire per qualche minuto prima di lavare i vestiti in lavatrice.<\/p><p>Se volete rimuovere le macchie di caff\u00e8 dai tappeti o dai mobili, potete usare una soluzione di acqua e aceto. \u00c8 sufficiente mescolare parti uguali di acqua e aceto e applicare la soluzione sulla macchia con un panno pulito. Lasciate agire la soluzione per qualche minuto e poi eliminate la macchia con un panno pulito.<\/p><p>Un altro consiglio per rimuovere le macchie di caff\u00e8 da tappeti e mobili \u00e8 quello di utilizzare una soluzione di bicarbonato di sodio e acqua. Mescolate una pasta di bicarbonato di sodio e acqua e applicatela direttamente sulla macchia. Lasciate agire la pasta per un po&#8217; e poi rimuovetela con acqua pulita.<\/p>\t\t\t\t\t\t\t\t<\/div>\n\t\t\t\t<\/div>\n\t\t\t\t\t<\/div>\n\t\t<\/div>\n\t\t\t\t\t<\/div>\n\t\t<\/section>\n\t\t\t\t<section class=\"elementor-section elementor-top-section elementor-element elementor-element-fb99bcf elementor-section-boxed elementor-section-height-default elementor-section-height-default\" data-id=\"fb99bcf\" data-element_type=\"section\" data-e-type=\"section\">\n\t\t\t\t\t\t<div class=\"elementor-container elementor-column-gap-default\">\n\t\t\t\t\t<div class=\"elementor-column elementor-col-100 elementor-top-column elementor-element elementor-element-97a93be\" data-id=\"97a93be\" data-element_type=\"column\" data-e-type=\"column\">\n\t\t\t<div class=\"elementor-widget-wrap elementor-element-populated\">\n\t\t\t\t\t\t<div class=\"elementor-element elementor-element-4698957 elementor-widget elementor-widget-text-editor\" data-id=\"4698957\" data-element_type=\"widget\" data-e-type=\"widget\" data-widget_type=\"text-editor.default\">\n\t\t\t\t<div class=\"elementor-widget-container\">\n\t\t\t\t\t\t\t\t\t<p>Avete altre macchie da rimuovere? Leggete la nostra guida alle macchie per ottenere risultati ottimali.<\/p>\t\t\t\t\t\t\t\t<\/div>\n\t\t\t\t<\/div>\n\t\t\t\t\t<\/div>\n\t\t<\/div>\n\t\t\t\t\t<\/div>\n\t\t<\/section>\n\t\t\t\t<\/div>\n\t\t","protected":false},"excerpt":{"rendered":"<p>Rimuovere le macchie di caff\u00e8 Consigli professionali per la rimozione delle macchie di caff\u00e8 Le macchie di caff\u00e8 sono inevitabili, ma fortunatamente esistono diversi modi per rimuoverle. Sia che abbiate versato una tazza di caff\u00e8 sui vestiti o che abbiate lasciato una macchia sul tappeto o sul divano, \u00e8 importante sapere come rimuovere le macchie [&hellip;]<\/p>\n","protected":false},"author":1,"featured_media":0,"parent":0,"menu_order":0,"comment_status":"closed","ping_status":"closed","template":"elementor_header_footer","meta":{"footnotes":""},"class_list":["post-100324","page","type-page","status-publish","hentry"],"_links":{"self":[{"href":"https:\/\/wiladu.de\/it\/wp-json\/wp\/v2\/pages\/100324","targetHints":{"allow":["GET"]}}],"collection":[{"href":"https:\/\/wiladu.de\/it\/wp-json\/wp\/v2\/pages"}],"about":[{"href":"https:\/\/wiladu.de\/it\/wp-json\/wp\/v2\/types\/page"}],"author":[{"embeddable":true,"href":"https:\/\/wiladu.de\/it\/wp-json\/wp\/v2\/users\/1"}],"replies":[{"embeddable":true,"href":"https:\/\/wiladu.de\/it\/wp-json\/wp\/v2\/comments?post=100324"}],"version-history":[{"count":4,"href":"https:\/\/wiladu.de\/it\/wp-json\/wp\/v2\/pages\/100324\/revisions"}],"predecessor-version":[{"id":100328,"href":"https:\/\/wiladu.de\/it\/wp-json\/wp\/v2\/pages\/100324\/revisions\/100328"}],"wp:attachment":[{"href":"https:\/\/wiladu.de\/it\/wp-json\/wp\/v2\/media?parent=100324"}],"curies":[{"name":"wp","href":"https:\/\/api.w.org\/{rel}","templated":true}]}}