{"id":91265,"date":"2023-01-27T22:08:20","date_gmt":"2023-01-27T22:08:20","guid":{"rendered":"https:\/\/wiladu.de\/?post_type=product&#038;p=91265"},"modified":"2023-06-07T12:47:09","modified_gmt":"2023-06-07T12:47:09","slug":"photophore-oriental-modena-casa-moro","status":"publish","type":"product","link":"https:\/\/wiladu.de\/fr\/photophore-oriental-modena-casa-moro\/","title":{"rendered":"Photophore oriental Modena Casa Moro en argent ou or minaret marocain"},"content":{"rendered":"<p>Photophore oriental Modena &#8211; cette magnifique et unique lanterne illuminera chaque pi\u00e8ce, jardin ou terrasse de son ambiance chaleureuse. Cette pi\u00e8ce intemporelle est fabriqu\u00e9e \u00e0 la main avec soin \u00e0 partir d&rsquo;un cadre m\u00e9tallique solide et de plaques de verre et est \u00e0 la fois \u00e9l\u00e9gante et robuste.<\/p>\n<p>Avec son motif de grille entrelac\u00e9 et sa forme d&rsquo;inspiration orientale, le Modena conf\u00e8re \u00e0 ton int\u00e9rieur une touche de flair asiatique. Gr\u00e2ce \u00e0 la grande fen\u00eatre au centre, tu peux l&rsquo;utiliser comme bougeoir ou comme porte-bougie LED\/bougie \u00e0 r\u00e9chaud pour illuminer ton int\u00e9rieur.<\/p>\n<p>Qu&rsquo;elle projette des ombres d&rsquo;ambiance dans ta cour ou qu&rsquo;elle distille du charme sur ta biblioth\u00e8que, cette \u00e9l\u00e9gante lanterne conf\u00e8re chaleur et caract\u00e8re \u00e0 n&rsquo;importe quel int\u00e9rieur. Tu peux adapter la Modena \u00e0 n&rsquo;importe quel int\u00e9rieur en choisissant parmi deux variantes de couleur &#8211; or magnifique ou argent brillant.<\/p>\n<p>La lanterne orientale Modena est parfaite pour ajouter une touche d&rsquo;exotisme \u00e0 n&rsquo;importe quelle pi\u00e8ce &#8211; procure-toi-la d\u00e8s aujourd&rsquo;hui !<\/p>\n<h2>Photophore oriental Modena &#8211; l&rsquo;Orient \u00e0 port\u00e9e de main<\/h2>\n<p>La lanterne orientale Modena est une mani\u00e8re unique et \u00e9l\u00e9gante d&rsquo;ajouter une atmosph\u00e8re de bien-\u00eatre \u00e0 votre int\u00e9rieur. Avec son design remarquable et artistique, il attire tous les regards et convient parfaitement comme \u00e9l\u00e9ment d\u00e9coratif pour votre salon, votre chambre \u00e0 coucher ou votre salle \u00e0 manger.<\/p>\n<p>Le photophore est fabriqu\u00e9 en laiton de haute qualit\u00e9 et pr\u00e9sente une surface brillante qui conf\u00e8re une note \u00e9l\u00e9gante \u00e0 chaque pi\u00e8ce. Il a une hauteur d&rsquo;environ 30 cm et un diam\u00e8tre d&rsquo;environ 20 cm, ce qui le rend id\u00e9al pour les tables ou les \u00e9tag\u00e8res.<\/p>\n<p>Le photophore Modena poss\u00e8de une bougie int\u00e9gr\u00e9e qui, avec une puissance de 300 watts, assure un \u00e9clairage agr\u00e9able et blanc chaud. L&rsquo;utilisation de la lumi\u00e8re des bougies cr\u00e9e une atmosph\u00e8re particuli\u00e8rement relaxante et confortable dans la pi\u00e8ce, invitant \u00e0 la d\u00e9tente et au repos.<\/p>\n<p>Le design oriental du photophore s&rsquo;inspire de l&rsquo;architecture arabe traditionnelle et conf\u00e8re au produit un aspect unique. Les fines d\u00e9corations et ornements sont soigneusement r\u00e9alis\u00e9s \u00e0 la main et conf\u00e8rent au photophore une valeur particuli\u00e8re.<\/p>\n<p>Dans l&rsquo;ensemble, le photophore oriental Modena est un accessoire merveilleux et d\u00e9coratif pour chaque pi\u00e8ce. Il cr\u00e9e une atmosph\u00e8re chaleureuse et conf\u00e8re une touche personnelle \u00e0 votre int\u00e9rieur. Il est le compagnon id\u00e9al pour les soir\u00e9es tranquilles \u00e0 la maison ou pour les occasions sp\u00e9ciales comme les d\u00eeners ou les anniversaires.<\/p>\n<p><strong>Dimensions<\/strong><\/p>\n<p>Largeur env. 15 cm x profondeur env. 15 cm x hauteur avec anneau de suspension env. 45 cm<\/p>\n<p><strong>Poids net<\/strong><\/p>\n<p>1 kg<\/p>\n<p><strong>Mat\u00e9riaux<\/strong><\/p>\n<p>m\u00e9tal &amp; verre<\/p>\n","protected":false},"excerpt":{"rendered":"<p>Photophore oriental Modena &#8211; cette magnifique et unique lanterne illuminera chaque pi\u00e8ce, jardin ou terrasse de son ambiance chaleureuse. Cette pi\u00e8ce intemporelle est fabriqu\u00e9e \u00e0 la main avec soin \u00e0 partir d&rsquo;un cadre m\u00e9tallique solide et de plaques de verre et est \u00e0 la fois \u00e9l\u00e9gante et robuste. Avec son motif de grille entrelac\u00e9 et [&hellip;]<\/p>\n","protected":false},"featured_media":90592,"comment_status":"closed","ping_status":"closed","template":"","meta":[],"product_brand":[],"product_cat":[1509,1867,1957],"product_tag":[],"class_list":{"0":"post-91265","1":"product","2":"type-product","3":"status-publish","4":"has-post-thumbnail","6":"product_cat-casa-moro-fr","7":"product_cat-le-salon","8":"product_cat-tous-les-produits","9":"pa_farbe-argent","10":"pa_farbe-or","12":"first","13":"instock","14":"taxable","15":"shipping-taxable","16":"purchasable","17":"product-type-variable"},"_links":{"self":[{"href":"https:\/\/wiladu.de\/fr\/wp-json\/wp\/v2\/product\/91265","targetHints":{"allow":["GET"]}}],"collection":[{"href":"https:\/\/wiladu.de\/fr\/wp-json\/wp\/v2\/product"}],"about":[{"href":"https:\/\/wiladu.de\/fr\/wp-json\/wp\/v2\/types\/product"}],"replies":[{"embeddable":true,"href":"https:\/\/wiladu.de\/fr\/wp-json\/wp\/v2\/comments?post=91265"}],"version-history":[{"count":1,"href":"https:\/\/wiladu.de\/fr\/wp-json\/wp\/v2\/product\/91265\/revisions"}],"predecessor-version":[{"id":91266,"href":"https:\/\/wiladu.de\/fr\/wp-json\/wp\/v2\/product\/91265\/revisions\/91266"}],"wp:featuredmedia":[{"embeddable":true,"href":"https:\/\/wiladu.de\/fr\/wp-json\/wp\/v2\/media\/90592"}],"wp:attachment":[{"href":"https:\/\/wiladu.de\/fr\/wp-json\/wp\/v2\/media?parent=91265"}],"wp:term":[{"taxonomy":"product_brand","embeddable":true,"href":"https:\/\/wiladu.de\/fr\/wp-json\/wp\/v2\/product_brand?post=91265"},{"taxonomy":"product_cat","embeddable":true,"href":"https:\/\/wiladu.de\/fr\/wp-json\/wp\/v2\/product_cat?post=91265"},{"taxonomy":"product_tag","embeddable":true,"href":"https:\/\/wiladu.de\/fr\/wp-json\/wp\/v2\/product_tag?post=91265"}],"curies":[{"name":"wp","href":"https:\/\/api.w.org\/{rel}","templated":true}]}}