{"id":124379,"date":"2025-10-11T18:42:11","date_gmt":"2025-10-11T18:42:11","guid":{"rendered":"https:\/\/wiladu.de\/?post_type=product&#038;p=124379"},"modified":"2025-12-27T16:22:53","modified_gmt":"2025-12-27T16:22:53","slug":"etagere-en-laiton-naturel","status":"publish","type":"product","link":"https:\/\/wiladu.de\/fr\/etagere-en-laiton-naturel\/","title":{"rendered":"\u00c9tag\u00e8re en Laiton Naturel 15x15x14 cm"},"content":{"rendered":"<p class=\"my-2 [&amp;+p]:mt-4 [&amp;_strong:has(+br)]:inline-block [&amp;_strong:has(+br)]:pb-2\">L\u2019\u00e9tag\u00e8re en laiton au look naturel allie \u00e9l\u00e9gance et fonctionnalit\u00e9 pratique et devient un \u00e9l\u00e9ment d\u00e9coratif raffin\u00e9 dans chaque pi\u00e8ce. Avec ses dimensions compactes de 15 x 15 x 14 cm, elle trouve facilement sa place sur une commode, une table ou un rebord de fen\u00eatre et offre une surface id\u00e9ale pour pr\u00e9senter de petits tr\u00e9sors comme des bijoux, des chocolats, de petites plantes ou des objets d\u00e9coratifs.<br \/>\nLe laiton de haute qualit\u00e9 conf\u00e8re \u00e0 l\u2019\u00e9tag\u00e8re une chaleureuse brillance dor\u00e9e tout en garantissant durabilit\u00e9 et stabilit\u00e9. Son design classique s\u2019int\u00e8gre harmonieusement dans diff\u00e9rents styles d\u2019int\u00e9rieur, du moderne au classique, jusqu\u2019aux ambiances vintage ou rustiques, ce qui en fait un objet d\u00e9coratif polyvalent, \u00e0 la fois plateau pratique et accessoire raffin\u00e9.<br \/>\n\u00c0 la maison ou dans une boutique pour la pr\u00e9sentation \u00e9l\u00e9gante de produits, cette \u00e9tag\u00e8re est intemporelle et s\u00e9duit par sa combinaison de fonctionnalit\u00e9 et d\u2019esth\u00e9tique noble.<\/p>\n<p class=\"my-2 [&amp;+p]:mt-4 [&amp;_strong:has(+br)]:inline-block [&amp;_strong:has(+br)]:pb-2\"><strong>Avantages en un coup d\u2019\u0153il :<\/strong><\/p>\n<ul class=\"marker:text-quiet list-disc\">\n<li class=\"py-0 my-0 prose-p:pt-0 prose-p:mb-2 prose-p:my-0 [&amp;&gt;p]:pt-0 [&amp;&gt;p]:mb-2 [&amp;&gt;p]:my-0\">\n<p class=\"my-2 [&amp;+p]:mt-4 [&amp;_strong:has(+br)]:inline-block [&amp;_strong:has(+br)]:pb-2\">Laiton de haute qualit\u00e9 avec \u00e9l\u00e9gante brillance dor\u00e9e<\/p>\n<\/li>\n<li class=\"py-0 my-0 prose-p:pt-0 prose-p:mb-2 prose-p:my-0 [&amp;&gt;p]:pt-0 [&amp;&gt;p]:mb-2 [&amp;&gt;p]:my-0\">\n<p class=\"my-2 [&amp;+p]:mt-4 [&amp;_strong:has(+br)]:inline-block [&amp;_strong:has(+br)]:pb-2\">Dimensions compactes pour de nombreuses possibilit\u00e9s de placement<\/p>\n<\/li>\n<li class=\"py-0 my-0 prose-p:pt-0 prose-p:mb-2 prose-p:my-0 [&amp;&gt;p]:pt-0 [&amp;&gt;p]:mb-2 [&amp;&gt;p]:my-0\">\n<p class=\"my-2 [&amp;+p]:mt-4 [&amp;_strong:has(+br)]:inline-block [&amp;_strong:has(+br)]:pb-2\">Construction stable et durable<\/p>\n<\/li>\n<li class=\"py-0 my-0 prose-p:pt-0 prose-p:mb-2 prose-p:my-0 [&amp;&gt;p]:pt-0 [&amp;&gt;p]:mb-2 [&amp;&gt;p]:my-0\">\n<p class=\"my-2 [&amp;+p]:mt-4 [&amp;_strong:has(+br)]:inline-block [&amp;_strong:has(+br)]:pb-2\">Design classique et intemporel adapt\u00e9 \u00e0 de nombreux styles d\u2019int\u00e9rieur<\/p>\n<\/li>\n<li class=\"py-0 my-0 prose-p:pt-0 prose-p:mb-2 prose-p:my-0 [&amp;&gt;p]:pt-0 [&amp;&gt;p]:mb-2 [&amp;&gt;p]:my-0\">\n<p class=\"my-2 [&amp;+p]:mt-4 [&amp;_strong:has(+br)]:inline-block [&amp;_strong:has(+br)]:pb-2\">Id\u00e9ale pour d\u00e9corer et pr\u00e9senter avec style de petits objets<\/p>\n<\/li>\n<\/ul>\n<p class=\"my-2 [&amp;+p]:mt-4 [&amp;_strong:has(+br)]:inline-block [&amp;_strong:has(+br)]:pb-2\"><strong>Points forts de l\u2019\u00e9tag\u00e8re en laiton :<\/strong><\/p>\n<ul class=\"marker:text-quiet list-disc\">\n<li class=\"py-0 my-0 prose-p:pt-0 prose-p:mb-2 prose-p:my-0 [&amp;&gt;p]:pt-0 [&amp;&gt;p]:mb-2 [&amp;&gt;p]:my-0\">\n<p class=\"my-2 [&amp;+p]:mt-4 [&amp;_strong:has(+br)]:inline-block [&amp;_strong:has(+br)]:pb-2\">Produit : \u00c9tag\u00e8re en laiton naturel<\/p>\n<\/li>\n<li class=\"py-0 my-0 prose-p:pt-0 prose-p:mb-2 prose-p:my-0 [&amp;&gt;p]:pt-0 [&amp;&gt;p]:mb-2 [&amp;&gt;p]:my-0\">\n<p class=\"my-2 [&amp;+p]:mt-4 [&amp;_strong:has(+br)]:inline-block [&amp;_strong:has(+br)]:pb-2\">Mati\u00e8re : Laiton<\/p>\n<\/li>\n<li class=\"py-0 my-0 prose-p:pt-0 prose-p:mb-2 prose-p:my-0 [&amp;&gt;p]:pt-0 [&amp;&gt;p]:mb-2 [&amp;&gt;p]:my-0\">\n<p class=\"my-2 [&amp;+p]:mt-4 [&amp;_strong:has(+br)]:inline-block [&amp;_strong:has(+br)]:pb-2\">Dimensions : 15 x 15 x 14 cm<\/p>\n<\/li>\n<li class=\"py-0 my-0 prose-p:pt-0 prose-p:mb-2 prose-p:my-0 [&amp;&gt;p]:pt-0 [&amp;&gt;p]:mb-2 [&amp;&gt;p]:my-0\">\n<p class=\"my-2 [&amp;+p]:mt-4 [&amp;_strong:has(+br)]:inline-block [&amp;_strong:has(+br)]:pb-2\">Caract\u00e9ristiques : durable, stable, \u00e9l\u00e9gante, compacte, \u00e0 usage polyvalent<\/p>\n<\/li>\n<li class=\"py-0 my-0 prose-p:pt-0 prose-p:mb-2 prose-p:my-0 [&amp;&gt;p]:pt-0 [&amp;&gt;p]:mb-2 [&amp;&gt;p]:my-0\">\n<p class=\"my-2 [&amp;+p]:mt-4 [&amp;_strong:has(+br)]:inline-block [&amp;_strong:has(+br)]:pb-2\">Utilisation : D\u00e9coration, pr\u00e9sentation de bijoux, plantes, chocolats ou petits objets<\/p>\n<\/li>\n<\/ul>\n","protected":false},"excerpt":{"rendered":"<p>L\u2019\u00e9tag\u00e8re en laiton au look naturel allie \u00e9l\u00e9gance et fonctionnalit\u00e9 pratique et devient un \u00e9l\u00e9ment d\u00e9coratif raffin\u00e9 dans chaque pi\u00e8ce. Avec ses dimensions compactes de 15 x 15 x 14 cm, elle trouve facilement sa place sur une commode, une table ou un rebord de fen\u00eatre et offre une surface id\u00e9ale pour pr\u00e9senter de petits [&hellip;]<\/p>\n","protected":false},"featured_media":123725,"comment_status":"closed","ping_status":"closed","template":"","meta":[],"product_brand":[],"product_cat":[2907,2897,1688,1957],"product_tag":[],"class_list":{"0":"post-124379","1":"product","2":"type-product","3":"status-publish","4":"has-post-thumbnail","6":"product_cat-accessoires-pour-la-maison","7":"product_cat-adc-webshop","8":"product_cat-manger-et-boire","9":"product_cat-tous-les-produits","11":"first","12":"instock","13":"sale","14":"taxable","15":"shipping-taxable","16":"purchasable","17":"product-type-simple"},"_links":{"self":[{"href":"https:\/\/wiladu.de\/fr\/wp-json\/wp\/v2\/product\/124379","targetHints":{"allow":["GET"]}}],"collection":[{"href":"https:\/\/wiladu.de\/fr\/wp-json\/wp\/v2\/product"}],"about":[{"href":"https:\/\/wiladu.de\/fr\/wp-json\/wp\/v2\/types\/product"}],"replies":[{"embeddable":true,"href":"https:\/\/wiladu.de\/fr\/wp-json\/wp\/v2\/comments?post=124379"}],"version-history":[{"count":2,"href":"https:\/\/wiladu.de\/fr\/wp-json\/wp\/v2\/product\/124379\/revisions"}],"predecessor-version":[{"id":124381,"href":"https:\/\/wiladu.de\/fr\/wp-json\/wp\/v2\/product\/124379\/revisions\/124381"}],"wp:featuredmedia":[{"embeddable":true,"href":"https:\/\/wiladu.de\/fr\/wp-json\/wp\/v2\/media\/123725"}],"wp:attachment":[{"href":"https:\/\/wiladu.de\/fr\/wp-json\/wp\/v2\/media?parent=124379"}],"wp:term":[{"taxonomy":"product_brand","embeddable":true,"href":"https:\/\/wiladu.de\/fr\/wp-json\/wp\/v2\/product_brand?post=124379"},{"taxonomy":"product_cat","embeddable":true,"href":"https:\/\/wiladu.de\/fr\/wp-json\/wp\/v2\/product_cat?post=124379"},{"taxonomy":"product_tag","embeddable":true,"href":"https:\/\/wiladu.de\/fr\/wp-json\/wp\/v2\/product_tag?post=124379"}],"curies":[{"name":"wp","href":"https:\/\/api.w.org\/{rel}","templated":true}]}}