{"id":122755,"date":"2022-09-02T17:43:47","date_gmt":"2022-09-02T17:43:47","guid":{"rendered":"https:\/\/wiladu.de\/?post_type=product&#038;p=122755"},"modified":"2025-07-16T11:47:01","modified_gmt":"2025-07-16T11:47:01","slug":"creano-theiere-wiladu","status":"publish","type":"product","link":"https:\/\/wiladu.de\/fr\/creano-theiere-wiladu\/","title":{"rendered":"Creano Th\u00e9i\u00e8re Wiladu en verre 500 ml adapt\u00e9e au th\u00e9 fleuri"},"content":{"rendered":"<p class=\"my-0\">La\u00a0<strong>th\u00e9i\u00e8re Creano Wiladu<\/strong>\u00a0a \u00e9t\u00e9 sp\u00e9cialement con\u00e7ue pour le th\u00e9 \u00e0 fleurs (<em>Erbl\u00fchtee<\/em>) et pr\u00e9sente une forme unique. Sa fabrication prend en compte les exigences sp\u00e9cifiques n\u00e9cessaires pour mettre en valeur les aspects visuels et aromatiques de ce type de th\u00e9. Sa taille et sa forme sont pens\u00e9es pour permettre le plein d\u00e9veloppement des fleurs de th\u00e9 et offrir une infusion \u00e0 l\u2019esth\u00e9tique nette. La capacit\u00e9, soigneusement adapt\u00e9e, favorise l\u2019expression pr\u00e9cise des ar\u00f4mes.<\/p>\n<div class=\"video-container\"><iframe title=\"Creano Erbl\u00fchTee Sonnenwende (Teeblume)\" width=\"1170\" height=\"658\" src=\"https:\/\/www.youtube.com\/embed\/rZjenzR2qzQ?feature=oembed\" frameborder=\"0\" allow=\"accelerometer; autoplay; clipboard-write; encrypted-media; gyroscope; picture-in-picture; web-share\" referrerpolicy=\"strict-origin-when-cross-origin\" allowfullscreen><\/iframe><\/div>\n<p class=\"my-0\"><strong>Caract\u00e9ristiques techniques :<\/strong><\/p>\n<ul class=\"marker:text-textOff list-disc\">\n<li>\n<p class=\"my-0\">Capacit\u00e9 : environ 500 ml<\/p>\n<\/li>\n<li>\n<p class=\"my-0\">Hauteur : 15 cm<\/p>\n<\/li>\n<li>\n<p class=\"my-0\">R\u00e9sistance thermique : de -20 \u00b0C \u00e0 +150 \u00b0C<\/p>\n<\/li>\n<li>\n<p class=\"my-0\">Convient au lave-vaisselle, au micro-ondes et aux r\u00e9chauds \u00e0 th\u00e9<\/p>\n<\/li>\n<\/ul>\n<p class=\"my-0\">Chaque th\u00e9i\u00e8re Creano est unique du fait de sa fabrication artisanale. Cette th\u00e9i\u00e8re souffl\u00e9e \u00e0 la bouche est r\u00e9alis\u00e9e uniquement en verre borosilicate de haute qualit\u00e9, r\u00e9sistant \u00e0 la chaleur.<\/p>\n<p class=\"my-0\"><strong>Construction et mat\u00e9riaux<\/strong><\/p>\n<p class=\"my-0\">La th\u00e9i\u00e8re Creano Wiladu est fabriqu\u00e9e en verre borosilicate durable, un mat\u00e9riau choisi pour sa r\u00e9sistance aux chocs thermiques. Le corps transparent permet d\u2019observer tout le processus d\u2019infusion, notamment pour les th\u00e9s \u00e0 fleurs. Le design r\u00e9pond \u00e0 des crit\u00e8res fonctionnels et esth\u00e9tiques, permettant de voir le d\u00e9ploiement de la fleur de th\u00e9 sous tous les angles.<\/p>\n<p class=\"my-0\"><strong>Polyvalence d\u2019utilisation<\/strong><\/p>\n<p class=\"my-0\">La th\u00e9i\u00e8re Wiladu peut \u00eatre utilis\u00e9e avec diff\u00e9rents types de th\u00e9, que ce soit du th\u00e9 en vrac, en sachet ou des th\u00e9s \u00e0 fleurs. Le couvercle inclus en verre permet de conserver la chaleur et la saveur pendant l\u2019infusion. Le verre pr\u00e9serve les ar\u00f4mes du th\u00e9 sans en alt\u00e9rer le go\u00fbt.<\/p>\n<p class=\"my-0\"><strong>Utilisation et manipulation<\/strong><\/p>\n<p class=\"my-0\">Avec une capacit\u00e9 de 500 ml, la th\u00e9i\u00e8re convient \u00e0 une pr\u00e9paration individuelle ou pour deux petites tasses. Sa poign\u00e9e ergonomique assure une prise en main s\u00fbre et facile. Tous les \u00e9l\u00e9ments sont con\u00e7us pour une utilisation pratique.<\/p>\n<p class=\"my-0\"><strong>Entretien et nettoyage<\/strong><\/p>\n<p class=\"my-0\">La th\u00e9i\u00e8re peut \u00eatre d\u00e9mont\u00e9e facilement pour le nettoyage. Le couvercle et le corps passent au lave-vaisselle. La surface lisse en verre permet un nettoyage sans r\u00e9sidus, m\u00eame apr\u00e8s des infusions de tisanes ou de th\u00e9s noirs.<\/p>\n<p class=\"my-0\"><strong>Aspects du design<\/strong><\/p>\n<p class=\"my-0\">La forme de la th\u00e9i\u00e8re met en valeur les th\u00e9s \u00e0 fleurs, qui s\u2019ouvrent progressivement \u00e0 l\u2019infusion. Elle est sp\u00e9cialement adapt\u00e9e aux th\u00e9s destin\u00e9s \u00e0 offrir un spectacle visuel. Son design compact permet de l\u2019int\u00e9grer facilement dans toutes les cuisines.<\/p>\n<p class=\"my-0\"><strong>Origine des mat\u00e9riaux et durabilit\u00e9<\/strong><\/p>\n<p class=\"my-0\">Le verre borosilicate utilis\u00e9 est r\u00e9sistant \u00e0 la chaleur, durable et recyclable. Son approvisionnement respecte les normes de production durable.<\/p>\n","protected":false},"excerpt":{"rendered":"<p>La\u00a0th\u00e9i\u00e8re Creano Wiladu\u00a0a \u00e9t\u00e9 sp\u00e9cialement con\u00e7ue pour le th\u00e9 \u00e0 fleurs (Erbl\u00fchtee) et pr\u00e9sente une forme unique. Sa fabrication prend en compte les exigences sp\u00e9cifiques n\u00e9cessaires pour mettre en valeur les aspects visuels et aromatiques de ce type de th\u00e9. Sa taille et sa forme sont pens\u00e9es pour permettre le plein d\u00e9veloppement des fleurs de [&hellip;]<\/p>\n","protected":false},"featured_media":72765,"comment_status":"closed","ping_status":"closed","template":"","meta":[],"product_brand":[],"product_cat":[1517,1862,1696,1957],"product_tag":[],"class_list":{"0":"post-122755","1":"product","2":"type-product","3":"status-publish","4":"has-post-thumbnail","6":"product_cat-creano-fr","7":"product_cat-la-cuisine","8":"product_cat-the-et-cafe","9":"product_cat-tous-les-produits","11":"first","12":"instock","13":"sale","14":"taxable","15":"shipping-taxable","16":"purchasable","17":"product-type-simple"},"_links":{"self":[{"href":"https:\/\/wiladu.de\/fr\/wp-json\/wp\/v2\/product\/122755","targetHints":{"allow":["GET"]}}],"collection":[{"href":"https:\/\/wiladu.de\/fr\/wp-json\/wp\/v2\/product"}],"about":[{"href":"https:\/\/wiladu.de\/fr\/wp-json\/wp\/v2\/types\/product"}],"replies":[{"embeddable":true,"href":"https:\/\/wiladu.de\/fr\/wp-json\/wp\/v2\/comments?post=122755"}],"version-history":[{"count":1,"href":"https:\/\/wiladu.de\/fr\/wp-json\/wp\/v2\/product\/122755\/revisions"}],"predecessor-version":[{"id":122761,"href":"https:\/\/wiladu.de\/fr\/wp-json\/wp\/v2\/product\/122755\/revisions\/122761"}],"wp:featuredmedia":[{"embeddable":true,"href":"https:\/\/wiladu.de\/fr\/wp-json\/wp\/v2\/media\/72765"}],"wp:attachment":[{"href":"https:\/\/wiladu.de\/fr\/wp-json\/wp\/v2\/media?parent=122755"}],"wp:term":[{"taxonomy":"product_brand","embeddable":true,"href":"https:\/\/wiladu.de\/fr\/wp-json\/wp\/v2\/product_brand?post=122755"},{"taxonomy":"product_cat","embeddable":true,"href":"https:\/\/wiladu.de\/fr\/wp-json\/wp\/v2\/product_cat?post=122755"},{"taxonomy":"product_tag","embeddable":true,"href":"https:\/\/wiladu.de\/fr\/wp-json\/wp\/v2\/product_tag?post=122755"}],"curies":[{"name":"wp","href":"https:\/\/api.w.org\/{rel}","templated":true}]}}