{"id":120053,"date":"2022-10-11T16:39:13","date_gmt":"2022-10-11T16:39:13","guid":{"rendered":"https:\/\/wiladu.de\/?post_type=product&#038;p=120053"},"modified":"2025-03-25T10:21:11","modified_gmt":"2025-03-25T10:21:11","slug":"balance-de-cuisine-retro","status":"publish","type":"product","link":"https:\/\/wiladu.de\/fr\/balance-de-cuisine-retro\/","title":{"rendered":"Balance de cuisine r\u00e9tro Wiladu balance vintage design balance de cuisine r\u00e9tro analogique m\u00e9tal"},"content":{"rendered":"<div class=\"border-borderMain\/50 ring-borderMain\/50 divide-borderMain\/50 dark:divide-borderMainDark\/50  dark:ring-borderMainDark\/50 dark:border-borderMainDark\/50 bg-transparent\">\n<div class=\"gap-y-md flex flex-col\">\n<div class=\"relative default font-sans text-base text-textMain dark:text-textMainDark selection:bg-super\/50 selection:text-textMain dark:selection:bg-superDuper\/10 dark:selection:text-superDark\">\n<div class=\"min-w-0 break-words [word-break:break-word]\">\n<div id=\"markdown-content-0\" class=\"gap-y-md flex flex-col\" dir=\"auto\">\n<div class=\"relative\">\n<div class=\"prose text-pretty dark:prose-invert inline leading-normal break-words min-w-0 [word-break:break-word]\">\n<p class=\"my-0\"><strong>Balance de cuisine r\u00e9tro<\/strong> de Wiladu vintage &#8211; pour p\u00e2tissiers et chefs cuisiniers &#8211; et tous ceux qui souhaitent le devenir : Les plats et desserts ne sont vraiment r\u00e9ussis que lorsque les ingr\u00e9dients sont pes\u00e9s avec pr\u00e9cision.<\/p>\n<p class=\"my-0\">Les balances de cuisine r\u00e9tro sont un outil \u00e9l\u00e9gant et pratique pour tout cuisinier ou boulanger. Elles permettent de peser rapidement et pr\u00e9cis\u00e9ment les ingr\u00e9dients afin d&rsquo;obtenir des r\u00e9sultats parfaits en cuisine ou en p\u00e2tisserie.<\/p>\n<p class=\"my-0\">Ces balances arborent un design r\u00e9tro qui rappelle celles des ann\u00e9es 1950. Fabriqu\u00e9es en acier inoxydable de haute qualit\u00e9, elles disposent d&rsquo;un grand affichage analogique facile \u00e0 lire. La plage de pes\u00e9e va de 0 \u00e0 5 kg avec une pr\u00e9cision de 1 g. Elles poss\u00e8dent \u00e9galement une fonction tare permettant de soustraire le poids des contenants ou emballages pour obtenir uniquement le poids du contenu.<\/p>\n<p class=\"my-0\">Faciles \u00e0 utiliser, ces balances b\u00e9n\u00e9ficient d&rsquo;une construction stable qui leur assure une bonne adh\u00e9rence sur toutes les surfaces. Elles sont \u00e9galement simples \u00e0 nettoyer et peuvent \u00eatre essuy\u00e9es sans difficult\u00e9.<\/p>\n<p class=\"my-0\">Le design r\u00e9tro des balances s&rsquo;int\u00e8gre parfaitement dans toutes les cuisines et ajoute une touche nostalgique. Elles constituent \u00e9galement un excellent cadeau pour les amateurs de cuisine ou de p\u00e2tisserie.<\/p>\n<p class=\"my-0\"><strong>Balances de cuisine r\u00e9tro &#8211; un design magnifique<\/strong><\/p>\n<p class=\"my-0\">Un v\u00e9ritable objet central : ces \u00e9l\u00e9gantes balances de cuisine donnent l&rsquo;impression d&rsquo;avoir \u00e9t\u00e9 fabriqu\u00e9es \u00e0 l&rsquo;\u00e9poque ancienne. Elles attireront sans aucun doute l&rsquo;attention dans votre cuisine ! Et en mati\u00e8re de pes\u00e9e, elles rivalisent ais\u00e9ment avec les balances modernes d&rsquo;aujourd&rsquo;hui.<\/p>\n<p class=\"my-0\">Le grand avantage : vous ne serez jamais \u00e0 court de batterie lorsque vous p\u00e2tissez. Ce petit tr\u00e9sor nostalgique fonctionne sans pile.<\/p>\n<p class=\"my-0\">Les ingr\u00e9dients pour la cuisine et la p\u00e2tisserie, les fruits et l\u00e9gumes, les portions di\u00e9t\u00e9tiques et les aliments pour b\u00e9b\u00e9 sont pr\u00e9cis\u00e9ment pes\u00e9s dans le bol en acier inoxydable, puis directement utilis\u00e9s.<\/p>\n<p class=\"my-0\">La fonction de pes\u00e9e particuli\u00e8rement pratique permet \u00e9galement d&rsquo;ajouter plusieurs ingr\u00e9dients successivement : il suffit d&rsquo;ajouter un ingr\u00e9dient puis d&rsquo;ajuster le cadran pour remettre l&rsquo;aiguille \u00e0 z\u00e9ro. Ensuite, ajoutez l&rsquo;ingr\u00e9dient suivant. Ainsi, les diff\u00e9rents ingr\u00e9dients peuvent \u00eatre pes\u00e9s un par un avec une pr\u00e9cision au gramme pr\u00e8s.<\/p>\n<p><img fetchpriority=\"high\" decoding=\"async\" class=\"aligncenter wp-image-117398 size-full\" src=\"https:\/\/wiladu.de\/wp-content\/uploads\/2022\/10\/Kuechenwaage-Retro-Atmosphaere-in-der-Kueche.jpg\" alt=\"K\u00fcchenwaage Retro Atmosph\u00e4re in der K\u00fcche\" width=\"1000\" height=\"1000\" title=\"\" srcset=\"https:\/\/wiladu.de\/wp-content\/uploads\/2022\/10\/Kuechenwaage-Retro-Atmosphaere-in-der-Kueche.jpg 1000w, https:\/\/wiladu.de\/wp-content\/uploads\/2022\/10\/Kuechenwaage-Retro-Atmosphaere-in-der-Kueche-300x300.jpg 300w, https:\/\/wiladu.de\/wp-content\/uploads\/2022\/10\/Kuechenwaage-Retro-Atmosphaere-in-der-Kueche-150x150.jpg 150w, https:\/\/wiladu.de\/wp-content\/uploads\/2022\/10\/Kuechenwaage-Retro-Atmosphaere-in-der-Kueche-768x768.jpg 768w, https:\/\/wiladu.de\/wp-content\/uploads\/2022\/10\/Kuechenwaage-Retro-Atmosphaere-in-der-Kueche-990x990.jpg 990w, https:\/\/wiladu.de\/wp-content\/uploads\/2022\/10\/Kuechenwaage-Retro-Atmosphaere-in-der-Kueche-441x441.jpg 441w, https:\/\/wiladu.de\/wp-content\/uploads\/2022\/10\/Kuechenwaage-Retro-Atmosphaere-in-der-Kueche-800x800.jpg 800w\" sizes=\"(max-width: 1000px) 100vw, 1000px\"><\/p>\n<p class=\"my-0\"><strong>Balances de cuisine r\u00e9tro vintage Wiladu &#8211; Vos avantages<\/strong><\/p>\n<ul class=\"marker:text-textOff list-disc\">\n<li>\n<p class=\"my-0\">Lecture rapide gr\u00e2ce \u00e0 un grand cadran<\/p>\n<\/li>\n<li>\n<p class=\"my-0\">Id\u00e9al pour les grandes portions : p\u00e8se jusqu&rsquo;\u00e0 5 kg<\/p>\n<\/li>\n<li>\n<p class=\"my-0\">Pes\u00e9e facile des ingr\u00e9dients<\/p>\n<\/li>\n<li>\n<p class=\"my-0\">Bol amovible<\/p>\n<\/li>\n<li>\n<p class=\"my-0\">Design r\u00e9tro intemporel : \u00e9l\u00e9gant dans toutes les cuisines<\/p>\n<\/li>\n<li>\n<p class=\"my-0\">Lecture rapide facilit\u00e9e : grand affichage analogique<\/p>\n<\/li>\n<li>\n<p class=\"my-0\">Dimensions : 23 x 22 x 20 cm<\/p>\n<\/li>\n<li>\n<p class=\"my-0\">Poids : 1,4 kg<\/p>\n<\/li>\n<li>\n<p class=\"my-0\">P\u00e8se jusqu&rsquo;\u00e0 5 kg par incr\u00e9ments de 20 g<\/p>\n<\/li>\n<li>\n<p class=\"my-0\">Fonctionnement sans \u00e9nergie : pas besoin de pile ni d&rsquo;adaptateur secteur<\/p>\n<\/li>\n<li>\n<p class=\"my-0\">Fonction tare avec roue d&rsquo;ajustement : pes\u00e9e simplifi\u00e9e &#8211; Bo\u00eetier m\u00e9tallique noir avec bol amovible en acier inoxydable<\/p>\n<\/li>\n<li>\n<p class=\"my-0\">Balance r\u00e9tro incluse avec bol et instructions. Balance m\u00e9canique &#8211; \u00c9galement pertinente ou adapt\u00e9e pour : balance postale, balance fine, bol, vintage, p\u00e2tisserie, analogique, cuisine, assiette &#8211; Le prix original de 56,90 EUR correspond au prix conseill\u00e9 pr\u00e9c\u00e9demment par le fabricant (PPC).<\/p>\n<\/li>\n<\/ul>\n<p class=\"my-0\"><strong>Qu&rsquo;est-ce qu&rsquo;une balance de cuisine r\u00e9tro ?<\/strong><\/p>\n<p class=\"my-0\">Une balance de cuisine r\u00e9tro est tout type de balance m\u00e9canique ou num\u00e9rique con\u00e7ue pour ressembler \u00e0 celles fabriqu\u00e9es dans les ann\u00e9es 1950, 60 ou 70. Ces balances poss\u00e8dent g\u00e9n\u00e9ralement une base m\u00e9tallique et un cadran en plastique, ce qui les rend \u00e0 la fois robustes et attrayantes. Beaucoup offrent des mesures pr\u00e9cises en unit\u00e9s m\u00e9triques et imp\u00e9riales, vous donnant la flexibilit\u00e9 n\u00e9cessaire pour peser tous vos ingr\u00e9dients.<\/p>\n<p class=\"my-0\"><strong>Les avantages des balances de cuisine r\u00e9tro<\/strong><\/p>\n<p class=\"my-0\">Une balance de cuisine r\u00e9tro offre plusieurs avantages que d&rsquo;autres balances n&rsquo;ont pas. Par exemple, elles disposent souvent de grands cadrans pr\u00e9cis qui facilitent la lecture des mesures &#8211; pas besoin de plisser les yeux ! Et gr\u00e2ce \u00e0 leur style vintage, elles constituent un accent d\u00e9coratif id\u00e9al pour une cuisine au style moderne du milieu du si\u00e8cle ou traditionnel campagnard. Lorsqu&rsquo;il est temps de les ranger, ces balances prennent tr\u00e8s peu d&rsquo;espace sur le plan de travail !<\/p>\n<p class=\"my-0\"><strong>O\u00f9 trouver des balances de cuisine r\u00e9tro ?<\/strong><\/p>\n<p class=\"my-0\">Si vous recherchez une balance de cuisine r\u00e9tro pour votre maison, il existe de nombreuses options en ligne et dans les magasins du pays. Certains magasins se sp\u00e9cialisent dans les appareils et ustensiles au style vintage. Mais si vous pr\u00e9f\u00e9rez ne pas vous d\u00e9placer tout de suite, plusieurs sites web permettent d&rsquo;acheter depuis chez vous. Que vous recherchiez un mod\u00e8le m\u00e9canique ou num\u00e9rique &#8211; ou m\u00eame quelque chose d&rsquo;unique &#8211; vous devriez pouvoir trouver ce dont vous avez besoin sans grande difficult\u00e9.<\/p>\n<p class=\"my-0\">Une balance de cuisine r\u00e9tro est une excellente mani\u00e8re d&rsquo;ajouter une touche vintage \u00e0 votre cuisine tout en profitant des fonctionnalit\u00e9s modernes d&rsquo;une balance actuelle. Gr\u00e2ce \u00e0 leur design robuste et leurs mesures pr\u00e9cises (en unit\u00e9s m\u00e9triques et imp\u00e9riales), ces balances facilitent la p\u00e2tisserie comme jamais auparavant ! Que vous cherchiez ces mod\u00e8les uniques en ligne ou en magasin, nous esp\u00e9rons que ce guide vous a aid\u00e9 dans votre recherche pour trouver la balance r\u00e9tro parfaite.<\/p>\n<\/div>\n<\/div>\n<\/div>\n<\/div>\n<\/div>\n<\/div>\n<\/div>\n","protected":false},"excerpt":{"rendered":"<p>Balance de cuisine r\u00e9tro de Wiladu vintage &#8211; pour p\u00e2tissiers et chefs cuisiniers &#8211; et tous ceux qui souhaitent le devenir : Les plats et desserts ne sont vraiment r\u00e9ussis que lorsque les ingr\u00e9dients sont pes\u00e9s avec pr\u00e9cision. Les balances de cuisine r\u00e9tro sont un outil \u00e9l\u00e9gant et pratique pour tout cuisinier ou boulanger. Elles [&hellip;]<\/p>\n","protected":false},"featured_media":78346,"comment_status":"closed","ping_status":"closed","template":"","meta":[],"product_brand":[],"product_cat":[1862,1957,1648],"product_tag":[],"class_list":{"0":"post-120053","1":"product","2":"type-product","3":"status-publish","4":"has-post-thumbnail","6":"product_cat-la-cuisine","7":"product_cat-tous-les-produits","8":"product_cat-wiladu-fr","9":"pa_farbe-bleu-fr","10":"pa_farbe-creme-fr","11":"pa_farbe-gris","12":"pa_farbe-noir","13":"pa_farbe-rose","14":"pa_farbe-rouge","15":"pa_farbe-vert","17":"first","18":"instock","19":"taxable","20":"shipping-taxable","21":"purchasable","22":"product-type-variable"},"_links":{"self":[{"href":"https:\/\/wiladu.de\/fr\/wp-json\/wp\/v2\/product\/120053","targetHints":{"allow":["GET"]}}],"collection":[{"href":"https:\/\/wiladu.de\/fr\/wp-json\/wp\/v2\/product"}],"about":[{"href":"https:\/\/wiladu.de\/fr\/wp-json\/wp\/v2\/types\/product"}],"replies":[{"embeddable":true,"href":"https:\/\/wiladu.de\/fr\/wp-json\/wp\/v2\/comments?post=120053"}],"version-history":[{"count":2,"href":"https:\/\/wiladu.de\/fr\/wp-json\/wp\/v2\/product\/120053\/revisions"}],"predecessor-version":[{"id":120055,"href":"https:\/\/wiladu.de\/fr\/wp-json\/wp\/v2\/product\/120053\/revisions\/120055"}],"wp:featuredmedia":[{"embeddable":true,"href":"https:\/\/wiladu.de\/fr\/wp-json\/wp\/v2\/media\/78346"}],"wp:attachment":[{"href":"https:\/\/wiladu.de\/fr\/wp-json\/wp\/v2\/media?parent=120053"}],"wp:term":[{"taxonomy":"product_brand","embeddable":true,"href":"https:\/\/wiladu.de\/fr\/wp-json\/wp\/v2\/product_brand?post=120053"},{"taxonomy":"product_cat","embeddable":true,"href":"https:\/\/wiladu.de\/fr\/wp-json\/wp\/v2\/product_cat?post=120053"},{"taxonomy":"product_tag","embeddable":true,"href":"https:\/\/wiladu.de\/fr\/wp-json\/wp\/v2\/product_tag?post=120053"}],"curies":[{"name":"wp","href":"https:\/\/api.w.org\/{rel}","templated":true}]}}