{"id":120017,"date":"2022-09-03T13:37:20","date_gmt":"2022-09-03T13:37:20","guid":{"rendered":"https:\/\/wiladu.de\/?post_type=product&#038;p=120017"},"modified":"2025-03-24T16:37:24","modified_gmt":"2025-03-24T16:37:24","slug":"30-gants-de-toilette-pour-bebe","status":"publish","type":"product","link":"https:\/\/wiladu.de\/fr\/30-gants-de-toilette-pour-bebe\/","title":{"rendered":"30 gants de toilette pour b\u00e9b\u00e9 en coton biologique Ultimate economy pack"},"content":{"rendered":"<p><strong>30 gants de toilette pour b\u00e9b\u00e9 en coton biologique<\/strong> ? Vous ne pouvez les obtenir qu&rsquo;\u00e0 ce prix dans la boutique en ligne Wiladu !<\/p>\n<p>Les gants de toilette sont lavables jusqu&rsquo;\u00e0 60\u00b0, mais nous recommandons de les laver \u00e0 40\u00b0 pour prot\u00e9ger la mati\u00e8re.<\/p>\n<p>Nous savons tous \u00e0 quel point la peau d&rsquo;un b\u00e9b\u00e9 est douce et sensible. Il est donc d&rsquo;autant plus important de lui apporter les bons soins et les bons accessoires pour lui assurer une protection et une hygi\u00e8ne optimales. C&rsquo;est pourquoi nous avons d\u00e9cid\u00e9 de vous proposer le parfait set de gants de toilette bio \u00e0 un prix imbattable.<\/p>\n<p>Parce que nous pensons que chaque b\u00e9b\u00e9 m\u00e9rite d&rsquo;\u00eatre soign\u00e9 avec des mat\u00e9riaux naturels et doux. Dans notre boutique en ligne, vous avez le choix entre les tailles 22,5 x 22,5 cm, 20 x 20 cm et 15 x 15 cm.<\/p>\n<p>Les deux types de gants de toilette sont de haute qualit\u00e9, produits de mani\u00e8re durable et id\u00e9aux pour la peau sensible de votre enfant. En principe, tout ce dont vous avez besoin pour le nettoyage, c&rsquo;est de l&rsquo;eau. Il suffit de plonger les gants de toilette dans le bac de lavage et de les passer lentement et soigneusement sur la peau. La salet\u00e9 s&rsquo;enl\u00e8ve pratiquement d&rsquo;elle-m\u00eame. Parfaits pour votre enfant et pour l&rsquo;environnement, nos 30 gants de toilette pour b\u00e9b\u00e9s sont propos\u00e9s dans un emballage \u00e9conomique.<\/p>\n<p>Veuillez noter qu&rsquo;il s&rsquo;agit d&rsquo;une image de remplacement. Les gants de toilette envoy\u00e9s seront diff\u00e9rents de cette image, mais la qualit\u00e9 reste bien s\u00fbr exceptionnelle.<\/p>\n<h2>30 gants de toilette pour b\u00e9b\u00e9s &#8211; trois tailles, qualit\u00e9 parfaite<\/h2>\n<p>Bien entendu, nos gants de toilette vous offrent un grand avantage par rapport aux gants de toilette vendus dans le commerce. Si vous avez du temps et des loisirs, vous devriez prendre le temps de lire les ingr\u00e9dients des lingettes jetables dans les diff\u00e9rentes pharmacies.<\/p>\n<p>Vous serez \u00e9tonn\u00e9 du nombre d&rsquo;ingr\u00e9dients diff\u00e9rents contenus dans un produit aussi simple. Il ne faut pas beaucoup d&rsquo;imagination pour se rendre compte qu&rsquo;un tel nombre d&rsquo;ingr\u00e9dients n&rsquo;est pas optimal pour la peau de votre b\u00e9b\u00e9.<\/p>\n<p>\u00c0 ce stade, bien s\u00fbr, nous adoptons une approche totalement diff\u00e9rente. Vous obtenez de superbes gants de toilette naturels qui sont particuli\u00e8rement doux pour la peau de votre enfant.<\/p>\n<p>Un autre facteur positif est bien s\u00fbr l&rsquo;\u00e9norme \u00e9conomie r\u00e9alis\u00e9e. Par rapport aux lingettes jetables vendues en pharmacie, vous pouvez laver et nettoyer ces gants de toilette normalement dans votre machine \u00e0 laver et les r\u00e9utiliser.<\/p>\n<p>Cela vous permet d&rsquo;\u00e9conomiser beaucoup d&rsquo;argent \u00e0 long terme et, bien s\u00fbr, de r\u00e9duire la quantit\u00e9 de d\u00e9chets qui seraient autrement produits par l&rsquo;utilisation de lingettes jetables. Une situation gagnant-gagnant-gagnant pour votre enfant, votre portefeuille et l&rsquo;environnement. Jetez un coup d&rsquo;\u0153il aux autres produits sold\u00e9s de la boutique en ligne Wiladu et \u00e9conomisez de l&rsquo;argent.<\/p>\n<p>Vous souhaitez revoir l&rsquo;ensemble de la s\u00e9lection de d\u00e9barbouillettes pour b\u00e9b\u00e9s ? Amusez-vous bien en naviguant.<\/p>\n<p>Veuillez noter que les photos ne sont que des exemples !<\/p>\n","protected":false},"excerpt":{"rendered":"<p>30 gants de toilette pour b\u00e9b\u00e9 en coton biologique ? Vous ne pouvez les obtenir qu&rsquo;\u00e0 ce prix dans la boutique en ligne Wiladu ! Les gants de toilette sont lavables jusqu&rsquo;\u00e0 60\u00b0, mais nous recommandons de les laver \u00e0 40\u00b0 pour prot\u00e9ger la mati\u00e8re. Nous savons tous \u00e0 quel point la peau d&rsquo;un b\u00e9b\u00e9 [&hellip;]<\/p>\n","protected":false},"featured_media":55000,"comment_status":"open","ping_status":"closed","template":"","meta":[],"product_brand":[],"product_cat":[1878,1957,1740,1648],"product_tag":[],"class_list":{"0":"post-120017","1":"product","2":"type-product","3":"status-publish","4":"has-post-thumbnail","6":"product_cat-gant-de-toilette-pour-bebe","7":"product_cat-tous-les-produits","8":"product_cat-vente","9":"product_cat-wiladu-fr","11":"first","12":"instock","13":"taxable","14":"shipping-taxable","15":"purchasable","16":"product-type-variable"},"_links":{"self":[{"href":"https:\/\/wiladu.de\/fr\/wp-json\/wp\/v2\/product\/120017","targetHints":{"allow":["GET"]}}],"collection":[{"href":"https:\/\/wiladu.de\/fr\/wp-json\/wp\/v2\/product"}],"about":[{"href":"https:\/\/wiladu.de\/fr\/wp-json\/wp\/v2\/types\/product"}],"replies":[{"embeddable":true,"href":"https:\/\/wiladu.de\/fr\/wp-json\/wp\/v2\/comments?post=120017"}],"version-history":[{"count":2,"href":"https:\/\/wiladu.de\/fr\/wp-json\/wp\/v2\/product\/120017\/revisions"}],"predecessor-version":[{"id":120019,"href":"https:\/\/wiladu.de\/fr\/wp-json\/wp\/v2\/product\/120017\/revisions\/120019"}],"wp:featuredmedia":[{"embeddable":true,"href":"https:\/\/wiladu.de\/fr\/wp-json\/wp\/v2\/media\/55000"}],"wp:attachment":[{"href":"https:\/\/wiladu.de\/fr\/wp-json\/wp\/v2\/media?parent=120017"}],"wp:term":[{"taxonomy":"product_brand","embeddable":true,"href":"https:\/\/wiladu.de\/fr\/wp-json\/wp\/v2\/product_brand?post=120017"},{"taxonomy":"product_cat","embeddable":true,"href":"https:\/\/wiladu.de\/fr\/wp-json\/wp\/v2\/product_cat?post=120017"},{"taxonomy":"product_tag","embeddable":true,"href":"https:\/\/wiladu.de\/fr\/wp-json\/wp\/v2\/product_tag?post=120017"}],"curies":[{"name":"wp","href":"https:\/\/api.w.org\/{rel}","templated":true}]}}