{"id":119982,"date":"2022-09-30T22:12:23","date_gmt":"2022-09-30T22:12:23","guid":{"rendered":"https:\/\/wiladu.de\/?post_type=product&#038;p=119982"},"modified":"2025-03-23T21:51:47","modified_gmt":"2025-03-23T21:51:47","slug":"emilys-flower-shop","status":"publish","type":"product","link":"https:\/\/wiladu.de\/fr\/emilys-flower-shop\/","title":{"rendered":"Robotime Emily&rsquo;s flower shop DIY craft set 22x19x21cm DG145 3D puzzle wood"},"content":{"rendered":"<p>Bienvenue dans le monde magique de Robotime ! L&rsquo;ensemble de bricolage \u00ab <strong>Emily&rsquo;s Flower Shop<\/strong> \u00bb de Robotime n&rsquo;est pas un simple puzzle 3D en bois. C&rsquo;est un voyage dans le monde de la cr\u00e9ativit\u00e9, un hommage \u00e0 la beaut\u00e9 de la nature et une ode \u00e0 l&rsquo;artisanat. Plongez dans les d\u00e9tails de ce projet d&rsquo;artisanat fascinant et d\u00e9couvrez pourquoi il a conquis le c\u0153ur des amateurs d&rsquo;artisanat du monde entier.<\/p>\n<div class=\"video-container\"><iframe title=\"Happy Corner Emily&#039;s Flower Shop Craft Kit Robotime\" width=\"1170\" height=\"658\" src=\"https:\/\/www.youtube.com\/embed\/SXxL2gaPba8?feature=oembed\" frameborder=\"0\" allow=\"accelerometer; autoplay; clipboard-write; encrypted-media; gyroscope; picture-in-picture; web-share\" referrerpolicy=\"strict-origin-when-cross-origin\" allowfullscreen><\/iframe><\/div>\n<h2>Le monde de Robotime : plus qu&rsquo;un simple puzzle<\/h2>\n<p>Robotime est connu pour ses puzzles en 3D de haute qualit\u00e9 et ses kits de bricolage qui sont non seulement amusants, mais qui stimulent \u00e9galement l&rsquo;imagination et donnent vie au c\u00f4t\u00e9 cr\u00e9atif qui sommeille en chacun de nous. Avec un large \u00e9ventail de th\u00e8mes et de mod\u00e8les, Robotime propose un projet de bricolage pour tous les go\u00fbts et tous les \u00e2ges. Des magasins de fleurs enchanteurs aux b\u00e2timents imposants, les possibilit\u00e9s sont infinies.<\/p>\n<h3>Le charme de la boutique de fleurs d&rsquo;Emily<\/h3>\n<p>Le magasin de fleurs d&rsquo;Emily de Robotime est un chef-d&rsquo;\u0153uvre d&rsquo;artisanat et un v\u00e9ritable r\u00e9gal pour les sens. Chaque d\u00e9tail a \u00e9t\u00e9 con\u00e7u avec amour et soin pour cr\u00e9er une atmosph\u00e8re authentique et accueillante. Des bouquets color\u00e9s aux meubles en bois rustiques, ce magasin de fleurs est plus qu&rsquo;un mod\u00e8le, c&rsquo;est un monde miniature plein de vie et de couleurs.<\/p>\n<ul>\n<li>D\u00e9tails techniques et sp\u00e9cifications<\/li>\n<li>Nom du produit : Robotime Emily&rsquo;s flower shop DIY craft set<\/li>\n<li>Num\u00e9ro de mod\u00e8le : DG145<\/li>\n<li>Dimensions : 22 x 19 x 21 cm 22 x 19 x 21 cm<\/li>\n<li>Mat\u00e9riau : Bois de haute qualit\u00e9<\/li>\n<li>Niveau de difficult\u00e9 : Interm\u00e9diaire \u00e0 avanc\u00e9<\/li>\n<li>\u00c2ge recommand\u00e9 : A partir de 14 ans<\/li>\n<\/ul>\n<h2>D\u00e9couvrez la magie du magasin de fleurs de Robotime Emily : Un kit de bricolage unique<\/h2>\n<p>Le kit de bricolage Robotime Emily&rsquo;s Flower Shop offre de nombreux avantages qui en font un \u00e9l\u00e9ment essentiel de toute collection de bricolage. Voici quelques raisons pour lesquelles ce projet de bricolage unique est si sp\u00e9cial :<\/p>\n<h3>La cr\u00e9ativit\u00e9 rencontre l&rsquo;artisanat<\/h3>\n<p>L&rsquo;assemblage du magasin de fleurs n&rsquo;est pas seulement une t\u00e2che artisanale, mais un voyage cr\u00e9atif plein de possibilit\u00e9s. Du choix des couleurs \u00e0 l&#8217;emplacement des fleurs, vous pouvez donner vie \u00e0 votre vision et laisser libre cours \u00e0 votre imagination.<\/p>\n<h3>Des mat\u00e9riaux de haute qualit\u00e9 pour une exp\u00e9rience authentique<\/h3>\n<p>Robotime attache une grande importance \u00e0 la qualit\u00e9 et \u00e0 l&rsquo;authenticit\u00e9. Le set d&rsquo;artisanat Emily&rsquo;s Flower Shop est fabriqu\u00e9 \u00e0 partir de bois de haute qualit\u00e9 qui est non seulement durable, mais qui offre \u00e9galement une esth\u00e9tique naturelle et rustique.<\/p>\n<h3>Un \u00e9clairage pour une atmosph\u00e8re magique<\/h3>\n<p>Le point fort du magasin de fleurs d&rsquo;Emily est l&rsquo;\u00e9clairage LED int\u00e9gr\u00e9, qui cr\u00e9e une atmosph\u00e8re chaleureuse et accueillante. Que ce soit en journ\u00e9e ou en soir\u00e9e, le magasin de fleurs rayonne toujours d&rsquo;une aura magique.<\/p>\n<h3>Une d\u00e9coration unique pour la maison ou le bureau<\/h3>\n<p>Une fois que vous aurez termin\u00e9 le magasin de fleurs, ce ne sera pas seulement une \u0153uvre d&rsquo;art impressionnante, mais aussi une pi\u00e8ce d\u00e9corative unique pour votre maison ou votre bureau. Montrez votre savoir-faire et profitez-en tous les jours.<\/p>\n<h3>Un cadeau qui vient du c\u0153ur<\/h3>\n<p>Vous cherchez le cadeau id\u00e9al pour un passionn\u00e9 d&rsquo;artisanat ? Le set de bricolage Emily&rsquo;s Flower Shop de Robotime est le choix id\u00e9al. Ce n&rsquo;est pas seulement un cadeau, c&rsquo;est une exp\u00e9rience &#8211; une fa\u00e7on d&rsquo;exprimer votre amour et votre appr\u00e9ciation.<\/p>\n","protected":false},"excerpt":{"rendered":"<p>Bienvenue dans le monde magique de Robotime ! L&rsquo;ensemble de bricolage \u00ab Emily&rsquo;s Flower Shop \u00bb de Robotime n&rsquo;est pas un simple puzzle 3D en bois. C&rsquo;est un voyage dans le monde de la cr\u00e9ativit\u00e9, un hommage \u00e0 la beaut\u00e9 de la nature et une ode \u00e0 l&rsquo;artisanat. Plongez dans les d\u00e9tails de ce projet [&hellip;]<\/p>\n","protected":false},"featured_media":76281,"comment_status":"closed","ping_status":"closed","template":"","meta":[],"product_brand":[],"product_cat":[1620,1957],"product_tag":[],"class_list":{"0":"post-119982","1":"product","2":"type-product","3":"status-publish","4":"has-post-thumbnail","6":"product_cat-robotime-fr","7":"product_cat-tous-les-produits","9":"first","10":"instock","11":"taxable","12":"shipping-taxable","13":"purchasable","14":"product-type-simple"},"_links":{"self":[{"href":"https:\/\/wiladu.de\/fr\/wp-json\/wp\/v2\/product\/119982","targetHints":{"allow":["GET"]}}],"collection":[{"href":"https:\/\/wiladu.de\/fr\/wp-json\/wp\/v2\/product"}],"about":[{"href":"https:\/\/wiladu.de\/fr\/wp-json\/wp\/v2\/types\/product"}],"replies":[{"embeddable":true,"href":"https:\/\/wiladu.de\/fr\/wp-json\/wp\/v2\/comments?post=119982"}],"version-history":[{"count":1,"href":"https:\/\/wiladu.de\/fr\/wp-json\/wp\/v2\/product\/119982\/revisions"}],"predecessor-version":[{"id":119988,"href":"https:\/\/wiladu.de\/fr\/wp-json\/wp\/v2\/product\/119982\/revisions\/119988"}],"wp:featuredmedia":[{"embeddable":true,"href":"https:\/\/wiladu.de\/fr\/wp-json\/wp\/v2\/media\/76281"}],"wp:attachment":[{"href":"https:\/\/wiladu.de\/fr\/wp-json\/wp\/v2\/media?parent=119982"}],"wp:term":[{"taxonomy":"product_brand","embeddable":true,"href":"https:\/\/wiladu.de\/fr\/wp-json\/wp\/v2\/product_brand?post=119982"},{"taxonomy":"product_cat","embeddable":true,"href":"https:\/\/wiladu.de\/fr\/wp-json\/wp\/v2\/product_cat?post=119982"},{"taxonomy":"product_tag","embeddable":true,"href":"https:\/\/wiladu.de\/fr\/wp-json\/wp\/v2\/product_tag?post=119982"}],"curies":[{"name":"wp","href":"https:\/\/api.w.org\/{rel}","templated":true}]}}