{"id":118955,"date":"2025-03-15T19:48:03","date_gmt":"2025-03-15T19:48:03","guid":{"rendered":"https:\/\/wiladu.de\/?post_type=product&#038;p=118955"},"modified":"2025-03-15T19:53:49","modified_gmt":"2025-03-15T19:53:49","slug":"horloge-murale-rosolini","status":"publish","type":"product","link":"https:\/\/wiladu.de\/fr\/horloge-murale-rosolini\/","title":{"rendered":"Horloge murale Rosolini design moderne 30 cm de diam\u00e8tre mouvement silencieux House Nordic"},"content":{"rendered":"<p class=\"my-0\">Le temps est pr\u00e9cieux, et avec l&rsquo;<strong>Horloge Murale Rosolini<\/strong>\u00a0de House Nordic, vous ne vous contentez pas de le suivre, vous ajoutez \u00e9galement une touche moderne \u00e0 votre int\u00e9rieur. Cette horloge murale \u00e9l\u00e9gante combine un design minimaliste avec des fonctionnalit\u00e9s pratiques, ce qui en fait le choix id\u00e9al pour ceux qui appr\u00e9cient l&rsquo;esth\u00e9tique et la qualit\u00e9.<\/p>\n<h2 class=\"mb-2 mt-6 text-lg font-[500] first:mt-3\"><strong>Design Moderne \u2013 Une Pi\u00e8ce Ma\u00eetresse pour Chaque Mur<\/strong><\/h2>\n<p class=\"my-0\">Avec un diam\u00e8tre de\u00a0<strong>30 cm<\/strong>, l&rsquo;Horloge Murale Rosolini s&rsquo;int\u00e8gre parfaitement dans tous les concepts d&rsquo;int\u00e9rieur. Son design \u00e9pur\u00e9 et moderne en fait un accessoire \u00e9l\u00e9gant qui compl\u00e8te aussi bien les espaces classiques que contemporains. Les lignes claires et la palette de couleurs discr\u00e8te garantissent que l&rsquo;horloge est non seulement fonctionnelle, mais aussi un \u00e9l\u00e9ment d\u00e9coratif.<\/p>\n<p class=\"my-0\">Que ce soit dans le salon, la chambre, le bureau ou la cuisine \u2013 l&rsquo;Horloge Murale Rosolini ajoute une touche \u00e9l\u00e9gante \u00e0 chaque pi\u00e8ce. Elle est id\u00e9ale pour les int\u00e9rieurs minimalistes, les designs scandinaves ou les concepts de vie modernes.<\/p>\n<h2 class=\"mb-2 mt-6 text-lg font-[500] first:mt-3\"><strong>Mouvement Silencieux \u2013 Tranquillit\u00e9 et Pr\u00e9cision<\/strong><\/h2>\n<p class=\"my-0\">L&rsquo;un des points forts de l&rsquo;Horloge Murale Rosolini est son\u00a0<strong>mouvement silencieux<\/strong>. Pas de tic-tac g\u00eanant \u2013 juste une mesure du temps pr\u00e9cise dans un calme absolu. Cette fonctionnalit\u00e9 rend l&rsquo;horloge particuli\u00e8rement adapt\u00e9e aux chambres ou aux espaces de travail o\u00f9 la tranquillit\u00e9 et la concentration sont essentielles.<\/p>\n<p class=\"my-0\">Le m\u00e9canisme \u00e0 quartz de haute qualit\u00e9 garantit une mesure fiable du temps et une performance durable. Avec l&rsquo;Horloge Murale Rosolini, vous profitez d&rsquo;un design \u00e9l\u00e9gant et d&rsquo;une fonctionnalit\u00e9 pratique.<\/p>\n<h2 class=\"mb-2 mt-6 text-lg font-[500] first:mt-3\"><strong>Applications Polyvalentes<\/strong><\/h2>\n<p class=\"my-0\">L&rsquo;Horloge Murale Rosolini n&rsquo;est pas seulement un chronom\u00e8tre, mais aussi un \u00e9l\u00e9ment d\u00e9coratif qui peut \u00eatre utilis\u00e9 de mani\u00e8re flexible :<\/p>\n<ul class=\"marker:text-textOff list-disc\">\n<li>\n<p class=\"my-0\"><strong>Salon :<\/strong>\u00a0Comme point focal central au-dessus du canap\u00e9 ou sur un mur vide.<\/p>\n<\/li>\n<li>\n<p class=\"my-0\"><strong>Chambre :<\/strong>\u00a0Pour une atmosph\u00e8re calme sans bruits g\u00eanants.<\/p>\n<\/li>\n<li>\n<p class=\"my-0\"><strong>Cuisine :<\/strong>\u00a0Pratique et \u00e9l\u00e9gante pour un usage quotidien.<\/p>\n<\/li>\n<li>\n<p class=\"my-0\"><strong>Bureau \u00e0 domicile :<\/strong>\u00a0Parfait pour travailler sans distractions.<\/p>\n<\/li>\n<li>\n<p class=\"my-0\"><strong>Couloir :<\/strong>\u00a0Accueille les invit\u00e9s avec une touche moderne.<\/p>\n<\/li>\n<\/ul>\n<p class=\"my-0\">Gr\u00e2ce \u00e0 son diam\u00e8tre compact de 30 cm, elle s&rsquo;int\u00e8gre facilement dans les petits comme les grands espaces et se marie bien avec d&rsquo;autres \u00e9l\u00e9ments d&rsquo;int\u00e9rieur.<\/p>\n<h2 class=\"mb-2 mt-6 text-lg font-[500] first:mt-3\"><strong>Qualit\u00e9 House Nordic \u2013 Style et Fonction<\/strong><\/h2>\n<p class=\"my-0\">House Nordic est synonyme de produits de haute qualit\u00e9 avec une touche nordique. L&rsquo;Horloge Murale Rosolini incarne ces valeurs en offrant un accessoire qui impressionne tant visuellement que fonctionnellement. La construction robuste garantit une durabilit\u00e9 \u00e0 long terme, tandis que son design moderne reste intemporel.<\/p>\n<h2 class=\"mb-2 mt-6 text-lg font-[500] first:mt-3\"><strong>Facile \u00e0 Entretenir et Durable<\/strong><\/h2>\n<p class=\"my-0\">L&rsquo;Horloge Murale Rosolini n&rsquo;est pas seulement belle \u00e0 regarder, elle est \u00e9galement facile \u00e0 entretenir. Sa surface lisse peut \u00eatre nettoy\u00e9e sans effort avec un chiffon sec ou l\u00e9g\u00e8rement humide. Ainsi, votre horloge reste toujours propre et brillante \u2013 avec un minimum d&rsquo;effort.<\/p>\n<h2 class=\"mb-2 mt-6 text-lg font-[500] first:mt-3\"><strong>Pourquoi Choisir l&rsquo;Horloge Murale Rosolini ?<\/strong><\/h2>\n<ul>\n<li class=\"my-0\"><strong>Design Moderne :<\/strong> Look \u00e9l\u00e9gant avec un diam\u00e8tre de 30 cm \u2013 s&rsquo;adapte \u00e0 tous les styles d&rsquo;int\u00e9rieur<\/li>\n<li class=\"my-0\"><strong>Mouvement Silencieux :<\/strong> Parfait pour les chambres et les espaces de travail<\/li>\n<li class=\"my-0\"><strong>Applications Polyvalentes :<\/strong> Id\u00e9al pour salons, cuisines ou bureaux<\/li>\n<li class=\"my-0\"><strong>Qualit\u00e9 House Nordic :<\/strong> Construction robuste pour une utilisation durable<\/li>\n<li class=\"my-0\"><strong>Facile \u00e0 Entretenir :<\/strong>\u00a0Nettoyage simple pour qu&rsquo;elle reste impeccable<\/li>\n<\/ul>\n<h2 class=\"mb-2 mt-6 text-lg font-[500] first:mt-3\"><strong>Conclusion : L&rsquo;Horloge Parfaite pour des Maisons \u00c9l\u00e9gantes<\/strong><\/h2>\n<p class=\"my-0\">L&rsquo;Horloge Murale Rosolini de House Nordic est bien plus qu&rsquo;un chronom\u00e8tre \u2013 c&rsquo;est une d\u00e9claration pour un mode de vie moderne. Avec son mouvement silencieux, son design minimaliste et ses applications polyvalentes, elle apporte \u00e9l\u00e9gance et fonctionnalit\u00e9 \u00e0 votre maison. Que ce soit comme accessoire pratique ou point focal d\u00e9coratif \u2013 cette horloge deviendra sans aucun doute le point fort de votre int\u00e9rieur.<\/p>\n<p class=\"my-0\">Choisissez d\u00e8s maintenant l&rsquo;Horloge Murale Rosolini et apportez une touche nordique \u00e0 vos pi\u00e8ces !<\/p>\n","protected":false},"excerpt":{"rendered":"<p>Le temps est pr\u00e9cieux, et avec l&rsquo;Horloge Murale Rosolini\u00a0de House Nordic, vous ne vous contentez pas de le suivre, vous ajoutez \u00e9galement une touche moderne \u00e0 votre int\u00e9rieur. Cette horloge murale \u00e9l\u00e9gante combine un design minimaliste avec des fonctionnalit\u00e9s pratiques, ce qui en fait le choix id\u00e9al pour ceux qui appr\u00e9cient l&rsquo;esth\u00e9tique et la qualit\u00e9. [&hellip;]<\/p>\n","protected":false},"featured_media":118926,"comment_status":"closed","ping_status":"closed","template":"","meta":[],"product_brand":[],"product_cat":[2896,1867,1957],"product_tag":[],"class_list":{"0":"post-118955","1":"product","2":"type-product","3":"status-publish","4":"has-post-thumbnail","6":"product_cat-house-nordic","7":"product_cat-le-salon","8":"product_cat-tous-les-produits","9":"pa_farbe-or","10":"pa_farbe-vert","12":"first","13":"outofstock","14":"taxable","15":"shipping-taxable","16":"purchasable","17":"product-type-simple"},"_links":{"self":[{"href":"https:\/\/wiladu.de\/fr\/wp-json\/wp\/v2\/product\/118955","targetHints":{"allow":["GET"]}}],"collection":[{"href":"https:\/\/wiladu.de\/fr\/wp-json\/wp\/v2\/product"}],"about":[{"href":"https:\/\/wiladu.de\/fr\/wp-json\/wp\/v2\/types\/product"}],"replies":[{"embeddable":true,"href":"https:\/\/wiladu.de\/fr\/wp-json\/wp\/v2\/comments?post=118955"}],"version-history":[{"count":2,"href":"https:\/\/wiladu.de\/fr\/wp-json\/wp\/v2\/product\/118955\/revisions"}],"predecessor-version":[{"id":118957,"href":"https:\/\/wiladu.de\/fr\/wp-json\/wp\/v2\/product\/118955\/revisions\/118957"}],"wp:featuredmedia":[{"embeddable":true,"href":"https:\/\/wiladu.de\/fr\/wp-json\/wp\/v2\/media\/118926"}],"wp:attachment":[{"href":"https:\/\/wiladu.de\/fr\/wp-json\/wp\/v2\/media?parent=118955"}],"wp:term":[{"taxonomy":"product_brand","embeddable":true,"href":"https:\/\/wiladu.de\/fr\/wp-json\/wp\/v2\/product_brand?post=118955"},{"taxonomy":"product_cat","embeddable":true,"href":"https:\/\/wiladu.de\/fr\/wp-json\/wp\/v2\/product_cat?post=118955"},{"taxonomy":"product_tag","embeddable":true,"href":"https:\/\/wiladu.de\/fr\/wp-json\/wp\/v2\/product_tag?post=118955"}],"curies":[{"name":"wp","href":"https:\/\/api.w.org\/{rel}","templated":true}]}}