{"id":118745,"date":"2025-03-14T21:14:21","date_gmt":"2025-03-14T21:14:21","guid":{"rendered":"https:\/\/wiladu.de\/?post_type=product&#038;p=118745"},"modified":"2025-03-14T21:26:09","modified_gmt":"2025-03-14T21:26:09","slug":"tapis-de-jute","status":"publish","type":"product","link":"https:\/\/wiladu.de\/fr\/tapis-de-jute\/","title":{"rendered":"Tapis de jute Bombay House Nordic en jute 60&#215;90 cm naturel"},"content":{"rendered":"<p data-start=\"67\" data-end=\"431\">Un int\u00e9rieur \u00e9l\u00e9gant commence avec les bons mat\u00e9riaux \u2013 et rien n\u2019apporte plus de chaleur et de charme naturel qu\u2019un <strong data-start=\"184\" data-end=\"201\">tapis en jute<\/strong> de haute qualit\u00e9. Le <strong data-start=\"223\" data-end=\"247\">tapis en jute Bombay<\/strong> de <strong data-start=\"251\" data-end=\"267\">House Nordic<\/strong> allie mat\u00e9riaux durables et design scandinave, ce qui en fait le choix id\u00e9al pour ceux qui recherchent une d\u00e9coration \u00e0 la fois styl\u00e9e, \u00e9cologique et r\u00e9sistante.<\/p>\n<p data-start=\"433\" data-end=\"755\">Avec ses dimensions compactes de <strong data-start=\"466\" data-end=\"480\">60 x 90 cm<\/strong> et sa teinte naturelle, ce tapis s\u2019int\u00e8gre parfaitement \u00e0 tous les styles d\u2019int\u00e9rieur. Que ce soit dans le salon, la chambre, le couloir ou le bureau, ce tapis en <strong data-start=\"644\" data-end=\"658\">100 % jute<\/strong> cr\u00e9e une atmosph\u00e8re chaleureuse et cosy tout en ajoutant une touche unique \u00e0 votre d\u00e9coration.<\/p>\n<h2 data-start=\"757\" data-end=\"801\"><strong data-start=\"760\" data-end=\"799\">Pourquoi choisir un tapis en jute ?<\/strong><\/h2>\n<h3 data-start=\"803\" data-end=\"859\"><strong data-start=\"807\" data-end=\"857\">1. Un Mat\u00e9riau Durable \u2013 100 % Fibre Naturelle<\/strong><\/h3>\n<p data-start=\"860\" data-end=\"1187\">Les <strong data-start=\"864\" data-end=\"881\">tapis en jute<\/strong> sont \u00e0 la fois esth\u00e9tiques et respectueux de l\u2019environnement. Le <strong data-start=\"947\" data-end=\"955\">jute<\/strong> est une ressource renouvelable qui pousse sans produits chimiques et est enti\u00e8rement biod\u00e9gradable. Sa fibre naturelle robuste garantit une grande long\u00e9vit\u00e9 tout en conf\u00e9rant \u00e0 votre int\u00e9rieur un aspect chaleureux et authentique.<\/p>\n<p data-start=\"1189\" data-end=\"1331\">Le <strong data-start=\"1192\" data-end=\"1216\">tapis en jute Bombay<\/strong> est fabriqu\u00e9 \u00e0 la main et pr\u00e9sente une texture l\u00e9g\u00e8rement irr\u00e9guli\u00e8re, faisant de chaque pi\u00e8ce un mod\u00e8le unique.<\/p>\n<h3 data-start=\"1333\" data-end=\"1385\"><strong data-start=\"1337\" data-end=\"1383\">2. Polyvalence \u2013 Parfait pour Chaque Pi\u00e8ce<\/strong><\/h3>\n<p data-start=\"1386\" data-end=\"1531\">Gr\u00e2ce \u00e0 ses dimensions pratiques de <strong data-start=\"1422\" data-end=\"1436\">60 x 90 cm<\/strong>, ce <strong data-start=\"1441\" data-end=\"1472\">tapis en jute rectangulaire<\/strong> peut \u00eatre utilis\u00e9 dans diff\u00e9rentes pi\u00e8ces de la maison :<\/p>\n<ul data-start=\"1533\" data-end=\"1904\">\n<li data-start=\"1533\" data-end=\"1598\"><strong data-start=\"1535\" data-end=\"1544\">Salon<\/strong> \u2013 Un accent naturel devant un canap\u00e9 ou un fauteuil<\/li>\n<li data-start=\"1599\" data-end=\"1663\"><strong data-start=\"1601\" data-end=\"1612\">Chambre<\/strong> \u2013 Une touche douce et chaleureuse au pied du lit<\/li>\n<li data-start=\"1664\" data-end=\"1727\"><strong data-start=\"1666\" data-end=\"1687\">Entr\u00e9e et couloir<\/strong> \u2013 Accueillant et r\u00e9sistant au passage<\/li>\n<li data-start=\"1728\" data-end=\"1817\"><strong data-start=\"1730\" data-end=\"1748\">Salle \u00e0 manger<\/strong> \u2013 Id\u00e9al sous une table basse ou pour compl\u00e9ter un mobilier en bois<\/li>\n<li data-start=\"1818\" data-end=\"1904\"><strong data-start=\"1820\" data-end=\"1851\">Balcon ou terrasse couverte<\/strong> \u2013 Parfait pour une ambiance naturelle en ext\u00e9rieur<\/li>\n<\/ul>\n<p data-start=\"1906\" data-end=\"2086\">Les <strong data-start=\"1910\" data-end=\"1927\">tapis en jute<\/strong> sont incroyablement polyvalents et s\u2019int\u00e8grent sans effort dans divers styles de d\u00e9coration \u2013 du boh\u00e8me au scandinave en passant par le minimalisme moderne.<\/p>\n<h3 data-start=\"2088\" data-end=\"2132\"><strong data-start=\"2092\" data-end=\"2130\">3. Un Design Naturel et Intemporel<\/strong><\/h3>\n<p data-start=\"2133\" data-end=\"2360\">Sa <strong data-start=\"2136\" data-end=\"2157\">couleur naturelle<\/strong> neutre fait de ce tapis un classique ind\u00e9modable. La texture douce des fibres de jute lui conf\u00e8re une sensation agr\u00e9able sous les pieds et harmonise votre d\u00e9coration en apportant une touche organique.<\/p>\n<p data-start=\"2362\" data-end=\"2593\">Gr\u00e2ce \u00e0 son design simple mais \u00e9l\u00e9gant, ce <strong data-start=\"2405\" data-end=\"2422\">tapis en jute<\/strong> s\u2019accorde parfaitement avec d\u2019autres mat\u00e9riaux comme le bois, le m\u00e9tal ou la pierre. Que votre int\u00e9rieur soit moderne ou rustique, ce tapis s\u2019y int\u00e9grera avec \u00e9l\u00e9gance.<\/p>\n<h2 data-start=\"2595\" data-end=\"2645\"><strong data-start=\"2598\" data-end=\"2643\">R\u00e9sistant, Durable et Facile \u00e0 Entretenir<\/strong><\/h2>\n<p data-start=\"2646\" data-end=\"2846\">L\u2019un des principaux atouts des <strong data-start=\"2677\" data-end=\"2694\">tapis en jute<\/strong> est leur robustesse. Son tissage dense le rend particuli\u00e8rement r\u00e9sistant \u00e0 l\u2019usure et lui permet de conserver sa forme m\u00eame avec un usage quotidien.<\/p>\n<h3 data-start=\"2848\" data-end=\"2903\"><strong data-start=\"2852\" data-end=\"2901\">Conseils d\u2019Entretien pour Votre Tapis en Jute<\/strong><\/h3>\n<p data-start=\"2904\" data-end=\"2980\">Pour pr\u00e9server la beaut\u00e9 de votre <strong data-start=\"2938\" data-end=\"2955\">tapis en jute<\/strong>, suivez ces conseils :<\/p>\n<ul>\n<li data-start=\"2982\" data-end=\"3330\">Passez r\u00e9guli\u00e8rement l\u2019aspirateur \u00e0 faible puissance pour \u00e9liminer la poussi\u00e8re et les salet\u00e9s<\/li>\n<li data-start=\"2982\" data-end=\"3330\">Tamponnez imm\u00e9diatement les taches avec un chiffon sec ou l\u00e9g\u00e8rement humide \u2013 ne frottez pas<\/li>\n<li data-start=\"2982\" data-end=\"3330\">\u00c9vitez l\u2019exposition prolong\u00e9e au soleil afin de pr\u00e9server la teinte naturelle<\/li>\n<li data-start=\"2982\" data-end=\"3330\">Ne convient pas aux pi\u00e8ces humides, car le jute absorbe l\u2019humidit\u00e9<\/li>\n<\/ul>\n<p data-start=\"3332\" data-end=\"3460\">Gr\u00e2ce \u00e0 sa r\u00e9sistance naturelle, ce tapis est id\u00e9al pour un usage quotidien et vous accompagnera pendant de nombreuses ann\u00e9es.<\/p>\n<h2 data-start=\"3462\" data-end=\"3519\"><strong data-start=\"3465\" data-end=\"3517\">Pourquoi ce tapis en jute est un indispensable ?<\/strong><\/h2>\n<ul>\n<li data-start=\"3520\" data-end=\"3910\"><strong data-start=\"3522\" data-end=\"3547\">100 % Fibre Naturelle<\/strong> \u2013 \u00c9cologique, biod\u00e9gradable et respectueux de l\u2019environnement<\/li>\n<li data-start=\"3520\" data-end=\"3910\"><strong data-start=\"3614\" data-end=\"3649\">Fabrication Artisanale &amp; Unique<\/strong> \u2013 Chaque pi\u00e8ce est unique<\/li>\n<li data-start=\"3520\" data-end=\"3910\"><strong data-start=\"3680\" data-end=\"3715\">Dimensions Id\u00e9ales (60 x 90 cm)<\/strong> \u2013 Parfait pour l\u2019entr\u00e9e, la chambre ou le salon<\/li>\n<li data-start=\"3520\" data-end=\"3910\"><strong data-start=\"3768\" data-end=\"3800\">Durable &amp; Facile d\u2019Entretien<\/strong> \u2013 Mat\u00e9riau robuste pour un usage quotidien<\/li>\n<li data-start=\"3520\" data-end=\"3910\"><strong data-start=\"3848\" data-end=\"3869\">Design Intemporel<\/strong> \u2013 S\u2019adapte \u00e0 divers styles d\u2019int\u00e9rieur<\/li>\n<\/ul>\n<h2 data-start=\"3912\" data-end=\"3991\"><strong data-start=\"3915\" data-end=\"3989\">Le Tapis Parfait pour une Maison Chaleureuse et Naturelle<\/strong><\/h2>\n<p data-start=\"3992\" data-end=\"4266\">Le tapis en jute Bombay de House Nordic allie durabilit\u00e9, esth\u00e9tisme et fonctionnalit\u00e9 dans un accessoire d\u00e9co raffin\u00e9. Que ce soit pour embellir votre salon, ajouter une touche cosy \u00e0 votre chambre ou structurer votre entr\u00e9e, ce tapis est un v\u00e9ritable atout d\u00e9co.<\/p>\n<p data-start=\"4268\" data-end=\"4366\">D\u00e9couvrez le charme naturel des tapis en jute et invitez l\u2019\u00e9l\u00e9gance intemporelle chez vous !<\/p>\n","protected":false},"excerpt":{"rendered":"<p>Un int\u00e9rieur \u00e9l\u00e9gant commence avec les bons mat\u00e9riaux \u2013 et rien n\u2019apporte plus de chaleur et de charme naturel qu\u2019un tapis en jute de haute qualit\u00e9. Le tapis en jute Bombay de House Nordic allie mat\u00e9riaux durables et design scandinave, ce qui en fait le choix id\u00e9al pour ceux qui recherchent une d\u00e9coration \u00e0 la [&hellip;]<\/p>\n","protected":false},"featured_media":118727,"comment_status":"closed","ping_status":"closed","template":"","meta":[],"product_brand":[],"product_cat":[2907,1672,2896,1957],"product_tag":[],"class_list":{"0":"post-118745","1":"product","2":"type-product","3":"status-publish","4":"has-post-thumbnail","6":"product_cat-accessoires-pour-la-maison","7":"product_cat-durabilite","8":"product_cat-house-nordic","9":"product_cat-tous-les-produits","11":"first","12":"instock","13":"taxable","14":"shipping-taxable","15":"purchasable","16":"product-type-simple"},"_links":{"self":[{"href":"https:\/\/wiladu.de\/fr\/wp-json\/wp\/v2\/product\/118745","targetHints":{"allow":["GET"]}}],"collection":[{"href":"https:\/\/wiladu.de\/fr\/wp-json\/wp\/v2\/product"}],"about":[{"href":"https:\/\/wiladu.de\/fr\/wp-json\/wp\/v2\/types\/product"}],"replies":[{"embeddable":true,"href":"https:\/\/wiladu.de\/fr\/wp-json\/wp\/v2\/comments?post=118745"}],"version-history":[{"count":1,"href":"https:\/\/wiladu.de\/fr\/wp-json\/wp\/v2\/product\/118745\/revisions"}],"predecessor-version":[{"id":118746,"href":"https:\/\/wiladu.de\/fr\/wp-json\/wp\/v2\/product\/118745\/revisions\/118746"}],"wp:featuredmedia":[{"embeddable":true,"href":"https:\/\/wiladu.de\/fr\/wp-json\/wp\/v2\/media\/118727"}],"wp:attachment":[{"href":"https:\/\/wiladu.de\/fr\/wp-json\/wp\/v2\/media?parent=118745"}],"wp:term":[{"taxonomy":"product_brand","embeddable":true,"href":"https:\/\/wiladu.de\/fr\/wp-json\/wp\/v2\/product_brand?post=118745"},{"taxonomy":"product_cat","embeddable":true,"href":"https:\/\/wiladu.de\/fr\/wp-json\/wp\/v2\/product_cat?post=118745"},{"taxonomy":"product_tag","embeddable":true,"href":"https:\/\/wiladu.de\/fr\/wp-json\/wp\/v2\/product_tag?post=118745"}],"curies":[{"name":"wp","href":"https:\/\/api.w.org\/{rel}","templated":true}]}}