{"id":109601,"date":"2021-11-13T22:36:17","date_gmt":"2021-11-13T22:36:17","guid":{"rendered":"https:\/\/wiladu.de\/?post_type=product&#038;p=109601"},"modified":"2024-01-07T13:53:22","modified_gmt":"2024-01-07T13:53:22","slug":"extension-de-corps","status":"publish","type":"product","link":"https:\/\/wiladu.de\/fr\/extension-de-corps\/","title":{"rendered":"Extension de corps 3 pi\u00e8ces de diff\u00e9rentes couleurs"},"content":{"rendered":"<p>La rallonge de body est parfaitement adapt\u00e9e \u00e0 tous les bodys. Que tu changes ton enfant avec des couches en tissu ou non n&rsquo;a pas d&rsquo;importance. Ce petit gadget te permet d&rsquo;utiliser le body de ton enfant m\u00eame s&rsquo;il n&rsquo;est plus assez long.<\/p>\n<div class=\"video-container\"><iframe title=\"Bodyverl\u00e4ngerung Wiladu Shop\" width=\"1170\" height=\"658\" src=\"https:\/\/www.youtube.com\/embed\/RSwwaMmBxjs?feature=oembed\" frameborder=\"0\" allow=\"accelerometer; autoplay; clipboard-write; encrypted-media; gyroscope; picture-in-picture; web-share\" allowfullscreen><\/iframe><\/div>\n<h2>Extension de body adapt\u00e9e aux couches lavables<\/h2>\n<p>Les mod\u00e8les actuels de couches en tissu ont g\u00e9n\u00e9ralement un design tr\u00e8s confortable et n&rsquo;entravent pas les mouvements de ton enfant. Par rapport aux couches conventionnelles, il se peut qu&rsquo;elles soient un peu plus charg\u00e9es et qu&rsquo;elles produisent un popotin plus important. Cela peut se faire sentir surtout dans la premi\u00e8re phase, lorsque ton enfant est encore tr\u00e8s petit. La plus grande quantit\u00e9 de tissu sur les fesses peut faire en sorte que le body soit plus serr\u00e9 qu&rsquo;il ne le serait sans couche. Dans le pire des cas, il glisse sous le bord des jambes de la couche en tissu et absorbe le liquide.<\/p>\n<p>Dans ce cas, la rallonge de body en coton est un gadget parfait pour y rem\u00e9dier d\u00e8s le d\u00e9part. Les grands avantages en bref et de mani\u00e8re compacte :<\/p>\n<ul>\n<li>3 extensions de body incluses dans le pack<\/li>\n<li>Peuvent \u00eatre utilis\u00e9es pour de nombreuses variantes de body. Le diam\u00e8tre des boutons peut \u00eatre de 5, 7 et 9 mm<\/li>\n<li>Rallonge de 7 cm<\/li>\n<\/ul>\n<h2>Extension de body en coton et certifi\u00e9e \u00d6KOTEX 100<\/h2>\n<p>Et l&rsquo;utilisation est un jeu d&rsquo;enfant. Il suffit d&rsquo;attacher les boutons de l&rsquo;extension \u00e0 ceux du body et le tour est jou\u00e9. Les 7 cm suppl\u00e9mentaires que tu gagnes correspondent en g\u00e9n\u00e9ral \u00e0 une taille de v\u00eatement enti\u00e8re.<\/p>\n<p>Si tu n&rsquo;es pas s\u00fbre que la rallonge soit adapt\u00e9e \u00e0 tes v\u00eatements, mesure-la. Les boutons sont disponibles en trois tailles diff\u00e9rentes : 9 mm, 7 mm et 5 mm. En outre, les boutons sont espac\u00e9s d&rsquo;environ 2 cm. Attrape une r\u00e8gle et tu en auras la certitude.<\/p>\n<p>Les extensions de corps sont fabriqu\u00e9es en coton non blanchi. En outre, les boutons-pression sont certifi\u00e9s \u00d6KOTEX 100. Cela te garantit qu&rsquo;ils sont exempts de substances nocives. Tu peux les laver \u00e0 60 degr\u00e9s et les mettre ensuite au s\u00e8che-linge si n\u00e9cessaire.<\/p>\n<p>Encore une remarque pour finir. Veille \u00e0 ne pas enfoncer les boutons avec une force excessive dans ceux de ton body. Normalement, cela se fait tr\u00e8s facilement. Si ce n&rsquo;est pas le cas, c&rsquo;est qu&rsquo;ils ne sont probablement pas adapt\u00e9s. Dans ce cas, il ne sert \u00e0 rien d&rsquo;utiliser une force suppl\u00e9mentaire, car tu risques d&rsquo;endommager les boutons.<\/p>\n<h2>Prolongez la dur\u00e9e de vie de vos bodies pour b\u00e9b\u00e9 gr\u00e2ce \u00e0 la pratique rallonge de body<\/h2>\n<p>La rallonge de body est la solution id\u00e9ale pour am\u00e9liorer en un clin d&rsquo;\u0153il la coupe des bodys de votre b\u00e9b\u00e9. Avec ce lot de 3 extensions de body de haute qualit\u00e9, vous ne prolongez pas seulement la dur\u00e9e d&rsquo;utilisation des v\u00eatements, mais vous assurez en m\u00eame temps un confort maximal \u00e0 votre petit ch\u00e9ri.<\/p>\n<p><strong>Une utilisation polyvalente:<\/strong> Le set contient trois extensions de body diff\u00e9rentes qui conviennent parfaitement \u00e0 une grande vari\u00e9t\u00e9 de bodys pour b\u00e9b\u00e9s. Gr\u00e2ce aux diff\u00e9rents diam\u00e8tres des boutons (5, 7 et 9 mm), les extensions s&rsquo;adaptent \u00e0 de nombreuses variantes de body courantes. Cela vous permet une utilisation flexible en fonction de vos besoins.<\/p>\n<p><strong>Rallonge pratique:<\/strong> avec une rallonge de 7 cm, vous disposez d&rsquo;une marge de man\u0153uvre suffisante pour adapter les bodys de b\u00e9b\u00e9 \u00e0 la croissance de celui-ci. La rallonge de body garantit un ajustement optimal et \u00e9vite les pincements d\u00e9sagr\u00e9ables.<\/p>\n<p><strong>Mat\u00e9riaux de qualit\u00e9:<\/strong> les extensions de body sont en coton doux pour la peau et sont certifi\u00e9es \u00d6KOTEX 100. Ces mat\u00e9riaux garantissent non seulement un port agr\u00e9able, mais r\u00e9pondent \u00e9galement aux exigences les plus \u00e9lev\u00e9es en mati\u00e8re de qualit\u00e9 et de s\u00e9curit\u00e9 pour votre b\u00e9b\u00e9.<\/p>\n<p><strong>Facile \u00e0 utiliser:<\/strong> l&rsquo;utilisation des extensions de body est un jeu d&rsquo;enfant. Il suffit de les attacher au body existant pour obtenir en un clin d&rsquo;\u0153il la rallonge souhait\u00e9e. Le pack pratique de 3 pi\u00e8ces vous permet en outre de porter diff\u00e9rents bodys en m\u00eame temps.<\/p>\n","protected":false},"excerpt":{"rendered":"<p>La rallonge de body est parfaitement adapt\u00e9e \u00e0 tous les bodys. Que tu changes ton enfant avec des couches en tissu ou non n&rsquo;a pas d&rsquo;importance. Ce petit gadget te permet d&rsquo;utiliser le body de ton enfant m\u00eame s&rsquo;il n&rsquo;est plus assez long. Extension de body adapt\u00e9e aux couches lavables Les mod\u00e8les actuels de couches [&hellip;]<\/p>\n","protected":false},"featured_media":51478,"comment_status":"open","ping_status":"closed","template":"","meta":[],"product_brand":[],"product_cat":[1476,1887,1957,1740],"product_tag":[],"class_list":{"0":"post-109601","1":"product","2":"type-product","3":"status-publish","4":"has-post-thumbnail","6":"product_cat-avocado-fr","7":"product_cat-extension-du-corps","8":"product_cat-tous-les-produits","9":"product_cat-vente","11":"first","12":"instock","13":"sale","14":"taxable","15":"shipping-taxable","16":"purchasable","17":"product-type-variable"},"_links":{"self":[{"href":"https:\/\/wiladu.de\/fr\/wp-json\/wp\/v2\/product\/109601","targetHints":{"allow":["GET"]}}],"collection":[{"href":"https:\/\/wiladu.de\/fr\/wp-json\/wp\/v2\/product"}],"about":[{"href":"https:\/\/wiladu.de\/fr\/wp-json\/wp\/v2\/types\/product"}],"replies":[{"embeddable":true,"href":"https:\/\/wiladu.de\/fr\/wp-json\/wp\/v2\/comments?post=109601"}],"version-history":[{"count":1,"href":"https:\/\/wiladu.de\/fr\/wp-json\/wp\/v2\/product\/109601\/revisions"}],"predecessor-version":[{"id":109607,"href":"https:\/\/wiladu.de\/fr\/wp-json\/wp\/v2\/product\/109601\/revisions\/109607"}],"wp:featuredmedia":[{"embeddable":true,"href":"https:\/\/wiladu.de\/fr\/wp-json\/wp\/v2\/media\/51478"}],"wp:attachment":[{"href":"https:\/\/wiladu.de\/fr\/wp-json\/wp\/v2\/media?parent=109601"}],"wp:term":[{"taxonomy":"product_brand","embeddable":true,"href":"https:\/\/wiladu.de\/fr\/wp-json\/wp\/v2\/product_brand?post=109601"},{"taxonomy":"product_cat","embeddable":true,"href":"https:\/\/wiladu.de\/fr\/wp-json\/wp\/v2\/product_cat?post=109601"},{"taxonomy":"product_tag","embeddable":true,"href":"https:\/\/wiladu.de\/fr\/wp-json\/wp\/v2\/product_tag?post=109601"}],"curies":[{"name":"wp","href":"https:\/\/api.w.org\/{rel}","templated":true}]}}