{"id":103069,"date":"2023-05-24T06:24:36","date_gmt":"2023-05-24T06:24:36","guid":{"rendered":"https:\/\/wiladu.de\/?post_type=product&#038;p=103069"},"modified":"2023-06-08T13:26:34","modified_gmt":"2023-06-08T13:26:34","slug":"telescope-monoculaire-robotime-puzzle-3d-315-pieces","status":"publish","type":"product","link":"https:\/\/wiladu.de\/fr\/telescope-monoculaire-robotime-puzzle-3d-315-pieces\/","title":{"rendered":"T\u00e9lescope monoculaire Robotime Puzzle 3D 315 pi\u00e8ces"},"content":{"rendered":"<p>D\u00e9couvre les \u00e9tendues fascinantes de l&rsquo;univers avec le t\u00e9lescope monoculaire Robotime et \u00e9veille ta curiosit\u00e9 pour les \u00e9toiles ! Ce t\u00e9lescope impressionnant te permet d&rsquo;observer de plus pr\u00e8s les galaxies lointaines, les plan\u00e8tes et les objets c\u00e9lestes \u00e0 couper le souffle.<\/p>\n<p>Le t\u00e9lescope monoculaire Robotime offre un grossissement impressionnant et une vision claire pour te permettre de vivre une exp\u00e9rience unique d&rsquo;observation du ciel. Que tu sois un d\u00e9butant ou un astronome exp\u00e9riment\u00e9, ce t\u00e9lescope convient \u00e0 tous ceux qui souhaitent explorer le ciel.<\/p>\n<div class=\"video-container\"><iframe title=\"Robotime-ROKR Monocular Telescope ST004 | 3D Wooden Puzzle\" width=\"1170\" height=\"658\" src=\"https:\/\/www.youtube.com\/embed\/vkeVZFlWGEA?feature=oembed\" frameborder=\"0\" allow=\"accelerometer; autoplay; clipboard-write; encrypted-media; gyroscope; picture-in-picture; web-share\" allowfullscreen><\/iframe><\/div>\n<p>Sa taille compacte et son design l\u00e9ger rendent ce t\u00e9lescope id\u00e9al pour les voyages et les aventures en plein air. Il suffit de le mettre dans ton sac \u00e0 dos et d&rsquo;explorer les merveilles de l&rsquo;univers, o\u00f9 que tu sois. La conception monoculaire permet une utilisation facile et en fait un excellent choix pour les d\u00e9butants.<\/p>\n<p>Outre l&rsquo;observation du ciel, le t\u00e9lescope monoculaire Robotime est \u00e9galement id\u00e9al pour l&rsquo;observation de la faune et de la nature. Perce les secrets du monde animal et d\u00e9couvre la beaut\u00e9 de la nature \u00e0 distance. Le t\u00e9lescope t&rsquo;offre une nouvelle perspective et te permet de voir le monde qui t&rsquo;entoure d&rsquo;un autre \u0153il.<\/p>\n<p>La construction robuste et durable du t\u00e9lescope garantit des performances fiables et un plaisir durable. L&rsquo;optique de haute qualit\u00e9 garantit des images d&rsquo;une grande nettet\u00e9 et te permet de distinguer les d\u00e9tails des corps c\u00e9lestes ou des ph\u00e9nom\u00e8nes naturels.<\/p>\n<p>Le t\u00e9lescope monoculaire Robotime est le cadeau parfait pour tous ceux qui souhaitent explorer leur passion pour l&rsquo;astronomie et la nature. Commande-le maintenant et plonge-toi dans le monde fascinant du ciel et de l&rsquo;observation de la nature !<\/p>\n<h2>T\u00e9lescope monoculaire de Robotime &#8211; un superbe accroche-regard<\/h2>\n<p>Bienvenue dans le monde fascinant de Robotime, une marque qui allie cr\u00e9ativit\u00e9, innovation et divertissement. Robotime est synonyme de kits de construction, de jouets et de projets de bricolage de haute qualit\u00e9 qui enthousiasment aussi bien les enfants que les adultes.<\/p>\n<p>Chez Robotime, notre objectif est d&rsquo;inspirer les gens de tous \u00e2ges en leur donnant la possibilit\u00e9 de d\u00e9velopper leur imagination et d&rsquo;am\u00e9liorer leurs comp\u00e9tences manuelles. Avec nos kits, tu peux cr\u00e9er des constructions \u00e9tonnantes, que ce soit un robot, une maison miniature, un circuit de billes ou bien d&rsquo;autres choses encore.<\/p>\n<p>Ce qui nous rend sp\u00e9cial chez Robotime, c&rsquo;est notre passion pour le d\u00e9tail et la qualit\u00e9. Chaque kit est soigneusement con\u00e7u et fabriqu\u00e9 afin de fournir un produit final impressionnant. Nous utilisons des mat\u00e9riaux de haute qualit\u00e9 et nous nous assurons que nos produits sont s\u00fbrs et respectueux de l&rsquo;environnement.<\/p>\n<p>Notre gamme de produits comprend une grande vari\u00e9t\u00e9 de th\u00e8mes et de niveaux de difficult\u00e9 afin de r\u00e9pondre aux diff\u00e9rents int\u00e9r\u00eats et capacit\u00e9s. Que tu sois un bricoleur exp\u00e9riment\u00e9 ou un d\u00e9butant, tu trouveras chez Robotime le kit parfait qui r\u00e9pondra \u00e0 tes pr\u00e9f\u00e9rences et te procurera des heures de plaisir.<\/p>\n<p>De plus, chez Robotime, nous accordons une grande importance \u00e0 l&rsquo;apprentissage et au d\u00e9veloppement. Beaucoup de nos kits de construction ne sont pas seulement un divertissement, ils ont aussi une composante \u00e9ducative. Les enfants peuvent s&rsquo;amuser \u00e0 am\u00e9liorer leurs capacit\u00e9s cognitives, leur coordination \u0153il-main et leurs comp\u00e9tences en mati\u00e8re de r\u00e9solution de probl\u00e8mes.<\/p>\n<p>Chez Robotime, nous croyons fermement que la cr\u00e9ation et le jeu sont une source de joie, de fiert\u00e9 et d&rsquo;exp\u00e9riences partag\u00e9es. Nous voulons stimuler ton imagination, encourager ta cr\u00e9ativit\u00e9 et t&rsquo;offrir des exp\u00e9riences uniques \u00e0 partager avec tes proches.<\/p>\n<p>Plonge dans le monde de Robotime et d\u00e9couvre une multitude de kits de construction et de jouets passionnants. Deviens un b\u00e2tisseur, un artiste et un explorateur &#8211; tout est possible avec Robotime.<\/p>\n","protected":false},"excerpt":{"rendered":"<p>D\u00e9couvre les \u00e9tendues fascinantes de l&rsquo;univers avec le t\u00e9lescope monoculaire Robotime et \u00e9veille ta curiosit\u00e9 pour les \u00e9toiles ! Ce t\u00e9lescope impressionnant te permet d&rsquo;observer de plus pr\u00e8s les galaxies lointaines, les plan\u00e8tes et les objets c\u00e9lestes \u00e0 couper le souffle. Le t\u00e9lescope monoculaire Robotime offre un grossissement impressionnant et une vision claire pour te [&hellip;]<\/p>\n","protected":false},"featured_media":102558,"comment_status":"closed","ping_status":"closed","template":"","meta":[],"product_brand":[],"product_cat":[1787],"product_tag":[],"class_list":{"0":"post-103069","1":"product","2":"type-product","3":"status-publish","4":"has-post-thumbnail","6":"product_cat-vetements","8":"first","9":"outofstock","10":"taxable","11":"shipping-taxable","12":"purchasable","13":"product-type-simple"},"_links":{"self":[{"href":"https:\/\/wiladu.de\/fr\/wp-json\/wp\/v2\/product\/103069","targetHints":{"allow":["GET"]}}],"collection":[{"href":"https:\/\/wiladu.de\/fr\/wp-json\/wp\/v2\/product"}],"about":[{"href":"https:\/\/wiladu.de\/fr\/wp-json\/wp\/v2\/types\/product"}],"replies":[{"embeddable":true,"href":"https:\/\/wiladu.de\/fr\/wp-json\/wp\/v2\/comments?post=103069"}],"version-history":[{"count":1,"href":"https:\/\/wiladu.de\/fr\/wp-json\/wp\/v2\/product\/103069\/revisions"}],"predecessor-version":[{"id":103075,"href":"https:\/\/wiladu.de\/fr\/wp-json\/wp\/v2\/product\/103069\/revisions\/103075"}],"wp:featuredmedia":[{"embeddable":true,"href":"https:\/\/wiladu.de\/fr\/wp-json\/wp\/v2\/media\/102558"}],"wp:attachment":[{"href":"https:\/\/wiladu.de\/fr\/wp-json\/wp\/v2\/media?parent=103069"}],"wp:term":[{"taxonomy":"product_brand","embeddable":true,"href":"https:\/\/wiladu.de\/fr\/wp-json\/wp\/v2\/product_brand?post=103069"},{"taxonomy":"product_cat","embeddable":true,"href":"https:\/\/wiladu.de\/fr\/wp-json\/wp\/v2\/product_cat?post=103069"},{"taxonomy":"product_tag","embeddable":true,"href":"https:\/\/wiladu.de\/fr\/wp-json\/wp\/v2\/product_tag?post=103069"}],"curies":[{"name":"wp","href":"https:\/\/api.w.org\/{rel}","templated":true}]}}