{"id":102937,"date":"2022-10-01T09:34:06","date_gmt":"2022-10-01T09:34:06","guid":{"rendered":"https:\/\/wiladu.de\/?post_type=product&#038;p=102937"},"modified":"2023-06-07T12:22:49","modified_gmt":"2023-06-07T12:22:49","slug":"robotime-cathys-maison-de-fleurs","status":"publish","type":"product","link":"https:\/\/wiladu.de\/fr\/robotime-cathys-maison-de-fleurs\/","title":{"rendered":"Robotime Cathys Maison de fleurs Rolife Maison de jardin DIY avec \u00e9clairage Rolife Cathys Maison de fleurs"},"content":{"rendered":"<p>D\u00e9couvre le monde enchanteur de Robotime avec la maison fleurie de Cathy et laisse ton c\u00f4t\u00e9 cr\u00e9atif s&rsquo;\u00e9panouir ! Avec ce kit enchanteur, tu peux cr\u00e9er ta propre maison de fleurs miniature et cr\u00e9er un d\u00e9cor idyllique.<\/p>\n<p>La maison fleurie de Cathy de Robotime est plus qu&rsquo;un simple kit &#8211; c&rsquo;est une \u0153uvre d&rsquo;art \u00e0 faire vivre. Le kit contient des pi\u00e8ces en bois de haute qualit\u00e9, pr\u00e9d\u00e9coup\u00e9es et fabriqu\u00e9es avec pr\u00e9cision. Tu seras guid\u00e9 pas \u00e0 pas tout au long de la construction, tandis que tu d\u00e9velopperas tes comp\u00e9tences manuelles et ton sens du d\u00e9tail.<\/p>\n<p>Une fois la maison fleurie termin\u00e9e, tu seras \u00e9merveill\u00e9 par sa beaut\u00e9. Les d\u00e9tails soign\u00e9s, comme les parterres de fleurs, la cl\u00f4ture et les meubles miniatures, conf\u00e8rent \u00e0 la maison un aspect charmant et r\u00e9aliste. Transforme-la en une maison f\u00e9erique pour tes propres figurines miniatures ou utilise-la comme \u00e9l\u00e9ment d\u00e9coratif dans ta pi\u00e8ce.<\/p>\n<p>La maison fleurie de Cathy n&rsquo;est pas seulement un fantastique projet de bricolage, mais aussi un excellent moyen de stimuler ta d\u00e9tente et ta cr\u00e9ativit\u00e9. Plonge dans un monde de calme et d&rsquo;expression artistique pendant que tu cr\u00e9es et d\u00e9cores la maison de fleurs. C&rsquo;est l&rsquo;activit\u00e9 parfaite pour \u00e9vacuer le stress et apaiser tes pens\u00e9es.<\/p>\n<p>Ce kit est un merveilleux cadeau pour les amateurs d&rsquo;art, les artisans et tous ceux qui prennent plaisir \u00e0 cr\u00e9er quelque chose de leurs propres mains. Passe un temps pr\u00e9cieux avec ceux que tu aimes pendant que vous donnez vie ensemble \u00e0 ce monde miniature.<\/p>\n<p>Laisse ton imagination s&rsquo;\u00e9panouir avec la maison fleurie de Cathy de Robotime. Commande-le d\u00e8s aujourd&rsquo;hui et r\u00e9jouis-toi de ce merveilleux voyage de cr\u00e9ation !<\/p>\n<div class=\"video-container\"><iframe title=\"Robotime dollhouse kit - Kathy&#039;s Flower house - DG104\" width=\"1170\" height=\"658\" src=\"https:\/\/www.youtube.com\/embed\/qDgOPbLtJoo?feature=oembed\" frameborder=\"0\" allow=\"accelerometer; autoplay; clipboard-write; encrypted-media; gyroscope; picture-in-picture; web-share\" allowfullscreen><\/iframe><\/div>\n<h2>La maison fleurie de Cathy de Robotime &#8211; magnifique \u00e0 regarder<\/h2>\n<ul>\n<li>Cette mini-maison de poup\u00e9es DIY est tr\u00e8s bien finie et a une \u00e9chelle miniature d&rsquo;environ 1:24. Toutes les pi\u00e8ces se trouvent dans des sachets s\u00e9par\u00e9s et il y a des instructions color\u00e9es \u00e9tape par \u00e9tape, qui sont un plaisir \u00e0 lire et tr\u00e8s claires. Les mat\u00e9riaux du kit sont respectueux de l&rsquo;environnement et ne pr\u00e9sentent pas de bavures. La peinture est inodore et peut aussi \u00eatre facilement lav\u00e9e \u00e0 l&rsquo;eau.<\/li>\n<li>La patience est la cl\u00e9 ultime de la r\u00e9ussite. Il peut \u00eatre assembl\u00e9 avec la famille, les amis et les passionn\u00e9s afin d&rsquo;exp\u00e9rimenter le plaisir de la pratique. Un sentiment d&rsquo;accomplissement viendra lorsqu&rsquo;il sera termin\u00e9.<\/li>\n<li>Vous pouvez le red\u00e9corer et l&rsquo;int\u00e9grer \u00e0 votre nouvelle cr\u00e9ation. Une fois la lumi\u00e8re allum\u00e9e, un espace confortable et doux appara\u00eet.<\/li>\n<li>Personne ne refusera un tel cadeau de maison de conte de f\u00e9es. Si vous \u00eates bricoleur ou si vous avez de la patience et du temps, ce produit vous conviendra tr\u00e8s bien, il est plus fragile que l&rsquo;artisanat moyen. En outre, il peut \u00eatre un beau cadeau d&rsquo;anniversaire, de No\u00ebl, de Saint-Valentin ou de d\u00e9coration int\u00e9rieure pour les familles et les amis.<\/li>\n<li>Les mat\u00e9riaux du kit sont respectueux de l&rsquo;environnement, ils n&rsquo;ont pas de bavures. La peinture est inodore et peut aussi \u00eatre facilement lav\u00e9e \u00e0 l&rsquo;eau.<\/li>\n<\/ul>\n","protected":false},"excerpt":{"rendered":"<p>D\u00e9couvre le monde enchanteur de Robotime avec la maison fleurie de Cathy et laisse ton c\u00f4t\u00e9 cr\u00e9atif s&rsquo;\u00e9panouir ! Avec ce kit enchanteur, tu peux cr\u00e9er ta propre maison de fleurs miniature et cr\u00e9er un d\u00e9cor idyllique. La maison fleurie de Cathy de Robotime est plus qu&rsquo;un simple kit &#8211; c&rsquo;est une \u0153uvre d&rsquo;art \u00e0 [&hellip;]<\/p>\n","protected":false},"featured_media":76360,"comment_status":"closed","ping_status":"closed","template":"","meta":[],"product_brand":[],"product_cat":[2893,1620,1957],"product_tag":[],"class_list":{"0":"post-102937","1":"product","2":"type-product","3":"status-publish","4":"has-post-thumbnail","6":"product_cat-puzzle-en-bois-3d","7":"product_cat-robotime-fr","8":"product_cat-tous-les-produits","10":"first","11":"instock","12":"taxable","13":"shipping-taxable","14":"purchasable","15":"product-type-simple"},"_links":{"self":[{"href":"https:\/\/wiladu.de\/fr\/wp-json\/wp\/v2\/product\/102937","targetHints":{"allow":["GET"]}}],"collection":[{"href":"https:\/\/wiladu.de\/fr\/wp-json\/wp\/v2\/product"}],"about":[{"href":"https:\/\/wiladu.de\/fr\/wp-json\/wp\/v2\/types\/product"}],"replies":[{"embeddable":true,"href":"https:\/\/wiladu.de\/fr\/wp-json\/wp\/v2\/comments?post=102937"}],"version-history":[{"count":2,"href":"https:\/\/wiladu.de\/fr\/wp-json\/wp\/v2\/product\/102937\/revisions"}],"predecessor-version":[{"id":102944,"href":"https:\/\/wiladu.de\/fr\/wp-json\/wp\/v2\/product\/102937\/revisions\/102944"}],"wp:featuredmedia":[{"embeddable":true,"href":"https:\/\/wiladu.de\/fr\/wp-json\/wp\/v2\/media\/76360"}],"wp:attachment":[{"href":"https:\/\/wiladu.de\/fr\/wp-json\/wp\/v2\/media?parent=102937"}],"wp:term":[{"taxonomy":"product_brand","embeddable":true,"href":"https:\/\/wiladu.de\/fr\/wp-json\/wp\/v2\/product_brand?post=102937"},{"taxonomy":"product_cat","embeddable":true,"href":"https:\/\/wiladu.de\/fr\/wp-json\/wp\/v2\/product_cat?post=102937"},{"taxonomy":"product_tag","embeddable":true,"href":"https:\/\/wiladu.de\/fr\/wp-json\/wp\/v2\/product_tag?post=102937"}],"curies":[{"name":"wp","href":"https:\/\/api.w.org\/{rel}","templated":true}]}}