{"id":91302,"date":"2022-02-09T22:52:25","date_gmt":"2022-02-09T22:52:25","guid":{"rendered":"https:\/\/wiladu.de\/eliminer-les-taches-de-fraise\/"},"modified":"2023-01-31T11:36:33","modified_gmt":"2023-01-31T11:36:33","slug":"eliminer-les-taches-de-fraise","status":"publish","type":"page","link":"https:\/\/wiladu.de\/fr\/eliminer-les-taches-de-fraise\/","title":{"rendered":"\u00e9liminer les taches de fraise"},"content":{"rendered":"\t\t<div data-elementor-type=\"wp-page\" data-elementor-id=\"91302\" class=\"elementor elementor-91302 elementor-49246\" data-elementor-settings=\"{&quot;element_pack_global_tooltip_width&quot;:{&quot;unit&quot;:&quot;px&quot;,&quot;size&quot;:&quot;&quot;,&quot;sizes&quot;:[]},&quot;element_pack_global_tooltip_width_tablet&quot;:{&quot;unit&quot;:&quot;px&quot;,&quot;size&quot;:&quot;&quot;,&quot;sizes&quot;:[]},&quot;element_pack_global_tooltip_width_mobile&quot;:{&quot;unit&quot;:&quot;px&quot;,&quot;size&quot;:&quot;&quot;,&quot;sizes&quot;:[]},&quot;element_pack_global_tooltip_padding&quot;:{&quot;unit&quot;:&quot;px&quot;,&quot;top&quot;:&quot;&quot;,&quot;right&quot;:&quot;&quot;,&quot;bottom&quot;:&quot;&quot;,&quot;left&quot;:&quot;&quot;,&quot;isLinked&quot;:true},&quot;element_pack_global_tooltip_padding_tablet&quot;:{&quot;unit&quot;:&quot;px&quot;,&quot;top&quot;:&quot;&quot;,&quot;right&quot;:&quot;&quot;,&quot;bottom&quot;:&quot;&quot;,&quot;left&quot;:&quot;&quot;,&quot;isLinked&quot;:true},&quot;element_pack_global_tooltip_padding_mobile&quot;:{&quot;unit&quot;:&quot;px&quot;,&quot;top&quot;:&quot;&quot;,&quot;right&quot;:&quot;&quot;,&quot;bottom&quot;:&quot;&quot;,&quot;left&quot;:&quot;&quot;,&quot;isLinked&quot;:true},&quot;element_pack_global_tooltip_border_radius&quot;:{&quot;unit&quot;:&quot;px&quot;,&quot;top&quot;:&quot;&quot;,&quot;right&quot;:&quot;&quot;,&quot;bottom&quot;:&quot;&quot;,&quot;left&quot;:&quot;&quot;,&quot;isLinked&quot;:true},&quot;element_pack_global_tooltip_border_radius_tablet&quot;:{&quot;unit&quot;:&quot;px&quot;,&quot;top&quot;:&quot;&quot;,&quot;right&quot;:&quot;&quot;,&quot;bottom&quot;:&quot;&quot;,&quot;left&quot;:&quot;&quot;,&quot;isLinked&quot;:true},&quot;element_pack_global_tooltip_border_radius_mobile&quot;:{&quot;unit&quot;:&quot;px&quot;,&quot;top&quot;:&quot;&quot;,&quot;right&quot;:&quot;&quot;,&quot;bottom&quot;:&quot;&quot;,&quot;left&quot;:&quot;&quot;,&quot;isLinked&quot;:true}}\" data-elementor-post-type=\"page\">\n\t\t\t\t\t\t<section class=\"elementor-section elementor-top-section elementor-element elementor-element-5f84f7a elementor-section-boxed elementor-section-height-default elementor-section-height-default\" data-id=\"5f84f7a\" data-element_type=\"section\" data-e-type=\"section\">\n\t\t\t\t\t\t<div class=\"elementor-container elementor-column-gap-default\">\n\t\t\t\t\t<div class=\"elementor-column elementor-col-100 elementor-top-column elementor-element elementor-element-944925d\" data-id=\"944925d\" data-element_type=\"column\" data-e-type=\"column\">\n\t\t\t<div class=\"elementor-widget-wrap elementor-element-populated\">\n\t\t\t\t\t\t<div class=\"elementor-element elementor-element-99fca67 elementor-widget elementor-widget-heading\" data-id=\"99fca67\" data-element_type=\"widget\" data-e-type=\"widget\" data-widget_type=\"heading.default\">\n\t\t\t\t<div class=\"elementor-widget-container\">\n\t\t\t\t\t<h1 class=\"elementor-heading-title elementor-size-default\">\u00e9liminer les taches de fraise  <\/h1>\t\t\t\t<\/div>\n\t\t\t\t<\/div>\n\t\t\t\t\t<\/div>\n\t\t<\/div>\n\t\t\t\t\t<\/div>\n\t\t<\/section>\n\t\t\t\t<section class=\"elementor-section elementor-top-section elementor-element elementor-element-bf61874 elementor-section-boxed elementor-section-height-default elementor-section-height-default\" data-id=\"bf61874\" data-element_type=\"section\" data-e-type=\"section\">\n\t\t\t\t\t\t<div class=\"elementor-container elementor-column-gap-default\">\n\t\t\t\t\t<div class=\"elementor-column elementor-col-100 elementor-top-column elementor-element elementor-element-138661a\" data-id=\"138661a\" data-element_type=\"column\" data-e-type=\"column\">\n\t\t\t<div class=\"elementor-widget-wrap elementor-element-populated\">\n\t\t\t\t\t\t<div class=\"elementor-element elementor-element-ea85d22 elementor-widget elementor-widget-text-editor\" data-id=\"ea85d22\" data-element_type=\"widget\" data-e-type=\"widget\" data-widget_type=\"text-editor.default\">\n\t\t\t\t<div class=\"elementor-widget-container\">\n\t\t\t\t\t\t\t\t\t<p>Le temps des fraises, le temps des fraises ! Ah, comme nous nous r\u00e9jouissons quand il y a \u00e0 nouveau des fraises \u00e0 volont\u00e9 et que tout le monde peut croquer avec plaisir dans ces fruits sucr\u00e9s. D\u00e9licieux, sucr\u00e9 et fruit\u00e9 &#8211; voil\u00e0 que le <a href=\"https:\/\/www.fuersie.de\/kochen\/rezeptideen\/artikel\/erdbeersaft-selber-machen-rezept-und-anleitung\" target=\"_blank\" rel=\"noopener\">jus de fraise<\/a> d\u00e9gouline sur la main, sur la nappe ou sur le bon pantalon et c&rsquo;est d\u00e9j\u00e0 fait &#8211; une tache de fraise, bien rouge et pas facile \u00e0 faire dispara\u00eetre. Mais quels sont les rem\u00e8des maison les plus appropri\u00e9s pour y rem\u00e9dier ? En g\u00e9n\u00e9ral, il faut agir rapidement, car les taches fra\u00eeches s&rsquo;enl\u00e8vent beaucoup plus facilement que celles qui ont s\u00e9ch\u00e9 et se sont incrust\u00e9es dans les fibres. Quels sont les rem\u00e8des maison qui permettent d&rsquo;\u00e9liminer les taches des d\u00e9licieuses fraises ?<\/p>\n<p>Les taches de fraise ne sont pas aussi tenaces que certaines autres taches. Imm\u00e9diatement apr\u00e8s la petite m\u00e9saventure, la tache peut \u00eatre rinc\u00e9e \u00e0 <u>l&rsquo;eau ti\u00e8de<\/u> &#8211; mais uniquement s&rsquo;il s&rsquo;agissait vraiment d&rsquo;une fraise fra\u00eeche, pas d&rsquo;une fraise sucr\u00e9e ni de confiture de fraise ou autre.<\/p>\n<p><u>Eau savonneuse :<\/u> cela aide pour les taches de fraise un peu plus difficiles, par exemple avec du jus ou du sucre. Ici, ton v\u00eatement doit \u00eatre tremp\u00e9 dans une eau savonneuse pendant la nuit. Tu peux ensuite le rincer et le mettre directement dans le linge. M\u00eame les taches de fraise s\u00e9ch\u00e9es peuvent \u00eatre remises \u00e0 neuf de cette mani\u00e8re.<\/p>\n<p><u>Du citron ou du vinaigre<\/u>: Comme pour beaucoup de taches, on peut aussi bien s&rsquo;attaquer aux taches de fraises avec du vinaigre ou du jus de citron, mais il faut le faire de pr\u00e9f\u00e9rence sur des v\u00eatements clairs, car ils ont aussi un effet blanchissant. Le tout doit \u00eatre absorb\u00e9 pendant environ une heure.<\/p>\n\t\t\t\t\t\t\t\t<\/div>\n\t\t\t\t<\/div>\n\t\t\t\t\t<\/div>\n\t\t<\/div>\n\t\t\t\t\t<\/div>\n\t\t<\/section>\n\t\t\t\t<section class=\"elementor-section elementor-top-section elementor-element elementor-element-e1d8806 elementor-section-boxed elementor-section-height-default elementor-section-height-default\" data-id=\"e1d8806\" data-element_type=\"section\" data-e-type=\"section\">\n\t\t\t\t\t\t<div class=\"elementor-container elementor-column-gap-default\">\n\t\t\t\t\t<div class=\"elementor-column elementor-col-100 elementor-top-column elementor-element elementor-element-1d3681b\" data-id=\"1d3681b\" data-element_type=\"column\" data-e-type=\"column\">\n\t\t\t<div class=\"elementor-widget-wrap elementor-element-populated\">\n\t\t\t\t\t\t<div class=\"elementor-element elementor-element-f12148b elementor-widget elementor-widget-heading\" data-id=\"f12148b\" data-element_type=\"widget\" data-e-type=\"widget\" data-widget_type=\"heading.default\">\n\t\t\t\t<div class=\"elementor-widget-container\">\n\t\t\t\t\t<h2 class=\"elementor-heading-title elementor-size-default\">Enlever les taches de fraises - c'est facile<\/h2>\t\t\t\t<\/div>\n\t\t\t\t<\/div>\n\t\t\t\t\t<\/div>\n\t\t<\/div>\n\t\t\t\t\t<\/div>\n\t\t<\/section>\n\t\t\t\t<section class=\"elementor-section elementor-top-section elementor-element elementor-element-5997278 elementor-section-boxed elementor-section-height-default elementor-section-height-default\" data-id=\"5997278\" data-element_type=\"section\" data-e-type=\"section\">\n\t\t\t\t\t\t<div class=\"elementor-container elementor-column-gap-default\">\n\t\t\t\t\t<div class=\"elementor-column elementor-col-100 elementor-top-column elementor-element elementor-element-faea524\" data-id=\"faea524\" data-element_type=\"column\" data-e-type=\"column\">\n\t\t\t<div class=\"elementor-widget-wrap elementor-element-populated\">\n\t\t\t\t\t\t<div class=\"elementor-element elementor-element-2defd97 elementor-widget elementor-widget-text-editor\" data-id=\"2defd97\" data-element_type=\"widget\" data-e-type=\"widget\" data-widget_type=\"text-editor.default\">\n\t\t\t\t<div class=\"elementor-widget-container\">\n\t\t\t\t\t\t\t\t\t<p>L&rsquo;eau chaude avec <u>du bicarbonate de soude <\/u>est le d\u00e9tachant le plus puissant et ne doit donc \u00eatre utilis\u00e9 que pour des tissus relativement peu sensibles, par exemple une nappe claire pour la table de jardin. L\u00e0 encore, il faut laisser la substance mac\u00e9rer dans le liquide pendant quelques heures ou une nuit.<\/p>\n<p>Apr\u00e8s cette pr\u00e9paration, la bonne pi\u00e8ce doit \u00eatre soit lav\u00e9e \u00e0 la main, pour un contr\u00f4le pr\u00e9cis, soit mise dans la machine \u00e0 laver. Il est imp\u00e9ratif de pr\u00e9traiter les taches afin qu&rsquo;elles ne s\u00e8chent pas et qu&rsquo;elles soient \u00e9galement d\u00e9finitivement dissoutes lors du cycle de lavage.<\/p>\n<p>Enfin, le dernier r\u00e9sidu de couleur peut \u00eatre enti\u00e8rement d\u00e9color\u00e9 en le pla\u00e7ant de mani\u00e8re cibl\u00e9e au soleil. Il faut toutefois choisir un endroit \u00e0 l&rsquo;ombre, sinon la couleur en souffrira \u00e9galement (les v\u00eatements blancs peuvent aussi \u00eatre plac\u00e9s au soleil).<\/p>\n<p>Et si le tissu n&rsquo;est pas lavable ? En cas d&rsquo;urgence, on peut mettre un peu d&rsquo;alcool de couleur aussi neutre que possible et si possible \u00e0 haut degr\u00e9 sur la tache, puis l&rsquo;essuyer avec un chiffon imbib\u00e9 d&rsquo;eau fra\u00eeche.<\/p>\n<p>Si vous \u00eates en d\u00e9placement, l&rsquo;eau chaude est probablement le premier choix, \u00e9ventuellement avec du savon pour les mains de la salle de bain locale pour r\u00e9duire la tache.<\/p>\n<p>Vous pourrez ainsi, nous l&rsquo;esp\u00e9rons, ma\u00eetriser les d\u00e9licieuses taches rouges des fraises et restaurer la beaut\u00e9 de vos v\u00eatements, et vous pourrez tous continuer \u00e0 profiter de la saison des fraises et \u00e0 vous r\u00e9galer sans \u00eatre d\u00e9rang\u00e9s.<\/p>\n\t\t\t\t\t\t\t\t<\/div>\n\t\t\t\t<\/div>\n\t\t\t\t\t<\/div>\n\t\t<\/div>\n\t\t\t\t\t<\/div>\n\t\t<\/section>\n\t\t\t\t<section class=\"elementor-section elementor-top-section elementor-element elementor-element-1db0c7c elementor-section-boxed elementor-section-height-default elementor-section-height-default\" data-id=\"1db0c7c\" data-element_type=\"section\" data-e-type=\"section\">\n\t\t\t\t\t\t<div class=\"elementor-container elementor-column-gap-default\">\n\t\t\t\t\t<div class=\"elementor-column elementor-col-100 elementor-top-column elementor-element elementor-element-c8c696c\" data-id=\"c8c696c\" data-element_type=\"column\" data-e-type=\"column\">\n\t\t\t<div class=\"elementor-widget-wrap elementor-element-populated\">\n\t\t\t\t\t\t<div class=\"elementor-element elementor-element-274a821 elementor-widget elementor-widget-text-editor\" data-id=\"274a821\" data-element_type=\"widget\" data-e-type=\"widget\" data-widget_type=\"text-editor.default\">\n\t\t\t\t<div class=\"elementor-widget-container\">\n\t\t\t\t\t\t\t\t\t<p>N&rsquo;h\u00e9site pas \u00e0 consulter notre <a href=\"https:\/\/wiladu.de\/wiladu-fleckenratgeber\/\">guide des taches Wiladu<\/a> pour obtenir encore plus de conseils utiles.<\/p>\n\t\t\t\t\t\t\t\t<\/div>\n\t\t\t\t<\/div>\n\t\t\t\t\t<\/div>\n\t\t<\/div>\n\t\t\t\t\t<\/div>\n\t\t<\/section>\n\t\t\t\t<\/div>\n\t\t","protected":false},"excerpt":{"rendered":"<p>\u00e9liminer les taches de fraise Le temps des fraises, le temps des fraises ! Ah, comme nous nous r\u00e9jouissons quand il y a \u00e0 nouveau des fraises \u00e0 volont\u00e9 et que tout le monde peut croquer avec plaisir dans ces fruits sucr\u00e9s. D\u00e9licieux, sucr\u00e9 et fruit\u00e9 &#8211; voil\u00e0 que le jus de fraise d\u00e9gouline sur [&hellip;]<\/p>\n","protected":false},"author":1,"featured_media":0,"parent":0,"menu_order":0,"comment_status":"closed","ping_status":"closed","template":"elementor_header_footer","meta":{"footnotes":""},"class_list":["post-91302","page","type-page","status-publish","hentry"],"_links":{"self":[{"href":"https:\/\/wiladu.de\/fr\/wp-json\/wp\/v2\/pages\/91302","targetHints":{"allow":["GET"]}}],"collection":[{"href":"https:\/\/wiladu.de\/fr\/wp-json\/wp\/v2\/pages"}],"about":[{"href":"https:\/\/wiladu.de\/fr\/wp-json\/wp\/v2\/types\/page"}],"author":[{"embeddable":true,"href":"https:\/\/wiladu.de\/fr\/wp-json\/wp\/v2\/users\/1"}],"replies":[{"embeddable":true,"href":"https:\/\/wiladu.de\/fr\/wp-json\/wp\/v2\/comments?post=91302"}],"version-history":[{"count":2,"href":"https:\/\/wiladu.de\/fr\/wp-json\/wp\/v2\/pages\/91302\/revisions"}],"predecessor-version":[{"id":91305,"href":"https:\/\/wiladu.de\/fr\/wp-json\/wp\/v2\/pages\/91302\/revisions\/91305"}],"wp:attachment":[{"href":"https:\/\/wiladu.de\/fr\/wp-json\/wp\/v2\/media?parent=91302"}],"curies":[{"name":"wp","href":"https:\/\/api.w.org\/{rel}","templated":true}]}}