{"id":91290,"date":"2022-02-09T22:53:38","date_gmt":"2022-02-09T22:53:38","guid":{"rendered":"https:\/\/wiladu.de\/eliminer-les-taches-dherbe-sechee\/"},"modified":"2023-01-31T11:33:27","modified_gmt":"2023-01-31T11:33:27","slug":"eliminer-les-taches-dherbe-sechee","status":"publish","type":"page","link":"https:\/\/wiladu.de\/fr\/eliminer-les-taches-dherbe-sechee\/","title":{"rendered":"\u00e9liminer les taches d&rsquo;herbe s\u00e9ch\u00e9e"},"content":{"rendered":"\t\t<div data-elementor-type=\"wp-page\" data-elementor-id=\"91290\" class=\"elementor elementor-91290 elementor-49250\" data-elementor-settings=\"{&quot;element_pack_global_tooltip_width&quot;:{&quot;unit&quot;:&quot;px&quot;,&quot;size&quot;:&quot;&quot;,&quot;sizes&quot;:[]},&quot;element_pack_global_tooltip_width_tablet&quot;:{&quot;unit&quot;:&quot;px&quot;,&quot;size&quot;:&quot;&quot;,&quot;sizes&quot;:[]},&quot;element_pack_global_tooltip_width_mobile&quot;:{&quot;unit&quot;:&quot;px&quot;,&quot;size&quot;:&quot;&quot;,&quot;sizes&quot;:[]},&quot;element_pack_global_tooltip_padding&quot;:{&quot;unit&quot;:&quot;px&quot;,&quot;top&quot;:&quot;&quot;,&quot;right&quot;:&quot;&quot;,&quot;bottom&quot;:&quot;&quot;,&quot;left&quot;:&quot;&quot;,&quot;isLinked&quot;:true},&quot;element_pack_global_tooltip_padding_tablet&quot;:{&quot;unit&quot;:&quot;px&quot;,&quot;top&quot;:&quot;&quot;,&quot;right&quot;:&quot;&quot;,&quot;bottom&quot;:&quot;&quot;,&quot;left&quot;:&quot;&quot;,&quot;isLinked&quot;:true},&quot;element_pack_global_tooltip_padding_mobile&quot;:{&quot;unit&quot;:&quot;px&quot;,&quot;top&quot;:&quot;&quot;,&quot;right&quot;:&quot;&quot;,&quot;bottom&quot;:&quot;&quot;,&quot;left&quot;:&quot;&quot;,&quot;isLinked&quot;:true},&quot;element_pack_global_tooltip_border_radius&quot;:{&quot;unit&quot;:&quot;px&quot;,&quot;top&quot;:&quot;&quot;,&quot;right&quot;:&quot;&quot;,&quot;bottom&quot;:&quot;&quot;,&quot;left&quot;:&quot;&quot;,&quot;isLinked&quot;:true},&quot;element_pack_global_tooltip_border_radius_tablet&quot;:{&quot;unit&quot;:&quot;px&quot;,&quot;top&quot;:&quot;&quot;,&quot;right&quot;:&quot;&quot;,&quot;bottom&quot;:&quot;&quot;,&quot;left&quot;:&quot;&quot;,&quot;isLinked&quot;:true},&quot;element_pack_global_tooltip_border_radius_mobile&quot;:{&quot;unit&quot;:&quot;px&quot;,&quot;top&quot;:&quot;&quot;,&quot;right&quot;:&quot;&quot;,&quot;bottom&quot;:&quot;&quot;,&quot;left&quot;:&quot;&quot;,&quot;isLinked&quot;:true}}\" data-elementor-post-type=\"page\">\n\t\t\t\t\t\t<section class=\"elementor-section elementor-top-section elementor-element elementor-element-924c7ce elementor-section-boxed elementor-section-height-default elementor-section-height-default\" data-id=\"924c7ce\" data-element_type=\"section\" data-e-type=\"section\">\n\t\t\t\t\t\t<div class=\"elementor-container elementor-column-gap-default\">\n\t\t\t\t\t<div class=\"elementor-column elementor-col-100 elementor-top-column elementor-element elementor-element-a3e2368\" data-id=\"a3e2368\" data-element_type=\"column\" data-e-type=\"column\">\n\t\t\t<div class=\"elementor-widget-wrap elementor-element-populated\">\n\t\t\t\t\t\t<div class=\"elementor-element elementor-element-4dc676e elementor-widget elementor-widget-heading\" data-id=\"4dc676e\" data-element_type=\"widget\" data-e-type=\"widget\" data-widget_type=\"heading.default\">\n\t\t\t\t<div class=\"elementor-widget-container\">\n\t\t\t\t\t<h1 class=\"elementor-heading-title elementor-size-default\">\u00e9liminer les taches d'herbe s\u00e9ch\u00e9e  <\/h1>\t\t\t\t<\/div>\n\t\t\t\t<\/div>\n\t\t\t\t\t<\/div>\n\t\t<\/div>\n\t\t\t\t\t<\/div>\n\t\t<\/section>\n\t\t\t\t<section class=\"elementor-section elementor-top-section elementor-element elementor-element-b23a0f7 elementor-section-boxed elementor-section-height-default elementor-section-height-default\" data-id=\"b23a0f7\" data-element_type=\"section\" data-e-type=\"section\">\n\t\t\t\t\t\t<div class=\"elementor-container elementor-column-gap-default\">\n\t\t\t\t\t<div class=\"elementor-column elementor-col-100 elementor-top-column elementor-element elementor-element-53ca6bb\" data-id=\"53ca6bb\" data-element_type=\"column\" data-e-type=\"column\">\n\t\t\t<div class=\"elementor-widget-wrap elementor-element-populated\">\n\t\t\t\t\t\t<div class=\"elementor-element elementor-element-ac5bf03 elementor-widget elementor-widget-heading\" data-id=\"ac5bf03\" data-element_type=\"widget\" data-e-type=\"widget\" data-widget_type=\"heading.default\">\n\t\t\t\t<div class=\"elementor-widget-container\">\n\t\t\t\t\t<h3 class=\"elementor-heading-title elementor-size-default\">Conseils de professionnels pour \u00e9liminer les taches d'herbe s\u00e9ch\u00e9e\n<\/h3>\t\t\t\t<\/div>\n\t\t\t\t<\/div>\n\t\t\t\t\t<\/div>\n\t\t<\/div>\n\t\t\t\t\t<\/div>\n\t\t<\/section>\n\t\t\t\t<section class=\"elementor-section elementor-top-section elementor-element elementor-element-c6a6aae elementor-section-boxed elementor-section-height-default elementor-section-height-default\" data-id=\"c6a6aae\" data-element_type=\"section\" data-e-type=\"section\">\n\t\t\t\t\t\t<div class=\"elementor-container elementor-column-gap-default\">\n\t\t\t\t\t<div class=\"elementor-column elementor-col-100 elementor-top-column elementor-element elementor-element-6b4f1a9\" data-id=\"6b4f1a9\" data-element_type=\"column\" data-e-type=\"column\">\n\t\t\t<div class=\"elementor-widget-wrap elementor-element-populated\">\n\t\t\t\t\t\t<div class=\"elementor-element elementor-element-b84a92b elementor-widget elementor-widget-image\" data-id=\"b84a92b\" data-element_type=\"widget\" data-e-type=\"widget\" data-widget_type=\"image.default\">\n\t\t\t\t<div class=\"elementor-widget-container\">\n\t\t\t\t\t\t\t\t\t\t\t\t\t\t\t<img decoding=\"async\" src=\"https:\/\/wiladu.de\/wp-content\/uploads\/elementor\/thumbs\/Eingetrocknete-Grasflecken-entfernen-pri62rfxdg1c996p2e6nn6s2pue6oqk289cuhl362w.jpg\" title=\"Eingetrocknete Grasflecken entfernen\" alt=\"Eingetrocknete Grasflecken entfernen\" loading=\"lazy\">\t\t\t\t\t\t\t\t\t\t\t\t\t\t\t<\/div>\n\t\t\t\t<\/div>\n\t\t\t\t\t<\/div>\n\t\t<\/div>\n\t\t\t\t\t<\/div>\n\t\t<\/section>\n\t\t\t\t<section class=\"elementor-section elementor-top-section elementor-element elementor-element-b9b452d elementor-section-stretched elementor-section-boxed elementor-section-height-default elementor-section-height-default\" data-id=\"b9b452d\" data-element_type=\"section\" data-e-type=\"section\" data-settings=\"{&quot;stretch_section&quot;:&quot;section-stretched&quot;}\">\n\t\t\t\t\t\t<div class=\"elementor-container elementor-column-gap-default\">\n\t\t\t\t\t<div class=\"elementor-column elementor-col-100 elementor-top-column elementor-element elementor-element-7a625b3\" data-id=\"7a625b3\" data-element_type=\"column\" data-e-type=\"column\">\n\t\t\t<div class=\"elementor-widget-wrap elementor-element-populated\">\n\t\t\t\t\t\t<div class=\"elementor-element elementor-element-d444b24 elementor-widget elementor-widget-text-editor\" data-id=\"d444b24\" data-element_type=\"widget\" data-e-type=\"widget\" data-widget_type=\"text-editor.default\">\n\t\t\t\t<div class=\"elementor-widget-container\">\n\t\t\t\t\t\t\t\t\t<p><strong>Enlever les taches d&rsquo;herbe s\u00e9ch\u00e9e<\/strong> peut se faire rapidement et facilement. Avec nos conseils, tu es du c\u00f4t\u00e9 de la propret\u00e9.<\/p>\n<p>C&rsquo;est amusant d&rsquo;\u00eatre dehors, de gambader dans la prairie ou de faire des boules ensemble dans l&rsquo;herbe, encore plus. Les prairies sont parfum\u00e9es et invitent \u00e0 la d\u00e9tente et au jeu.  <\/p>\n<p>Mais on a vite fait de glisser ou de se retrouver avec des taches d&rsquo;herbe sur son pantalon ou sa chemise sans s&rsquo;en rendre compte, alors qu&rsquo;on \u00e9tait tranquillement assis sur la verdure luxuriante.  <\/p>\n<p>Les taches d&rsquo;herbe du terrain de football sont \u00e9galement typiques, surtout si l&rsquo;on a souvent des contacts physiques et que l&rsquo;on balaie la surface herbeuse. Ensuite, il y a des taches dans les chaussettes, les chaussures, les pantalons et les T-shirts.  <\/p>\n<p>Ces taches d&rsquo;herbe sont tenaces et s\u00e8chent rapidement. Mais comment \u00e9liminer les taches d&rsquo;herbe s\u00e9ch\u00e9e \u00e0 la maison ?<\/p>\n<p><u><a href=\"https:\/\/de.wikipedia.org\/wiki\/Gallseife\" target=\"_blank\" rel=\"noopener\">Savon au fiel<\/a> ou savon de Marseille :<\/u> cette m\u00e9thode est particuli\u00e8rement adapt\u00e9e aux jeans ou aux tissus peu d\u00e9licats. Appliquer le savon directement sur les taches d&rsquo;herbe et le faire p\u00e9n\u00e9trer \u00e0 l&rsquo;aide d&rsquo;une brosse, puis laisser reposer. Ensuite, le savon est rinc\u00e9 \u00e0 l&rsquo;eau claire et le v\u00eatement est mis au lavage.<\/p>\n<p><u>Du jus de citron ou du vinaigre :<\/u> Le jus de citron ou le vinaigre conviennent bien pour les chaussures et les couleurs claires. des v\u00eatements peu fragiles. Pour ce faire, il suffit d&rsquo;appliquer quelques gouttes sur la zone concern\u00e9e et de laisser agir pendant environ une heure (jus de citron) ou environ 20 minutes (vinaigre dilu\u00e9).  <\/p>\n<p>N&rsquo;oublie pas que le jus de citron et le vinaigre ont un l\u00e9ger effet blanchissant.<\/p>\n<p><u>Dentifrice<\/u>: le dentifrice menthol\u00e9 avec agent blanchissant convient aux v\u00eatements tr\u00e8s clairs et blancs, car il a \u00e9galement un effet blanchissant et dissout la d\u00e9coloration. Pour ce faire, il faut frotter le dentifrice dans la tache d&rsquo;herbe \u00e0 l&rsquo;aide d&rsquo;une brosse.  <\/p>\n<p>Il faut toutefois laisser s\u00e9cher celle-ci pendant une heure, puis la rincer \u00e0 l&rsquo;eau chaude avant de la laver.<\/p>\n<p><u>Pommes de terre :<\/u> pour les tissus lisses en coton ou en polyester, les pommes de terre sont id\u00e9ales, car l&rsquo;amidon qu&rsquo;elles contiennent enl\u00e8ve le vert des v\u00eatements. Pour ce faire, il suffit de couper la pomme de terre et de frotter la surface coup\u00e9e sur les taches d&rsquo;herbe. Apr\u00e8s un court temps d&rsquo;action, le v\u00eatement va dans la machine \u00e0 laver.<\/p>\n<p><u>Shampooing pour b\u00e9b\u00e9s :<\/u> si vous avez des taches d&rsquo;herbe sur des v\u00eatements en laine, utilisez de pr\u00e9f\u00e9rence du shampooing pour b\u00e9b\u00e9s. Comme celui-ci est l\u00e9g\u00e8rement gras, il soigne la laine et \u00e9limine en douceur les d\u00e9colorations dues au vert de l&rsquo;herbe.  <\/p>\n<p>Pour ce faire, il suffit de laisser tremper le v\u00eatement dans une bassine contenant du shampooing pour b\u00e9b\u00e9 50\/50 et de l&rsquo;eau, puis de le laver \u00e0 la main &#8211; il n&rsquo;y a pas de cycle de lavage \u00e0 la suite. <strong>Enlever les taches d&rsquo;herbe s\u00e9ch\u00e9e<\/strong> peut \u00eatre aussi simple que cela.<\/p>\n\t\t\t\t\t\t\t\t<\/div>\n\t\t\t\t<\/div>\n\t\t\t\t\t<\/div>\n\t\t<\/div>\n\t\t\t\t\t<\/div>\n\t\t<\/section>\n\t\t\t\t<section class=\"elementor-section elementor-top-section elementor-element elementor-element-0d5cad8 elementor-section-stretched elementor-section-boxed elementor-section-height-default elementor-section-height-default\" data-id=\"0d5cad8\" data-element_type=\"section\" data-e-type=\"section\" data-settings=\"{&quot;stretch_section&quot;:&quot;section-stretched&quot;}\">\n\t\t\t\t\t\t<div class=\"elementor-container elementor-column-gap-default\">\n\t\t\t\t\t<div class=\"elementor-column elementor-col-100 elementor-top-column elementor-element elementor-element-4d50673\" data-id=\"4d50673\" data-element_type=\"column\" data-e-type=\"column\">\n\t\t\t<div class=\"elementor-widget-wrap elementor-element-populated\">\n\t\t\t\t\t\t<div class=\"elementor-element elementor-element-66f7d6c elementor-widget elementor-widget-heading\" data-id=\"66f7d6c\" data-element_type=\"widget\" data-e-type=\"widget\" data-widget_type=\"heading.default\">\n\t\t\t\t<div class=\"elementor-widget-container\">\n\t\t\t\t\t<h2 class=\"elementor-heading-title elementor-size-default\">Enlever les taches d'herbe s\u00e9ch\u00e9e - voici comment faire<\/h2>\t\t\t\t<\/div>\n\t\t\t\t<\/div>\n\t\t\t\t\t<\/div>\n\t\t<\/div>\n\t\t\t\t\t<\/div>\n\t\t<\/section>\n\t\t\t\t<section class=\"elementor-section elementor-top-section elementor-element elementor-element-f80e3cb elementor-section-stretched elementor-section-boxed elementor-section-height-default elementor-section-height-default\" data-id=\"f80e3cb\" data-element_type=\"section\" data-e-type=\"section\" data-settings=\"{&quot;stretch_section&quot;:&quot;section-stretched&quot;}\">\n\t\t\t\t\t\t<div class=\"elementor-container elementor-column-gap-default\">\n\t\t\t\t\t<div class=\"elementor-column elementor-col-100 elementor-top-column elementor-element elementor-element-c654d23\" data-id=\"c654d23\" data-element_type=\"column\" data-e-type=\"column\">\n\t\t\t<div class=\"elementor-widget-wrap elementor-element-populated\">\n\t\t\t\t\t\t<div class=\"elementor-element elementor-element-3637934 elementor-widget elementor-widget-text-editor\" data-id=\"3637934\" data-element_type=\"widget\" data-e-type=\"widget\" data-widget_type=\"text-editor.default\">\n\t\t\t\t<div class=\"elementor-widget-container\">\n\t\t\t\t\t\t\t\t\t<p>Apr\u00e8s ces pr\u00e9traitements (sauf pour la laine), le v\u00eatement concern\u00e9 par la tache d&rsquo;herbe s\u00e9ch\u00e9e peut \u00eatre soit lav\u00e9 \u00e0 la main, afin d&rsquo;observer attentivement le r\u00e9sultat, ou si cela doit \u00eatre fait rapidement, soit mis dans la machine \u00e0 laver avec le v\u00eatement.<\/p>\n<p>Pour cela, il est utile de laver le v\u00eatement \u00e0 une temp\u00e9rature aussi \u00e9lev\u00e9e que possible mais encore supportable afin d&rsquo;\u00e9liminer les taches d&rsquo;herbe. Il faut d&rsquo;abord le laisser mac\u00e9rer pendant environ 30 minutes \u00e0 une heure avec le d\u00e9tachant correspondant.<\/p>\n<p>Un pr\u00e9traitement est toutefois n\u00e9cessaire pour dissoudre les taches d&rsquo;herbe, sinon elles resteront visibles sur les v\u00eatements aim\u00e9s pendant quelques lavages suppl\u00e9mentaires.<\/p>\n<p>Enfin, le dernier r\u00e9sidu de couleur peut \u00eatre enti\u00e8rement d\u00e9color\u00e9 en le pla\u00e7ant de mani\u00e8re cibl\u00e9e au soleil. Il faut toutefois choisir un endroit \u00e0 l&rsquo;ombre, sinon la couleur en souffrira \u00e9galement (les v\u00eatements blancs peuvent aussi \u00eatre plac\u00e9s au soleil).<\/p>\n<p>Vous pouvez ainsi laisser votre enfant repartir de bon c\u0153ur dans le vaste monde ou vous rendre vous-m\u00eame confortablement install\u00e9 sur une couverture dans la belle nature un jour d&rsquo;\u00e9t\u00e9, sans trop de soucis.<\/p>\n\t\t\t\t\t\t\t\t<\/div>\n\t\t\t\t<\/div>\n\t\t\t\t\t<\/div>\n\t\t<\/div>\n\t\t\t\t\t<\/div>\n\t\t<\/section>\n\t\t\t\t<section class=\"elementor-section elementor-top-section elementor-element elementor-element-5e2cc11 elementor-section-stretched elementor-section-boxed elementor-section-height-default elementor-section-height-default\" data-id=\"5e2cc11\" data-element_type=\"section\" data-e-type=\"section\" data-settings=\"{&quot;stretch_section&quot;:&quot;section-stretched&quot;}\">\n\t\t\t\t\t\t<div class=\"elementor-container elementor-column-gap-default\">\n\t\t\t\t\t<div class=\"elementor-column elementor-col-100 elementor-top-column elementor-element elementor-element-fb9f7c1\" data-id=\"fb9f7c1\" data-element_type=\"column\" data-e-type=\"column\">\n\t\t\t<div class=\"elementor-widget-wrap elementor-element-populated\">\n\t\t\t\t\t\t<div class=\"elementor-element elementor-element-6d07c11 elementor-widget elementor-widget-text-editor\" data-id=\"6d07c11\" data-element_type=\"widget\" data-e-type=\"widget\" data-widget_type=\"text-editor.default\">\n\t\t\t\t<div class=\"elementor-widget-container\">\n\t\t\t\t\t\t\t\t\t<p>N&rsquo;h\u00e9site pas \u00e0 consulter notre <a href=\"https:\/\/wiladu.de\/wiladu-fleckenratgeber\/\">guide des taches Wiladu<\/a> pour obtenir encore plus de conseils utiles. Tu y trouveras par exemple des informations sur la mani\u00e8re d&rsquo;\u00e9liminer facilement et rapidement les taches de fraise, les taches de cr\u00e8me et de nombreux autres types de taches de mani\u00e8re durable. En outre, il vaut toujours la peine de jeter un coup d&rsquo;\u0153il \u00e0 nos produits de nettoyage. Tu y trouveras entre autres des produits de nettoyage sans enzymes, qui sont particuli\u00e8rement doux pour les fibres naturelles. De plus, tu pr\u00e9serves ainsi activement l&rsquo;environnement.<\/p>\n\t\t\t\t\t\t\t\t<\/div>\n\t\t\t\t<\/div>\n\t\t\t\t\t<\/div>\n\t\t<\/div>\n\t\t\t\t\t<\/div>\n\t\t<\/section>\n\t\t\t\t<\/div>\n\t\t","protected":false},"excerpt":{"rendered":"<p>\u00e9liminer les taches d&rsquo;herbe s\u00e9ch\u00e9e Conseils de professionnels pour \u00e9liminer les taches d&rsquo;herbe s\u00e9ch\u00e9e Enlever les taches d&rsquo;herbe s\u00e9ch\u00e9e peut se faire rapidement et facilement. Avec nos conseils, tu es du c\u00f4t\u00e9 de la propret\u00e9. C&rsquo;est amusant d&rsquo;\u00eatre dehors, de gambader dans la prairie ou de faire des boules ensemble dans l&rsquo;herbe, encore plus. Les [&hellip;]<\/p>\n","protected":false},"author":1,"featured_media":0,"parent":0,"menu_order":0,"comment_status":"closed","ping_status":"closed","template":"elementor_header_footer","meta":{"footnotes":""},"class_list":["post-91290","page","type-page","status-publish","hentry"],"_links":{"self":[{"href":"https:\/\/wiladu.de\/fr\/wp-json\/wp\/v2\/pages\/91290","targetHints":{"allow":["GET"]}}],"collection":[{"href":"https:\/\/wiladu.de\/fr\/wp-json\/wp\/v2\/pages"}],"about":[{"href":"https:\/\/wiladu.de\/fr\/wp-json\/wp\/v2\/types\/page"}],"author":[{"embeddable":true,"href":"https:\/\/wiladu.de\/fr\/wp-json\/wp\/v2\/users\/1"}],"replies":[{"embeddable":true,"href":"https:\/\/wiladu.de\/fr\/wp-json\/wp\/v2\/comments?post=91290"}],"version-history":[{"count":1,"href":"https:\/\/wiladu.de\/fr\/wp-json\/wp\/v2\/pages\/91290\/revisions"}],"predecessor-version":[{"id":91292,"href":"https:\/\/wiladu.de\/fr\/wp-json\/wp\/v2\/pages\/91290\/revisions\/91292"}],"wp:attachment":[{"href":"https:\/\/wiladu.de\/fr\/wp-json\/wp\/v2\/media?parent=91290"}],"curies":[{"name":"wp","href":"https:\/\/api.w.org\/{rel}","templated":true}]}}