{"id":91279,"date":"2023-01-30T10:26:36","date_gmt":"2023-01-30T10:26:36","guid":{"rendered":"https:\/\/wiladu.de\/eliminer-les-taches-de-jus-de-fruits\/"},"modified":"2023-01-31T11:29:17","modified_gmt":"2023-01-31T11:29:17","slug":"eliminer-les-taches-de-jus-de-fruits","status":"publish","type":"page","link":"https:\/\/wiladu.de\/fr\/eliminer-les-taches-de-jus-de-fruits\/","title":{"rendered":"\u00e9liminer les taches de jus de fruits"},"content":{"rendered":"\t\t<div data-elementor-type=\"wp-page\" data-elementor-id=\"91279\" class=\"elementor elementor-91279 elementor-91015\" data-elementor-settings=\"{&quot;element_pack_global_tooltip_width&quot;:{&quot;unit&quot;:&quot;px&quot;,&quot;size&quot;:&quot;&quot;,&quot;sizes&quot;:[]},&quot;element_pack_global_tooltip_width_tablet&quot;:{&quot;unit&quot;:&quot;px&quot;,&quot;size&quot;:&quot;&quot;,&quot;sizes&quot;:[]},&quot;element_pack_global_tooltip_width_mobile&quot;:{&quot;unit&quot;:&quot;px&quot;,&quot;size&quot;:&quot;&quot;,&quot;sizes&quot;:[]},&quot;element_pack_global_tooltip_padding&quot;:{&quot;unit&quot;:&quot;px&quot;,&quot;top&quot;:&quot;&quot;,&quot;right&quot;:&quot;&quot;,&quot;bottom&quot;:&quot;&quot;,&quot;left&quot;:&quot;&quot;,&quot;isLinked&quot;:true},&quot;element_pack_global_tooltip_padding_tablet&quot;:{&quot;unit&quot;:&quot;px&quot;,&quot;top&quot;:&quot;&quot;,&quot;right&quot;:&quot;&quot;,&quot;bottom&quot;:&quot;&quot;,&quot;left&quot;:&quot;&quot;,&quot;isLinked&quot;:true},&quot;element_pack_global_tooltip_padding_mobile&quot;:{&quot;unit&quot;:&quot;px&quot;,&quot;top&quot;:&quot;&quot;,&quot;right&quot;:&quot;&quot;,&quot;bottom&quot;:&quot;&quot;,&quot;left&quot;:&quot;&quot;,&quot;isLinked&quot;:true},&quot;element_pack_global_tooltip_border_radius&quot;:{&quot;unit&quot;:&quot;px&quot;,&quot;top&quot;:&quot;&quot;,&quot;right&quot;:&quot;&quot;,&quot;bottom&quot;:&quot;&quot;,&quot;left&quot;:&quot;&quot;,&quot;isLinked&quot;:true},&quot;element_pack_global_tooltip_border_radius_tablet&quot;:{&quot;unit&quot;:&quot;px&quot;,&quot;top&quot;:&quot;&quot;,&quot;right&quot;:&quot;&quot;,&quot;bottom&quot;:&quot;&quot;,&quot;left&quot;:&quot;&quot;,&quot;isLinked&quot;:true},&quot;element_pack_global_tooltip_border_radius_mobile&quot;:{&quot;unit&quot;:&quot;px&quot;,&quot;top&quot;:&quot;&quot;,&quot;right&quot;:&quot;&quot;,&quot;bottom&quot;:&quot;&quot;,&quot;left&quot;:&quot;&quot;,&quot;isLinked&quot;:true}}\" data-elementor-post-type=\"page\">\n\t\t\t\t\t\t<section class=\"elementor-section elementor-top-section elementor-element elementor-element-7c7a049 elementor-section-boxed elementor-section-height-default elementor-section-height-default\" data-id=\"7c7a049\" data-element_type=\"section\" data-e-type=\"section\">\n\t\t\t\t\t\t<div class=\"elementor-container elementor-column-gap-default\">\n\t\t\t\t\t<div class=\"elementor-column elementor-col-100 elementor-top-column elementor-element elementor-element-84cd9ef\" data-id=\"84cd9ef\" data-element_type=\"column\" data-e-type=\"column\">\n\t\t\t<div class=\"elementor-widget-wrap elementor-element-populated\">\n\t\t\t\t\t\t<div class=\"elementor-element elementor-element-b0a63e4 elementor-widget elementor-widget-heading\" data-id=\"b0a63e4\" data-element_type=\"widget\" data-e-type=\"widget\" data-widget_type=\"heading.default\">\n\t\t\t\t<div class=\"elementor-widget-container\">\n\t\t\t\t\t<h1 class=\"elementor-heading-title elementor-size-default\">\u00e9liminer les taches de jus de fruits  <\/h1>\t\t\t\t<\/div>\n\t\t\t\t<\/div>\n\t\t\t\t\t<\/div>\n\t\t<\/div>\n\t\t\t\t\t<\/div>\n\t\t<\/section>\n\t\t\t\t<section class=\"elementor-section elementor-top-section elementor-element elementor-element-f1cc098 elementor-section-boxed elementor-section-height-default elementor-section-height-default\" data-id=\"f1cc098\" data-element_type=\"section\" data-e-type=\"section\">\n\t\t\t\t\t\t<div class=\"elementor-container elementor-column-gap-default\">\n\t\t\t\t\t<div class=\"elementor-column elementor-col-100 elementor-top-column elementor-element elementor-element-b1cb373\" data-id=\"b1cb373\" data-element_type=\"column\" data-e-type=\"column\">\n\t\t\t<div class=\"elementor-widget-wrap elementor-element-populated\">\n\t\t\t\t\t\t<div class=\"elementor-element elementor-element-29eaeff elementor-widget elementor-widget-heading\" data-id=\"29eaeff\" data-element_type=\"widget\" data-e-type=\"widget\" data-widget_type=\"heading.default\">\n\t\t\t\t<div class=\"elementor-widget-container\">\n\t\t\t\t\t<h4 class=\"elementor-heading-title elementor-size-default\">Conseils de professionnels pour l'\u00e9limination des taches de jus de fruits<\/h4>\t\t\t\t<\/div>\n\t\t\t\t<\/div>\n\t\t\t\t\t<\/div>\n\t\t<\/div>\n\t\t\t\t\t<\/div>\n\t\t<\/section>\n\t\t\t\t<section class=\"elementor-section elementor-top-section elementor-element elementor-element-817cf59 elementor-section-boxed elementor-section-height-default elementor-section-height-default\" data-id=\"817cf59\" data-element_type=\"section\" data-e-type=\"section\">\n\t\t\t\t\t\t<div class=\"elementor-container elementor-column-gap-default\">\n\t\t\t\t\t<div class=\"elementor-column elementor-col-100 elementor-top-column elementor-element elementor-element-4ba16b6\" data-id=\"4ba16b6\" data-element_type=\"column\" data-e-type=\"column\">\n\t\t\t<div class=\"elementor-widget-wrap elementor-element-populated\">\n\t\t\t\t\t\t<div class=\"elementor-element elementor-element-2c30b22 elementor-widget elementor-widget-image\" data-id=\"2c30b22\" data-element_type=\"widget\" data-e-type=\"widget\" data-widget_type=\"image.default\">\n\t\t\t\t<div class=\"elementor-widget-container\">\n\t\t\t\t\t\t\t\t\t\t\t\t\t\t\t<img fetchpriority=\"high\" decoding=\"async\" width=\"710\" height=\"375\" src=\"https:\/\/wiladu.de\/wp-content\/uploads\/2023\/01\/Fruchtsaftflecken-entfernen.jpg\" class=\"attachment-large size-large wp-image-91023\" alt=\"Fruchtsaftflecken entfernen\" srcset=\"https:\/\/wiladu.de\/wp-content\/uploads\/2023\/01\/Fruchtsaftflecken-entfernen.jpg 710w, https:\/\/wiladu.de\/wp-content\/uploads\/2023\/01\/Fruchtsaftflecken-entfernen-300x158.jpg 300w, https:\/\/wiladu.de\/wp-content\/uploads\/2023\/01\/Fruchtsaftflecken-entfernen-441x233.jpg 441w, https:\/\/wiladu.de\/wp-content\/uploads\/2023\/01\/Fruchtsaftflecken-entfernen-150x79.jpg 150w\" sizes=\"(max-width: 360px) 147px, (max-width: 710px) 100vw, 710px\" title=\"\">\t\t\t\t\t\t\t\t\t\t\t\t\t\t\t<\/div>\n\t\t\t\t<\/div>\n\t\t\t\t\t<\/div>\n\t\t<\/div>\n\t\t\t\t\t<\/div>\n\t\t<\/section>\n\t\t\t\t<section class=\"elementor-section elementor-top-section elementor-element elementor-element-d4401e3 elementor-section-boxed elementor-section-height-default elementor-section-height-default\" data-id=\"d4401e3\" data-element_type=\"section\" data-e-type=\"section\">\n\t\t\t\t\t\t<div class=\"elementor-container elementor-column-gap-default\">\n\t\t\t\t\t<div class=\"elementor-column elementor-col-100 elementor-top-column elementor-element elementor-element-8cd62b8\" data-id=\"8cd62b8\" data-element_type=\"column\" data-e-type=\"column\">\n\t\t\t<div class=\"elementor-widget-wrap elementor-element-populated\">\n\t\t\t\t\t\t<div class=\"elementor-element elementor-element-f9d6a94 elementor-widget elementor-widget-text-editor\" data-id=\"f9d6a94\" data-element_type=\"widget\" data-e-type=\"widget\" data-widget_type=\"text-editor.default\">\n\t\t\t\t<div class=\"elementor-widget-container\">\n\t\t\t\t\t\t\t\t\t<section class=\"elementor-section elementor-top-section elementor-element elementor-element-8108340 elementor-section-stretched elementor-section-boxed elementor-section-height-default elementor-section-height-default\" data-id=\"8108340\" data-element_type=\"section\" data-settings=\"{\"stretch_section\":\"section-stretched\"}\">\n<div class=\"elementor-container elementor-column-gap-default\">\n<div class=\"elementor-row\">\n<div class=\"elementor-column elementor-col-100 elementor-top-column elementor-element elementor-element-4f327ce\" data-id=\"4f327ce\" data-element_type=\"column\">\n<div class=\"elementor-column-wrap elementor-element-populated\">\n<div class=\"elementor-widget-wrap\">\n<div class=\"elementor-element elementor-element-fff7826 elementor-widget elementor-widget-text-editor\" data-id=\"fff7826\" data-element_type=\"widget\" data-widget_type=\"text-editor.default\">\n<div class=\"elementor-widget-container\">\n<div class=\"elementor-text-editor elementor-clearfix\">\n<div class=\"article__intro\">\n<div class=\"article__intro-text\">\n<p class=\"intro\"><b>Enlever les taches de jus de fruits<\/b> &#8211; Le jus d&rsquo;orange fra\u00eechement press\u00e9 est un vrai d\u00e9lice pour le palais &#8211; et en plus, il est tr\u00e8s sain. Si seulement il ne laissait pas de taches terriblement tenaces. Mais avec le bon rem\u00e8de maison, vous pouvez \u00e9liminer avec succ\u00e8s aussi bien les taches de jus d&rsquo;orange que les autres taches de jus de fruits.<\/p>\n<\/div>\n<\/div>\n<div class=\"article__text-content\">\n<p><strong>Agir vite, c&rsquo;est agir \u00e0 moiti\u00e9<\/strong><\/p>\n<p>Comme pour toutes les taches, la r\u00e8gle suivante s&rsquo;applique aux taches de jus : plus vite vous les \u00e9liminez, plus vite le traitement sera couronn\u00e9 de succ\u00e8s. Aspirez imm\u00e9diatement les taches de jus fra\u00eeches sur les tapis, canap\u00e9s ou autres rembourrages avec des serviettes ou des mouchoirs en papier et lavez les restes avec un peu de lessive pour linge d\u00e9licat et de l&rsquo;eau chaude. La tache est partie.<br \/>En cas de taches de jus sur les textiles, vous devriez les enlever imm\u00e9diatement et les laver dans un peu d&rsquo;eau chaude avec de la lessive &#8211; cela devrait \u00e9galement suffire dans la plupart des cas.<\/p>\n<\/div>\n<\/div>\n<\/div>\n<\/div>\n<\/div>\n<\/div>\n<\/div>\n<\/div>\n<\/div>\n<\/section>\n\t\t\t\t\t\t\t\t<\/div>\n\t\t\t\t<\/div>\n\t\t\t\t\t<\/div>\n\t\t<\/div>\n\t\t\t\t\t<\/div>\n\t\t<\/section>\n\t\t\t\t<section class=\"elementor-section elementor-top-section elementor-element elementor-element-08b7a35 elementor-section-boxed elementor-section-height-default elementor-section-height-default\" data-id=\"08b7a35\" data-element_type=\"section\" data-e-type=\"section\">\n\t\t\t\t\t\t<div class=\"elementor-container elementor-column-gap-default\">\n\t\t\t\t\t<div class=\"elementor-column elementor-col-100 elementor-top-column elementor-element elementor-element-481bb0b\" data-id=\"481bb0b\" data-element_type=\"column\" data-e-type=\"column\">\n\t\t\t<div class=\"elementor-widget-wrap elementor-element-populated\">\n\t\t\t\t\t\t<div class=\"elementor-element elementor-element-c1f2523 elementor-widget elementor-widget-bdt-wc-products\" data-id=\"c1f2523\" data-element_type=\"widget\" data-e-type=\"widget\" data-widget_type=\"bdt-wc-products.default\">\n\t\t\t\t<div class=\"elementor-widget-container\">\n\t\t\t\t\t\t\t<div class=\"bdt-wc-products bdt-wc-products-skin-default\" data-settings=\"{&quot;posts_source&quot;:&quot;manual_selection&quot;,&quot;posts_per_page&quot;:&quot;8&quot;,&quot;ajax_item_load&quot;:4,&quot;posts_selected_ids&quot;:[&quot;67687&quot;,&quot;46845&quot;,&quot;46383&quot;,&quot;48311&quot;],&quot;posts_select_date&quot;:&quot;anytime&quot;,&quot;posts_orderby&quot;:&quot;date&quot;,&quot;posts_order&quot;:&quot;desc&quot;,&quot;show_badge&quot;:&quot;yes&quot;,&quot;show_title&quot;:&quot;yes&quot;,&quot;title_tags&quot;:&quot;h2&quot;,&quot;show_rating&quot;:&quot;yes&quot;,&quot;show_price&quot;:&quot;yes&quot;,&quot;show_cart&quot;:&quot;yes&quot;,&quot;paged&quot;:1,&quot;nonce&quot;:&quot;26832da157&quot;}\">\n\n\t\t\t<div class=\"bdt-alert-warning\" data-bdt-alert>Ops! There no product to display.<div>\n\t\t<\/div>\n\t\t\t\t\t\t\t\t<\/div>\n\t\t\t\t<\/div>\n\t\t\t\t\t<\/div>\n\t\t<\/div>\n\t\t\t\t\t<\/div>\n\t\t<\/section>\n\t\t\t\t<section class=\"elementor-section elementor-top-section elementor-element elementor-element-b81cdf0 elementor-section-boxed elementor-section-height-default elementor-section-height-default\" data-id=\"b81cdf0\" data-element_type=\"section\" data-e-type=\"section\">\n\t\t\t\t\t\t<div class=\"elementor-container elementor-column-gap-default\">\n\t\t\t\t\t<div class=\"elementor-column elementor-col-100 elementor-top-column elementor-element elementor-element-50d48d5\" data-id=\"50d48d5\" data-element_type=\"column\" data-e-type=\"column\">\n\t\t\t<div class=\"elementor-widget-wrap elementor-element-populated\">\n\t\t\t\t\t\t<div class=\"elementor-element elementor-element-2f97ae0 elementor-widget elementor-widget-text-editor\" data-id=\"2f97ae0\" data-element_type=\"widget\" data-e-type=\"widget\" data-widget_type=\"text-editor.default\">\n\t\t\t\t<div class=\"elementor-widget-container\">\n\t\t\t\t\t\t\t\t\t<section class=\"elementor-section elementor-top-section elementor-element elementor-element-8108340 elementor-section-stretched elementor-section-boxed elementor-section-height-default elementor-section-height-default\" data-id=\"8108340\" data-element_type=\"section\" data-settings=\"{\"stretch_section\":\"section-stretched\"}\">\n<div class=\"elementor-container elementor-column-gap-default\">\n<div class=\"elementor-row\">\n<div class=\"elementor-column elementor-col-100 elementor-top-column elementor-element elementor-element-4f327ce\" data-id=\"4f327ce\" data-element_type=\"column\">\n<div class=\"elementor-column-wrap elementor-element-populated\">\n<div class=\"elementor-widget-wrap\">\n<div class=\"elementor-element elementor-element-fff7826 elementor-widget elementor-widget-text-editor\" data-id=\"fff7826\" data-element_type=\"widget\" data-widget_type=\"text-editor.default\">\n<div class=\"elementor-widget-container\">\n<div class=\"elementor-text-editor elementor-clearfix\">\n<div class=\"article__text-content\">\n<p><strong>Traiter les taches de s\u00e8ve tenaces ou s\u00e8ches<\/strong><\/p>\n<p><strong>1. laisser tremper<\/strong><\/p>\n<p class=\"step\">Laissez tremper les taches de jus dans de l&rsquo;eau min\u00e9rale pendant une nuit. Pour ce faire, placez l&rsquo;ensemble du v\u00eatement dans de l&rsquo;eau min\u00e9rale et alourdissez-le de mani\u00e8re \u00e0 ce qu&rsquo;il soit enti\u00e8rement recouvert.<\/p>\n<p><strong>2. jus de citron ou essence de vinaigre<\/strong><\/p>\n<p class=\"step\">L&rsquo;acidit\u00e9 de l&rsquo;essence de vinaigre ou du <a href=\"https:\/\/www.zentrum-der-gesundheit.de\/zitrone.html\" target=\"_blank\" rel=\"noopener\">jus de citron<\/a> dissout les tanins du jus de fruit. L&rsquo;essence de vinaigre contient 25% d&rsquo;acide, alors que le jus de citron n&rsquo;en contient qu&rsquo;environ 5 \u00e0 10% &#8211; l&rsquo;essence de vinaigre est donc un peu plus efficace pour \u00e9liminer les taches.<\/p>\n<p class=\"step\">Versez une gorg\u00e9e pure sur la tache et laissez agir l&rsquo;acide pendant 10 \u00e0 15 minutes. Frottez ensuite le tissu l&rsquo;un contre l&rsquo;autre ou (pour les tapis et les rembourrages) brossez-le avec une brosse et lavez ensuite l&rsquo;acide.<\/p>\n<p class=\"step\">Pour le tapis, tamponnez la zone avec un chiffon, ajoutez un peu d&rsquo;eau et tamponnez \u00e0 nouveau jusqu&rsquo;\u00e0 ce que la tache ait pratiquement disparu.<\/p>\n<p><strong>3. lavage<\/strong><\/p>\n<p class=\"step\">Mettez ensuite les textiles en machine et lavez-les comme d&rsquo;habitude. Pour un meilleur r\u00e9sultat, ajoutez encore un peu d&rsquo;acide sur la tache avant de mettre les textiles dans la machine \u00e0 laver et lavez-les sans rincer le produit.<\/p>\n<p class=\"step\">Nettoyez soigneusement le tapis ou le canap\u00e9 avec un peu de lessive pour linge d\u00e9licat et de l&rsquo;eau chaude.<\/p>\n<\/div>\n<\/div>\n<\/div>\n<\/div>\n<\/div>\n<\/div>\n<\/div>\n<\/div>\n<\/div>\n<\/section>\n<section class=\"elementor-section elementor-top-section elementor-element elementor-element-137baaf elementor-section-boxed elementor-section-height-default elementor-section-height-default\" data-id=\"137baaf\" data-element_type=\"section\">\n<div class=\"elementor-container elementor-column-gap-default\">\n<div class=\"elementor-row\">\n<div class=\"elementor-column elementor-col-100 elementor-top-column elementor-element elementor-element-b865890\" data-id=\"b865890\" data-element_type=\"column\">\n<div class=\"elementor-column-wrap elementor-element-populated\">\n<div class=\"elementor-widget-wrap\">\n<div class=\"elementor-element elementor-element-4091482 elementor-widget elementor-widget-heading\" data-id=\"4091482\" data-element_type=\"widget\" data-widget_type=\"heading.default\">\n<div class=\"elementor-widget-container\">\n<h2 class=\"elementor-heading-title elementor-size-default\">\u00c9liminer les taches de jus de fruits &#8211; voici comment ne laisser aucune chance \u00e0 la tache<\/h2>\n<\/div>\n<\/div>\n<\/div>\n<\/div>\n<\/div>\n<\/div>\n<\/div>\n<\/section>\n<section class=\"elementor-section elementor-top-section elementor-element elementor-element-5bb3d5d elementor-section-boxed elementor-section-height-default elementor-section-height-default\" data-id=\"5bb3d5d\" data-element_type=\"section\">\n<div class=\"elementor-container elementor-column-gap-default\">\n<div class=\"elementor-row\">\n<div class=\"elementor-column elementor-col-100 elementor-top-column elementor-element elementor-element-019c525\" data-id=\"019c525\" data-element_type=\"column\">\n<div class=\"elementor-column-wrap elementor-element-populated\">\n<div class=\"elementor-widget-wrap\">\n<div class=\"elementor-element elementor-element-2cc4a4e elementor-widget elementor-widget-text-editor\" data-id=\"2cc4a4e\" data-element_type=\"widget\" data-widget_type=\"text-editor.default\">\n<div class=\"elementor-widget-container\">\n<div class=\"elementor-text-editor elementor-clearfix\">\n<p>Vous avez d&rsquo;autres taches \u00e0 \u00e9liminer ? Lisez notre <strong><br \/>\n  <a href=\"https:\/\/wiladu.de\/wiladu-fleckenratgeber\/\">Guide des taches<\/a><br \/>\n<\/strong> pour des r\u00e9sultats optimaux.<\/p>\n<\/div>\n<\/div>\n<\/div>\n<\/div>\n<\/div>\n<\/div>\n<\/div>\n<\/div>\n<\/section>\n\t\t\t\t\t\t\t\t<\/div>\n\t\t\t\t<\/div>\n\t\t\t\t\t<\/div>\n\t\t<\/div>\n\t\t\t\t\t<\/div>\n\t\t<\/section>\n\t\t\t\t<\/div>\n\t\t","protected":false},"excerpt":{"rendered":"<p>\u00e9liminer les taches de jus de fruits Conseils de professionnels pour l&rsquo;\u00e9limination des taches de jus de fruits Enlever les taches de jus de fruits &#8211; Le jus d&rsquo;orange fra\u00eechement press\u00e9 est un vrai d\u00e9lice pour le palais &#8211; et en plus, il est tr\u00e8s sain. Si seulement il ne laissait pas de taches terriblement [&hellip;]<\/p>\n","protected":false},"author":1,"featured_media":0,"parent":0,"menu_order":0,"comment_status":"closed","ping_status":"closed","template":"elementor_header_footer","meta":{"footnotes":""},"class_list":["post-91279","page","type-page","status-publish","hentry"],"_links":{"self":[{"href":"https:\/\/wiladu.de\/fr\/wp-json\/wp\/v2\/pages\/91279","targetHints":{"allow":["GET"]}}],"collection":[{"href":"https:\/\/wiladu.de\/fr\/wp-json\/wp\/v2\/pages"}],"about":[{"href":"https:\/\/wiladu.de\/fr\/wp-json\/wp\/v2\/types\/page"}],"author":[{"embeddable":true,"href":"https:\/\/wiladu.de\/fr\/wp-json\/wp\/v2\/users\/1"}],"replies":[{"embeddable":true,"href":"https:\/\/wiladu.de\/fr\/wp-json\/wp\/v2\/comments?post=91279"}],"version-history":[{"count":1,"href":"https:\/\/wiladu.de\/fr\/wp-json\/wp\/v2\/pages\/91279\/revisions"}],"predecessor-version":[{"id":91280,"href":"https:\/\/wiladu.de\/fr\/wp-json\/wp\/v2\/pages\/91279\/revisions\/91280"}],"wp:attachment":[{"href":"https:\/\/wiladu.de\/fr\/wp-json\/wp\/v2\/media?parent=91279"}],"curies":[{"name":"wp","href":"https:\/\/api.w.org\/{rel}","templated":true}]}}