{"id":105020,"date":"2022-04-05T10:59:48","date_gmt":"2022-04-05T10:59:48","guid":{"rendered":"https:\/\/wiladu.de\/?page_id=105020"},"modified":"2023-09-08T12:02:19","modified_gmt":"2023-09-08T12:02:19","slug":"sac-pour-le-linge-sale-jardin-denfants","status":"publish","type":"page","link":"https:\/\/wiladu.de\/fr\/sac-pour-le-linge-sale-jardin-denfants\/","title":{"rendered":"Sac pour le linge sale Jardin d&rsquo;enfants"},"content":{"rendered":"\t\t<div data-elementor-type=\"wp-page\" data-elementor-id=\"105020\" class=\"elementor elementor-105020 elementor-62448\" data-elementor-settings=\"{&quot;element_pack_global_tooltip_width&quot;:{&quot;unit&quot;:&quot;px&quot;,&quot;size&quot;:&quot;&quot;,&quot;sizes&quot;:[]},&quot;element_pack_global_tooltip_width_tablet&quot;:{&quot;unit&quot;:&quot;px&quot;,&quot;size&quot;:&quot;&quot;,&quot;sizes&quot;:[]},&quot;element_pack_global_tooltip_width_mobile&quot;:{&quot;unit&quot;:&quot;px&quot;,&quot;size&quot;:&quot;&quot;,&quot;sizes&quot;:[]},&quot;element_pack_global_tooltip_padding&quot;:{&quot;unit&quot;:&quot;px&quot;,&quot;top&quot;:&quot;&quot;,&quot;right&quot;:&quot;&quot;,&quot;bottom&quot;:&quot;&quot;,&quot;left&quot;:&quot;&quot;,&quot;isLinked&quot;:true},&quot;element_pack_global_tooltip_padding_tablet&quot;:{&quot;unit&quot;:&quot;px&quot;,&quot;top&quot;:&quot;&quot;,&quot;right&quot;:&quot;&quot;,&quot;bottom&quot;:&quot;&quot;,&quot;left&quot;:&quot;&quot;,&quot;isLinked&quot;:true},&quot;element_pack_global_tooltip_padding_mobile&quot;:{&quot;unit&quot;:&quot;px&quot;,&quot;top&quot;:&quot;&quot;,&quot;right&quot;:&quot;&quot;,&quot;bottom&quot;:&quot;&quot;,&quot;left&quot;:&quot;&quot;,&quot;isLinked&quot;:true},&quot;element_pack_global_tooltip_border_radius&quot;:{&quot;unit&quot;:&quot;px&quot;,&quot;top&quot;:&quot;&quot;,&quot;right&quot;:&quot;&quot;,&quot;bottom&quot;:&quot;&quot;,&quot;left&quot;:&quot;&quot;,&quot;isLinked&quot;:true},&quot;element_pack_global_tooltip_border_radius_tablet&quot;:{&quot;unit&quot;:&quot;px&quot;,&quot;top&quot;:&quot;&quot;,&quot;right&quot;:&quot;&quot;,&quot;bottom&quot;:&quot;&quot;,&quot;left&quot;:&quot;&quot;,&quot;isLinked&quot;:true},&quot;element_pack_global_tooltip_border_radius_mobile&quot;:{&quot;unit&quot;:&quot;px&quot;,&quot;top&quot;:&quot;&quot;,&quot;right&quot;:&quot;&quot;,&quot;bottom&quot;:&quot;&quot;,&quot;left&quot;:&quot;&quot;,&quot;isLinked&quot;:true}}\" data-elementor-post-type=\"page\">\n\t\t\t\t\t\t<section class=\"elementor-section elementor-top-section elementor-element elementor-element-b987b0e elementor-section-full_width elementor-section-height-default elementor-section-height-default\" data-id=\"b987b0e\" data-element_type=\"section\" data-e-type=\"section\">\n\t\t\t\t\t\t<div class=\"elementor-container elementor-column-gap-no\">\n\t\t\t\t\t<div class=\"elementor-column elementor-col-100 elementor-top-column elementor-element elementor-element-b6cf6d0\" data-id=\"b6cf6d0\" data-element_type=\"column\" data-e-type=\"column\">\n\t\t\t<div class=\"elementor-widget-wrap elementor-element-populated\">\n\t\t\t\t\t\t<div class=\"elementor-element elementor-element-170c047 elementor-widget elementor-widget-heading\" data-id=\"170c047\" data-element_type=\"widget\" data-e-type=\"widget\" data-widget_type=\"heading.default\">\n\t\t\t\t<div class=\"elementor-widget-container\">\n\t\t\t\t\t<h2 class=\"elementor-heading-title elementor-size-default\">Sac pour le linge sale Jardin d'enfants<\/h2>\t\t\t\t<\/div>\n\t\t\t\t<\/div>\n\t\t\t\t\t<\/div>\n\t\t<\/div>\n\t\t\t\t\t<\/div>\n\t\t<\/section>\n\t\t\t\t<section class=\"elementor-section elementor-top-section elementor-element elementor-element-f393ae3 elementor-section-full_width elementor-section-height-default elementor-section-height-default\" data-id=\"f393ae3\" data-element_type=\"section\" data-e-type=\"section\">\n\t\t\t\t\t\t<div class=\"elementor-container elementor-column-gap-default\">\n\t\t\t\t\t<div class=\"elementor-column elementor-col-100 elementor-top-column elementor-element elementor-element-36fe681\" data-id=\"36fe681\" data-element_type=\"column\" data-e-type=\"column\">\n\t\t\t<div class=\"elementor-widget-wrap elementor-element-populated\">\n\t\t\t\t\t\t<div class=\"elementor-element elementor-element-871cee7 elementor-widget elementor-widget-text-editor\" data-id=\"871cee7\" data-element_type=\"widget\" data-e-type=\"widget\" data-widget_type=\"text-editor.default\">\n\t\t\t\t<div class=\"elementor-widget-container\">\n\t\t\t\t\t\t\t\t\t<p>Les sacs \u00e0 linge sale pour la maternelle sont extr\u00eamement utiles et pr\u00e9cieux pour \u00e9viter et r\u00e9duire les d\u00e9chets de sacs en plastique. Ce qu&rsquo;il y a de bien avec ces sacs, c&rsquo;est que vous pouvez les r\u00e9utiliser encore et encore, et leur nettoyage est tr\u00e8s simple. Il vous suffit de mettre le sac dans la machine \u00e0 laver et de le laver avec le reste du linge. La m\u00e9thode la plus simple consiste \u00e0 simplement ouvrir le sac et \u00e0 y mettre son contenu, par exemple, les v\u00eatements mouill\u00e9s de votre enfant, dans la machine \u00e0 laver. Veillez simplement \u00e0 ne pas utiliser une temp\u00e9rature de lavage trop \u00e9lev\u00e9e, car cela pourrait d\u00e9former le tissu PUL, et dans le pire des cas, le sac pourrait ne plus se fermer correctement.<\/p>\t\t\t\t\t\t\t\t<\/div>\n\t\t\t\t<\/div>\n\t\t\t\t\t<\/div>\n\t\t<\/div>\n\t\t\t\t\t<\/div>\n\t\t<\/section>\n\t\t\t\t<section class=\"elementor-section elementor-top-section elementor-element elementor-element-a5946aa elementor-section-full_width elementor-section-height-default elementor-section-height-default\" data-id=\"a5946aa\" data-element_type=\"section\" data-e-type=\"section\">\n\t\t\t\t\t\t<div class=\"elementor-container elementor-column-gap-no\">\n\t\t\t\t\t<div class=\"elementor-column elementor-col-100 elementor-top-column elementor-element elementor-element-187dbb8\" data-id=\"187dbb8\" data-element_type=\"column\" data-e-type=\"column\">\n\t\t\t<div class=\"elementor-widget-wrap elementor-element-populated\">\n\t\t\t\t\t\t<div class=\"elementor-element elementor-element-abd64ab elementor-widget elementor-widget-image\" data-id=\"abd64ab\" data-element_type=\"widget\" data-e-type=\"widget\" data-widget_type=\"image.default\">\n\t\t\t\t<div class=\"elementor-widget-container\">\n\t\t\t\t\t\t\t\t\t\t\t\t\t\t\t<img fetchpriority=\"high\" decoding=\"async\" width=\"600\" height=\"600\" src=\"https:\/\/wiladu.de\/wp-content\/uploads\/2021\/10\/TotsBotsNasstasche_Streifen.jpg\" class=\"attachment-large size-large wp-image-56298\" alt=\"Beutel f\u00fcr Schmutzw\u00e4sche Kita\" srcset=\"https:\/\/wiladu.de\/wp-content\/uploads\/2021\/10\/TotsBotsNasstasche_Streifen.jpg 600w, https:\/\/wiladu.de\/wp-content\/uploads\/2021\/10\/TotsBotsNasstasche_Streifen-300x300.jpg 300w, https:\/\/wiladu.de\/wp-content\/uploads\/2021\/10\/TotsBotsNasstasche_Streifen-150x150.jpg 150w, https:\/\/wiladu.de\/wp-content\/uploads\/2021\/10\/TotsBotsNasstasche_Streifen-441x441.jpg 441w\" sizes=\"(max-width: 360px) 147px, (max-width: 600px) 100vw, 600px\" title=\"\">\t\t\t\t\t\t\t\t\t\t\t\t\t\t\t<\/div>\n\t\t\t\t<\/div>\n\t\t\t\t\t<\/div>\n\t\t<\/div>\n\t\t\t\t\t<\/div>\n\t\t<\/section>\n\t\t\t\t<section class=\"elementor-section elementor-top-section elementor-element elementor-element-836e5b7 elementor-section-boxed elementor-section-height-default elementor-section-height-default\" data-id=\"836e5b7\" data-element_type=\"section\" data-e-type=\"section\">\n\t\t\t\t\t\t<div class=\"elementor-container elementor-column-gap-default\">\n\t\t\t\t\t<div class=\"elementor-column elementor-col-100 elementor-top-column elementor-element elementor-element-315dfcc\" data-id=\"315dfcc\" data-element_type=\"column\" data-e-type=\"column\">\n\t\t\t<div class=\"elementor-widget-wrap elementor-element-populated\">\n\t\t\t\t\t\t<div class=\"elementor-element elementor-element-4e73ae8 elementor-widget elementor-widget-heading\" data-id=\"4e73ae8\" data-element_type=\"widget\" data-e-type=\"widget\" data-widget_type=\"heading.default\">\n\t\t\t\t<div class=\"elementor-widget-container\">\n\t\t\t\t\t<h2 class=\"elementor-heading-title elementor-size-default\">Sac \u00e0 linge sale pour jardin d'enfants - un choix judicieux<\/h2>\t\t\t\t<\/div>\n\t\t\t\t<\/div>\n\t\t\t\t\t<\/div>\n\t\t<\/div>\n\t\t\t\t\t<\/div>\n\t\t<\/section>\n\t\t\t\t<section class=\"elementor-section elementor-top-section elementor-element elementor-element-16f64d1 elementor-section-full_width elementor-section-height-default elementor-section-height-default\" data-id=\"16f64d1\" data-element_type=\"section\" data-e-type=\"section\">\n\t\t\t\t\t\t<div class=\"elementor-container elementor-column-gap-default\">\n\t\t\t\t\t<div class=\"elementor-column elementor-col-100 elementor-top-column elementor-element elementor-element-53abf09\" data-id=\"53abf09\" data-element_type=\"column\" data-e-type=\"column\">\n\t\t\t<div class=\"elementor-widget-wrap elementor-element-populated\">\n\t\t\t\t\t\t<div class=\"elementor-element elementor-element-2c83725 elementor-widget elementor-widget-text-editor\" data-id=\"2c83725\" data-element_type=\"widget\" data-e-type=\"widget\" data-widget_type=\"text-editor.default\">\n\t\t\t\t<div class=\"elementor-widget-container\">\n\t\t\t\t\t\t\t\t\t<p>Il est merveilleux que de plus en plus de fournisseurs et de fabricants reconnaissent la n\u00e9cessit\u00e9 de ces sacs. Cela a conduit \u00e0 ce que de plus en plus de ces fabricants proposent des produits de haute qualit\u00e9 sur le march\u00e9, dont vous b\u00e9n\u00e9ficiez non seulement, mais aussi votre portefeuille, et bien s\u00fbr, en termes de durabilit\u00e9, l&rsquo;environnement en b\u00e9n\u00e9ficie \u00e9galement. La s\u00e9lection de ces sacs est pratiquement illimit\u00e9e. Vous pouvez choisir parmi une vari\u00e9t\u00e9 de designs et de tailles. Dans notre boutique, ces sacs \u00e0 linge sont r\u00e9pertori\u00e9s sous les cat\u00e9gories \u00ab\u00a0wetbags\u00a0\u00bb. Nous vous offrons \u00e9galement la possibilit\u00e9 de les acheter en paquet double, car il est toujours judicieux d&rsquo;avoir une r\u00e9serve lorsque, par exemple, un sac wetbag est actuellement en train d&rsquo;\u00eatre lav\u00e9.<\/p><p>Et bien s\u00fbr, ces sacs wetbags ne conviennent pas seulement \u00e0 la maternelle. Ils peuvent \u00e9galement \u00eatre utilis\u00e9s avec les assistantes maternelles, et de plus en plus, les parents et les familles optent pour ces articles pratiques pour les loisirs. Un exemple populaire dans ce domaine est une sortie \u00e0 la piscine ou au lac. Lorsque les couches de bain ou les v\u00eatements mouill\u00e9s se mouillent, il n&rsquo;y a pas de meilleure option que d&rsquo;utiliser un tel sac wetbag. Vous avez deux avantages principaux. Tout d&rsquo;abord, le sac est absolument \u00e9tanche. L&rsquo;humidit\u00e9 ne peut pas s&rsquo;en \u00e9chapper, gr\u00e2ce \u00e0 la doublure \u00e0 l&rsquo;int\u00e9rieur. Le deuxi\u00e8me avantage significatif est que les odeurs ne peuvent pas non plus s&rsquo;\u00e9chapper. Donc, s&rsquo;il y a jamais un accident, vous pouvez toujours compter sur ce sac pour vous prot\u00e9ger.<\/p><p>Si vous \u00eates int\u00e9ress\u00e9 par la pr\u00e9servation de l&rsquo;environnement tout en faisant quelque chose de positif pour votre portefeuille, vous devriez jeter un coup d&rsquo;\u0153il \u00e0 la fantastique s\u00e9lection de nos sacs wetbags d\u00e8s maintenant. Si vous avez des questions, n&rsquo;h\u00e9sitez pas \u00e0 nous contacter \u00e0 tout moment. Nous sommes toujours l\u00e0 pour vous aider.<\/p>\t\t\t\t\t\t\t\t<\/div>\n\t\t\t\t<\/div>\n\t\t\t\t\t<\/div>\n\t\t<\/div>\n\t\t\t\t\t<\/div>\n\t\t<\/section>\n\t\t\t\t<section class=\"elementor-section elementor-top-section elementor-element elementor-element-bd42bc8 elementor-section-full_width elementor-section-height-default elementor-section-height-default\" data-id=\"bd42bc8\" data-element_type=\"section\" data-e-type=\"section\">\n\t\t\t\t\t\t<div class=\"elementor-container elementor-column-gap-no\">\n\t\t\t\t\t<div class=\"elementor-column elementor-col-100 elementor-top-column elementor-element elementor-element-8a5c813\" data-id=\"8a5c813\" data-element_type=\"column\" data-e-type=\"column\">\n\t\t\t<div class=\"elementor-widget-wrap elementor-element-populated\">\n\t\t\t\t\t\t<div class=\"elementor-element elementor-element-a3ace5c elementor-widget elementor-widget-bdt-wc-products\" data-id=\"a3ace5c\" data-element_type=\"widget\" data-e-type=\"widget\" data-widget_type=\"bdt-wc-products.default\">\n\t\t\t\t<div class=\"elementor-widget-container\">\n\t\t\t\t\t\t\t<div class=\"bdt-wc-products bdt-wc-products-skin-default\" data-settings=\"{&quot;posts_source&quot;:&quot;manual_selection&quot;,&quot;posts_per_page&quot;:6,&quot;ajax_item_load&quot;:4,&quot;posts_selected_ids&quot;:[&quot;47013&quot;,&quot;47693&quot;,&quot;47390&quot;],&quot;posts_select_date&quot;:&quot;anytime&quot;,&quot;posts_orderby&quot;:&quot;date&quot;,&quot;posts_order&quot;:&quot;desc&quot;,&quot;hide_out_stock&quot;:&quot;yes&quot;,&quot;show_badge&quot;:&quot;yes&quot;,&quot;show_title&quot;:&quot;yes&quot;,&quot;title_tags&quot;:&quot;h2&quot;,&quot;show_rating&quot;:&quot;yes&quot;,&quot;show_price&quot;:&quot;yes&quot;,&quot;show_cart&quot;:&quot;yes&quot;,&quot;paged&quot;:1,&quot;nonce&quot;:&quot;b92ad66b11&quot;}\">\n\n\t\t\t<div class=\"bdt-alert-warning\" data-bdt-alert>Ops! There no product to display.<div>\n\t\t<\/div>\n\t\t\t\t\t\t\t\t<\/div>\n\t\t\t\t<\/div>\n\t\t\t\t\t<\/div>\n\t\t<\/div>\n\t\t\t\t\t<\/div>\n\t\t<\/section>\n\t\t\t\t<\/div>\n\t\t","protected":false},"excerpt":{"rendered":"<p>Sac pour le linge sale Jardin d&rsquo;enfants Les sacs \u00e0 linge sale pour la maternelle sont extr\u00eamement utiles et pr\u00e9cieux pour \u00e9viter et r\u00e9duire les d\u00e9chets de sacs en plastique. Ce qu&rsquo;il y a de bien avec ces sacs, c&rsquo;est que vous pouvez les r\u00e9utiliser encore et encore, et leur nettoyage est tr\u00e8s simple. Il [&hellip;]<\/p>\n","protected":false},"author":1,"featured_media":0,"parent":0,"menu_order":0,"comment_status":"closed","ping_status":"closed","template":"elementor_header_footer","meta":{"footnotes":""},"class_list":["post-105020","page","type-page","status-publish","hentry"],"_links":{"self":[{"href":"https:\/\/wiladu.de\/fr\/wp-json\/wp\/v2\/pages\/105020","targetHints":{"allow":["GET"]}}],"collection":[{"href":"https:\/\/wiladu.de\/fr\/wp-json\/wp\/v2\/pages"}],"about":[{"href":"https:\/\/wiladu.de\/fr\/wp-json\/wp\/v2\/types\/page"}],"author":[{"embeddable":true,"href":"https:\/\/wiladu.de\/fr\/wp-json\/wp\/v2\/users\/1"}],"replies":[{"embeddable":true,"href":"https:\/\/wiladu.de\/fr\/wp-json\/wp\/v2\/comments?post=105020"}],"version-history":[{"count":4,"href":"https:\/\/wiladu.de\/fr\/wp-json\/wp\/v2\/pages\/105020\/revisions"}],"predecessor-version":[{"id":105024,"href":"https:\/\/wiladu.de\/fr\/wp-json\/wp\/v2\/pages\/105020\/revisions\/105024"}],"wp:attachment":[{"href":"https:\/\/wiladu.de\/fr\/wp-json\/wp\/v2\/media?parent=105020"}],"curies":[{"name":"wp","href":"https:\/\/api.w.org\/{rel}","templated":true}]}}