{"id":100318,"date":"2023-01-30T10:43:38","date_gmt":"2023-01-30T10:43:38","guid":{"rendered":"https:\/\/wiladu.de\/?page_id=100318"},"modified":"2023-04-25T12:30:32","modified_gmt":"2023-04-25T12:30:32","slug":"eliminer-les-taches-de-cafe","status":"publish","type":"page","link":"https:\/\/wiladu.de\/fr\/eliminer-les-taches-de-cafe\/","title":{"rendered":"\u00c9liminer les taches de caf\u00e9"},"content":{"rendered":"\t\t<div data-elementor-type=\"wp-page\" data-elementor-id=\"100318\" class=\"elementor elementor-100318 elementor-91042\" data-elementor-settings=\"{&quot;element_pack_global_tooltip_width&quot;:{&quot;unit&quot;:&quot;px&quot;,&quot;size&quot;:&quot;&quot;,&quot;sizes&quot;:[]},&quot;element_pack_global_tooltip_width_tablet&quot;:{&quot;unit&quot;:&quot;px&quot;,&quot;size&quot;:&quot;&quot;,&quot;sizes&quot;:[]},&quot;element_pack_global_tooltip_width_mobile&quot;:{&quot;unit&quot;:&quot;px&quot;,&quot;size&quot;:&quot;&quot;,&quot;sizes&quot;:[]},&quot;element_pack_global_tooltip_padding&quot;:{&quot;unit&quot;:&quot;px&quot;,&quot;top&quot;:&quot;&quot;,&quot;right&quot;:&quot;&quot;,&quot;bottom&quot;:&quot;&quot;,&quot;left&quot;:&quot;&quot;,&quot;isLinked&quot;:true},&quot;element_pack_global_tooltip_padding_tablet&quot;:{&quot;unit&quot;:&quot;px&quot;,&quot;top&quot;:&quot;&quot;,&quot;right&quot;:&quot;&quot;,&quot;bottom&quot;:&quot;&quot;,&quot;left&quot;:&quot;&quot;,&quot;isLinked&quot;:true},&quot;element_pack_global_tooltip_padding_mobile&quot;:{&quot;unit&quot;:&quot;px&quot;,&quot;top&quot;:&quot;&quot;,&quot;right&quot;:&quot;&quot;,&quot;bottom&quot;:&quot;&quot;,&quot;left&quot;:&quot;&quot;,&quot;isLinked&quot;:true},&quot;element_pack_global_tooltip_border_radius&quot;:{&quot;unit&quot;:&quot;px&quot;,&quot;top&quot;:&quot;&quot;,&quot;right&quot;:&quot;&quot;,&quot;bottom&quot;:&quot;&quot;,&quot;left&quot;:&quot;&quot;,&quot;isLinked&quot;:true},&quot;element_pack_global_tooltip_border_radius_tablet&quot;:{&quot;unit&quot;:&quot;px&quot;,&quot;top&quot;:&quot;&quot;,&quot;right&quot;:&quot;&quot;,&quot;bottom&quot;:&quot;&quot;,&quot;left&quot;:&quot;&quot;,&quot;isLinked&quot;:true},&quot;element_pack_global_tooltip_border_radius_mobile&quot;:{&quot;unit&quot;:&quot;px&quot;,&quot;top&quot;:&quot;&quot;,&quot;right&quot;:&quot;&quot;,&quot;bottom&quot;:&quot;&quot;,&quot;left&quot;:&quot;&quot;,&quot;isLinked&quot;:true}}\" data-elementor-post-type=\"page\">\n\t\t\t\t\t\t<section class=\"elementor-section elementor-top-section elementor-element elementor-element-68eb241 elementor-section-boxed elementor-section-height-default elementor-section-height-default\" data-id=\"68eb241\" data-element_type=\"section\" data-e-type=\"section\">\n\t\t\t\t\t\t<div class=\"elementor-container elementor-column-gap-default\">\n\t\t\t\t\t<div class=\"elementor-column elementor-col-100 elementor-top-column elementor-element elementor-element-40a530a\" data-id=\"40a530a\" data-element_type=\"column\" data-e-type=\"column\">\n\t\t\t<div class=\"elementor-widget-wrap elementor-element-populated\">\n\t\t\t\t\t\t<div class=\"elementor-element elementor-element-b0dc838 elementor-widget elementor-widget-heading\" data-id=\"b0dc838\" data-element_type=\"widget\" data-e-type=\"widget\" data-widget_type=\"heading.default\">\n\t\t\t\t<div class=\"elementor-widget-container\">\n\t\t\t\t\t<h1 class=\"elementor-heading-title elementor-size-default\">\u00c9liminer les taches de caf\u00e9<\/h1>\t\t\t\t<\/div>\n\t\t\t\t<\/div>\n\t\t\t\t\t<\/div>\n\t\t<\/div>\n\t\t\t\t\t<\/div>\n\t\t<\/section>\n\t\t\t\t<section class=\"elementor-section elementor-top-section elementor-element elementor-element-4ce5201 elementor-section-boxed elementor-section-height-default elementor-section-height-default\" data-id=\"4ce5201\" data-element_type=\"section\" data-e-type=\"section\">\n\t\t\t\t\t\t<div class=\"elementor-container elementor-column-gap-default\">\n\t\t\t\t\t<div class=\"elementor-column elementor-col-100 elementor-top-column elementor-element elementor-element-b3d971e\" data-id=\"b3d971e\" data-element_type=\"column\" data-e-type=\"column\">\n\t\t\t<div class=\"elementor-widget-wrap elementor-element-populated\">\n\t\t\t\t\t\t<div class=\"elementor-element elementor-element-c75557f elementor-widget elementor-widget-heading\" data-id=\"c75557f\" data-element_type=\"widget\" data-e-type=\"widget\" data-widget_type=\"heading.default\">\n\t\t\t\t<div class=\"elementor-widget-container\">\n\t\t\t\t\t<h4 class=\"elementor-heading-title elementor-size-default\">Conseils de professionnels pour l'\u00e9limination des taches de caf\u00e9\n<\/h4>\t\t\t\t<\/div>\n\t\t\t\t<\/div>\n\t\t\t\t\t<\/div>\n\t\t<\/div>\n\t\t\t\t\t<\/div>\n\t\t<\/section>\n\t\t\t\t<section class=\"elementor-section elementor-top-section elementor-element elementor-element-cb26c03 elementor-section-boxed elementor-section-height-default elementor-section-height-default\" data-id=\"cb26c03\" data-element_type=\"section\" data-e-type=\"section\">\n\t\t\t\t\t\t<div class=\"elementor-container elementor-column-gap-default\">\n\t\t\t\t\t<div class=\"elementor-column elementor-col-100 elementor-top-column elementor-element elementor-element-5bee498\" data-id=\"5bee498\" data-element_type=\"column\" data-e-type=\"column\">\n\t\t\t<div class=\"elementor-widget-wrap elementor-element-populated\">\n\t\t\t\t\t\t<div class=\"elementor-element elementor-element-ef6415a elementor-widget elementor-widget-image\" data-id=\"ef6415a\" data-element_type=\"widget\" data-e-type=\"widget\" data-widget_type=\"image.default\">\n\t\t\t\t<div class=\"elementor-widget-container\">\n\t\t\t\t\t\t\t\t\t\t\t\t\t\t\t<img fetchpriority=\"high\" decoding=\"async\" width=\"800\" height=\"533\" src=\"https:\/\/wiladu.de\/wp-content\/uploads\/2023\/01\/Kaffeeflecken-entfernen-800x533.jpg\" class=\"attachment-woocommerce_single size-woocommerce_single wp-image-91050\" alt=\"Kaffeeflecken entfernen\" srcset=\"https:\/\/wiladu.de\/wp-content\/uploads\/2023\/01\/Kaffeeflecken-entfernen-800x533.jpg 800w, https:\/\/wiladu.de\/wp-content\/uploads\/2023\/01\/Kaffeeflecken-entfernen-300x200.jpg 300w, https:\/\/wiladu.de\/wp-content\/uploads\/2023\/01\/Kaffeeflecken-entfernen-1024x683.jpg 1024w, https:\/\/wiladu.de\/wp-content\/uploads\/2023\/01\/Kaffeeflecken-entfernen-768x512.jpg 768w, https:\/\/wiladu.de\/wp-content\/uploads\/2023\/01\/Kaffeeflecken-entfernen-990x660.jpg 990w, https:\/\/wiladu.de\/wp-content\/uploads\/2023\/01\/Kaffeeflecken-entfernen-441x294.jpg 441w, https:\/\/wiladu.de\/wp-content\/uploads\/2023\/01\/Kaffeeflecken-entfernen-150x100.jpg 150w, https:\/\/wiladu.de\/wp-content\/uploads\/2023\/01\/Kaffeeflecken-entfernen.jpg 1500w\" sizes=\"(max-width: 360px) 330px, (max-width: 800px) 100vw, 800px\" title=\"\">\t\t\t\t\t\t\t\t\t\t\t\t\t\t\t<\/div>\n\t\t\t\t<\/div>\n\t\t\t\t\t<\/div>\n\t\t<\/div>\n\t\t\t\t\t<\/div>\n\t\t<\/section>\n\t\t\t\t<section class=\"elementor-section elementor-top-section elementor-element elementor-element-733b9d8 elementor-section-boxed elementor-section-height-default elementor-section-height-default\" data-id=\"733b9d8\" data-element_type=\"section\" data-e-type=\"section\">\n\t\t\t\t\t\t<div class=\"elementor-container elementor-column-gap-default\">\n\t\t\t\t\t<div class=\"elementor-column elementor-col-100 elementor-top-column elementor-element elementor-element-7f7ebd8\" data-id=\"7f7ebd8\" data-element_type=\"column\" data-e-type=\"column\">\n\t\t\t<div class=\"elementor-widget-wrap elementor-element-populated\">\n\t\t\t\t\t\t<div class=\"elementor-element elementor-element-85db719 elementor-widget elementor-widget-text-editor\" data-id=\"85db719\" data-element_type=\"widget\" data-e-type=\"widget\" data-widget_type=\"text-editor.default\">\n\t\t\t\t<div class=\"elementor-widget-container\">\n\t\t\t\t\t\t\t\t\t<p>Les taches de caf\u00e9 sont in\u00e9vitables, mais heureusement, il existe un certain nombre de moyens de les \u00e9liminer. Que vous ayez renvers\u00e9 une tasse de caf\u00e9 sur vos v\u00eatements ou laiss\u00e9 une tache sur votre tapis ou votre canap\u00e9, il est important de savoir comment \u00e9liminer les taches rapidement et efficacement.<\/p><p>L&rsquo;une des premi\u00e8res \u00e9tapes pour \u00e9liminer les taches de caf\u00e9 est d&rsquo;agir le plus rapidement possible. Plus la tache est fra\u00eeche, plus il est facile de l&rsquo;\u00e9liminer. Commencez par absorber l&rsquo;exc\u00e9dent de caf\u00e9 avec un chiffon propre. N&rsquo;utilisez pas de serviettes en papier, car elles ne font que r\u00e9pandre la tache.<\/p>\t\t\t\t\t\t\t\t<\/div>\n\t\t\t\t<\/div>\n\t\t\t\t\t<\/div>\n\t\t<\/div>\n\t\t\t\t\t<\/div>\n\t\t<\/section>\n\t\t\t\t<section class=\"elementor-section elementor-top-section elementor-element elementor-element-78b6fe2 elementor-section-boxed elementor-section-height-default elementor-section-height-default\" data-id=\"78b6fe2\" data-element_type=\"section\" data-e-type=\"section\">\n\t\t\t\t\t\t<div class=\"elementor-container elementor-column-gap-default\">\n\t\t\t\t\t<div class=\"elementor-column elementor-col-100 elementor-top-column elementor-element elementor-element-535540a\" data-id=\"535540a\" data-element_type=\"column\" data-e-type=\"column\">\n\t\t\t<div class=\"elementor-widget-wrap elementor-element-populated\">\n\t\t\t\t\t\t<div class=\"elementor-element elementor-element-3e1a43a elementor-widget elementor-widget-heading\" data-id=\"3e1a43a\" data-element_type=\"widget\" data-e-type=\"widget\" data-widget_type=\"heading.default\">\n\t\t\t\t<div class=\"elementor-widget-container\">\n\t\t\t\t\t<h2 class=\"elementor-heading-title elementor-size-default\">Traiter et \u00e9liminer les taches de caf\u00e9 tenaces - voici ce qui compte<\/h2>\t\t\t\t<\/div>\n\t\t\t\t<\/div>\n\t\t\t\t\t<\/div>\n\t\t<\/div>\n\t\t\t\t\t<\/div>\n\t\t<\/section>\n\t\t\t\t<section class=\"elementor-section elementor-top-section elementor-element elementor-element-54a7f64 elementor-section-boxed elementor-section-height-default elementor-section-height-default\" data-id=\"54a7f64\" data-element_type=\"section\" data-e-type=\"section\">\n\t\t\t\t\t\t<div class=\"elementor-container elementor-column-gap-default\">\n\t\t\t\t\t<div class=\"elementor-column elementor-col-100 elementor-top-column elementor-element elementor-element-2f42e91\" data-id=\"2f42e91\" data-element_type=\"column\" data-e-type=\"column\">\n\t\t\t<div class=\"elementor-widget-wrap elementor-element-populated\">\n\t\t\t\t\t\t<div class=\"elementor-element elementor-element-09c4f96 elementor-widget elementor-widget-text-editor\" data-id=\"09c4f96\" data-element_type=\"widget\" data-e-type=\"widget\" data-widget_type=\"text-editor.default\">\n\t\t\t\t<div class=\"elementor-widget-container\">\n\t\t\t\t\t\t\t\t\t<ul><li>Agissez rapidement pour \u00e9liminer les taches de caf\u00e9 afin d&rsquo;\u00e9viter que la tache ne p\u00e9n\u00e8tre dans le tissu.<\/li><li>Utilisez un d\u00e9tachant en spray ou en poudre pour les taches de caf\u00e9 sur les v\u00eatements, mais v\u00e9rifiez d&rsquo;abord qu&rsquo;il est adapt\u00e9 au tissu.<\/li><li>L&rsquo;eau savonneuse peut \u00e9galement \u00eatre utilis\u00e9e pour \u00e9liminer les taches de caf\u00e9 sur les v\u00eatements.<\/li><li>Une solution d&rsquo;eau et de vinaigre ou de bicarbonate de soude et d&rsquo;eau peut \u00eatre utilis\u00e9e pour \u00e9liminer les taches de caf\u00e9 sur les tapis et les meubles.<\/li><li>Essayez toujours une petite partie discr\u00e8te du tissu avant d&rsquo;utiliser une m\u00e9thode d&rsquo;\u00e9limination des taches afin de vous assurer qu&rsquo;aucune d\u00e9coloration n&rsquo;appara\u00eet.<\/li><\/ul>\t\t\t\t\t\t\t\t<\/div>\n\t\t\t\t<\/div>\n\t\t\t\t\t<\/div>\n\t\t<\/div>\n\t\t\t\t\t<\/div>\n\t\t<\/section>\n\t\t\t\t<section class=\"elementor-section elementor-top-section elementor-element elementor-element-e634a46 elementor-section-boxed elementor-section-height-default elementor-section-height-default\" data-id=\"e634a46\" data-element_type=\"section\" data-e-type=\"section\">\n\t\t\t\t\t\t<div class=\"elementor-container elementor-column-gap-default\">\n\t\t\t\t\t<div class=\"elementor-column elementor-col-100 elementor-top-column elementor-element elementor-element-b4dc2a0\" data-id=\"b4dc2a0\" data-element_type=\"column\" data-e-type=\"column\">\n\t\t\t<div class=\"elementor-widget-wrap elementor-element-populated\">\n\t\t\t\t\t\t<div class=\"elementor-element elementor-element-6e32f2a elementor-widget elementor-widget-text-editor\" data-id=\"6e32f2a\" data-element_type=\"widget\" data-e-type=\"widget\" data-widget_type=\"text-editor.default\">\n\t\t\t\t<div class=\"elementor-widget-container\">\n\t\t\t\t\t\t\t\t\t<p>Si vous souhaitez \u00e9liminer les taches de caf\u00e9 sur les v\u00eatements, vous pouvez utiliser un spray ou une poudre d\u00e9tachante. Ces produits sont appliqu\u00e9s directement sur la tache et sont ensuite lav\u00e9s dans la machine \u00e0 laver. Il est toutefois important de v\u00e9rifier que le produit choisi est adapt\u00e9 au tissu de vos v\u00eatements.<\/p><p>Une autre astuce pour \u00e9liminer les taches de caf\u00e9 sur les v\u00eatements est de traiter la tache avec de l&rsquo;eau savonneuse. Utilisez pour cela une solution savonneuse que vous pr\u00e9parez avec du savon de toilette et de l&rsquo;eau. Appliquez la solution directement sur la tache et laissez-la agir pendant quelques minutes avant de laver les v\u00eatements en machine.<\/p><p>Si vous souhaitez \u00e9liminer les taches de caf\u00e9 sur les tapis ou les meubles, vous pouvez utiliser une solution d&rsquo;eau et de vinaigre. M\u00e9langez simplement des parts \u00e9gales d&rsquo;eau et de vinaigre et appliquez la solution sur la tache \u00e0 l&rsquo;aide d&rsquo;un chiffon propre. Laissez agir la solution pendant quelques minutes et essuyez ensuite la tache avec un chiffon propre.<\/p><p>Une autre astuce pour \u00e9liminer les taches de caf\u00e9 sur les tapis et les meubles est d&rsquo;utiliser une solution de bicarbonate de soude et d&rsquo;eau. M\u00e9langez pour cela une p\u00e2te de levure chimique et d&rsquo;eau et appliquez la p\u00e2te directement sur la tache. Laissez la p\u00e2te s&rsquo;impr\u00e9gner un peu et enlevez-la ensuite \u00e0 l&rsquo;eau claire.<\/p>\t\t\t\t\t\t\t\t<\/div>\n\t\t\t\t<\/div>\n\t\t\t\t\t<\/div>\n\t\t<\/div>\n\t\t\t\t\t<\/div>\n\t\t<\/section>\n\t\t\t\t<section class=\"elementor-section elementor-top-section elementor-element elementor-element-fb99bcf elementor-section-boxed elementor-section-height-default elementor-section-height-default\" data-id=\"fb99bcf\" data-element_type=\"section\" data-e-type=\"section\">\n\t\t\t\t\t\t<div class=\"elementor-container elementor-column-gap-default\">\n\t\t\t\t\t<div class=\"elementor-column elementor-col-100 elementor-top-column elementor-element elementor-element-97a93be\" data-id=\"97a93be\" data-element_type=\"column\" data-e-type=\"column\">\n\t\t\t<div class=\"elementor-widget-wrap elementor-element-populated\">\n\t\t\t\t\t\t<div class=\"elementor-element elementor-element-4698957 elementor-widget elementor-widget-text-editor\" data-id=\"4698957\" data-element_type=\"widget\" data-e-type=\"widget\" data-widget_type=\"text-editor.default\">\n\t\t\t\t<div class=\"elementor-widget-container\">\n\t\t\t\t\t\t\t\t\t<p>Vous avez d&rsquo;autres taches \u00e0 \u00e9liminer ? Consultez notre guide des taches pour des r\u00e9sultats optimaux.<\/p>\t\t\t\t\t\t\t\t<\/div>\n\t\t\t\t<\/div>\n\t\t\t\t\t<\/div>\n\t\t<\/div>\n\t\t\t\t\t<\/div>\n\t\t<\/section>\n\t\t\t\t<\/div>\n\t\t","protected":false},"excerpt":{"rendered":"<p>\u00c9liminer les taches de caf\u00e9 Conseils de professionnels pour l&rsquo;\u00e9limination des taches de caf\u00e9 Les taches de caf\u00e9 sont in\u00e9vitables, mais heureusement, il existe un certain nombre de moyens de les \u00e9liminer. Que vous ayez renvers\u00e9 une tasse de caf\u00e9 sur vos v\u00eatements ou laiss\u00e9 une tache sur votre tapis ou votre canap\u00e9, il est [&hellip;]<\/p>\n","protected":false},"author":1,"featured_media":0,"parent":0,"menu_order":0,"comment_status":"closed","ping_status":"closed","template":"elementor_header_footer","meta":{"footnotes":""},"class_list":["post-100318","page","type-page","status-publish","hentry"],"_links":{"self":[{"href":"https:\/\/wiladu.de\/fr\/wp-json\/wp\/v2\/pages\/100318","targetHints":{"allow":["GET"]}}],"collection":[{"href":"https:\/\/wiladu.de\/fr\/wp-json\/wp\/v2\/pages"}],"about":[{"href":"https:\/\/wiladu.de\/fr\/wp-json\/wp\/v2\/types\/page"}],"author":[{"embeddable":true,"href":"https:\/\/wiladu.de\/fr\/wp-json\/wp\/v2\/users\/1"}],"replies":[{"embeddable":true,"href":"https:\/\/wiladu.de\/fr\/wp-json\/wp\/v2\/comments?post=100318"}],"version-history":[{"count":4,"href":"https:\/\/wiladu.de\/fr\/wp-json\/wp\/v2\/pages\/100318\/revisions"}],"predecessor-version":[{"id":100322,"href":"https:\/\/wiladu.de\/fr\/wp-json\/wp\/v2\/pages\/100318\/revisions\/100322"}],"wp:attachment":[{"href":"https:\/\/wiladu.de\/fr\/wp-json\/wp\/v2\/media?parent=100318"}],"curies":[{"name":"wp","href":"https:\/\/api.w.org\/{rel}","templated":true}]}}