{"id":87706,"date":"2022-10-04T14:19:23","date_gmt":"2022-10-04T14:19:23","guid":{"rendered":"https:\/\/wiladu.de\/?post_type=product&#038;p=87706"},"modified":"2023-09-26T00:00:39","modified_gmt":"2023-09-26T00:00:39","slug":"silberthal-cafetera-prensa","status":"publish","type":"product","link":"https:\/\/wiladu.de\/es\/silberthal-cafetera-prensa\/","title":{"rendered":"Silberthal Cafetera Prensa Francesa 1 Litro &#8211; Acero inoxidable &#8211; Prensa de caf\u00e9 aislada de doble pared &#8211; Para 6-8 tazas &#8211; Negro"},"content":{"rendered":"<ul>\n<li>FATE IL VOSTRO CAFF\u00c8 &#8211; Mettete la polvere di caff\u00e8 nella caffettiera, versate l&#8217;acqua calda, lasciate che il caff\u00e8 si formi, premete lentamente lo stantuffo del filtro dall&#8217;alto. Godetevi il caff\u00e8!<\/li>\n<li>CAFF\u00c8 CALDO &#8211; La caraffa isolata a doppia parete mantiene il caff\u00e8 o il t\u00e8 caldo fino a 1 ora. Ora ancora meglio grazie al nuovo coperchio con effetto termico migliorato.<\/li>\n<li>FILTRO FINE &#8211; Non lascia residui nella tazza per un caff\u00e8 limpido e aromatico.<\/li>\n<li>CAPACIT\u00c0 1L &#8211; La grande caraffa contiene 6-8 tazze di delizioso caff\u00e8 o t\u00e8.<\/li>\n<li>NON CONFEZIONATO &#8211; Pulire diventa un gioco da ragazzi. Basta svitare il filtro e pulirlo a mano sotto l&#8217;acqua corrente.<\/li>\n<\/ul>\n<p>La French Press Silberthal \u00e8 una macchina da caff\u00e8 elegante e di alta qualit\u00e0, perfetta per ogni amante del frahling. Realizzata in resistente acciaio inossidabile, questa caffettiera \u00e8 costruita per durare nel tempo ed \u00e8 un&#8217;ottima aggiunta a qualsiasi cucina. Il design elegante e moderno della caffettiera \u00e8 perfetto su qualsiasi piano di lavoro e la finitura argento lucido aggiunge un tocco di eleganza a qualsiasi arredamento.<\/p>\n<p>Una delle caratteristiche principali della Silberthal French Press \u00e8 il suo isolamento a doppia parete, che mantiene il caff\u00e8 caldo per ore. Ci\u00f2 significa che si pu\u00f2 gustare una deliziosa tazza di caff\u00e8 in qualsiasi momento, sia che ci si sieda a fare colazione sia che si faccia una pausa al lavoro. L&#8217;isolamento impedisce inoltre che la caffettiera sia troppo calda, cos\u00ec non dovrete preoccuparvi di scottarvi le mani.<\/p>\n<h2>Silberthal French Press: la maneggevolezza vi ispirer\u00e0<\/h2>\n<p>La pressa \u00e8 incredibilmente facile da usare. Basta versare il caff\u00e8 macinato e l&#8217;acqua calda nella caraffa, lasciare in infusione per qualche minuto e poi premere lo stantuffo per separare i fondi di caff\u00e8. Il filtro integrato in acciaio inox impedisce ai fondi di caff\u00e8 di finire nella tazza, in modo da poter gustare sempre un&#8217;infusione liscia e deliziosa.<\/p>\n<p>Pulire la caffettiera French Press Silberthal \u00e8 facile come usarla. Sia il bricco che lo stantuffo possono essere smontati e lavati a mano o in lavastoviglie, rendendo la manutenzione facile e conveniente.<\/p>\n<p>Oltre alla sua praticit\u00e0, la Silberthal French Press ha anche un design perfetto che si adatta bene a qualsiasi cucina, sia tradizionale che moderna. Potrebbe essere un bel regalo per tutti coloro che amano una buona tazza di caff\u00e8.<\/p>\n<p>In sintesi, la caffettiera French Press Silberthal \u00e8 una scelta eccellente per chi cerca una caffettiera di alta qualit\u00e0 ed elegante. L&#8217;isolamento a doppia parete, la facilit\u00e0 d&#8217;uso e il design lavabile in lavastoviglie la rendono una scelta conveniente per gli amanti del caff\u00e8 profondo di tutti i livelli di esperienza, dal principiante all&#8217;esperto. Grazie al suo design elegante, aggiunge un tocco di classe a qualsiasi cucina o ufficio.<\/p>\n","protected":false},"excerpt":{"rendered":"<p>FATE IL VOSTRO CAFF\u00c8 &#8211; Mettete la polvere di caff\u00e8 nella caffettiera, versate l&#8217;acqua calda, lasciate che il caff\u00e8 si formi, premete lentamente lo stantuffo del filtro dall&#8217;alto. Godetevi il caff\u00e8! CAFF\u00c8 CALDO &#8211; La caraffa isolata a doppia parete mantiene il caff\u00e8 o il t\u00e8 caldo fino a 1 ora. Ora ancora meglio grazie [&hellip;]<\/p>\n","protected":false},"featured_media":77029,"comment_status":"closed","ping_status":"closed","template":"","meta":[],"product_brand":[],"product_cat":[1864,1626,1698,1432,1738],"product_tag":[],"class_list":{"0":"post-87706","1":"product","2":"type-product","3":"status-publish","4":"has-post-thumbnail","6":"product_cat-la-cocina","7":"product_cat-silberthal-es","8":"product_cat-te-y-cafe","9":"product_cat-todos-los-productos","10":"product_cat-venta","12":"first","13":"instock","14":"sale","15":"taxable","16":"shipping-taxable","17":"purchasable","18":"product-type-simple"},"_links":{"self":[{"href":"https:\/\/wiladu.de\/es\/wp-json\/wp\/v2\/product\/87706","targetHints":{"allow":["GET"]}}],"collection":[{"href":"https:\/\/wiladu.de\/es\/wp-json\/wp\/v2\/product"}],"about":[{"href":"https:\/\/wiladu.de\/es\/wp-json\/wp\/v2\/types\/product"}],"replies":[{"embeddable":true,"href":"https:\/\/wiladu.de\/es\/wp-json\/wp\/v2\/comments?post=87706"}],"version-history":[{"count":3,"href":"https:\/\/wiladu.de\/es\/wp-json\/wp\/v2\/product\/87706\/revisions"}],"predecessor-version":[{"id":100330,"href":"https:\/\/wiladu.de\/es\/wp-json\/wp\/v2\/product\/87706\/revisions\/100330"}],"wp:featuredmedia":[{"embeddable":true,"href":"https:\/\/wiladu.de\/es\/wp-json\/wp\/v2\/media\/77029"}],"wp:attachment":[{"href":"https:\/\/wiladu.de\/es\/wp-json\/wp\/v2\/media?parent=87706"}],"wp:term":[{"taxonomy":"product_brand","embeddable":true,"href":"https:\/\/wiladu.de\/es\/wp-json\/wp\/v2\/product_brand?post=87706"},{"taxonomy":"product_cat","embeddable":true,"href":"https:\/\/wiladu.de\/es\/wp-json\/wp\/v2\/product_cat?post=87706"},{"taxonomy":"product_tag","embeddable":true,"href":"https:\/\/wiladu.de\/es\/wp-json\/wp\/v2\/product_tag?post=87706"}],"curies":[{"name":"wp","href":"https:\/\/api.w.org\/{rel}","templated":true}]}}