{"id":122820,"date":"2022-09-03T19:05:05","date_gmt":"2022-09-03T19:05:05","guid":{"rendered":"https:\/\/wiladu.de\/?post_type=product&#038;p=122820"},"modified":"2025-07-16T12:58:17","modified_gmt":"2025-07-16T12:58:17","slug":"insertos-de-carbon","status":"publish","type":"product","link":"https:\/\/wiladu.de\/es\/insertos-de-carbon\/","title":{"rendered":"Insertos de carb\u00f3n de Bl\u00fcmchen juego de 12"},"content":{"rendered":"<div class=\"erp-sidecar:h-fit erp-sidecar:pb-0 mx-auto h-full\">\n<div class=\"relative border-borderMain\/50 ring-borderMain\/50 divide-borderMain\/50 dark:divide-borderMainDark\/50 dark:ring-borderMainDark\/50 dark:border-borderMainDark\/50 bg-background\">\n<div class=\"\">\n<div>\n<div>\n<div>\n<div class=\"erp-sidecar:min-h-[var(--sidecar-content-height)] erp-tab:min-h-screen min-h-[var(--page-content-height-without-header)] pb-threadInputHeightWithPadding border-borderMain\/50 ring-borderMain\/50 divide-borderMain\/50 dark:divide-borderMainDark\/50 dark:ring-borderMainDark\/50 dark:border-borderMainDark\/50 bg-transparent\">\n<div class=\"isolate mx-auto md:pt-6 px-md\">\n<div class=\"pb-md mx-auto pt-5 md:pb-12 max-w-threadContentWidth\">\n<div class=\"relative\">\n<div class=\"gap-y-sm flex flex-col\">\n<div class=\"gap-y-lg mt-3 flex flex-col first:mt-0\">\n<div class=\"border-borderMain\/50 ring-borderMain\/50 divide-borderMain\/50 dark:divide-borderMainDark\/50 dark:ring-borderMainDark\/50 dark:border-borderMainDark\/50 bg-transparent\">\n<div class=\"gap-y-sm md:gap-y-md flex flex-col\">\n<div class=\"relative font-sans text-base text-textMain selection:bg-super\/50 selection:text-textMain dark:selection:bg-super\/10 dark:selection:text-super\">\n<div class=\"min-w-0 break-words [word-break:break-word]\">\n<div id=\"markdown-content-29\" class=\"gap-y-md after:clear-both after:block after:content-['']\" dir=\"auto\">\n<div class=\"my-2 first:mt-0 [&amp;:has([data-inline-type=image])+&amp;:has([data-inline-type=image])_[data-inline-type=image]]:hidden [&amp;:has(table)_[data-inline-type=image]]:hidden\">\n<div class=\"relative\">\n<div class=\"prose text-pretty dark:prose-invert inline leading-normal break-words min-w-0 [word-break:break-word]\">\n<p class=\"my-0\">Las inserciones de carb\u00f3n de bamb\u00fa son la opci\u00f3n ideal para padres que buscan absorci\u00f3n natural y comodidad para los pa\u00f1ales de tela. Fabricadas con tejido de carbono de bamb\u00fa de alta calidad, ofrecen una soluci\u00f3n ecol\u00f3gica y eficaz para optimizar el rendimiento de los pa\u00f1ales reutilizables.<\/p>\n<ol class=\"marker:text-textOff list-decimal\">\n<li>\n<p class=\"my-0\"><strong>Absorci\u00f3n natural<\/strong><br \/>\nLas inserciones de carb\u00f3n de bamb\u00fa son conocidas por su excepcional capacidad de absorci\u00f3n. El tejido puede absorber varias veces su propio peso en l\u00edquido, manteniendo al beb\u00e9 seco y c\u00f3modo.<\/p>\n<\/li>\n<li>\n<p class=\"my-0\"><strong>Suaves y respetuosas con la piel<\/strong><br \/>\nEstas inserciones son especialmente suaves y delicadas para la piel del beb\u00e9. Minimizan la irritaci\u00f3n y ofrecen una sensaci\u00f3n agradable al tacto.<\/p>\n<\/li>\n<li>\n<p class=\"my-0\"><strong>Transpirables y reguladoras de temperatura<\/strong><br \/>\nEl tejido de carb\u00f3n de bamb\u00fa es transpirable y ayuda a regular la temperatura corporal del beb\u00e9, evitando el sobrecalentamiento y ofreciendo protecci\u00f3n contra el fr\u00edo.<\/p>\n<\/li>\n<\/ol>\n<p class=\"my-0\"><strong>Inserciones de carb\u00f3n de bamb\u00fa: absorci\u00f3n natural para pa\u00f1ales de tela<\/strong><\/p>\n<ol class=\"marker:text-textOff list-decimal\" start=\"4\">\n<li>\n<p class=\"my-0\"><strong>Opci\u00f3n ecol\u00f3gica<\/strong><br \/>\nLas inserciones son una alternativa ecol\u00f3gica, ya que el bamb\u00fa es un material sostenible. Ayudan a reducir residuos y el impacto medioambiental.<\/p>\n<\/li>\n<li>\n<p class=\"my-0\"><strong>Usos vers\u00e1tiles<\/strong><br \/>\nEstas inserciones pueden utilizarse no solo en pa\u00f1ales de tela, sino tambi\u00e9n como protectores para cambiadores, toallitas para la cara o manos, e incluso como pa\u00f1os.<\/p>\n<\/li>\n<li>\n<p class=\"my-0\"><strong>F\u00e1cil cuidado y secado r\u00e1pido<\/strong><br \/>\nLas inserciones de carb\u00f3n de bamb\u00fa son f\u00e1ciles de lavar y se secan r\u00e1pidamente, lo que las hace especialmente pr\u00e1cticas para el uso diario.<\/p>\n<\/li>\n<\/ol>\n<p class=\"my-0\"><strong>Inserciones de carb\u00f3n de bamb\u00fa \u2013 absorci\u00f3n natural para pa\u00f1ales de tela<\/strong><\/p>\n<p class=\"my-0\">Estas inserciones ofrecen absorci\u00f3n natural y comodidad para tu beb\u00e9. Con su tejido de carbono de bamb\u00fa de alta calidad, son respetuosas con la piel y el medioambiente: un gran aporte para familias modernas. Invierte en el bienestar de tu beb\u00e9 y mejora el rendimiento de tus pa\u00f1ales de tela con estas inserciones.<\/p>\n<p class=\"my-0\"><strong>Pack ahorro de 9 inserciones de carb\u00f3n de bamb\u00fa.<\/strong><\/p>\n<ul class=\"marker:text-textOff list-disc\">\n<li>\n<p class=\"my-0\">Suaves y s\u00faper absorbentes<\/p>\n<\/li>\n<li>\n<p class=\"my-0\">Lavables y reutilizables<\/p>\n<\/li>\n<li>\n<p class=\"my-0\">Tama\u00f1o: 33 x 13 cm<\/p>\n<\/li>\n<li>\n<p class=\"my-0\">Peso y absorci\u00f3n: 56g \/ 336ml (prueba de inmersi\u00f3n)<\/p>\n<\/li>\n<li>\n<p class=\"my-0\">4 capas: 2 internas de microfibra y 2 externas de carb\u00f3n de bamb\u00fa con forro<\/p>\n<\/li>\n<li>\n<p class=\"my-0\">Aptas para uso intensivo<\/p>\n<\/li>\n<li>\n<p class=\"my-0\">Lavables a m\u00e1quina y aptas para secadora, secado r\u00e1pido<\/p>\n<\/li>\n<li>\n<p class=\"my-0\">Antibacterianas: el tejido de bamb\u00fa contiene agentes antimicrobianos naturales, reduciendo bacterias y previniendo el mal olor<\/p>\n<\/li>\n<\/ul>\n<p class=\"my-0\"><strong>Material:<\/strong><br \/>\nBamb\u00fa rizo: 100% poli\u00e9ster con carb\u00f3n de bamb\u00fa<br \/>\nBamb\u00fa StayDry: 100% poli\u00e9ster con carb\u00f3n de bamb\u00fa<\/p>\n<\/div>\n<\/div>\n<\/div>\n<\/div>\n<\/div>\n<\/div>\n<\/div>\n<\/div>\n<\/div>\n<\/div>\n<\/div>\n<\/div>\n<\/div>\n<\/div>\n<\/div>\n<\/div>\n<\/div>\n<\/div>\n<\/div>\n<\/div>\n","protected":false},"excerpt":{"rendered":"<p>Las inserciones de carb\u00f3n de bamb\u00fa son la opci\u00f3n ideal para padres que buscan absorci\u00f3n natural y comodidad para los pa\u00f1ales de tela. Fabricadas con tejido de carbono de bamb\u00fa de alta calidad, ofrecen una soluci\u00f3n ecol\u00f3gica y eficaz para optimizar el rendimiento de los pa\u00f1ales reutilizables. Absorci\u00f3n natural Las inserciones de carb\u00f3n de bamb\u00fa [&hellip;]<\/p>\n","protected":false},"featured_media":72995,"comment_status":"closed","ping_status":"closed","template":"","meta":[],"product_brand":[],"product_cat":[1482,1432,1800],"product_tag":[],"class_list":{"0":"post-122820","1":"product","2":"type-product","3":"status-publish","4":"has-post-thumbnail","6":"product_cat-bluemchen-es","7":"product_cat-todos-los-productos","8":"product_cat-ventosas","10":"first","11":"instock","12":"taxable","13":"shipping-taxable","14":"purchasable","15":"product-type-simple"},"_links":{"self":[{"href":"https:\/\/wiladu.de\/es\/wp-json\/wp\/v2\/product\/122820","targetHints":{"allow":["GET"]}}],"collection":[{"href":"https:\/\/wiladu.de\/es\/wp-json\/wp\/v2\/product"}],"about":[{"href":"https:\/\/wiladu.de\/es\/wp-json\/wp\/v2\/types\/product"}],"replies":[{"embeddable":true,"href":"https:\/\/wiladu.de\/es\/wp-json\/wp\/v2\/comments?post=122820"}],"version-history":[{"count":1,"href":"https:\/\/wiladu.de\/es\/wp-json\/wp\/v2\/product\/122820\/revisions"}],"predecessor-version":[{"id":122821,"href":"https:\/\/wiladu.de\/es\/wp-json\/wp\/v2\/product\/122820\/revisions\/122821"}],"wp:featuredmedia":[{"embeddable":true,"href":"https:\/\/wiladu.de\/es\/wp-json\/wp\/v2\/media\/72995"}],"wp:attachment":[{"href":"https:\/\/wiladu.de\/es\/wp-json\/wp\/v2\/media?parent=122820"}],"wp:term":[{"taxonomy":"product_brand","embeddable":true,"href":"https:\/\/wiladu.de\/es\/wp-json\/wp\/v2\/product_brand?post=122820"},{"taxonomy":"product_cat","embeddable":true,"href":"https:\/\/wiladu.de\/es\/wp-json\/wp\/v2\/product_cat?post=122820"},{"taxonomy":"product_tag","embeddable":true,"href":"https:\/\/wiladu.de\/es\/wp-json\/wp\/v2\/product_tag?post=122820"}],"curies":[{"name":"wp","href":"https:\/\/api.w.org\/{rel}","templated":true}]}}