{"id":122784,"date":"2023-04-19T15:13:54","date_gmt":"2023-04-19T15:13:54","guid":{"rendered":"https:\/\/wiladu.de\/?post_type=product&#038;p=122784"},"modified":"2025-07-16T12:16:11","modified_gmt":"2025-07-16T12:16:11","slug":"caja-de-panuelos-de-madera-rustica","status":"publish","type":"product","link":"https:\/\/wiladu.de\/es\/caja-de-panuelos-de-madera-rustica\/","title":{"rendered":"Caja de pa\u00f1uelos de madera Wiladu Caja de pa\u00f1uelos 32&#215;14,5&#215;10 cm"},"content":{"rendered":"<div class=\"erp-sidecar:h-fit erp-sidecar:pb-0 mx-auto h-full\">\n<div class=\"relative border-borderMain\/50 ring-borderMain\/50 divide-borderMain\/50 dark:divide-borderMainDark\/50 dark:ring-borderMainDark\/50 dark:border-borderMainDark\/50 bg-background\">\n<div class=\"\">\n<div>\n<div>\n<div>\n<div class=\"erp-sidecar:min-h-[var(--sidecar-content-height)] erp-tab:min-h-screen min-h-[var(--page-content-height-without-header)] pb-threadInputHeightWithPadding border-borderMain\/50 ring-borderMain\/50 divide-borderMain\/50 dark:divide-borderMainDark\/50 dark:ring-borderMainDark\/50 dark:border-borderMainDark\/50 bg-transparent\">\n<div class=\"isolate mx-auto md:pt-6 px-md\">\n<div class=\"pb-md mx-auto pt-5 md:pb-12 max-w-threadContentWidth\">\n<div class=\"relative\">\n<div class=\"gap-y-sm flex flex-col\">\n<div class=\"gap-y-lg mt-3 flex flex-col first:mt-0\">\n<div class=\"border-borderMain\/50 ring-borderMain\/50 divide-borderMain\/50 dark:divide-borderMainDark\/50 dark:ring-borderMainDark\/50 dark:border-borderMainDark\/50 bg-transparent\">\n<div class=\"gap-y-sm md:gap-y-md flex flex-col\">\n<div class=\"relative font-sans text-base text-textMain selection:bg-super\/50 selection:text-textMain dark:selection:bg-super\/10 dark:selection:text-super\">\n<div class=\"min-w-0 break-words [word-break:break-word]\">\n<div id=\"markdown-content-24\" class=\"gap-y-md after:clear-both after:block after:content-['']\" dir=\"auto\">\n<div class=\"relative\">\n<div class=\"prose text-pretty dark:prose-invert inline leading-normal break-words min-w-0 [word-break:break-word]\">\n<p class=\"my-0\">La\u00a0<strong>caja de pa\u00f1uelos de madera Wiladu<\/strong>\u00a0es el complemento perfecto para cualquier hogar de estilo r\u00fastico o campestre. Hecha a mano en la India, cada pieza es \u00fanica y destaca por su apariencia r\u00fastica y su calidad artesanal.<\/p>\n<h2 class=\"mb-xs mt-5 text-base font-[500] first:mt-0 dark:font-[475]\">Madera resistente y dise\u00f1o elegante<\/h2>\n<p class=\"my-0\">La caja de pa\u00f1uelos est\u00e1 fabricada con madera robusta y presenta un dise\u00f1o cl\u00e1sico de estilo rural. Su aspecto r\u00fastico se logra gracias a un trabajo artesanal minucioso y a las vetas naturales de la madera, que le aportan car\u00e1cter. Con medidas de 32 x 14,5 x 10 cm, se adapta a cualquier escritorio o mesa.<\/p>\n<h2 class=\"mb-xs mt-5 text-base font-[500] first:mt-0 dark:font-[475]\">Manejo pr\u00e1ctico<\/h2>\n<p class=\"my-0\">La caja viene con una tapa desmontable que protege los pa\u00f1uelos del polvo y la suciedad. A trav\u00e9s de la tapa abatible en la parte inferior, se pueden sacar los pa\u00f1uelos de forma r\u00e1pida y sencilla.<\/p>\n<h2 class=\"mb-xs mt-5 text-base font-[500] first:mt-0 dark:font-[475]\">Usos vers\u00e1tiles<\/h2>\n<p class=\"my-0\">La caja de pa\u00f1uelos Wiladu de madera puede utilizarse de distintas maneras: como elemento decorativo en el hogar, como pr\u00e1ctico almacenamiento de pa\u00f1uelos o incluso como una caja de regalo con estilo.<\/p>\n<p class=\"my-0\">Gracias a su fabricaci\u00f3n artesanal y su estructura s\u00f3lida, esta caja de pa\u00f1uelos Wiladu es un accesorio decorativo y funcional, ideal para interiores de estilo r\u00fastico. Sus dimensiones de 32 x 14,5 x 10 cm la hacen perfecta para cualquier espacio.<\/p>\n<h2 class=\"mb-xs mt-5 text-base font-[500] first:mt-0 dark:font-[475]\">Caja de pa\u00f1uelos en forma de molde de ladrillo de madera<\/h2>\n<p class=\"my-0\"><strong>Dise\u00f1o \u00fanico en forma de ladrillo<\/strong><br \/>\nEsta original caja de pa\u00f1uelos ofrece una forma elegante y r\u00fastica de presentar los pa\u00f1uelos.<\/p>\n<p class=\"my-0\"><strong>Pieza \u00fanica de aspecto antiguo<\/strong><br \/>\nLa forma tipo molde de ladrillo resalta por su look r\u00fastico y vintage. Originalmente, estos moldes de madera se utilizaban en la India para la fabricaci\u00f3n artesanal de ladrillos.<\/p>\n<p class=\"my-0\"><strong>Madera reciclada para mayor sostenibilidad<\/strong><br \/>\nLa caja est\u00e1 hecha de madera reciclada, lo que la hace ecol\u00f3gica y otorga a cada unidad un car\u00e1cter \u00fanico.<\/p>\n<p class=\"my-0\"><strong>Acabado met\u00e1lico exclusivo<\/strong><br \/>\nLa caja est\u00e1 ornamentada con herrajes met\u00e1licos de alta calidad que aportan un encanto exclusivo y r\u00fastico.<\/p>\n<p class=\"my-0\"><strong>Dise\u00f1o dan\u00e9s de Ib Laursen<\/strong><br \/>\nEste art\u00edculo es fruto del dise\u00f1o dan\u00e9s de Ib Laursen, que combina calidad y estilo.<\/p>\n<p class=\"my-0\"><strong>Accesorio vers\u00e1til para el hogar<\/strong><br \/>\nPr\u00e1ctica y decorativa, la caja de pa\u00f1uelos se integra perfectamente en la cocina, el ba\u00f1o o el sal\u00f3n.<\/p>\n<p class=\"my-0\"><strong>Almacenamiento elegante<\/strong><br \/>\nEl dise\u00f1o tipo ladrillo permite disimular los envases de pa\u00f1uelos de papel de manera sofisticada.<\/p>\n<p class=\"my-0\"><strong>Cada pieza es \u00fanica<\/strong><br \/>\nCada molde de madera es \u00fanico y puede variar en tipo de madera, antig\u00fcedad y aspecto.<\/p>\n<p class=\"my-0\"><strong>Dimensiones<\/strong><br \/>\nLa caja mide aproximadamente 31 x 15 x 10 cm y pesa unos 1500 gramos. Es rectangular y apta para paquetes de pa\u00f1uelos de papel de forma rectangular.<\/p>\n<p class=\"my-0\"><strong>Compatible con diferentes estilos de decoraci\u00f3n<\/strong><br \/>\nYa sea en ambientes hygge o r\u00fasticos, esta caja de pa\u00f1uelos encaja a la perfecci\u00f3n y aporta un encanto especial al hogar.<\/p>\n<p class=\"my-0\"><strong>Nota sobre el relleno<\/strong><br \/>\nTen en cuenta que, para algunas marcas de pa\u00f1uelos, la caja solo puede llenarse retirando los pa\u00f1uelos de la caja de cart\u00f3n original.<\/p>\n<p class=\"my-0\">Esta caja de pa\u00f1uelos no solo es un dispensador pr\u00e1ctico, sino tambi\u00e9n un elemento decorativo que aporta un toque vintage y shabby chic a tu hogar. Por su dise\u00f1o \u00fanico y su sostenibilidad, se convierte en el complemento perfecto para tus espacios.<\/p>\n<\/div>\n<\/div>\n<\/div>\n<\/div>\n<\/div>\n<\/div>\n<\/div>\n<\/div>\n<\/div>\n<\/div>\n<\/div>\n<\/div>\n<\/div>\n<\/div>\n<\/div>\n<\/div>\n<\/div>\n<\/div>\n<\/div>\n","protected":false},"excerpt":{"rendered":"<p>La\u00a0caja de pa\u00f1uelos de madera Wiladu\u00a0es el complemento perfecto para cualquier hogar de estilo r\u00fastico o campestre. Hecha a mano en la India, cada pieza es \u00fanica y destaca por su apariencia r\u00fastica y su calidad artesanal. Madera resistente y dise\u00f1o elegante La caja de pa\u00f1uelos est\u00e1 fabricada con madera robusta y presenta un dise\u00f1o [&hellip;]<\/p>\n","protected":false},"featured_media":99863,"comment_status":"closed","ping_status":"closed","template":"","meta":[],"product_brand":[],"product_cat":[1857,1784,1432,1650],"product_tag":[],"class_list":{"0":"post-122784","1":"product","2":"type-product","3":"status-publish","4":"has-post-thumbnail","6":"product_cat-bano","7":"product_cat-cuidado-corporal","8":"product_cat-todos-los-productos","9":"product_cat-wiladu-es","11":"first","12":"instock","13":"taxable","14":"shipping-taxable","15":"purchasable","16":"product-type-simple"},"_links":{"self":[{"href":"https:\/\/wiladu.de\/es\/wp-json\/wp\/v2\/product\/122784","targetHints":{"allow":["GET"]}}],"collection":[{"href":"https:\/\/wiladu.de\/es\/wp-json\/wp\/v2\/product"}],"about":[{"href":"https:\/\/wiladu.de\/es\/wp-json\/wp\/v2\/types\/product"}],"replies":[{"embeddable":true,"href":"https:\/\/wiladu.de\/es\/wp-json\/wp\/v2\/comments?post=122784"}],"version-history":[{"count":2,"href":"https:\/\/wiladu.de\/es\/wp-json\/wp\/v2\/product\/122784\/revisions"}],"predecessor-version":[{"id":122786,"href":"https:\/\/wiladu.de\/es\/wp-json\/wp\/v2\/product\/122784\/revisions\/122786"}],"wp:featuredmedia":[{"embeddable":true,"href":"https:\/\/wiladu.de\/es\/wp-json\/wp\/v2\/media\/99863"}],"wp:attachment":[{"href":"https:\/\/wiladu.de\/es\/wp-json\/wp\/v2\/media?parent=122784"}],"wp:term":[{"taxonomy":"product_brand","embeddable":true,"href":"https:\/\/wiladu.de\/es\/wp-json\/wp\/v2\/product_brand?post=122784"},{"taxonomy":"product_cat","embeddable":true,"href":"https:\/\/wiladu.de\/es\/wp-json\/wp\/v2\/product_cat?post=122784"},{"taxonomy":"product_tag","embeddable":true,"href":"https:\/\/wiladu.de\/es\/wp-json\/wp\/v2\/product_tag?post=122784"}],"curies":[{"name":"wp","href":"https:\/\/api.w.org\/{rel}","templated":true}]}}