{"id":120503,"date":"2025-03-11T19:30:56","date_gmt":"2025-03-11T19:30:56","guid":{"rendered":"https:\/\/wiladu.de\/?post_type=product&#038;p=120503"},"modified":"2025-03-28T18:42:24","modified_gmt":"2025-03-28T18:42:24","slug":"colcha-bursa","status":"publish","type":"product","link":"https:\/\/wiladu.de\/es\/colcha-bursa\/","title":{"rendered":"Colcha Bursa de algod\u00f3n 130 x 180 cm Casa Manta n\u00f3rdica"},"content":{"rendered":"<div class=\"relative\">\n<div class=\"prose text-pretty dark:prose-invert inline leading-normal break-words min-w-0 [word-break:break-word]\">\n<p class=\"my-0\">El <strong>Colcha Bursa<\/strong> est\u00e1 hecho de algod\u00f3n, un material conocido por su transpirabilidad y durabilidad. A diferencia de las fibras sint\u00e9ticas, el algod\u00f3n se siente particularmente agradable en la piel, regula \u00f3ptimamente la temperatura y proporciona una confortable sensaci\u00f3n de bienestar \u2013 perfecto para cualquier estaci\u00f3n.<\/p>\n<h2 class=\"mb-2 mt-6 text-lg font-[500] first:mt-3\">Vers\u00e1til \u2013 M\u00e1s que un simple cobertor de cama<\/h2>\n<p class=\"my-0\">Este cubrecama es m\u00e1s que un simple cobertor cl\u00e1sico. Puede utilizarse de diversas maneras:<\/p>\n<ul class=\"marker:text-textOff list-disc\">\n<li>\n<p class=\"my-0\">Como cubrecama para la cama \u2013 para un dormitorio elegante y cuidado<\/p>\n<\/li>\n<li>\n<p class=\"my-0\">Como manta para el sof\u00e1 \u2013 para un ambiente acogedor en la sala de estar<\/p>\n<\/li>\n<li>\n<p class=\"my-0\">Como manta ligera de verano \u2013 perfecta para noches c\u00e1lidas<\/p>\n<\/li>\n<li>\n<p class=\"my-0\">Como elegante manta de picnic o playa \u2013 gracias a su dise\u00f1o ligero y pr\u00e1ctico<\/p>\n<\/li>\n<\/ul>\n<p class=\"my-0\">La combinaci\u00f3n de funcionalidad y elegancia hace de esta manta un elemento imprescindible para cualquier decoraci\u00f3n.<\/p>\n<h2 class=\"mb-2 mt-6 text-lg font-[500] first:mt-3\">Disponible en varios colores \u2013 Adecuado para cada estilo de decoraci\u00f3n<\/h2>\n<p class=\"my-0\">El cubrecama Bursa est\u00e1 disponible en varios colores elegantes, lo que le permite integrarse perfectamente en cualquier concepto de decoraci\u00f3n.<\/p>\n<ul class=\"marker:text-textOff list-disc\">\n<li>\n<p class=\"my-0\">Cubrecama beige \u2013 Perfecto para estilos minimalistas o escandinavos<\/p>\n<\/li>\n<li>\n<p class=\"my-0\">Cubrecama azul \u2013 Aporta una atm\u00f3sfera fresca y mar\u00edtima a tu hogar<\/p>\n<\/li>\n<li>\n<p class=\"my-0\">Cubrecama verde \u2013 Crea acentos naturales para una decoraci\u00f3n armoniosa<\/p>\n<\/li>\n<li>\n<p class=\"my-0\">Cubrecama marr\u00f3n \u2013 Genera calidez y comodidad en espacios de vida cl\u00e1sicos<\/p>\n<\/li>\n<li>\n<p class=\"my-0\">Cubrecama negro \u2013 Atemporal y elegante para interiores modernos y lujosos<\/p>\n<\/li>\n<\/ul>\n<p class=\"my-0\">No importa qu\u00e9 estilo prefieras \u2013 con el cubrecama Bursa, pones exactamente los acentos correctos.<\/p>\n<h2 class=\"mb-2 mt-6 text-lg font-[500] first:mt-3\">F\u00e1cil de cuidar y duradero \u2013 Adecuado para uso diario<\/h2>\n<p class=\"my-0\">El algod\u00f3n no solo es agradable para la piel, sino tambi\u00e9n particularmente f\u00e1cil de cuidar. El cubrecama Bursa puede lavarse f\u00e1cilmente a m\u00e1quina, mantiene su forma incluso despu\u00e9s de varios lavados y es extremadamente resistente. Esto lo hace ideal para el uso diario, ya sea en la cama, el sof\u00e1 o como cobertor protector para muebles.<\/p>\n<h2 class=\"mb-2 mt-6 text-lg font-[500] first:mt-3\">Por qu\u00e9 el cubrecama Bursa de alta calidad es un elemento esencial para el hogar<\/h2>\n<p class=\"my-0\">Un buen cubrecama es m\u00e1s que un simple elemento decorativo \u2013 protege tus muebles, otorga a tu espacio de vida una atm\u00f3sfera especial y proporciona comodidad adicional. A diferencia de los cobertores pesados y poco pr\u00e1cticos, el cubrecama Bursa es ligero, suave y f\u00e1cil de manejar.<\/p>\n<p class=\"my-0\">Algunas ventajas de un vistazo:<\/p>\n<ul class=\"marker:text-textOff list-disc\">\n<li>\n<p class=\"my-0\">Protege la cama y el sof\u00e1 del polvo y el desgaste<\/p>\n<\/li>\n<li>\n<p class=\"my-0\">Proporciona un aspecto ordenado en el dormitorio<\/p>\n<\/li>\n<li>\n<p class=\"my-0\">Da a la habitaci\u00f3n una atm\u00f3sfera acogedora y elegante<\/p>\n<\/li>\n<li>\n<p class=\"my-0\">Vers\u00e1til para usar en camas, sof\u00e1s, \u00e1reas de descanso o actividades al aire libre<\/p>\n<\/li>\n<li>\n<p class=\"my-0\">Perfecto para todas las estaciones \u2013 como manta c\u00e1lida de invierno o cobertor ligero de verano<\/p>\n<\/li>\n<\/ul>\n<h2 class=\"mb-2 mt-6 text-lg font-[500] first:mt-3\">El cubrecama Bursa es imprescindible para hogares conscientes del estilo<\/h2>\n<p class=\"my-0\">Si est\u00e1s buscando un cubrecama de alta calidad, vers\u00e1til y elegante para tu cama o sof\u00e1, el cubrecama Bursa de House Nordic es la elecci\u00f3n perfecta. Con sus elegantes colores, su material de algod\u00f3n de alta calidad y su flexibilidad de uso, aporta comodidad y elegancia a tu hogar.<\/p>\n<p class=\"my-0\">\u00a1Desc\u00fabrelo ahora y dale a tu espacio de vida ese toque especial!<\/p>\n<\/div>\n<\/div>\n","protected":false},"excerpt":{"rendered":"<p>El Colcha Bursa est\u00e1 hecho de algod\u00f3n, un material conocido por su transpirabilidad y durabilidad. A diferencia de las fibras sint\u00e9ticas, el algod\u00f3n se siente particularmente agradable en la piel, regula \u00f3ptimamente la temperatura y proporciona una confortable sensaci\u00f3n de bienestar \u2013 perfecto para cualquier estaci\u00f3n. Vers\u00e1til \u2013 M\u00e1s que un simple cobertor de cama [&hellip;]<\/p>\n","protected":false},"featured_media":118599,"comment_status":"closed","ping_status":"closed","template":"","meta":[],"product_brand":[],"product_cat":[2603,1432],"product_tag":[],"class_list":{"0":"post-120503","1":"product","2":"type-product","3":"status-publish","4":"has-post-thumbnail","6":"product_cat-mantas","7":"product_cat-todos-los-productos","8":"pa_farbe-azul","9":"pa_farbe-beige-es","10":"pa_farbe-marron-es","11":"pa_farbe-negro","12":"pa_farbe-verde-es","14":"first","15":"instock","16":"taxable","17":"shipping-taxable","18":"purchasable","19":"product-type-variable"},"_links":{"self":[{"href":"https:\/\/wiladu.de\/es\/wp-json\/wp\/v2\/product\/120503","targetHints":{"allow":["GET"]}}],"collection":[{"href":"https:\/\/wiladu.de\/es\/wp-json\/wp\/v2\/product"}],"about":[{"href":"https:\/\/wiladu.de\/es\/wp-json\/wp\/v2\/types\/product"}],"replies":[{"embeddable":true,"href":"https:\/\/wiladu.de\/es\/wp-json\/wp\/v2\/comments?post=120503"}],"version-history":[{"count":2,"href":"https:\/\/wiladu.de\/es\/wp-json\/wp\/v2\/product\/120503\/revisions"}],"predecessor-version":[{"id":120505,"href":"https:\/\/wiladu.de\/es\/wp-json\/wp\/v2\/product\/120503\/revisions\/120505"}],"wp:featuredmedia":[{"embeddable":true,"href":"https:\/\/wiladu.de\/es\/wp-json\/wp\/v2\/media\/118599"}],"wp:attachment":[{"href":"https:\/\/wiladu.de\/es\/wp-json\/wp\/v2\/media?parent=120503"}],"wp:term":[{"taxonomy":"product_brand","embeddable":true,"href":"https:\/\/wiladu.de\/es\/wp-json\/wp\/v2\/product_brand?post=120503"},{"taxonomy":"product_cat","embeddable":true,"href":"https:\/\/wiladu.de\/es\/wp-json\/wp\/v2\/product_cat?post=120503"},{"taxonomy":"product_tag","embeddable":true,"href":"https:\/\/wiladu.de\/es\/wp-json\/wp\/v2\/product_tag?post=120503"}],"curies":[{"name":"wp","href":"https:\/\/api.w.org\/{rel}","templated":true}]}}