{"id":120072,"date":"2022-10-11T16:39:13","date_gmt":"2022-10-11T16:39:13","guid":{"rendered":"https:\/\/wiladu.de\/?post_type=product&#038;p=120072"},"modified":"2025-03-25T10:26:13","modified_gmt":"2025-03-25T10:26:13","slug":"bascula-de-cocina-retro","status":"publish","type":"product","link":"https:\/\/wiladu.de\/es\/bascula-de-cocina-retro\/","title":{"rendered":"B\u00e1scula de cocina retro Wiladu balanza vintage dise\u00f1o balanza de cocina retro anal\u00f3gica metal"},"content":{"rendered":"<p class=\"my-0\"><strong>B\u00e1scula de cocina retro de Wiladu vintage &#8211; para pasteleros y chefs expertos &#8211; y para cualquiera que quiera serlo:<\/strong>\u00a0Los platos y postres solo son realmente buenos cuando los ingredientes se pesan con precisi\u00f3n.<\/p>\n<p class=\"my-0\">La b\u00e1scula de cocina retro es una herramienta elegante y pr\u00e1ctica para cualquier cocinero o pastelero. Permite pesar los ingredientes de forma r\u00e1pida y precisa, logrando resultados perfectos al cocinar o hornear.<\/p>\n<p class=\"my-0\">Esta b\u00e1scula tiene un dise\u00f1o retro que recuerda a las b\u00e1sculas de los a\u00f1os 50. Est\u00e1 fabricada en acero inoxidable de alta calidad y cuenta con una gran pantalla anal\u00f3gica f\u00e1cil de leer. Su rango de pesaje va de 0 a 5 kg con una precisi\u00f3n de 1 g. Adem\u00e1s, incluye una funci\u00f3n de tara que permite restar el peso de recipientes o envases para obtener \u00fanicamente el peso del contenido.<\/p>\n<p class=\"my-0\">La b\u00e1scula es f\u00e1cil de usar y tiene una construcci\u00f3n estable que asegura que se mantenga firme en cualquier superficie. Tambi\u00e9n es f\u00e1cil de limpiar: basta con pasarle un pa\u00f1o.<\/p>\n<p class=\"my-0\">El dise\u00f1o retro de la b\u00e1scula encaja perfectamente en cualquier cocina y a\u00f1ade un toque nost\u00e1lgico. Tambi\u00e9n es un regalo ideal para quienes disfrutan cocinando o preparando postres.<\/p>\n<h2 class=\"mb-xs mt-5 text-base font-[525] first:mt-3\"><strong>B\u00e1scula de cocina retro &#8211; dise\u00f1o hermoso<\/strong><\/h2>\n<p class=\"my-0\">Una verdadera pieza central: esta elegante b\u00e1scula de cocina parece sacada de tiempos pasados. \u00a1Seguro que ser\u00e1 el centro de atenci\u00f3n en tu cocina! Pero cuando se trata de pesar, puede competir f\u00e1cilmente con las b\u00e1sculas modernas actuales.<\/p>\n<p class=\"my-0\">La gran ventaja: nunca m\u00e1s te quedar\u00e1s sin bater\u00eda mientras horneas. Este peque\u00f1o tesoro nost\u00e1lgico no necesita bater\u00edas.<\/p>\n<p class=\"my-0\">Los ingredientes para cocinar y hornear, frutas y verduras, porciones diet\u00e9ticas y alimentos para beb\u00e9s se pesan con precisi\u00f3n en el cuenco de acero inoxidable y pueden procesarse inmediatamente despu\u00e9s.<\/p>\n<p class=\"my-0\">La pr\u00e1ctica funci\u00f3n de pesaje tambi\u00e9n permite a\u00f1adir varios ingredientes sucesivamente: simplemente a\u00f1ade un ingrediente y ajusta la rueda para que la aguja vuelva a cero. Luego a\u00f1ade el siguiente ingrediente. De esta manera, los diferentes ingredientes se pueden pesar uno tras otro con precisi\u00f3n al gramo.<\/p>\n<p><img fetchpriority=\"high\" decoding=\"async\" class=\"aligncenter wp-image-117398 size-full\" src=\"https:\/\/wiladu.de\/wp-content\/uploads\/2022\/10\/Kuechenwaage-Retro-Atmosphaere-in-der-Kueche.jpg\" alt=\"K\u00fcchenwaage Retro Atmosph\u00e4re in der K\u00fcche\" width=\"1000\" height=\"1000\" title=\"\" srcset=\"https:\/\/wiladu.de\/wp-content\/uploads\/2022\/10\/Kuechenwaage-Retro-Atmosphaere-in-der-Kueche.jpg 1000w, https:\/\/wiladu.de\/wp-content\/uploads\/2022\/10\/Kuechenwaage-Retro-Atmosphaere-in-der-Kueche-300x300.jpg 300w, https:\/\/wiladu.de\/wp-content\/uploads\/2022\/10\/Kuechenwaage-Retro-Atmosphaere-in-der-Kueche-150x150.jpg 150w, https:\/\/wiladu.de\/wp-content\/uploads\/2022\/10\/Kuechenwaage-Retro-Atmosphaere-in-der-Kueche-768x768.jpg 768w, https:\/\/wiladu.de\/wp-content\/uploads\/2022\/10\/Kuechenwaage-Retro-Atmosphaere-in-der-Kueche-990x990.jpg 990w, https:\/\/wiladu.de\/wp-content\/uploads\/2022\/10\/Kuechenwaage-Retro-Atmosphaere-in-der-Kueche-441x441.jpg 441w, https:\/\/wiladu.de\/wp-content\/uploads\/2022\/10\/Kuechenwaage-Retro-Atmosphaere-in-der-Kueche-800x800.jpg 800w\" sizes=\"(max-width: 1000px) 100vw, 1000px\"><\/p>\n<h2 class=\"mb-xs mt-5 text-base font-[525] first:mt-3\"><strong>B\u00e1scula de cocina retro vintage Wiladu &#8211; Tus ventajas<\/strong><\/h2>\n<ul class=\"marker:text-textOff list-disc\">\n<li>\n<p class=\"my-0\">Lectura r\u00e1pida gracias a su gran escala<\/p>\n<\/li>\n<li>\n<p class=\"my-0\">Ideal para porciones grandes: pesa hasta 5 kg<\/p>\n<\/li>\n<li>\n<p class=\"my-0\">Pesaje f\u00e1cil de los ingredientes<\/p>\n<\/li>\n<li>\n<p class=\"my-0\">Cuenco extra\u00edble<\/p>\n<\/li>\n<li>\n<p class=\"my-0\">Dise\u00f1o retro atemporal: elegante en cualquier cocina<\/p>\n<\/li>\n<li>\n<p class=\"my-0\">Lectura r\u00e1pida facilitada: gran pantalla anal\u00f3gica<\/p>\n<\/li>\n<li>\n<p class=\"my-0\">Dimensiones: 23 x 22 x 20 cm<\/p>\n<\/li>\n<li>\n<p class=\"my-0\">Peso: 1,4 kg<\/p>\n<\/li>\n<li>\n<p class=\"my-0\">Pesa hasta 5 kg en incrementos de 20 g<\/p>\n<\/li>\n<li>\n<p class=\"my-0\">Funcionamiento sin energ\u00eda: no necesita bater\u00edas ni adaptador<\/p>\n<\/li>\n<li>\n<p class=\"my-0\">Funci\u00f3n tara con rueda de ajuste: pesaje sencillo &#8211; Carcasa met\u00e1lica negra con cuenco extra\u00edble de acero inoxidable<\/p>\n<\/li>\n<li>\n<p class=\"my-0\">B\u00e1scula retro incluida con cuenco e instrucciones. B\u00e1scula mec\u00e1nica &#8211; Tambi\u00e9n relevante o adecuada para: b\u00e1scula postal, b\u00e1scula precisa, cuenco, vintage, reposter\u00eda, anal\u00f3gica, cocina, plato &#8211; El precio original de 56,90 EUR corresponde al precio recomendado anteriormente por el fabricante (PVP).<\/p>\n<\/li>\n<\/ul>\n<h2 class=\"mb-xs mt-5 text-base font-[525] first:mt-3\"><strong>\u00bfQu\u00e9 es una b\u00e1scula de cocina retro?<\/strong><\/h2>\n<p class=\"my-0\">Una b\u00e1scula de cocina retro es cualquier tipo de b\u00e1scula mec\u00e1nica o digital dise\u00f1ada para parecer fabricada en los a\u00f1os 50, 60 o 70. Estas b\u00e1sculas suelen tener una base met\u00e1lica y una esfera pl\u00e1stica, lo que las hace robustas y atractivas. Muchas ofrecen mediciones precisas tanto en unidades m\u00e9tricas como imperiales, brind\u00e1ndote flexibilidad para pesar cualquier ingrediente.<\/p>\n<h2 class=\"mb-xs mt-5 text-base font-[525] first:mt-3\"><strong>Ventajas de las b\u00e1sculas de cocina retro<\/strong><\/h2>\n<p class=\"my-0\">Una b\u00e1scula de cocina retro ofrece muchas ventajas que otras b\u00e1sculas no tienen. Por ejemplo, a menudo cuentan con grandes esferas (y precisas) que facilitan la lectura de las mediciones &#8211; \u00a1sin necesidad de entrecerrar los ojos! Y dado que est\u00e1n dise\u00f1adas con un estilo vintage, son un acento decorativo ideal para cocinas modernas con estilo retro o tradicionales con encanto campestre. Adem\u00e1s, cuando llega el momento de guardarlas, estas b\u00e1sculas ocupan muy poco espacio en la encimera.<\/p>\n<h2 class=\"mb-xs mt-5 text-base font-[525] first:mt-3\"><strong>\u00bfD\u00f3nde encontrar una b\u00e1scula de cocina retro?<\/strong><\/h2>\n<p class=\"my-0\">Si buscas una b\u00e1scula de cocina retro para tu hogar, hay muchas opciones disponibles tanto en l\u00ednea como en tiendas f\u00edsicas. Algunas tiendas est\u00e1n especializadas en electrodom\u00e9sticos y utensilios con estilo vintage. Pero si prefieres no salir a\u00fan, hay numerosos sitios web donde puedes comprar desde la comodidad de tu hogar. Ya sea que busques un modelo mec\u00e1nico o digital &#8211; o incluso algo \u00fanico &#8211; deber\u00edas poder encontrar lo que necesitas sin mucha dificultad.<\/p>\n<p class=\"my-0\">Una b\u00e1scula de cocina retro es una excelente manera de a\u00f1adir un toque vintage a tu cocina mientras aprovechas todas las caracter\u00edsticas modernas de una b\u00e1scula actual. Con su dise\u00f1o robusto y mediciones precisas (en unidades m\u00e9tricas e imperiales), estas b\u00e1sculas hacen que hornear sea m\u00e1s f\u00e1cil que nunca. Tanto si buscas estos modelos \u00fanicos en l\u00ednea como en tiendas locales, esperamos que esta gu\u00eda te haya ayudado a encontrar la b\u00e1scula retro perfecta.<\/p>\n","protected":false},"excerpt":{"rendered":"<p>B\u00e1scula de cocina retro de Wiladu vintage &#8211; para pasteleros y chefs expertos &#8211; y para cualquiera que quiera serlo:\u00a0Los platos y postres solo son realmente buenos cuando los ingredientes se pesan con precisi\u00f3n. La b\u00e1scula de cocina retro es una herramienta elegante y pr\u00e1ctica para cualquier cocinero o pastelero. Permite pesar los ingredientes de [&hellip;]<\/p>\n","protected":false},"featured_media":78348,"comment_status":"closed","ping_status":"closed","template":"","meta":[],"product_brand":[],"product_cat":[1864,1432,1650],"product_tag":[],"class_list":{"0":"post-120072","1":"product","2":"type-product","3":"status-publish","4":"has-post-thumbnail","6":"product_cat-la-cocina","7":"product_cat-todos-los-productos","8":"product_cat-wiladu-es","9":"pa_farbe-azul","10":"pa_farbe-crema-es","11":"pa_farbe-gris-es","12":"pa_farbe-negro","13":"pa_farbe-rojo","14":"pa_farbe-rosa-es","15":"pa_farbe-verde-es","17":"first","18":"instock","19":"taxable","20":"shipping-taxable","21":"purchasable","22":"product-type-variable"},"_links":{"self":[{"href":"https:\/\/wiladu.de\/es\/wp-json\/wp\/v2\/product\/120072","targetHints":{"allow":["GET"]}}],"collection":[{"href":"https:\/\/wiladu.de\/es\/wp-json\/wp\/v2\/product"}],"about":[{"href":"https:\/\/wiladu.de\/es\/wp-json\/wp\/v2\/types\/product"}],"replies":[{"embeddable":true,"href":"https:\/\/wiladu.de\/es\/wp-json\/wp\/v2\/comments?post=120072"}],"version-history":[{"count":2,"href":"https:\/\/wiladu.de\/es\/wp-json\/wp\/v2\/product\/120072\/revisions"}],"predecessor-version":[{"id":120074,"href":"https:\/\/wiladu.de\/es\/wp-json\/wp\/v2\/product\/120072\/revisions\/120074"}],"wp:featuredmedia":[{"embeddable":true,"href":"https:\/\/wiladu.de\/es\/wp-json\/wp\/v2\/media\/78348"}],"wp:attachment":[{"href":"https:\/\/wiladu.de\/es\/wp-json\/wp\/v2\/media?parent=120072"}],"wp:term":[{"taxonomy":"product_brand","embeddable":true,"href":"https:\/\/wiladu.de\/es\/wp-json\/wp\/v2\/product_brand?post=120072"},{"taxonomy":"product_cat","embeddable":true,"href":"https:\/\/wiladu.de\/es\/wp-json\/wp\/v2\/product_cat?post=120072"},{"taxonomy":"product_tag","embeddable":true,"href":"https:\/\/wiladu.de\/es\/wp-json\/wp\/v2\/product_tag?post=120072"}],"curies":[{"name":"wp","href":"https:\/\/api.w.org\/{rel}","templated":true}]}}