{"id":110346,"date":"2024-01-21T13:24:20","date_gmt":"2024-01-21T13:24:20","guid":{"rendered":"https:\/\/wiladu.de\/?post_type=product&#038;p=110346"},"modified":"2024-02-11T22:07:52","modified_gmt":"2024-02-11T22:07:52","slug":"tonecheer-island-of-love","status":"publish","type":"product","link":"https:\/\/wiladu.de\/es\/tonecheer-island-of-love\/","title":{"rendered":"Tonecheer Isla del Amor 3D caja de madera rompecabezas casa de mu\u00f1ecas con iluminaci\u00f3n TQ105 miniatura"},"content":{"rendered":"<p><strong>El Puzzle 3D Tonecheer Island of Love<\/strong> no es s\u00f3lo un impresionante puzzle de madera, sino tambi\u00e9n un fascinante sujetalibros y una casita de mu\u00f1ecas en miniatura con iluminaci\u00f3n (TQ105). Este producto \u00fanico combina con elegancia arte, artesan\u00eda y funcionalidad, proporcionando horas de diversi\u00f3n artesanal y un resultado impresionante.<\/p>\n<div class=\"video-container\"><iframe title=\"Tonecheer Island of Love 3D Puzzle\" width=\"1170\" height=\"878\" src=\"https:\/\/www.youtube.com\/embed\/Gb8ICV_6e_o?feature=oembed\" frameborder=\"0\" allow=\"accelerometer; autoplay; clipboard-write; encrypted-media; gyroscope; picture-in-picture; web-share\" allowfullscreen><\/iframe><\/div>\n<h2>Tonecheer Island of Love 3D Puzzle &#8211; Caracter\u00edsticas del producto:<\/h2>\n<ol>\n<li><strong>Material de madera de alta calidad:<\/strong> el puzzle est\u00e1 hecho de madera de alta calidad, que no s\u00f3lo es duradera, sino que tambi\u00e9n proporciona una est\u00e9tica natural. Las piezas cortadas con precisi\u00f3n permiten un montaje sin problemas.<\/li>\n<li><strong>Sujetalibros creativo:<\/strong> una vez completado el puzzle, se convierte en un sujetalibros decorativo que no s\u00f3lo sirve de soporte para sus libros, sino que tambi\u00e9n a\u00f1ade un toque de arte a sus estanter\u00edas. La estilizada silueta del puzzle terminado a\u00f1adir\u00e1 un toque art\u00edstico a tu habitaci\u00f3n.<\/li>\n<li><strong>Casa de mu\u00f1ecas en miniatura con iluminaci\u00f3n:<\/strong> Lo m\u00e1s destacado de este producto es la casa de mu\u00f1ecas en miniatura integrada con iluminaci\u00f3n. Las luces LED crean un ambiente c\u00e1lido y acogedor en la habitaci\u00f3n en miniatura, dise\u00f1ada con todo lujo de detalles.<\/li>\n<\/ol>\n<h3>\u00bfPor qu\u00e9 elegir Tonecheer Isla del Amor?<\/h3>\n<ol>\n<li><strong>Diversi\u00f3n creativa:<\/strong> el puzzle 3D no s\u00f3lo ofrece horas de diversi\u00f3n creativa, sino tambi\u00e9n un producto final vers\u00e1til que sirve como sujetalibros y casa de mu\u00f1ecas en miniatura.<\/li>\n<li><strong>Elemento decorativo:<\/strong> El puzzle terminado no s\u00f3lo es funcional, sino tambi\u00e9n est\u00e9ticamente agradable. Se convierte en un elemento decorativo en tu hogar que llama la atenci\u00f3n y suscita conversaci\u00f3n.<\/li>\n<li><strong>Regalo \u00fanico:<\/strong> \u00bfBusca un regalo \u00fanico para un amante del arte o de los puzzles? La Isla del Amor Tonecheer es la elecci\u00f3n perfecta. No es s\u00f3lo un puzzle, sino una vers\u00e1til obra de arte.<\/li>\n<\/ol>\n<h2>Una obra maestra en madera<\/h2>\n<p>El puzzle Tonecheer Island of Love 3D es m\u00e1s que un puzzle. Es una obra maestra creativa que combina funcionalidad, est\u00e9tica y artesan\u00eda. Desde la construcci\u00f3n de madera de alta calidad hasta la funci\u00f3n creativa de sujetalibros y la encantadora casa de mu\u00f1ecas en miniatura con iluminaci\u00f3n, este producto ofrece una experiencia \u00fanica. Sum\u00e9rjase en el mundo de Tonecheer y cree su propia Isla del Amor art\u00edstica.<\/p>\n","protected":false},"excerpt":{"rendered":"<p>El Puzzle 3D Tonecheer Island of Love no es s\u00f3lo un impresionante puzzle de madera, sino tambi\u00e9n un fascinante sujetalibros y una casita de mu\u00f1ecas en miniatura con iluminaci\u00f3n (TQ105). Este producto \u00fanico combina con elegancia arte, artesan\u00eda y funcionalidad, proporcionando horas de diversi\u00f3n artesanal y un resultado impresionante. Tonecheer Island of Love 3D Puzzle [&hellip;]<\/p>\n","protected":false},"featured_media":109884,"comment_status":"closed","ping_status":"closed","template":"","meta":[],"product_brand":[],"product_cat":[1706,1622,1432],"product_tag":[],"class_list":{"0":"post-110346","1":"product","2":"type-product","3":"status-publish","4":"has-post-thumbnail","6":"product_cat-juguetes-de-madera","7":"product_cat-robotime-es","8":"product_cat-todos-los-productos","10":"first","11":"outofstock","12":"taxable","13":"shipping-taxable","14":"purchasable","15":"product-type-simple"},"_links":{"self":[{"href":"https:\/\/wiladu.de\/es\/wp-json\/wp\/v2\/product\/110346","targetHints":{"allow":["GET"]}}],"collection":[{"href":"https:\/\/wiladu.de\/es\/wp-json\/wp\/v2\/product"}],"about":[{"href":"https:\/\/wiladu.de\/es\/wp-json\/wp\/v2\/types\/product"}],"replies":[{"embeddable":true,"href":"https:\/\/wiladu.de\/es\/wp-json\/wp\/v2\/comments?post=110346"}],"version-history":[{"count":1,"href":"https:\/\/wiladu.de\/es\/wp-json\/wp\/v2\/product\/110346\/revisions"}],"predecessor-version":[{"id":110352,"href":"https:\/\/wiladu.de\/es\/wp-json\/wp\/v2\/product\/110346\/revisions\/110352"}],"wp:featuredmedia":[{"embeddable":true,"href":"https:\/\/wiladu.de\/es\/wp-json\/wp\/v2\/media\/109884"}],"wp:attachment":[{"href":"https:\/\/wiladu.de\/es\/wp-json\/wp\/v2\/media?parent=110346"}],"wp:term":[{"taxonomy":"product_brand","embeddable":true,"href":"https:\/\/wiladu.de\/es\/wp-json\/wp\/v2\/product_brand?post=110346"},{"taxonomy":"product_cat","embeddable":true,"href":"https:\/\/wiladu.de\/es\/wp-json\/wp\/v2\/product_cat?post=110346"},{"taxonomy":"product_tag","embeddable":true,"href":"https:\/\/wiladu.de\/es\/wp-json\/wp\/v2\/product_tag?post=110346"}],"curies":[{"name":"wp","href":"https:\/\/api.w.org\/{rel}","templated":true}]}}