{"id":110281,"date":"2023-08-24T13:17:33","date_gmt":"2023-08-24T13:17:33","guid":{"rendered":"https:\/\/wiladu.de\/?post_type=product&#038;p=110281"},"modified":"2024-02-11T18:42:47","modified_gmt":"2024-02-11T18:42:47","slug":"isabelle-rose-mantequera","status":"publish","type":"product","link":"https:\/\/wiladu.de\/es\/isabelle-rose-mantequera\/","title":{"rendered":"Isabelle Rose mantequera de cer\u00e1mica con lunares blancos 16,5 \u00d710 x 8 cm"},"content":{"rendered":"<p><strong>La Mantequillera Isabelle Rose<\/strong> con puntos combina un dise\u00f1o encantador con funcionalidad pr\u00e1ctica para elevar con estilo tu cocina y mantener la mantequilla fresca. Este recipiente para mantequilla es el complemento perfecto para tu mesa de desayuno y a\u00f1ade un toque de elegancia y encanto retro a tu cocina.<\/p>\n<h2>Caracter\u00edsticas y aspectos destacados de la Isabelle Rose Butterdose:<\/h2>\n<ol>\n<li><strong>Dise\u00f1o elegante:<\/strong> La Isabelle Rose Butterdose destaca por su dise\u00f1o atemporal con delicados puntos, evocando una era de elegancia y sofisticaci\u00f3n. Los colores suaves se adaptan perfectamente a diferentes estilos de decoraci\u00f3n.<\/li>\n<li><strong>Calidad premium:<\/strong> Fabricada en porcelana de alta calidad, esta mantequillera es duradera y de la m\u00e1s alta calidad. Es apta tanto para microondas como para lavavajillas y mantiene su brillo a lo largo de los a\u00f1os.<\/li>\n<li><strong>Tama\u00f1o perfecto:<\/strong> Con unas dimensiones de 16 x 11 x 7 cm, esta mantequillera ofrece suficiente espacio para una barra de mantequilla est\u00e1ndar. Se guarda f\u00e1cilmente en el refrigerador y protege la mantequilla de olores no deseados y la sequedad.<\/li>\n<li><strong>F\u00e1cil de manejar:<\/strong> La tapa pr\u00e1ctica permite abrir y cerrar f\u00e1cilmente la mantequillera. Puedes sacar tu mantequilla sin esfuerzo, sin aplastarla ni desperdiciarla.<\/li>\n<li><strong>Vers\u00e1til:<\/strong> Adem\u00e1s de almacenar mantequilla, esta mantequillera tambi\u00e9n es perfecta para presentar pat\u00e9s, quesos o peque\u00f1as delicias. Es vers\u00e1til y adecuada para diversas ocasiones.<\/li>\n<li><strong>Idea de regalo:<\/strong> La Isabelle Rose Butterdose tambi\u00e9n es una excelente idea de regalo para amigos y familiares que aprecian el placer culinario y la decoraci\u00f3n elegante de la cocina.<\/li>\n<\/ol>\n<p>Con la Isabelle Rose Butterdose con puntos, a\u00f1ade un toque de encanto vintage a tu cocina y disfruta de mantequilla fresca siempre a mano. Este recipiente para mantequilla aporta un toque de nostalgia a tu hogar y es un accesorio imprescindible para aquellos que valoran la calidad y el estilo. Date a ti mismo o a un ser querido este atemporal recipiente para mantequilla y experimenta el placer de disfrutar de pan tierno, bollos y m\u00e1s en un ambiente elegante.<\/p>\n","protected":false},"excerpt":{"rendered":"<p>La Mantequillera Isabelle Rose con puntos combina un dise\u00f1o encantador con funcionalidad pr\u00e1ctica para elevar con estilo tu cocina y mantener la mantequilla fresca. Este recipiente para mantequilla es el complemento perfecto para tu mesa de desayuno y a\u00f1ade un toque de elegancia y encanto retro a tu cocina. Caracter\u00edsticas y aspectos destacados de la [&hellip;]<\/p>\n","protected":false},"featured_media":104799,"comment_status":"closed","ping_status":"closed","template":"","meta":[],"product_brand":[],"product_cat":[2570,1864,1432,1691],"product_tag":[],"class_list":{"0":"post-110281","1":"product","2":"type-product","3":"status-publish","4":"has-post-thumbnail","6":"product_cat-isabelle-rose-es","7":"product_cat-la-cocina","8":"product_cat-todos-los-productos","9":"product_cat-vajilla","10":"pa_farbe-amarillo","11":"pa_farbe-azul","12":"pa_farbe-azul-claro","13":"pa_farbe-beige-es","14":"pa_farbe-negro","15":"pa_farbe-rojo","16":"pa_farbe-rosa-es","17":"pa_farbe-verde-es","19":"first","20":"instock","21":"taxable","22":"shipping-taxable","23":"purchasable","24":"product-type-variable"},"_links":{"self":[{"href":"https:\/\/wiladu.de\/es\/wp-json\/wp\/v2\/product\/110281","targetHints":{"allow":["GET"]}}],"collection":[{"href":"https:\/\/wiladu.de\/es\/wp-json\/wp\/v2\/product"}],"about":[{"href":"https:\/\/wiladu.de\/es\/wp-json\/wp\/v2\/types\/product"}],"replies":[{"embeddable":true,"href":"https:\/\/wiladu.de\/es\/wp-json\/wp\/v2\/comments?post=110281"}],"version-history":[{"count":2,"href":"https:\/\/wiladu.de\/es\/wp-json\/wp\/v2\/product\/110281\/revisions"}],"predecessor-version":[{"id":110283,"href":"https:\/\/wiladu.de\/es\/wp-json\/wp\/v2\/product\/110281\/revisions\/110283"}],"wp:featuredmedia":[{"embeddable":true,"href":"https:\/\/wiladu.de\/es\/wp-json\/wp\/v2\/media\/104799"}],"wp:attachment":[{"href":"https:\/\/wiladu.de\/es\/wp-json\/wp\/v2\/media?parent=110281"}],"wp:term":[{"taxonomy":"product_brand","embeddable":true,"href":"https:\/\/wiladu.de\/es\/wp-json\/wp\/v2\/product_brand?post=110281"},{"taxonomy":"product_cat","embeddable":true,"href":"https:\/\/wiladu.de\/es\/wp-json\/wp\/v2\/product_cat?post=110281"},{"taxonomy":"product_tag","embeddable":true,"href":"https:\/\/wiladu.de\/es\/wp-json\/wp\/v2\/product_tag?post=110281"}],"curies":[{"name":"wp","href":"https:\/\/api.w.org\/{rel}","templated":true}]}}