{"id":109665,"date":"2024-01-07T11:05:09","date_gmt":"2024-01-07T11:05:09","guid":{"rendered":"https:\/\/wiladu.de\/?post_type=product&#038;p=109665"},"modified":"2024-01-07T16:55:11","modified_gmt":"2024-01-07T16:55:11","slug":"vela-perfumada-lily-flame","status":"publish","type":"product","link":"https:\/\/wiladu.de\/es\/vela-perfumada-lily-flame\/","title":{"rendered":"Vela perfumada Lily Flame Vela arom\u00e1tica muchas fragancias materiales de alta calidad 35h de tiempo de combusti\u00f3n"},"content":{"rendered":"<p>Disfrute de un ambiente lleno de fragancias con las exquisitas velas perfumadas de Lily Flame. Estas velas perfumadas transforman su hogar en un oasis arom\u00e1tico y crean un ambiente agradable. Los materiales de alta calidad y la cuidada producci\u00f3n hacen de cada vela una experiencia \u00fanica.<\/p>\n<h2>Sum\u00e9rjase en un mundo m\u00e1gico de fragancias con las velas perfumadas Lily Flame: velas perfumadas de alta calidad para su hogar.<\/h2>\n<p><strong>Fragancias diversas:<\/strong> las velas perfumadas Lily Flame ofrecen una amplia gama de fragancias seductoras, desde frescas y florales hasta c\u00e1lidas y especiadas. Elija su fragancia favorita y experimente c\u00f3mo transforma su hogar en un oasis arom\u00e1tico.<\/p>\n<p><strong>Materiales de alta calidad:<\/strong> las velas perfumadas Lily Flame est\u00e1n fabricadas con ceras y aceites de alta calidad. La cuidadosa selecci\u00f3n de los materiales garantiza una liberaci\u00f3n de fragancia uniforme y duradera. Disfrute de una vela perfumada de alta calidad que llena su hogar de un agradable aroma.<\/p>\n<p><strong>Fragancia duradera:<\/strong> Con una duraci\u00f3n de combusti\u00f3n de hasta 35 horas, las velas perfumadas Lily Flame ofrecen un disfrute de la fragancia de larga duraci\u00f3n. Si\u00e9ntese, rel\u00e1jese y d\u00e9jese envolver por las seductoras fragancias.<\/p>\n<p><strong>Dise\u00f1o est\u00e9tico:<\/strong> Las velas perfumadas Lily Flame no s\u00f3lo impresionan por su seductora fragancia, sino tambi\u00e9n por su dise\u00f1o est\u00e9tico. Los decorativos tarros de las velas llaman la atenci\u00f3n en cualquier habitaci\u00f3n y a\u00f1aden un toque de estilo a su hogar.<\/p>\n<p><strong>F\u00e1ciles de usar:<\/strong> las velas perfumadas son f\u00e1ciles de encender y difunden inmediatamente una agradable fragancia. El pr\u00e1ctico tarro protege de los restos de cera y garantiza un uso seguro.<\/p>\n<p><strong>Uso vers\u00e1til:<\/strong> ya sea en el sal\u00f3n, el dormitorio o el ba\u00f1o, las velas perfumadas Lily Flame son adecuadas para cualquier habitaci\u00f3n. D\u00e9 a su hogar un car\u00e1cter individual y cree un ambiente de bienestar personalizado.<\/p>\n<p><strong>Respetuosas con el medio ambiente:<\/strong> Lily Flame concede gran importancia a la sostenibilidad. Las velas perfumadas se producen de forma respetuosa con el medio ambiente y contribuyen as\u00ed a un estilo de vida consciente y respetuoso con el medio ambiente.<\/p>\n<p>Con las velas perfumadas Lily Flame no s\u00f3lo experimentar\u00e1 una fragancia encantadora, sino tambi\u00e9n la m\u00e1s alta calidad y un dise\u00f1o est\u00e9tico. Transforme su hogar en un oasis perfumado y cree una atm\u00f3sfera agradable que atraiga todos los sentidos. Reg\u00e1lese el lujo de las velas perfumadas Lily Flame: para momentos de relajaci\u00f3n y placer.<\/p>\n","protected":false},"excerpt":{"rendered":"<p>Disfrute de un ambiente lleno de fragancias con las exquisitas velas perfumadas de Lily Flame. Estas velas perfumadas transforman su hogar en un oasis arom\u00e1tico y crean un ambiente agradable. Los materiales de alta calidad y la cuidada producci\u00f3n hacen de cada vela una experiencia \u00fanica. Sum\u00e9rjase en un mundo m\u00e1gico de fragancias con las [&hellip;]<\/p>\n","protected":false},"featured_media":109533,"comment_status":"closed","ping_status":"closed","template":"","meta":[],"product_brand":[],"product_cat":[2574,1671,1432,2594],"product_tag":[],"class_list":{"0":"post-109665","1":"product","2":"type-product","3":"status-publish","4":"has-post-thumbnail","6":"product_cat-lily-flame-es","7":"product_cat-sostenibilidad","8":"product_cat-todos-los-productos","9":"product_cat-velas-perfumadas","11":"first","12":"outofstock","13":"taxable","14":"shipping-taxable","15":"purchasable","16":"product-type-simple"},"_links":{"self":[{"href":"https:\/\/wiladu.de\/es\/wp-json\/wp\/v2\/product\/109665","targetHints":{"allow":["GET"]}}],"collection":[{"href":"https:\/\/wiladu.de\/es\/wp-json\/wp\/v2\/product"}],"about":[{"href":"https:\/\/wiladu.de\/es\/wp-json\/wp\/v2\/types\/product"}],"replies":[{"embeddable":true,"href":"https:\/\/wiladu.de\/es\/wp-json\/wp\/v2\/comments?post=109665"}],"version-history":[{"count":2,"href":"https:\/\/wiladu.de\/es\/wp-json\/wp\/v2\/product\/109665\/revisions"}],"predecessor-version":[{"id":109668,"href":"https:\/\/wiladu.de\/es\/wp-json\/wp\/v2\/product\/109665\/revisions\/109668"}],"wp:featuredmedia":[{"embeddable":true,"href":"https:\/\/wiladu.de\/es\/wp-json\/wp\/v2\/media\/109533"}],"wp:attachment":[{"href":"https:\/\/wiladu.de\/es\/wp-json\/wp\/v2\/media?parent=109665"}],"wp:term":[{"taxonomy":"product_brand","embeddable":true,"href":"https:\/\/wiladu.de\/es\/wp-json\/wp\/v2\/product_brand?post=109665"},{"taxonomy":"product_cat","embeddable":true,"href":"https:\/\/wiladu.de\/es\/wp-json\/wp\/v2\/product_cat?post=109665"},{"taxonomy":"product_tag","embeddable":true,"href":"https:\/\/wiladu.de\/es\/wp-json\/wp\/v2\/product_tag?post=109665"}],"curies":[{"name":"wp","href":"https:\/\/api.w.org\/{rel}","templated":true}]}}