{"id":109620,"date":"2021-11-13T22:36:17","date_gmt":"2021-11-13T22:36:17","guid":{"rendered":"https:\/\/wiladu.de\/?post_type=product&#038;p=109620"},"modified":"2024-01-07T14:13:20","modified_gmt":"2024-01-07T14:13:20","slug":"extension-del-cuerpo-3-piezas-diferentes-colores","status":"publish","type":"product","link":"https:\/\/wiladu.de\/es\/extension-del-cuerpo-3-piezas-diferentes-colores\/","title":{"rendered":"Extensi\u00f3n del cuerpo 3 piezas diferentes colores"},"content":{"rendered":"<p>La extensi\u00f3n para el cuerpo es perfecta para cualquier body. No importa si cambia a su hijo con pa\u00f1ales de tela o no. Este peque\u00f1o artilugio le permite seguir utilizando el body de su hijo aunque ya no le quede bien de largo.<\/p>\n<div class=\"video-container\"><iframe title=\"Bodyverl\u00e4ngerung Wiladu Shop\" width=\"1170\" height=\"658\" src=\"https:\/\/www.youtube.com\/embed\/RSwwaMmBxjs?feature=oembed\" frameborder=\"0\" allow=\"accelerometer; autoplay; clipboard-write; encrypted-media; gyroscope; picture-in-picture; web-share\" allowfullscreen><\/iframe><\/div>\n<h2>Extensi\u00f3n corporal adecuada para pa\u00f1ales de tela<\/h2>\n<p>Los modelos actuales de pa\u00f1ales de tela suelen tener un dise\u00f1o muy c\u00f3modo y no limitan los movimientos del ni\u00f1o. En comparaci\u00f3n con los pa\u00f1ales convencionales, pueden ser un poco m\u00e1s voluminosos y crear un culito m\u00e1s grande. Esto puede notarse especialmente en las primeras etapas, cuando tu hijo es a\u00fan muy peque\u00f1o. La mayor cantidad de tejido en el culito puede hacer que el body quede m\u00e1s ajustado que sin pa\u00f1al. En el peor de los casos, se deslizar\u00e1 bajo los pu\u00f1os de las piernas del pa\u00f1al de tela y absorber\u00e1 l\u00edquido.<\/p>\n<p><strong>La extensi\u00f3n corporal de algod\u00f3n es el artilugio perfecto para evitar que esto ocurra en primer lugar. Las grandes ventajas en pocas palabras:<\/strong><\/p>\n<ul>\n<li>3 extensiones corporales incluidas en el paquete<\/li>\n<li>Se puede utilizar con muchas variantes de cuerpo El di\u00e1metro de los botones puede ser de 5, 7 y 9 mm<\/li>\n<li>Extensi\u00f3n de 7 cm<\/li>\n<\/ul>\n<h2>Extensi\u00f3n corporal de algod\u00f3n con certificaci\u00f3n \u00d6KOTEX 100<\/h2>\n<p>Y su uso es un juego de ni\u00f1os. Basta con unir los botones de la extensi\u00f3n a los del body y voil\u00e0, ya est\u00e1. Los 7 cm que se ganan suelen equivaler a una talla entera de vestido.<\/p>\n<p>Si no est\u00e1 segura de si la extensi\u00f3n se adapta a sus prendas, simplemente mida. Los botones vienen en tres tama\u00f1os diferentes: 9 mm, 7 mm y 5 mm. Adem\u00e1s, los botones tienen una separaci\u00f3n de unos 2 cm. Coja una regla y lo sabr\u00e1 con seguridad.<\/p>\n<p>Las extensiones del cuerpo son de algod\u00f3n crudo. Adem\u00e1s, los botones de presi\u00f3n cuentan con la certificaci\u00f3n \u00d6KOTEX 100. Esto garantiza que no contienen sustancias nocivas. Puedes lavarlos a 60 grados y, si es necesario, meterlos en la secadora.<\/p>\n<p>Una nota final. Por favor, tenga cuidado de no presionar los botones del body con excesiva fuerza. Normalmente esto es muy f\u00e1cil. Si no es as\u00ed, es probable que no encajen. En ese caso, no le servir\u00e1 de nada hacer m\u00e1s fuerza, ya que s\u00f3lo conseguir\u00e1 da\u00f1ar los botones.<\/p>\n<h2>Prolonga la vida de tus bodies de beb\u00e9 con el pr\u00e1ctico prolongador de bodies<\/h2>\n<p>El prolongador de bodies es la soluci\u00f3n ideal para mejorar el ajuste de los bodies de beb\u00e9 en un abrir y cerrar de ojos. Con este pack de 3 prolongadores de body de alta calidad, no s\u00f3lo prolongar\u00e1s la vida \u00fatil de las prendas, sino que tambi\u00e9n garantizar\u00e1s la m\u00e1xima comodidad para tu peque\u00f1o favorito.<\/p>\n<p><strong>Aplicaci\u00f3n vers\u00e1til:<\/strong> El juego contiene tres prolongadores de body diferentes que son perfectos para una gran variedad de bodies de beb\u00e9. Gracias a los diferentes di\u00e1metros de los botones (5, 7 y 9 mm), las extensiones se adaptan a muchos estilos de bodys habituales. Esto le permite utilizarlas con flexibilidad seg\u00fan sus necesidades.<\/p>\n<p><strong>Pr\u00e1ctica extensi\u00f3n:<\/strong> Con una extensi\u00f3n de 7 cm, tienes espacio suficiente para ajustar los bodies al crecimiento de tu beb\u00e9. La extensi\u00f3n del body garantiza un ajuste \u00f3ptimo y evita inc\u00f3modos estrechamientos.<\/p>\n<p><strong>Materiales de alta calidad:<\/strong> Las extensiones del body est\u00e1n fabricadas con algod\u00f3n respetuoso con la piel y cuentan con la certificaci\u00f3n \u00d6KOTEX 100. Estos materiales no s\u00f3lo garantizan que sean c\u00f3modos de llevar, sino que tambi\u00e9n cumplen los m\u00e1s altos est\u00e1ndares de calidad y seguridad para tu beb\u00e9.<\/p>\n<p><strong>F\u00e1cil de usar:<\/strong> utilizar las extensiones corporales es un juego de ni\u00f1os. Basta con abrocharlas sobre el body existente para conseguir el alargamiento deseado en un abrir y cerrar de ojos. Adem\u00e1s, el pr\u00e1ctico paquete de 3 unidades le ofrece la posibilidad de colocar diferentes bodies al mismo tiempo.<\/p>\n<p><strong>Soluci\u00f3n duradera:<\/strong> la confecci\u00f3n de alta calidad y los materiales resistentes hacen que las extensiones de body sean una soluci\u00f3n duradera para un uso sostenible de la ropa de beb\u00e9. Esto no s\u00f3lo le ahorra dinero, sino que tambi\u00e9n protege el medio ambiente.<\/p>\n<p>Con el extensor de bodies, los bodies de beb\u00e9 que se quedan peque\u00f1os son cosa del pasado. El conjunto impresiona por su versatilidad, sus materiales de alta calidad y su facilidad de uso. Regale a su beb\u00e9 la m\u00e1xima comodidad y a usted mismo una soluci\u00f3n sostenible y econ\u00f3mica para el guardarropa de su beb\u00e9. Utilice el pr\u00e1ctico extensor para personalizar la ropa de su beb\u00e9 y ofrezca a su peque\u00f1o la comodidad de unos bodies perfectamente ajustados.<\/p>\n","protected":false},"excerpt":{"rendered":"<p>La extensi\u00f3n para el cuerpo es perfecta para cualquier body. No importa si cambia a su hijo con pa\u00f1ales de tela o no. Este peque\u00f1o artilugio le permite seguir utilizando el body de su hijo aunque ya no le quede bien de largo. Extensi\u00f3n corporal adecuada para pa\u00f1ales de tela Los modelos actuales de pa\u00f1ales [&hellip;]<\/p>\n","protected":false},"featured_media":51480,"comment_status":"open","ping_status":"closed","template":"","meta":[],"product_brand":[],"product_cat":[1478,1888,1432,1738],"product_tag":[],"class_list":{"0":"post-109620","1":"product","2":"type-product","3":"status-publish","4":"has-post-thumbnail","6":"product_cat-avocado-es","7":"product_cat-extension-del-cuerpo","8":"product_cat-todos-los-productos","9":"product_cat-venta","11":"first","12":"instock","13":"sale","14":"taxable","15":"shipping-taxable","16":"purchasable","17":"product-type-variable"},"_links":{"self":[{"href":"https:\/\/wiladu.de\/es\/wp-json\/wp\/v2\/product\/109620","targetHints":{"allow":["GET"]}}],"collection":[{"href":"https:\/\/wiladu.de\/es\/wp-json\/wp\/v2\/product"}],"about":[{"href":"https:\/\/wiladu.de\/es\/wp-json\/wp\/v2\/types\/product"}],"replies":[{"embeddable":true,"href":"https:\/\/wiladu.de\/es\/wp-json\/wp\/v2\/comments?post=109620"}],"version-history":[{"count":2,"href":"https:\/\/wiladu.de\/es\/wp-json\/wp\/v2\/product\/109620\/revisions"}],"predecessor-version":[{"id":109629,"href":"https:\/\/wiladu.de\/es\/wp-json\/wp\/v2\/product\/109620\/revisions\/109629"}],"wp:featuredmedia":[{"embeddable":true,"href":"https:\/\/wiladu.de\/es\/wp-json\/wp\/v2\/media\/51480"}],"wp:attachment":[{"href":"https:\/\/wiladu.de\/es\/wp-json\/wp\/v2\/media?parent=109620"}],"wp:term":[{"taxonomy":"product_brand","embeddable":true,"href":"https:\/\/wiladu.de\/es\/wp-json\/wp\/v2\/product_brand?post=109620"},{"taxonomy":"product_cat","embeddable":true,"href":"https:\/\/wiladu.de\/es\/wp-json\/wp\/v2\/product_cat?post=109620"},{"taxonomy":"product_tag","embeddable":true,"href":"https:\/\/wiladu.de\/es\/wp-json\/wp\/v2\/product_tag?post=109620"}],"curies":[{"name":"wp","href":"https:\/\/api.w.org\/{rel}","templated":true}]}}