{"id":103102,"date":"2022-10-01T10:00:13","date_gmt":"2022-10-01T10:00:13","guid":{"rendered":"https:\/\/wiladu.de\/?post_type=product&#038;p=103102"},"modified":"2023-06-08T13:59:10","modified_gmt":"2023-06-08T13:59:10","slug":"robotime-dolls-house-music-bar-diy-con-iluminacion","status":"publish","type":"product","link":"https:\/\/wiladu.de\/es\/robotime-dolls-house-music-bar-diy-con-iluminacion\/","title":{"rendered":"Robotime Doll&#8217;s House Music Bar DIY con iluminaci\u00f3n"},"content":{"rendered":"<p>Descubra el fascinante juego de bar musical para casa de mu\u00f1ecas Robotime: \u00a1la combinaci\u00f3n perfecta de precisi\u00f3n artesanal y diversi\u00f3n musical! Esta casa de mu\u00f1ecas de precioso dise\u00f1o le transportar\u00e1 a un mundo de alegr\u00eda y entretenimiento.<\/p>\n<p>El juego de bar musical para casa de mu\u00f1ecas Robotime es una aut\u00e9ntica obra maestra del arte en miniatura. Cada detalle ha sido cuidadosamente dise\u00f1ado y elaborado con la m\u00e1xima atenci\u00f3n al detalle. Desde el exterior exquisitamente pintado hasta los diminutos instrumentos y muebles del interior, este conjunto es un tributo a la artesan\u00eda y la est\u00e9tica.<\/p>\n<p>Pero lo que hace que esta casa de mu\u00f1ecas sea tan especial es la barra de m\u00fasica incorporada. Enciende la m\u00fasica y d\u00e9jate hechizar por los maravillosos sonidos. Los instrumentos en miniatura suenan armoniosamente y crean una atm\u00f3sfera encantadora. Se sentir\u00e1 como en un bar de verdad, rodeado de m\u00fasica y alegr\u00eda.<\/p>\n<p>El set de bar musical para casa de mu\u00f1ecas Robotime no es s\u00f3lo un espect\u00e1culo visual, sino tambi\u00e9n un divertido proyecto de manualidades. Incluye todos los materiales e instrucciones necesarios para crear tu propia obra maestra. Montar la casa de mu\u00f1ecas es una actividad divertida y relajante en la que podr\u00e1s desarrollar plenamente tus habilidades creativas.<\/p>\n<p>Este juego de casa de mu\u00f1ecas es perfecto como regalo para aficionados a las manualidades, amantes de la m\u00fasica y cualquier persona apasionada por los mundos en miniatura. Pase agradables horas construyendo la casa de mu\u00f1ecas y disfrute despu\u00e9s de los sonidos musicales que le dan vida.<\/p>\n<p>Sum\u00e9rjase en el fascinante mundo de las casas de mu\u00f1ecas Robotime y deje que la barra musical le encante. Haga su pedido hoy mismo y prep\u00e1rese para una experiencia artesanal \u00fanica y m\u00e1gica.<\/p>\n<h2>Robotime Doll&#8217;s House Music Bar &#8211; Fabuloso Puzzle 3D<\/h2>\n<ul>\n<li>\u00bfD\u00f3nde est\u00e1 la casa de mu\u00f1ecas m\u00e1s exquisita? &#8211; \u00a1Ven aqu\u00ed! Robotime 3D Doll&#8217;s House es un kit que debe montar usted mismo, lo que le llevar\u00e1 unas 24 horas. Este kit es todo un reto, pero es un regalo estupendo para aquellos a los que les gusten las manualidades.<\/li>\n<li>\u00bfBrillar\u00e1 la casa en miniatura? &#8211; S\u00ed. Tiene luces LED. Cuando las luces est\u00e1n encendidas, refleja la casita a escala 1:24. La imagen es c\u00e1lida y bonita. M\u00e1s bonita por la noche. Qui\u00e9n no la querr\u00eda. (Debido a las normas de transporte, la pila CR2302 de 3 V no est\u00e1 incluida).<\/li>\n<li>\u00bfQu\u00e9 debo hacer si el montaje parece dif\u00edcil? &#8211; No es dif\u00edcil. No te preocupes. El kit de la casa de mu\u00f1ecas viene con todos los accesorios e instrucciones ilustradas. Todas las piezas est\u00e1n perfectamente cortadas y se ensamblan f\u00e1cilmente con un poco de pegamento. El kit de manualidades est\u00e1 bien hecho, es adecuado para principiantes en bricolaje y amantes de las manualidades.<\/li>\n<li>Mi juego, mi territorio, mis reglas &#8211; Todos los muebles de interior son de alta calidad y alegres. Puedes usar tu cerebro para decorar la casa o pintarla de tu color favorito. A medida que montas la casa de mu\u00f1ecas en miniatura pieza a pieza, te sientes muy relajado y con una sensaci\u00f3n de logro. Una vez terminada, sorprender\u00e1 a todo el que la vea.<\/li>\n<li>\u00bfSe puede regalar? &#8211; S\u00ed. Un conjunto de casita creativa como \u00e9ste es un regalo estupendo para una amiga o hermana. Se puede regalar en cualquier ocasi\u00f3n, como cumplea\u00f1os, aniversarios, San Valent\u00edn o Navidad. Si tiene alg\u00fan problema durante el montaje, p\u00f3ngase en contacto con nosotros.<\/li>\n<\/ul>\n","protected":false},"excerpt":{"rendered":"<p>Descubra el fascinante juego de bar musical para casa de mu\u00f1ecas Robotime: \u00a1la combinaci\u00f3n perfecta de precisi\u00f3n artesanal y diversi\u00f3n musical! Esta casa de mu\u00f1ecas de precioso dise\u00f1o le transportar\u00e1 a un mundo de alegr\u00eda y entretenimiento. El juego de bar musical para casa de mu\u00f1ecas Robotime es una aut\u00e9ntica obra maestra del arte en [&hellip;]<\/p>\n","protected":false},"featured_media":76424,"comment_status":"closed","ping_status":"closed","template":"","meta":[],"product_brand":[],"product_cat":[1753,1622,1432],"product_tag":[],"class_list":{"0":"post-103102","1":"product","2":"type-product","3":"status-publish","4":"has-post-thumbnail","6":"product_cat-juguete","7":"product_cat-robotime-es","8":"product_cat-todos-los-productos","10":"first","11":"outofstock","12":"taxable","13":"shipping-taxable","14":"purchasable","15":"product-type-simple"},"_links":{"self":[{"href":"https:\/\/wiladu.de\/es\/wp-json\/wp\/v2\/product\/103102","targetHints":{"allow":["GET"]}}],"collection":[{"href":"https:\/\/wiladu.de\/es\/wp-json\/wp\/v2\/product"}],"about":[{"href":"https:\/\/wiladu.de\/es\/wp-json\/wp\/v2\/types\/product"}],"replies":[{"embeddable":true,"href":"https:\/\/wiladu.de\/es\/wp-json\/wp\/v2\/comments?post=103102"}],"version-history":[{"count":1,"href":"https:\/\/wiladu.de\/es\/wp-json\/wp\/v2\/product\/103102\/revisions"}],"predecessor-version":[{"id":103103,"href":"https:\/\/wiladu.de\/es\/wp-json\/wp\/v2\/product\/103102\/revisions\/103103"}],"wp:featuredmedia":[{"embeddable":true,"href":"https:\/\/wiladu.de\/es\/wp-json\/wp\/v2\/media\/76424"}],"wp:attachment":[{"href":"https:\/\/wiladu.de\/es\/wp-json\/wp\/v2\/media?parent=103102"}],"wp:term":[{"taxonomy":"product_brand","embeddable":true,"href":"https:\/\/wiladu.de\/es\/wp-json\/wp\/v2\/product_brand?post=103102"},{"taxonomy":"product_cat","embeddable":true,"href":"https:\/\/wiladu.de\/es\/wp-json\/wp\/v2\/product_cat?post=103102"},{"taxonomy":"product_tag","embeddable":true,"href":"https:\/\/wiladu.de\/es\/wp-json\/wp\/v2\/product_tag?post=103102"}],"curies":[{"name":"wp","href":"https:\/\/api.w.org\/{rel}","templated":true}]}}