{"id":102946,"date":"2022-10-01T09:34:06","date_gmt":"2022-10-01T09:34:06","guid":{"rendered":"https:\/\/wiladu.de\/?post_type=product&#038;p=102946"},"modified":"2023-06-07T12:25:48","modified_gmt":"2023-06-07T12:25:48","slug":"robotime-cathys-casa-de-flores","status":"publish","type":"product","link":"https:\/\/wiladu.de\/es\/robotime-cathys-casa-de-flores\/","title":{"rendered":"Robotime Cathys Casa de flores Rolife Casa de jard\u00edn DIY con iluminaci\u00f3n Rolife Cathys Casa de flores"},"content":{"rendered":"<p>Explora el m\u00e1gico mundo de Robotime con la Casa de Flores de Cathy y \u00a1deja florecer tu lado creativo! Con este encantador kit, podr\u00e1s dise\u00f1ar tu propia casa de flores en miniatura y crear una escena id\u00edlica.<\/p>\n<p>Robotime Cathy&#8217;s Flower House es m\u00e1s que un kit: es una obra de arte que cobra vida. El kit contiene piezas de madera de alta calidad precortadas y fabricadas con precisi\u00f3n. Te guiaremos paso a paso a trav\u00e9s del proceso de construcci\u00f3n mientras desarrollas tus habilidades artesanales y tu ojo para los detalles.<\/p>\n<p>Una vez terminada la casa de flores, te sorprender\u00e1 su belleza. Los preciosos detalles, como los parterres, la valla y los muebles en miniatura, dan a la casa un aspecto encantador y realista. Convi\u00e9rtala en un hogar de cuento de hadas para sus propios personajes en miniatura o util\u00edcela como elemento decorativo en su habitaci\u00f3n.<\/p>\n<p>La casa de flores de Cathy no es s\u00f3lo un fant\u00e1stico proyecto de manualidades, sino tambi\u00e9n una forma estupenda de fomentar tu relajaci\u00f3n y creatividad. Sum\u00e9rgete en un mundo de calma y expresi\u00f3n art\u00edstica mientras creas y decoras la casa de flores. Es la actividad perfecta para aliviar el estr\u00e9s y calmar la mente.<\/p>\n<p>Este kit es un regalo maravilloso para los amantes del arte, los artesanos y cualquiera que disfrute creando algo con sus propias manos. Pase tiempo de calidad con sus seres queridos mientras dan vida juntos a este mundo en miniatura.<\/p>\n<p>Deje que su imaginaci\u00f3n florezca con la Casa de las Flores Cathy de Robotime. P\u00eddala hoy mismo y disfrute del maravilloso viaje del dise\u00f1o creativo.<\/p>\n<div class=\"video-container\"><iframe title=\"Robotime dollhouse kit - Kathy&#039;s Flower house - DG104\" width=\"1170\" height=\"658\" src=\"https:\/\/www.youtube.com\/embed\/qDgOPbLtJoo?feature=oembed\" frameborder=\"0\" allow=\"accelerometer; autoplay; clipboard-write; encrypted-media; gyroscope; picture-in-picture; web-share\" allowfullscreen><\/iframe><\/div>\n","protected":false},"excerpt":{"rendered":"<p>Explora el m\u00e1gico mundo de Robotime con la Casa de Flores de Cathy y \u00a1deja florecer tu lado creativo! Con este encantador kit, podr\u00e1s dise\u00f1ar tu propia casa de flores en miniatura y crear una escena id\u00edlica. Robotime Cathy&#8217;s Flower House es m\u00e1s que un kit: es una obra de arte que cobra vida. El [&hellip;]<\/p>\n","protected":false},"featured_media":76362,"comment_status":"closed","ping_status":"closed","template":"","meta":[],"product_brand":[],"product_cat":[1622,2922,1432],"product_tag":[],"class_list":{"0":"post-102946","1":"product","2":"type-product","3":"status-publish","4":"has-post-thumbnail","6":"product_cat-robotime-es","7":"product_cat-rompecabezas-de-madera-en-3d","8":"product_cat-todos-los-productos","10":"first","11":"instock","12":"taxable","13":"shipping-taxable","14":"purchasable","15":"product-type-simple"},"_links":{"self":[{"href":"https:\/\/wiladu.de\/es\/wp-json\/wp\/v2\/product\/102946","targetHints":{"allow":["GET"]}}],"collection":[{"href":"https:\/\/wiladu.de\/es\/wp-json\/wp\/v2\/product"}],"about":[{"href":"https:\/\/wiladu.de\/es\/wp-json\/wp\/v2\/types\/product"}],"replies":[{"embeddable":true,"href":"https:\/\/wiladu.de\/es\/wp-json\/wp\/v2\/comments?post=102946"}],"version-history":[{"count":2,"href":"https:\/\/wiladu.de\/es\/wp-json\/wp\/v2\/product\/102946\/revisions"}],"predecessor-version":[{"id":102953,"href":"https:\/\/wiladu.de\/es\/wp-json\/wp\/v2\/product\/102946\/revisions\/102953"}],"wp:featuredmedia":[{"embeddable":true,"href":"https:\/\/wiladu.de\/es\/wp-json\/wp\/v2\/media\/76362"}],"wp:attachment":[{"href":"https:\/\/wiladu.de\/es\/wp-json\/wp\/v2\/media?parent=102946"}],"wp:term":[{"taxonomy":"product_brand","embeddable":true,"href":"https:\/\/wiladu.de\/es\/wp-json\/wp\/v2\/product_brand?post=102946"},{"taxonomy":"product_cat","embeddable":true,"href":"https:\/\/wiladu.de\/es\/wp-json\/wp\/v2\/product_cat?post=102946"},{"taxonomy":"product_tag","embeddable":true,"href":"https:\/\/wiladu.de\/es\/wp-json\/wp\/v2\/product_tag?post=102946"}],"curies":[{"name":"wp","href":"https:\/\/api.w.org\/{rel}","templated":true}]}}