{"id":91307,"date":"2022-02-09T22:52:25","date_gmt":"2022-02-09T22:52:25","guid":{"rendered":"https:\/\/wiladu.de\/quitar-las-manchas-de-fresa\/"},"modified":"2023-01-31T11:36:33","modified_gmt":"2023-01-31T11:36:33","slug":"quitar-las-manchas-de-fresa","status":"publish","type":"page","link":"https:\/\/wiladu.de\/es\/quitar-las-manchas-de-fresa\/","title":{"rendered":"Quitar las manchas de fresa"},"content":{"rendered":"\t\t<div data-elementor-type=\"wp-page\" data-elementor-id=\"91307\" class=\"elementor elementor-91307 elementor-49246\" data-elementor-settings=\"{&quot;element_pack_global_tooltip_width&quot;:{&quot;unit&quot;:&quot;px&quot;,&quot;size&quot;:&quot;&quot;,&quot;sizes&quot;:[]},&quot;element_pack_global_tooltip_width_tablet&quot;:{&quot;unit&quot;:&quot;px&quot;,&quot;size&quot;:&quot;&quot;,&quot;sizes&quot;:[]},&quot;element_pack_global_tooltip_width_mobile&quot;:{&quot;unit&quot;:&quot;px&quot;,&quot;size&quot;:&quot;&quot;,&quot;sizes&quot;:[]},&quot;element_pack_global_tooltip_padding&quot;:{&quot;unit&quot;:&quot;px&quot;,&quot;top&quot;:&quot;&quot;,&quot;right&quot;:&quot;&quot;,&quot;bottom&quot;:&quot;&quot;,&quot;left&quot;:&quot;&quot;,&quot;isLinked&quot;:true},&quot;element_pack_global_tooltip_padding_tablet&quot;:{&quot;unit&quot;:&quot;px&quot;,&quot;top&quot;:&quot;&quot;,&quot;right&quot;:&quot;&quot;,&quot;bottom&quot;:&quot;&quot;,&quot;left&quot;:&quot;&quot;,&quot;isLinked&quot;:true},&quot;element_pack_global_tooltip_padding_mobile&quot;:{&quot;unit&quot;:&quot;px&quot;,&quot;top&quot;:&quot;&quot;,&quot;right&quot;:&quot;&quot;,&quot;bottom&quot;:&quot;&quot;,&quot;left&quot;:&quot;&quot;,&quot;isLinked&quot;:true},&quot;element_pack_global_tooltip_border_radius&quot;:{&quot;unit&quot;:&quot;px&quot;,&quot;top&quot;:&quot;&quot;,&quot;right&quot;:&quot;&quot;,&quot;bottom&quot;:&quot;&quot;,&quot;left&quot;:&quot;&quot;,&quot;isLinked&quot;:true},&quot;element_pack_global_tooltip_border_radius_tablet&quot;:{&quot;unit&quot;:&quot;px&quot;,&quot;top&quot;:&quot;&quot;,&quot;right&quot;:&quot;&quot;,&quot;bottom&quot;:&quot;&quot;,&quot;left&quot;:&quot;&quot;,&quot;isLinked&quot;:true},&quot;element_pack_global_tooltip_border_radius_mobile&quot;:{&quot;unit&quot;:&quot;px&quot;,&quot;top&quot;:&quot;&quot;,&quot;right&quot;:&quot;&quot;,&quot;bottom&quot;:&quot;&quot;,&quot;left&quot;:&quot;&quot;,&quot;isLinked&quot;:true}}\" data-elementor-post-type=\"page\">\n\t\t\t\t\t\t<section class=\"elementor-section elementor-top-section elementor-element elementor-element-5f84f7a elementor-section-boxed elementor-section-height-default elementor-section-height-default\" data-id=\"5f84f7a\" data-element_type=\"section\" data-e-type=\"section\">\n\t\t\t\t\t\t<div class=\"elementor-container elementor-column-gap-default\">\n\t\t\t\t\t<div class=\"elementor-column elementor-col-100 elementor-top-column elementor-element elementor-element-944925d\" data-id=\"944925d\" data-element_type=\"column\" data-e-type=\"column\">\n\t\t\t<div class=\"elementor-widget-wrap elementor-element-populated\">\n\t\t\t\t\t\t<div class=\"elementor-element elementor-element-99fca67 elementor-widget elementor-widget-heading\" data-id=\"99fca67\" data-element_type=\"widget\" data-e-type=\"widget\" data-widget_type=\"heading.default\">\n\t\t\t\t<div class=\"elementor-widget-container\">\n\t\t\t\t\t<h1 class=\"elementor-heading-title elementor-size-default\">Quitar las manchas de fresa  <\/h1>\t\t\t\t<\/div>\n\t\t\t\t<\/div>\n\t\t\t\t\t<\/div>\n\t\t<\/div>\n\t\t\t\t\t<\/div>\n\t\t<\/section>\n\t\t\t\t<section class=\"elementor-section elementor-top-section elementor-element elementor-element-bf61874 elementor-section-boxed elementor-section-height-default elementor-section-height-default\" data-id=\"bf61874\" data-element_type=\"section\" data-e-type=\"section\">\n\t\t\t\t\t\t<div class=\"elementor-container elementor-column-gap-default\">\n\t\t\t\t\t<div class=\"elementor-column elementor-col-100 elementor-top-column elementor-element elementor-element-138661a\" data-id=\"138661a\" data-element_type=\"column\" data-e-type=\"column\">\n\t\t\t<div class=\"elementor-widget-wrap elementor-element-populated\">\n\t\t\t\t\t\t<div class=\"elementor-element elementor-element-ea85d22 elementor-widget elementor-widget-text-editor\" data-id=\"ea85d22\" data-element_type=\"widget\" data-e-type=\"widget\" data-widget_type=\"text-editor.default\">\n\t\t\t\t<div class=\"elementor-widget-container\">\n\t\t\t\t\t\t\t\t\t<p>\u00a1Hora de las fresas, hora de las fresas! Qu\u00e9 felices nos sentimos cuando vuelven a abundar las fresas y todo el mundo puede disfrutar mordiendo esta dulce fruta. Delicioso, dulce y afrutado: el <a href=\"https:\/\/www.fuersie.de\/kochen\/rezeptideen\/artikel\/erdbeersaft-selber-machen-rezept-und-anleitung\" target=\"_blank\" rel=\"noopener\">zumo de fresa<\/a> de la mano gotea sobre el mantel o los pantalones y ah\u00ed est\u00e1: una mancha de fresa, de un rojo precioso y dif\u00edcil de quitar. Pero, \u00bfqu\u00e9 remedios caseros son adecuados como remedio? En general, hay que actuar con rapidez, porque las manchas recientes son mucho m\u00e1s f\u00e1ciles de eliminar que las que ya se han secado y se han impregnado en las fibras. \u00bfQu\u00e9 remedios caseros ayudan contra las manchas de las deliciosas fresas?<\/p>\n<p>Las manchas de fresa no son tan resistentes como otras manchas. Inmediatamente despu\u00e9s del peque\u00f1o percance, se puede aclarar la mancha con <u>agua tibia<\/u>, pero s\u00f3lo si realmente era una fresa fresca, no azucarada y no mermelada de fresa o similar.<\/p>\n<p><u>Agua jabonosa:<\/u> Esto ayuda con las manchas de fresa un poco m\u00e1s dif\u00edciles, por ejemplo de zumo o con az\u00facar. En este caso, la prenda debe remojarse durante toda la noche en una soluci\u00f3n de agua jabonosa. Luego puedes aclararlo y meterlo directamente en la lavadora. Las manchas de fresas secas tambi\u00e9n pueden reacondicionarse de este modo.<\/p>\n<p><u>Lim\u00f3n o vinagre<\/u>: Como ocurre con muchas manchas, las de fresa tambi\u00e9n pueden tratarse con vinagre o zumo de lim\u00f3n, aunque es preferible hacerlo sobre ropa de color claro, ya que tambi\u00e9n tienen un efecto blanqueador. El conjunto debe empaparse durante aproximadamente una hora.<\/p>\n\t\t\t\t\t\t\t\t<\/div>\n\t\t\t\t<\/div>\n\t\t\t\t\t<\/div>\n\t\t<\/div>\n\t\t\t\t\t<\/div>\n\t\t<\/section>\n\t\t\t\t<section class=\"elementor-section elementor-top-section elementor-element elementor-element-e1d8806 elementor-section-boxed elementor-section-height-default elementor-section-height-default\" data-id=\"e1d8806\" data-element_type=\"section\" data-e-type=\"section\">\n\t\t\t\t\t\t<div class=\"elementor-container elementor-column-gap-default\">\n\t\t\t\t\t<div class=\"elementor-column elementor-col-100 elementor-top-column elementor-element elementor-element-1d3681b\" data-id=\"1d3681b\" data-element_type=\"column\" data-e-type=\"column\">\n\t\t\t<div class=\"elementor-widget-wrap elementor-element-populated\">\n\t\t\t\t\t\t<div class=\"elementor-element elementor-element-f12148b elementor-widget elementor-widget-heading\" data-id=\"f12148b\" data-element_type=\"widget\" data-e-type=\"widget\" data-widget_type=\"heading.default\">\n\t\t\t\t<div class=\"elementor-widget-container\">\n\t\t\t\t\t<h2 class=\"elementor-heading-title elementor-size-default\">Quitar las manchas de fresa - muy sencillo<\/h2>\t\t\t\t<\/div>\n\t\t\t\t<\/div>\n\t\t\t\t\t<\/div>\n\t\t<\/div>\n\t\t\t\t\t<\/div>\n\t\t<\/section>\n\t\t\t\t<section class=\"elementor-section elementor-top-section elementor-element elementor-element-5997278 elementor-section-boxed elementor-section-height-default elementor-section-height-default\" data-id=\"5997278\" data-element_type=\"section\" data-e-type=\"section\">\n\t\t\t\t\t\t<div class=\"elementor-container elementor-column-gap-default\">\n\t\t\t\t\t<div class=\"elementor-column elementor-col-100 elementor-top-column elementor-element elementor-element-faea524\" data-id=\"faea524\" data-element_type=\"column\" data-e-type=\"column\">\n\t\t\t<div class=\"elementor-widget-wrap elementor-element-populated\">\n\t\t\t\t\t\t<div class=\"elementor-element elementor-element-2defd97 elementor-widget elementor-widget-text-editor\" data-id=\"2defd97\" data-element_type=\"widget\" data-e-type=\"widget\" data-widget_type=\"text-editor.default\">\n\t\t\t\t<div class=\"elementor-widget-container\">\n\t\t\t\t\t\t\t\t\t<p>El agua tibia con <u>bicarbonato de sodio <\/u>es el quitamanchas m\u00e1s fuerte, por lo que s\u00f3lo debe utilizarse en tejidos relativamente poco sensibles, por ejemplo, un mantel de color claro para la mesa del jard\u00edn. De nuevo, deje que el tejido se impregne del l\u00edquido durante unas horas o toda la noche.<\/p>\n<p>Tras esta preparaci\u00f3n, la pieza en buen estado se lava a mano para un control preciso o se introduce en la lavadora. El tratamiento previo de las manchas es imprescindible para que no se sequen y se disuelvan finalmente en el ciclo de lavado.<\/p>\n<p>Por \u00faltimo, pero no por ello menos importante, el \u00faltimo residuo de color puede desvanecerse por completo poni\u00e9ndolo deliberadamente al sol. No obstante, elija un lugar a la sombra, ya que de lo contrario el color tambi\u00e9n se resentir\u00e1 (las prendas blancas tambi\u00e9n pueden ponerse al sol).<\/p>\n<p>\u00bfY si el tejido no es lavable? En caso de emergencia, puede poner sobre la mancha un poco de alcohol del color m\u00e1s neutro posible y del porcentaje m\u00e1s alto posible y, a continuaci\u00f3n, limpiarla con un pa\u00f1o con agua fresca.<\/p>\n<p>Si est\u00e1s fuera de casa, el agua caliente es probablemente la primera opci\u00f3n, con jab\u00f3n de manos del ba\u00f1o local si es necesario para reducir la mancha.<\/p>\n<p>Esperemos que esto te ayude a dominar las encantadoras manchas rojas de las fresas y a restaurar la belleza de tus prendas, y que todos pod\u00e1is seguir disfrutando y festejando la temporada de fresas sin ser molestados.<\/p>\n\t\t\t\t\t\t\t\t<\/div>\n\t\t\t\t<\/div>\n\t\t\t\t\t<\/div>\n\t\t<\/div>\n\t\t\t\t\t<\/div>\n\t\t<\/section>\n\t\t\t\t<section class=\"elementor-section elementor-top-section elementor-element elementor-element-1db0c7c elementor-section-boxed elementor-section-height-default elementor-section-height-default\" data-id=\"1db0c7c\" data-element_type=\"section\" data-e-type=\"section\">\n\t\t\t\t\t\t<div class=\"elementor-container elementor-column-gap-default\">\n\t\t\t\t\t<div class=\"elementor-column elementor-col-100 elementor-top-column elementor-element elementor-element-c8c696c\" data-id=\"c8c696c\" data-element_type=\"column\" data-e-type=\"column\">\n\t\t\t<div class=\"elementor-widget-wrap elementor-element-populated\">\n\t\t\t\t\t\t<div class=\"elementor-element elementor-element-274a821 elementor-widget elementor-widget-text-editor\" data-id=\"274a821\" data-element_type=\"widget\" data-e-type=\"widget\" data-widget_type=\"text-editor.default\">\n\t\t\t\t<div class=\"elementor-widget-container\">\n\t\t\t\t\t\t\t\t\t<p>No deje de consultar nuestra <a href=\"https:\/\/wiladu.de\/wiladu-fleckenratgeber\/\">gu\u00eda de manchas Wiladu para<\/a> obtener m\u00e1s consejos \u00fatiles.<\/p>\n\t\t\t\t\t\t\t\t<\/div>\n\t\t\t\t<\/div>\n\t\t\t\t\t<\/div>\n\t\t<\/div>\n\t\t\t\t\t<\/div>\n\t\t<\/section>\n\t\t\t\t<\/div>\n\t\t","protected":false},"excerpt":{"rendered":"<p>Quitar las manchas de fresa \u00a1Hora de las fresas, hora de las fresas! Qu\u00e9 felices nos sentimos cuando vuelven a abundar las fresas y todo el mundo puede disfrutar mordiendo esta dulce fruta. Delicioso, dulce y afrutado: el zumo de fresa de la mano gotea sobre el mantel o los pantalones y ah\u00ed est\u00e1: una [&hellip;]<\/p>\n","protected":false},"author":1,"featured_media":0,"parent":0,"menu_order":0,"comment_status":"closed","ping_status":"closed","template":"elementor_header_footer","meta":{"footnotes":""},"class_list":["post-91307","page","type-page","status-publish","hentry"],"_links":{"self":[{"href":"https:\/\/wiladu.de\/es\/wp-json\/wp\/v2\/pages\/91307","targetHints":{"allow":["GET"]}}],"collection":[{"href":"https:\/\/wiladu.de\/es\/wp-json\/wp\/v2\/pages"}],"about":[{"href":"https:\/\/wiladu.de\/es\/wp-json\/wp\/v2\/types\/page"}],"author":[{"embeddable":true,"href":"https:\/\/wiladu.de\/es\/wp-json\/wp\/v2\/users\/1"}],"replies":[{"embeddable":true,"href":"https:\/\/wiladu.de\/es\/wp-json\/wp\/v2\/comments?post=91307"}],"version-history":[{"count":1,"href":"https:\/\/wiladu.de\/es\/wp-json\/wp\/v2\/pages\/91307\/revisions"}],"predecessor-version":[{"id":91308,"href":"https:\/\/wiladu.de\/es\/wp-json\/wp\/v2\/pages\/91307\/revisions\/91308"}],"wp:attachment":[{"href":"https:\/\/wiladu.de\/es\/wp-json\/wp\/v2\/media?parent=91307"}],"curies":[{"name":"wp","href":"https:\/\/api.w.org\/{rel}","templated":true}]}}