{"id":91295,"date":"2022-02-09T22:53:38","date_gmt":"2022-02-09T22:53:38","guid":{"rendered":"https:\/\/wiladu.de\/eliminar-las-manchas-de-hierba-seca\/"},"modified":"2023-01-31T11:34:16","modified_gmt":"2023-01-31T11:34:16","slug":"eliminar-las-manchas-de-hierba-seca","status":"publish","type":"page","link":"https:\/\/wiladu.de\/es\/eliminar-las-manchas-de-hierba-seca\/","title":{"rendered":"Eliminar las manchas de hierba seca"},"content":{"rendered":"\t\t<div data-elementor-type=\"wp-page\" data-elementor-id=\"91295\" class=\"elementor elementor-91295 elementor-49250\" data-elementor-settings=\"{&quot;element_pack_global_tooltip_width&quot;:{&quot;unit&quot;:&quot;px&quot;,&quot;size&quot;:&quot;&quot;,&quot;sizes&quot;:[]},&quot;element_pack_global_tooltip_width_tablet&quot;:{&quot;unit&quot;:&quot;px&quot;,&quot;size&quot;:&quot;&quot;,&quot;sizes&quot;:[]},&quot;element_pack_global_tooltip_width_mobile&quot;:{&quot;unit&quot;:&quot;px&quot;,&quot;size&quot;:&quot;&quot;,&quot;sizes&quot;:[]},&quot;element_pack_global_tooltip_padding&quot;:{&quot;unit&quot;:&quot;px&quot;,&quot;top&quot;:&quot;&quot;,&quot;right&quot;:&quot;&quot;,&quot;bottom&quot;:&quot;&quot;,&quot;left&quot;:&quot;&quot;,&quot;isLinked&quot;:true},&quot;element_pack_global_tooltip_padding_tablet&quot;:{&quot;unit&quot;:&quot;px&quot;,&quot;top&quot;:&quot;&quot;,&quot;right&quot;:&quot;&quot;,&quot;bottom&quot;:&quot;&quot;,&quot;left&quot;:&quot;&quot;,&quot;isLinked&quot;:true},&quot;element_pack_global_tooltip_padding_mobile&quot;:{&quot;unit&quot;:&quot;px&quot;,&quot;top&quot;:&quot;&quot;,&quot;right&quot;:&quot;&quot;,&quot;bottom&quot;:&quot;&quot;,&quot;left&quot;:&quot;&quot;,&quot;isLinked&quot;:true},&quot;element_pack_global_tooltip_border_radius&quot;:{&quot;unit&quot;:&quot;px&quot;,&quot;top&quot;:&quot;&quot;,&quot;right&quot;:&quot;&quot;,&quot;bottom&quot;:&quot;&quot;,&quot;left&quot;:&quot;&quot;,&quot;isLinked&quot;:true},&quot;element_pack_global_tooltip_border_radius_tablet&quot;:{&quot;unit&quot;:&quot;px&quot;,&quot;top&quot;:&quot;&quot;,&quot;right&quot;:&quot;&quot;,&quot;bottom&quot;:&quot;&quot;,&quot;left&quot;:&quot;&quot;,&quot;isLinked&quot;:true},&quot;element_pack_global_tooltip_border_radius_mobile&quot;:{&quot;unit&quot;:&quot;px&quot;,&quot;top&quot;:&quot;&quot;,&quot;right&quot;:&quot;&quot;,&quot;bottom&quot;:&quot;&quot;,&quot;left&quot;:&quot;&quot;,&quot;isLinked&quot;:true}}\" data-elementor-post-type=\"page\">\n\t\t\t\t\t\t<section class=\"elementor-section elementor-top-section elementor-element elementor-element-924c7ce elementor-section-boxed elementor-section-height-default elementor-section-height-default\" data-id=\"924c7ce\" data-element_type=\"section\" data-e-type=\"section\">\n\t\t\t\t\t\t<div class=\"elementor-container elementor-column-gap-default\">\n\t\t\t\t\t<div class=\"elementor-column elementor-col-100 elementor-top-column elementor-element elementor-element-a3e2368\" data-id=\"a3e2368\" data-element_type=\"column\" data-e-type=\"column\">\n\t\t\t<div class=\"elementor-widget-wrap elementor-element-populated\">\n\t\t\t\t\t\t<div class=\"elementor-element elementor-element-4dc676e elementor-widget elementor-widget-heading\" data-id=\"4dc676e\" data-element_type=\"widget\" data-e-type=\"widget\" data-widget_type=\"heading.default\">\n\t\t\t\t<div class=\"elementor-widget-container\">\n\t\t\t\t\t<h1 class=\"elementor-heading-title elementor-size-default\">Eliminar las manchas de hierba seca  <\/h1>\t\t\t\t<\/div>\n\t\t\t\t<\/div>\n\t\t\t\t\t<\/div>\n\t\t<\/div>\n\t\t\t\t\t<\/div>\n\t\t<\/section>\n\t\t\t\t<section class=\"elementor-section elementor-top-section elementor-element elementor-element-b23a0f7 elementor-section-boxed elementor-section-height-default elementor-section-height-default\" data-id=\"b23a0f7\" data-element_type=\"section\" data-e-type=\"section\">\n\t\t\t\t\t\t<div class=\"elementor-container elementor-column-gap-default\">\n\t\t\t\t\t<div class=\"elementor-column elementor-col-100 elementor-top-column elementor-element elementor-element-53ca6bb\" data-id=\"53ca6bb\" data-element_type=\"column\" data-e-type=\"column\">\n\t\t\t<div class=\"elementor-widget-wrap elementor-element-populated\">\n\t\t\t\t\t\t<div class=\"elementor-element elementor-element-ac5bf03 elementor-widget elementor-widget-heading\" data-id=\"ac5bf03\" data-element_type=\"widget\" data-e-type=\"widget\" data-widget_type=\"heading.default\">\n\t\t\t\t<div class=\"elementor-widget-container\">\n\t\t\t\t\t<h3 class=\"elementor-heading-title elementor-size-default\">Consejos profesionales para eliminar las manchas de hierba seca\n<\/h3>\t\t\t\t<\/div>\n\t\t\t\t<\/div>\n\t\t\t\t\t<\/div>\n\t\t<\/div>\n\t\t\t\t\t<\/div>\n\t\t<\/section>\n\t\t\t\t<section class=\"elementor-section elementor-top-section elementor-element elementor-element-c6a6aae elementor-section-boxed elementor-section-height-default elementor-section-height-default\" data-id=\"c6a6aae\" data-element_type=\"section\" data-e-type=\"section\">\n\t\t\t\t\t\t<div class=\"elementor-container elementor-column-gap-default\">\n\t\t\t\t\t<div class=\"elementor-column elementor-col-100 elementor-top-column elementor-element elementor-element-6b4f1a9\" data-id=\"6b4f1a9\" data-element_type=\"column\" data-e-type=\"column\">\n\t\t\t<div class=\"elementor-widget-wrap elementor-element-populated\">\n\t\t\t\t\t\t<div class=\"elementor-element elementor-element-b84a92b elementor-widget elementor-widget-image\" data-id=\"b84a92b\" data-element_type=\"widget\" data-e-type=\"widget\" data-widget_type=\"image.default\">\n\t\t\t\t<div class=\"elementor-widget-container\">\n\t\t\t\t\t\t\t\t\t\t\t\t\t\t\t<img decoding=\"async\" src=\"https:\/\/wiladu.de\/wp-content\/uploads\/elementor\/thumbs\/Eingetrocknete-Grasflecken-entfernen-pri62rfxdg1c996p2e6nn6s2pue6oqk289cuhl362w.jpg\" title=\"Eingetrocknete Grasflecken entfernen\" alt=\"Eingetrocknete Grasflecken entfernen\" loading=\"lazy\">\t\t\t\t\t\t\t\t\t\t\t\t\t\t\t<\/div>\n\t\t\t\t<\/div>\n\t\t\t\t\t<\/div>\n\t\t<\/div>\n\t\t\t\t\t<\/div>\n\t\t<\/section>\n\t\t\t\t<section class=\"elementor-section elementor-top-section elementor-element elementor-element-b9b452d elementor-section-stretched elementor-section-boxed elementor-section-height-default elementor-section-height-default\" data-id=\"b9b452d\" data-element_type=\"section\" data-e-type=\"section\" data-settings=\"{&quot;stretch_section&quot;:&quot;section-stretched&quot;}\">\n\t\t\t\t\t\t<div class=\"elementor-container elementor-column-gap-default\">\n\t\t\t\t\t<div class=\"elementor-column elementor-col-100 elementor-top-column elementor-element elementor-element-7a625b3\" data-id=\"7a625b3\" data-element_type=\"column\" data-e-type=\"column\">\n\t\t\t<div class=\"elementor-widget-wrap elementor-element-populated\">\n\t\t\t\t\t\t<div class=\"elementor-element elementor-element-d444b24 elementor-widget elementor-widget-text-editor\" data-id=\"d444b24\" data-element_type=\"widget\" data-e-type=\"widget\" data-widget_type=\"text-editor.default\">\n\t\t\t\t<div class=\"elementor-widget-container\">\n\t\t\t\t\t\t\t\t\t<p><strong>Eliminar las manchas de hierba<\/strong> seca puede hacerse r\u00e1pida y f\u00e1cilmente. Con nuestros consejos estar\u00e1s en el lado limpio.<\/p>\n<p>Estar al aire libre es divertido, retozar por el prado o revolcarse por la hierba juntos a\u00fan m\u00e1s. Los prados son fragantes e invitan a relajarse y jugar.  <\/p>\n<p>Pero es f\u00e1cil resbalarse o mancharse de hierba los pantalones o la camisa mientras se est\u00e1 c\u00f3modamente sentado en la frondosa vegetaci\u00f3n.  <\/p>\n<p>Las manchas de hierba del campo de f\u00fatbol tambi\u00e9n son t\u00edpicas, sobre todo si suele haber contacto f\u00edsico y se barre sobre la superficie del c\u00e9sped. Luego hay manchas en calcetines, zapatos, pantalones y camisetas.  <\/p>\n<p>Estas manchas de hierba son dif\u00edciles de quitar y se secan r\u00e1pidamente. Pero, \u00bfc\u00f3mo eliminar las manchas de hierba seca en casa?<\/p>\n<p><u><a href=\"https:\/\/de.wikipedia.org\/wiki\/Gallseife\" target=\"_blank\" rel=\"noopener\">Jab\u00f3n de hiel<\/a> o jab\u00f3n de cuajada:<\/u> Este m\u00e9todo es especialmente adecuado para vaqueros o tejidos menos sensibles. El jab\u00f3n se aplica directamente sobre las manchas de hierba y se trabaja con un pincel. A continuaci\u00f3n, aclara el jab\u00f3n con agua limpia y mete la prenda en la lavadora.<\/p>\n<p><u>Zumo de lim\u00f3n o vinagre:<\/u> El zumo de lim\u00f3n o el vinagre son buenos para los zapatos y los de color claro. ropa insensible. Para ello, se aplican unas gotas en la zona afectada y se deja actuar durante una hora (zumo de lim\u00f3n) o unos 20 minutos (vinagre diluido).  <\/p>\n<p>Ten en cuenta que el zumo de lim\u00f3n y el vinagre tienen un ligero efecto blanqueador.<\/p>\n<p><u>Pasta dent\u00edfrica<\/u>: La pasta dent\u00edfrica que contiene mentol con agentes blanqueadores es adecuada para la ropa muy clara y blanca, ya que tambi\u00e9n tiene un efecto blanqueador y disuelve la decoloraci\u00f3n. Para ello, frota la pasta de dientes en la mancha de hierba con un cepillo.  <\/p>\n<p>No obstante, debe dejarse secar durante una hora y aclararse con agua tibia antes de lavarlo.<\/p>\n<p><u>Patatas:<\/u> Las patatas son adecuadas para tejidos lisos de algod\u00f3n o poli\u00e9ster, ya que el almid\u00f3n que contienen quita el verde a la ropa. Para ello, abre la patata y frota la superficie cortada sobre las manchas de hierba. Tras un breve tiempo de remojo, la prenda se introduce en la lavadora.<\/p>\n<p><u>Champ\u00fa<\/u> para beb\u00e9s<u>:<\/u> Si alguna vez tienes manchas de hierba en la ropa de lana, lo mejor es utilizar champ\u00fa para beb\u00e9s. Al ser ligeramente graso, cuida la lana y tambi\u00e9n es capaz de eliminar suavemente la decoloraci\u00f3n causada por el verde de la hierba.  <\/p>\n<p>Para ello, sumerge la prenda en un recipiente con 50\/50 de champ\u00fa para beb\u00e9s y agua y, a continuaci\u00f3n, l\u00e1vala a mano; aqu\u00ed no se sigue ning\u00fan ciclo de lavado. <strong>Eliminar las manchas de hierba<\/strong> seca puede ser muy f\u00e1cil.<\/p>\n\t\t\t\t\t\t\t\t<\/div>\n\t\t\t\t<\/div>\n\t\t\t\t\t<\/div>\n\t\t<\/div>\n\t\t\t\t\t<\/div>\n\t\t<\/section>\n\t\t\t\t<section class=\"elementor-section elementor-top-section elementor-element elementor-element-0d5cad8 elementor-section-stretched elementor-section-boxed elementor-section-height-default elementor-section-height-default\" data-id=\"0d5cad8\" data-element_type=\"section\" data-e-type=\"section\" data-settings=\"{&quot;stretch_section&quot;:&quot;section-stretched&quot;}\">\n\t\t\t\t\t\t<div class=\"elementor-container elementor-column-gap-default\">\n\t\t\t\t\t<div class=\"elementor-column elementor-col-100 elementor-top-column elementor-element elementor-element-4d50673\" data-id=\"4d50673\" data-element_type=\"column\" data-e-type=\"column\">\n\t\t\t<div class=\"elementor-widget-wrap elementor-element-populated\">\n\t\t\t\t\t\t<div class=\"elementor-element elementor-element-66f7d6c elementor-widget elementor-widget-heading\" data-id=\"66f7d6c\" data-element_type=\"widget\" data-e-type=\"widget\" data-widget_type=\"heading.default\">\n\t\t\t\t<div class=\"elementor-widget-container\">\n\t\t\t\t\t<h2 class=\"elementor-heading-title elementor-size-default\">Quitar las manchas de hierba seca: as\u00ed se hace<\/h2>\t\t\t\t<\/div>\n\t\t\t\t<\/div>\n\t\t\t\t\t<\/div>\n\t\t<\/div>\n\t\t\t\t\t<\/div>\n\t\t<\/section>\n\t\t\t\t<section class=\"elementor-section elementor-top-section elementor-element elementor-element-f80e3cb elementor-section-stretched elementor-section-boxed elementor-section-height-default elementor-section-height-default\" data-id=\"f80e3cb\" data-element_type=\"section\" data-e-type=\"section\" data-settings=\"{&quot;stretch_section&quot;:&quot;section-stretched&quot;}\">\n\t\t\t\t\t\t<div class=\"elementor-container elementor-column-gap-default\">\n\t\t\t\t\t<div class=\"elementor-column elementor-col-100 elementor-top-column elementor-element elementor-element-c654d23\" data-id=\"c654d23\" data-element_type=\"column\" data-e-type=\"column\">\n\t\t\t<div class=\"elementor-widget-wrap elementor-element-populated\">\n\t\t\t\t\t\t<div class=\"elementor-element elementor-element-3637934 elementor-widget elementor-widget-text-editor\" data-id=\"3637934\" data-element_type=\"widget\" data-e-type=\"widget\" data-widget_type=\"text-editor.default\">\n\t\t\t\t<div class=\"elementor-widget-container\">\n\t\t\t\t\t\t\t\t\t<p>Despu\u00e9s de estos tratamientos previos (excepto en el caso de la lana), la prenda afectada por la mancha de hierba seca puede lavarse a mano para observar de cerca el \u00e9xito o, si hay que hacerlo r\u00e1pidamente, introducirse con ella en la lavadora.<\/p>\n<p>Es \u00fatil lavar la prenda a una temperatura lo m\u00e1s alta posible para eliminar las manchas de hierba. Primero debe dejarse en remojo entre 30 minutos y una hora con el quitamanchas adecuado.<\/p>\n<p>Sin embargo, es necesario un tratamiento previo para disolver las manchas de hierba, de lo contrario permanecer\u00e1n visibles en la querida ropa durante unos cuantos lavados m\u00e1s.<\/p>\n<p>Por \u00faltimo, pero no por ello menos importante, el \u00faltimo residuo de color puede desvanecerse por completo poni\u00e9ndolo deliberadamente al sol. No obstante, elija un lugar a la sombra, ya que de lo contrario el color tambi\u00e9n se resentir\u00e1 (las prendas blancas tambi\u00e9n pueden ponerse al sol).<\/p>\n<p>De este modo, podr\u00e1 volver a soltar a su hijo en el ancho mundo con el coraz\u00f3n alegre o salir usted mismo a la hermosa naturaleza en un d\u00eda de verano c\u00f3modamente sobre una manta sin muchas preocupaciones.<\/p>\n\t\t\t\t\t\t\t\t<\/div>\n\t\t\t\t<\/div>\n\t\t\t\t\t<\/div>\n\t\t<\/div>\n\t\t\t\t\t<\/div>\n\t\t<\/section>\n\t\t\t\t<section class=\"elementor-section elementor-top-section elementor-element elementor-element-5e2cc11 elementor-section-stretched elementor-section-boxed elementor-section-height-default elementor-section-height-default\" data-id=\"5e2cc11\" data-element_type=\"section\" data-e-type=\"section\" data-settings=\"{&quot;stretch_section&quot;:&quot;section-stretched&quot;}\">\n\t\t\t\t\t\t<div class=\"elementor-container elementor-column-gap-default\">\n\t\t\t\t\t<div class=\"elementor-column elementor-col-100 elementor-top-column elementor-element elementor-element-fb9f7c1\" data-id=\"fb9f7c1\" data-element_type=\"column\" data-e-type=\"column\">\n\t\t\t<div class=\"elementor-widget-wrap elementor-element-populated\">\n\t\t\t\t\t\t<div class=\"elementor-element elementor-element-6d07c11 elementor-widget elementor-widget-text-editor\" data-id=\"6d07c11\" data-element_type=\"widget\" data-e-type=\"widget\" data-widget_type=\"text-editor.default\">\n\t\t\t\t<div class=\"elementor-widget-container\">\n\t\t\t\t\t\t\t\t\t<p>No deje de consultar nuestra <a href=\"https:\/\/wiladu.de\/wiladu-fleckenratgeber\/\">gu\u00eda de manchas Wiladu para<\/a> obtener m\u00e1s consejos \u00fatiles. All\u00ed encontrar\u00e1, por ejemplo, informaci\u00f3n sobre c\u00f3mo eliminar las manchas de fresa, las manchas de nata y muchos otros tipos de manchas de forma f\u00e1cil, r\u00e1pida y sostenible. Adem\u00e1s, siempre merece la pena echar un vistazo a nuestros productos de limpieza. Entre otras cosas, tambi\u00e9n encontrar\u00e1 productos de limpieza sin enzimas que son especialmente respetuosos con las fibras naturales. Adem\u00e1s, proteges activamente el medio ambiente.<\/p>\n\t\t\t\t\t\t\t\t<\/div>\n\t\t\t\t<\/div>\n\t\t\t\t\t<\/div>\n\t\t<\/div>\n\t\t\t\t\t<\/div>\n\t\t<\/section>\n\t\t\t\t<\/div>\n\t\t","protected":false},"excerpt":{"rendered":"<p>Eliminar las manchas de hierba seca Consejos profesionales para eliminar las manchas de hierba seca Eliminar las manchas de hierba seca puede hacerse r\u00e1pida y f\u00e1cilmente. Con nuestros consejos estar\u00e1s en el lado limpio. Estar al aire libre es divertido, retozar por el prado o revolcarse por la hierba juntos a\u00fan m\u00e1s. Los prados son [&hellip;]<\/p>\n","protected":false},"author":1,"featured_media":0,"parent":0,"menu_order":0,"comment_status":"closed","ping_status":"closed","template":"elementor_header_footer","meta":{"footnotes":""},"class_list":["post-91295","page","type-page","status-publish","hentry"],"_links":{"self":[{"href":"https:\/\/wiladu.de\/es\/wp-json\/wp\/v2\/pages\/91295","targetHints":{"allow":["GET"]}}],"collection":[{"href":"https:\/\/wiladu.de\/es\/wp-json\/wp\/v2\/pages"}],"about":[{"href":"https:\/\/wiladu.de\/es\/wp-json\/wp\/v2\/types\/page"}],"author":[{"embeddable":true,"href":"https:\/\/wiladu.de\/es\/wp-json\/wp\/v2\/users\/1"}],"replies":[{"embeddable":true,"href":"https:\/\/wiladu.de\/es\/wp-json\/wp\/v2\/comments?post=91295"}],"version-history":[{"count":1,"href":"https:\/\/wiladu.de\/es\/wp-json\/wp\/v2\/pages\/91295\/revisions"}],"predecessor-version":[{"id":91297,"href":"https:\/\/wiladu.de\/es\/wp-json\/wp\/v2\/pages\/91295\/revisions\/91297"}],"wp:attachment":[{"href":"https:\/\/wiladu.de\/es\/wp-json\/wp\/v2\/media?parent=91295"}],"curies":[{"name":"wp","href":"https:\/\/api.w.org\/{rel}","templated":true}]}}