{"id":91283,"date":"2023-01-30T10:26:36","date_gmt":"2023-01-30T10:26:36","guid":{"rendered":"https:\/\/wiladu.de\/eliminar-las-manchas-de-zumo-de-fruta\/"},"modified":"2023-01-31T11:30:40","modified_gmt":"2023-01-31T11:30:40","slug":"eliminar-las-manchas-de-zumo-de-fruta","status":"publish","type":"page","link":"https:\/\/wiladu.de\/es\/eliminar-las-manchas-de-zumo-de-fruta\/","title":{"rendered":"Eliminar las manchas de zumo de fruta"},"content":{"rendered":"\t\t<div data-elementor-type=\"wp-page\" data-elementor-id=\"91283\" class=\"elementor elementor-91283 elementor-91015\" data-elementor-settings=\"{&quot;element_pack_global_tooltip_width&quot;:{&quot;unit&quot;:&quot;px&quot;,&quot;size&quot;:&quot;&quot;,&quot;sizes&quot;:[]},&quot;element_pack_global_tooltip_width_tablet&quot;:{&quot;unit&quot;:&quot;px&quot;,&quot;size&quot;:&quot;&quot;,&quot;sizes&quot;:[]},&quot;element_pack_global_tooltip_width_mobile&quot;:{&quot;unit&quot;:&quot;px&quot;,&quot;size&quot;:&quot;&quot;,&quot;sizes&quot;:[]},&quot;element_pack_global_tooltip_padding&quot;:{&quot;unit&quot;:&quot;px&quot;,&quot;top&quot;:&quot;&quot;,&quot;right&quot;:&quot;&quot;,&quot;bottom&quot;:&quot;&quot;,&quot;left&quot;:&quot;&quot;,&quot;isLinked&quot;:true},&quot;element_pack_global_tooltip_padding_tablet&quot;:{&quot;unit&quot;:&quot;px&quot;,&quot;top&quot;:&quot;&quot;,&quot;right&quot;:&quot;&quot;,&quot;bottom&quot;:&quot;&quot;,&quot;left&quot;:&quot;&quot;,&quot;isLinked&quot;:true},&quot;element_pack_global_tooltip_padding_mobile&quot;:{&quot;unit&quot;:&quot;px&quot;,&quot;top&quot;:&quot;&quot;,&quot;right&quot;:&quot;&quot;,&quot;bottom&quot;:&quot;&quot;,&quot;left&quot;:&quot;&quot;,&quot;isLinked&quot;:true},&quot;element_pack_global_tooltip_border_radius&quot;:{&quot;unit&quot;:&quot;px&quot;,&quot;top&quot;:&quot;&quot;,&quot;right&quot;:&quot;&quot;,&quot;bottom&quot;:&quot;&quot;,&quot;left&quot;:&quot;&quot;,&quot;isLinked&quot;:true},&quot;element_pack_global_tooltip_border_radius_tablet&quot;:{&quot;unit&quot;:&quot;px&quot;,&quot;top&quot;:&quot;&quot;,&quot;right&quot;:&quot;&quot;,&quot;bottom&quot;:&quot;&quot;,&quot;left&quot;:&quot;&quot;,&quot;isLinked&quot;:true},&quot;element_pack_global_tooltip_border_radius_mobile&quot;:{&quot;unit&quot;:&quot;px&quot;,&quot;top&quot;:&quot;&quot;,&quot;right&quot;:&quot;&quot;,&quot;bottom&quot;:&quot;&quot;,&quot;left&quot;:&quot;&quot;,&quot;isLinked&quot;:true}}\" data-elementor-post-type=\"page\">\n\t\t\t\t\t\t<section class=\"elementor-section elementor-top-section elementor-element elementor-element-7c7a049 elementor-section-boxed elementor-section-height-default elementor-section-height-default\" data-id=\"7c7a049\" data-element_type=\"section\" data-e-type=\"section\">\n\t\t\t\t\t\t<div class=\"elementor-container elementor-column-gap-default\">\n\t\t\t\t\t<div class=\"elementor-column elementor-col-100 elementor-top-column elementor-element elementor-element-84cd9ef\" data-id=\"84cd9ef\" data-element_type=\"column\" data-e-type=\"column\">\n\t\t\t<div class=\"elementor-widget-wrap elementor-element-populated\">\n\t\t\t\t\t\t<div class=\"elementor-element elementor-element-b0a63e4 elementor-widget elementor-widget-heading\" data-id=\"b0a63e4\" data-element_type=\"widget\" data-e-type=\"widget\" data-widget_type=\"heading.default\">\n\t\t\t\t<div class=\"elementor-widget-container\">\n\t\t\t\t\t<h1 class=\"elementor-heading-title elementor-size-default\">Eliminar las manchas de zumo de fruta  <\/h1>\t\t\t\t<\/div>\n\t\t\t\t<\/div>\n\t\t\t\t\t<\/div>\n\t\t<\/div>\n\t\t\t\t\t<\/div>\n\t\t<\/section>\n\t\t\t\t<section class=\"elementor-section elementor-top-section elementor-element elementor-element-f1cc098 elementor-section-boxed elementor-section-height-default elementor-section-height-default\" data-id=\"f1cc098\" data-element_type=\"section\" data-e-type=\"section\">\n\t\t\t\t\t\t<div class=\"elementor-container elementor-column-gap-default\">\n\t\t\t\t\t<div class=\"elementor-column elementor-col-100 elementor-top-column elementor-element elementor-element-b1cb373\" data-id=\"b1cb373\" data-element_type=\"column\" data-e-type=\"column\">\n\t\t\t<div class=\"elementor-widget-wrap elementor-element-populated\">\n\t\t\t\t\t\t<div class=\"elementor-element elementor-element-29eaeff elementor-widget elementor-widget-heading\" data-id=\"29eaeff\" data-element_type=\"widget\" data-e-type=\"widget\" data-widget_type=\"heading.default\">\n\t\t\t\t<div class=\"elementor-widget-container\">\n\t\t\t\t\t<h4 class=\"elementor-heading-title elementor-size-default\">Consejos profesionales para eliminar las manchas de zumo de fruta<\/h4>\t\t\t\t<\/div>\n\t\t\t\t<\/div>\n\t\t\t\t\t<\/div>\n\t\t<\/div>\n\t\t\t\t\t<\/div>\n\t\t<\/section>\n\t\t\t\t<section class=\"elementor-section elementor-top-section elementor-element elementor-element-817cf59 elementor-section-boxed elementor-section-height-default elementor-section-height-default\" data-id=\"817cf59\" data-element_type=\"section\" data-e-type=\"section\">\n\t\t\t\t\t\t<div class=\"elementor-container elementor-column-gap-default\">\n\t\t\t\t\t<div class=\"elementor-column elementor-col-100 elementor-top-column elementor-element elementor-element-4ba16b6\" data-id=\"4ba16b6\" data-element_type=\"column\" data-e-type=\"column\">\n\t\t\t<div class=\"elementor-widget-wrap elementor-element-populated\">\n\t\t\t\t\t\t<div class=\"elementor-element elementor-element-2c30b22 elementor-widget elementor-widget-image\" data-id=\"2c30b22\" data-element_type=\"widget\" data-e-type=\"widget\" data-widget_type=\"image.default\">\n\t\t\t\t<div class=\"elementor-widget-container\">\n\t\t\t\t\t\t\t\t\t\t\t\t\t\t\t<img fetchpriority=\"high\" decoding=\"async\" width=\"710\" height=\"375\" src=\"https:\/\/wiladu.de\/wp-content\/uploads\/2023\/01\/Fruchtsaftflecken-entfernen.jpg\" class=\"attachment-large size-large wp-image-91025\" alt=\"Fruchtsaftflecken entfernen\" srcset=\"https:\/\/wiladu.de\/wp-content\/uploads\/2023\/01\/Fruchtsaftflecken-entfernen.jpg 710w, https:\/\/wiladu.de\/wp-content\/uploads\/2023\/01\/Fruchtsaftflecken-entfernen-300x158.jpg 300w, https:\/\/wiladu.de\/wp-content\/uploads\/2023\/01\/Fruchtsaftflecken-entfernen-441x233.jpg 441w, https:\/\/wiladu.de\/wp-content\/uploads\/2023\/01\/Fruchtsaftflecken-entfernen-150x79.jpg 150w\" sizes=\"(max-width: 360px) 147px, (max-width: 710px) 100vw, 710px\" title=\"\">\t\t\t\t\t\t\t\t\t\t\t\t\t\t\t<\/div>\n\t\t\t\t<\/div>\n\t\t\t\t\t<\/div>\n\t\t<\/div>\n\t\t\t\t\t<\/div>\n\t\t<\/section>\n\t\t\t\t<section class=\"elementor-section elementor-top-section elementor-element elementor-element-d4401e3 elementor-section-boxed elementor-section-height-default elementor-section-height-default\" data-id=\"d4401e3\" data-element_type=\"section\" data-e-type=\"section\">\n\t\t\t\t\t\t<div class=\"elementor-container elementor-column-gap-default\">\n\t\t\t\t\t<div class=\"elementor-column elementor-col-100 elementor-top-column elementor-element elementor-element-8cd62b8\" data-id=\"8cd62b8\" data-element_type=\"column\" data-e-type=\"column\">\n\t\t\t<div class=\"elementor-widget-wrap elementor-element-populated\">\n\t\t\t\t\t\t<div class=\"elementor-element elementor-element-f9d6a94 elementor-widget elementor-widget-text-editor\" data-id=\"f9d6a94\" data-element_type=\"widget\" data-e-type=\"widget\" data-widget_type=\"text-editor.default\">\n\t\t\t\t<div class=\"elementor-widget-container\">\n\t\t\t\t\t\t\t\t\t<section class=\"elementor-section elementor-top-section elementor-element elementor-element-8108340 elementor-section-stretched elementor-section-boxed elementor-section-height-default elementor-section-height-default\" data-id=\"8108340\" data-element_type=\"section\" data-settings=\"{\"stretch_section\":\"section-stretched\"}\">\n<div class=\"elementor-container elementor-column-gap-default\">\n<div class=\"elementor-row\">\n<div class=\"elementor-column elementor-col-100 elementor-top-column elementor-element elementor-element-4f327ce\" data-id=\"4f327ce\" data-element_type=\"column\">\n<div class=\"elementor-column-wrap elementor-element-populated\">\n<div class=\"elementor-widget-wrap\">\n<div class=\"elementor-element elementor-element-fff7826 elementor-widget elementor-widget-text-editor\" data-id=\"fff7826\" data-element_type=\"widget\" data-widget_type=\"text-editor.default\">\n<div class=\"elementor-widget-container\">\n<div class=\"elementor-text-editor elementor-clearfix\">\n<div class=\"article__intro\">\n<div class=\"article__intro-text\">\n<p class=\"intro\"><b>Eliminar las manchas de zumo de fruta<\/b> &#8211; El zumo de naranja reci\u00e9n exprimido es una aut\u00e9ntica delicia para el paladar, adem\u00e1s de incre\u00edblemente saludable. Ojal\u00e1 no dejara manchas tan terribles. Pero con el remedio casero adecuado, puede eliminar con \u00e9xito las manchas de zumo de naranja, as\u00ed como las de otros zumos de frutas.<\/p>\n<\/div>\n<\/div>\n<div class=\"article__text-content\">\n<p><strong>Actuar con rapidez es la mitad de la batalla<\/strong><\/p>\n<p>Como ocurre con todas las manchas, en el caso de las manchas de zumo se aplica lo siguiente: cuanto antes las elimine, m\u00e1s probabilidades de \u00e9xito tendr\u00e1 el tratamiento. Absorbe inmediatamente las manchas de zumo fresco de la alfombra, el sof\u00e1 u otras tapicer\u00edas con servilletas o pa\u00f1uelos de papel y lava los restos con un poco de detergente suave y agua tibia. Se ha ido la mancha.<br \/>En el caso de manchas de zumo en textiles, debe quitarlas inmediatamente y lavarlas con un poco de agua tibia con detergente; esto tambi\u00e9n deber\u00eda ser suficiente en la mayor\u00eda de los casos.<\/p>\n<\/div>\n<\/div>\n<\/div>\n<\/div>\n<\/div>\n<\/div>\n<\/div>\n<\/div>\n<\/div>\n<\/section>\n\t\t\t\t\t\t\t\t<\/div>\n\t\t\t\t<\/div>\n\t\t\t\t\t<\/div>\n\t\t<\/div>\n\t\t\t\t\t<\/div>\n\t\t<\/section>\n\t\t\t\t<section class=\"elementor-section elementor-top-section elementor-element elementor-element-08b7a35 elementor-section-boxed elementor-section-height-default elementor-section-height-default\" data-id=\"08b7a35\" data-element_type=\"section\" data-e-type=\"section\">\n\t\t\t\t\t\t<div class=\"elementor-container elementor-column-gap-default\">\n\t\t\t\t\t<div class=\"elementor-column elementor-col-100 elementor-top-column elementor-element elementor-element-481bb0b\" data-id=\"481bb0b\" data-element_type=\"column\" data-e-type=\"column\">\n\t\t\t<div class=\"elementor-widget-wrap elementor-element-populated\">\n\t\t\t\t\t\t<div class=\"elementor-element elementor-element-c1f2523 elementor-widget elementor-widget-bdt-wc-products\" data-id=\"c1f2523\" data-element_type=\"widget\" data-e-type=\"widget\" data-widget_type=\"bdt-wc-products.default\">\n\t\t\t\t<div class=\"elementor-widget-container\">\n\t\t\t\t\t\t\t<div class=\"bdt-wc-products bdt-wc-products-skin-default\" data-settings=\"{&quot;posts_source&quot;:&quot;manual_selection&quot;,&quot;posts_per_page&quot;:&quot;8&quot;,&quot;ajax_item_load&quot;:4,&quot;posts_selected_ids&quot;:[&quot;67687&quot;,&quot;46845&quot;,&quot;46383&quot;,&quot;48311&quot;],&quot;posts_select_date&quot;:&quot;anytime&quot;,&quot;posts_orderby&quot;:&quot;date&quot;,&quot;posts_order&quot;:&quot;desc&quot;,&quot;show_badge&quot;:&quot;yes&quot;,&quot;show_title&quot;:&quot;yes&quot;,&quot;title_tags&quot;:&quot;h2&quot;,&quot;show_rating&quot;:&quot;yes&quot;,&quot;show_price&quot;:&quot;yes&quot;,&quot;show_cart&quot;:&quot;yes&quot;,&quot;paged&quot;:1,&quot;nonce&quot;:&quot;2ddd9d0ba1&quot;}\">\n\n\t\t\t<div class=\"bdt-alert-warning\" data-bdt-alert>Ops! There no product to display.<div>\n\t\t<\/div>\n\t\t\t\t\t\t\t\t<\/div>\n\t\t\t\t<\/div>\n\t\t\t\t\t<\/div>\n\t\t<\/div>\n\t\t\t\t\t<\/div>\n\t\t<\/section>\n\t\t\t\t<section class=\"elementor-section elementor-top-section elementor-element elementor-element-b81cdf0 elementor-section-boxed elementor-section-height-default elementor-section-height-default\" data-id=\"b81cdf0\" data-element_type=\"section\" data-e-type=\"section\">\n\t\t\t\t\t\t<div class=\"elementor-container elementor-column-gap-default\">\n\t\t\t\t\t<div class=\"elementor-column elementor-col-100 elementor-top-column elementor-element elementor-element-50d48d5\" data-id=\"50d48d5\" data-element_type=\"column\" data-e-type=\"column\">\n\t\t\t<div class=\"elementor-widget-wrap elementor-element-populated\">\n\t\t\t\t\t\t<div class=\"elementor-element elementor-element-2f97ae0 elementor-widget elementor-widget-text-editor\" data-id=\"2f97ae0\" data-element_type=\"widget\" data-e-type=\"widget\" data-widget_type=\"text-editor.default\">\n\t\t\t\t<div class=\"elementor-widget-container\">\n\t\t\t\t\t\t\t\t\t<section class=\"elementor-section elementor-top-section elementor-element elementor-element-8108340 elementor-section-stretched elementor-section-boxed elementor-section-height-default elementor-section-height-default\" data-id=\"8108340\" data-element_type=\"section\" data-settings=\"{\"stretch_section\":\"section-stretched\"}\">\n<div class=\"elementor-container elementor-column-gap-default\">\n<div class=\"elementor-row\">\n<div class=\"elementor-column elementor-col-100 elementor-top-column elementor-element elementor-element-4f327ce\" data-id=\"4f327ce\" data-element_type=\"column\">\n<div class=\"elementor-column-wrap elementor-element-populated\">\n<div class=\"elementor-widget-wrap\">\n<div class=\"elementor-element elementor-element-fff7826 elementor-widget elementor-widget-text-editor\" data-id=\"fff7826\" data-element_type=\"widget\" data-widget_type=\"text-editor.default\">\n<div class=\"elementor-widget-container\">\n<div class=\"elementor-text-editor elementor-clearfix\">\n<div class=\"article__text-content\">\n<p><strong>Tratar las manchas de savia persistentes o secas<\/strong><\/p>\n<p><strong>1. dejar en remojo<\/strong><\/p>\n<p class=\"step\">Deja las manchas de zumo en remojo toda la noche en agua mineral. Para ello, introduzca toda la prenda en agua mineral y p\u00e9sela para que quede completamente cubierta.<\/p>\n<p><strong>2. zumo de lim\u00f3n o esencia de vinagre<\/strong><\/p>\n<p class=\"step\">El \u00e1cido de la esencia de vinagre o del <a href=\"https:\/\/www.zentrum-der-gesundheit.de\/zitrone.html\" target=\"_blank\" rel=\"noopener\">zumo de lim\u00f3n<\/a> disuelve los taninos del zumo de fruta. La esencia de vinagre contiene un 25% de \u00e1cido, mientras que el zumo de lim\u00f3n s\u00f3lo contiene entre un 5 y un 10%, por lo que la esencia de vinagre es ligeramente m\u00e1s eficaz para eliminar las manchas.<\/p>\n<p class=\"step\">Pon un sorbo de puro sobre la mancha y deja que el \u00e1cido act\u00fae de 10 a 15 minutos. A continuaci\u00f3n, frota el tejido o (para alfombras y tapicer\u00edas) cep\u00edllalo y luego lava el \u00e1cido.<\/p>\n<p class=\"step\">Para las alfombras, frote la mancha con un pa\u00f1o, a\u00f1ada un poco de agua y vuelva a frotar hasta que la mancha desaparezca.<\/p>\n<p><strong>3. lavar<\/strong><\/p>\n<p class=\"step\">A continuaci\u00f3n, mete los textiles en la lavadora y l\u00e1valos como de costumbre. Para un mejor resultado, aplica un poco m\u00e1s de \u00e1cido sobre la mancha antes de meter los textiles en la lavadora y l\u00e1valos sin aclarar el remedio.<\/p>\n<p class=\"step\">Debe limpiar a fondo la alfombra o el sof\u00e1 con un poco de detergente suave y agua templada.<\/p>\n<\/div>\n<\/div>\n<\/div>\n<\/div>\n<\/div>\n<\/div>\n<\/div>\n<\/div>\n<\/div>\n<\/section>\n<section class=\"elementor-section elementor-top-section elementor-element elementor-element-137baaf elementor-section-boxed elementor-section-height-default elementor-section-height-default\" data-id=\"137baaf\" data-element_type=\"section\">\n<div class=\"elementor-container elementor-column-gap-default\">\n<div class=\"elementor-row\">\n<div class=\"elementor-column elementor-col-100 elementor-top-column elementor-element elementor-element-b865890\" data-id=\"b865890\" data-element_type=\"column\">\n<div class=\"elementor-column-wrap elementor-element-populated\">\n<div class=\"elementor-widget-wrap\">\n<div class=\"elementor-element elementor-element-4091482 elementor-widget elementor-widget-heading\" data-id=\"4091482\" data-element_type=\"widget\" data-widget_type=\"heading.default\">\n<div class=\"elementor-widget-container\">\n<h2 class=\"elementor-heading-title elementor-size-default\">Quitar las manchas de zumo de fruta &#8211; as\u00ed la mancha no tiene ninguna oportunidad<\/h2>\n<\/div>\n<\/div>\n<\/div>\n<\/div>\n<\/div>\n<\/div>\n<\/div>\n<\/section>\n<section class=\"elementor-section elementor-top-section elementor-element elementor-element-5bb3d5d elementor-section-boxed elementor-section-height-default elementor-section-height-default\" data-id=\"5bb3d5d\" data-element_type=\"section\">\n<div class=\"elementor-container elementor-column-gap-default\">\n<div class=\"elementor-row\">\n<div class=\"elementor-column elementor-col-100 elementor-top-column elementor-element elementor-element-019c525\" data-id=\"019c525\" data-element_type=\"column\">\n<div class=\"elementor-column-wrap elementor-element-populated\">\n<div class=\"elementor-widget-wrap\">\n<div class=\"elementor-element elementor-element-2cc4a4e elementor-widget elementor-widget-text-editor\" data-id=\"2cc4a4e\" data-element_type=\"widget\" data-widget_type=\"text-editor.default\">\n<div class=\"elementor-widget-container\">\n<div class=\"elementor-text-editor elementor-clearfix\">\n<p>\u00bfTiene otras manchas que deban eliminarse? Lea nuestro <strong><br \/>\n  <a href=\"https:\/\/wiladu.de\/wiladu-fleckenratgeber\/\">Gu\u00eda de manchas<\/a><br \/>\n<\/strong> para obtener resultados \u00f3ptimos.<\/p>\n<\/div>\n<\/div>\n<\/div>\n<\/div>\n<\/div>\n<\/div>\n<\/div>\n<\/div>\n<\/section>\n\t\t\t\t\t\t\t\t<\/div>\n\t\t\t\t<\/div>\n\t\t\t\t\t<\/div>\n\t\t<\/div>\n\t\t\t\t\t<\/div>\n\t\t<\/section>\n\t\t\t\t<\/div>\n\t\t","protected":false},"excerpt":{"rendered":"<p>Eliminar las manchas de zumo de fruta Consejos profesionales para eliminar las manchas de zumo de fruta Eliminar las manchas de zumo de fruta &#8211; El zumo de naranja reci\u00e9n exprimido es una aut\u00e9ntica delicia para el paladar, adem\u00e1s de incre\u00edblemente saludable. Ojal\u00e1 no dejara manchas tan terribles. Pero con el remedio casero adecuado, puede [&hellip;]<\/p>\n","protected":false},"author":1,"featured_media":0,"parent":0,"menu_order":0,"comment_status":"closed","ping_status":"closed","template":"elementor_header_footer","meta":{"footnotes":""},"class_list":["post-91283","page","type-page","status-publish","hentry"],"_links":{"self":[{"href":"https:\/\/wiladu.de\/es\/wp-json\/wp\/v2\/pages\/91283","targetHints":{"allow":["GET"]}}],"collection":[{"href":"https:\/\/wiladu.de\/es\/wp-json\/wp\/v2\/pages"}],"about":[{"href":"https:\/\/wiladu.de\/es\/wp-json\/wp\/v2\/types\/page"}],"author":[{"embeddable":true,"href":"https:\/\/wiladu.de\/es\/wp-json\/wp\/v2\/users\/1"}],"replies":[{"embeddable":true,"href":"https:\/\/wiladu.de\/es\/wp-json\/wp\/v2\/comments?post=91283"}],"version-history":[{"count":1,"href":"https:\/\/wiladu.de\/es\/wp-json\/wp\/v2\/pages\/91283\/revisions"}],"predecessor-version":[{"id":91285,"href":"https:\/\/wiladu.de\/es\/wp-json\/wp\/v2\/pages\/91283\/revisions\/91285"}],"wp:attachment":[{"href":"https:\/\/wiladu.de\/es\/wp-json\/wp\/v2\/media?parent=91283"}],"curies":[{"name":"wp","href":"https:\/\/api.w.org\/{rel}","templated":true}]}}