{"id":105032,"date":"2022-04-05T10:59:48","date_gmt":"2022-04-05T10:59:48","guid":{"rendered":"https:\/\/wiladu.de\/?page_id=105032"},"modified":"2023-09-08T12:21:48","modified_gmt":"2023-09-08T12:21:48","slug":"bolsa-para-la-ropa-sucia-jardin-de-infancia","status":"publish","type":"page","link":"https:\/\/wiladu.de\/es\/bolsa-para-la-ropa-sucia-jardin-de-infancia\/","title":{"rendered":"Bolsa para la ropa sucia Jard\u00edn de infancia"},"content":{"rendered":"\t\t<div data-elementor-type=\"wp-page\" data-elementor-id=\"105032\" class=\"elementor elementor-105032 elementor-62448\" data-elementor-settings=\"{&quot;element_pack_global_tooltip_width&quot;:{&quot;unit&quot;:&quot;px&quot;,&quot;size&quot;:&quot;&quot;,&quot;sizes&quot;:[]},&quot;element_pack_global_tooltip_width_tablet&quot;:{&quot;unit&quot;:&quot;px&quot;,&quot;size&quot;:&quot;&quot;,&quot;sizes&quot;:[]},&quot;element_pack_global_tooltip_width_mobile&quot;:{&quot;unit&quot;:&quot;px&quot;,&quot;size&quot;:&quot;&quot;,&quot;sizes&quot;:[]},&quot;element_pack_global_tooltip_padding&quot;:{&quot;unit&quot;:&quot;px&quot;,&quot;top&quot;:&quot;&quot;,&quot;right&quot;:&quot;&quot;,&quot;bottom&quot;:&quot;&quot;,&quot;left&quot;:&quot;&quot;,&quot;isLinked&quot;:true},&quot;element_pack_global_tooltip_padding_tablet&quot;:{&quot;unit&quot;:&quot;px&quot;,&quot;top&quot;:&quot;&quot;,&quot;right&quot;:&quot;&quot;,&quot;bottom&quot;:&quot;&quot;,&quot;left&quot;:&quot;&quot;,&quot;isLinked&quot;:true},&quot;element_pack_global_tooltip_padding_mobile&quot;:{&quot;unit&quot;:&quot;px&quot;,&quot;top&quot;:&quot;&quot;,&quot;right&quot;:&quot;&quot;,&quot;bottom&quot;:&quot;&quot;,&quot;left&quot;:&quot;&quot;,&quot;isLinked&quot;:true},&quot;element_pack_global_tooltip_border_radius&quot;:{&quot;unit&quot;:&quot;px&quot;,&quot;top&quot;:&quot;&quot;,&quot;right&quot;:&quot;&quot;,&quot;bottom&quot;:&quot;&quot;,&quot;left&quot;:&quot;&quot;,&quot;isLinked&quot;:true},&quot;element_pack_global_tooltip_border_radius_tablet&quot;:{&quot;unit&quot;:&quot;px&quot;,&quot;top&quot;:&quot;&quot;,&quot;right&quot;:&quot;&quot;,&quot;bottom&quot;:&quot;&quot;,&quot;left&quot;:&quot;&quot;,&quot;isLinked&quot;:true},&quot;element_pack_global_tooltip_border_radius_mobile&quot;:{&quot;unit&quot;:&quot;px&quot;,&quot;top&quot;:&quot;&quot;,&quot;right&quot;:&quot;&quot;,&quot;bottom&quot;:&quot;&quot;,&quot;left&quot;:&quot;&quot;,&quot;isLinked&quot;:true}}\" data-elementor-post-type=\"page\">\n\t\t\t\t\t\t<section class=\"elementor-section elementor-top-section elementor-element elementor-element-b987b0e elementor-section-full_width elementor-section-height-default elementor-section-height-default\" data-id=\"b987b0e\" data-element_type=\"section\" data-e-type=\"section\">\n\t\t\t\t\t\t<div class=\"elementor-container elementor-column-gap-no\">\n\t\t\t\t\t<div class=\"elementor-column elementor-col-100 elementor-top-column elementor-element elementor-element-b6cf6d0\" data-id=\"b6cf6d0\" data-element_type=\"column\" data-e-type=\"column\">\n\t\t\t<div class=\"elementor-widget-wrap elementor-element-populated\">\n\t\t\t\t\t\t<div class=\"elementor-element elementor-element-170c047 elementor-widget elementor-widget-heading\" data-id=\"170c047\" data-element_type=\"widget\" data-e-type=\"widget\" data-widget_type=\"heading.default\">\n\t\t\t\t<div class=\"elementor-widget-container\">\n\t\t\t\t\t<h2 class=\"elementor-heading-title elementor-size-default\">Bolsa para la ropa sucia Jard\u00edn de infancia<\/h2>\t\t\t\t<\/div>\n\t\t\t\t<\/div>\n\t\t\t\t\t<\/div>\n\t\t<\/div>\n\t\t\t\t\t<\/div>\n\t\t<\/section>\n\t\t\t\t<section class=\"elementor-section elementor-top-section elementor-element elementor-element-f393ae3 elementor-section-full_width elementor-section-height-default elementor-section-height-default\" data-id=\"f393ae3\" data-element_type=\"section\" data-e-type=\"section\">\n\t\t\t\t\t\t<div class=\"elementor-container elementor-column-gap-default\">\n\t\t\t\t\t<div class=\"elementor-column elementor-col-100 elementor-top-column elementor-element elementor-element-36fe681\" data-id=\"36fe681\" data-element_type=\"column\" data-e-type=\"column\">\n\t\t\t<div class=\"elementor-widget-wrap elementor-element-populated\">\n\t\t\t\t\t\t<div class=\"elementor-element elementor-element-871cee7 elementor-widget elementor-widget-text-editor\" data-id=\"871cee7\" data-element_type=\"widget\" data-e-type=\"widget\" data-widget_type=\"text-editor.default\">\n\t\t\t\t<div class=\"elementor-widget-container\">\n\t\t\t\t\t\t\t\t\t<p>Las bolsas de lavander\u00eda para guarder\u00eda son extremadamente \u00fatiles y valiosas para evitar y reducir el desperdicio de bolsas de pl\u00e1stico. Lo bueno de estas bolsas es que puedes usarlas una y otra vez, y limpiarlas es muy f\u00e1cil. Simplemente coloca la bolsa en la lavadora y l\u00e1vala junto con tu ropa. El m\u00e9todo m\u00e1s sencillo es abrir la bolsa y colocar su contenido, como la ropa mojada de tu hijo, en la lavadora. Solo aseg\u00farate de evitar usar una temperatura de lavado demasiado alta, ya que puede hacer que la tela PUL se deforme y, en el peor de los casos, la bolsa podr\u00eda no cerrarse correctamente.<\/p>\t\t\t\t\t\t\t\t<\/div>\n\t\t\t\t<\/div>\n\t\t\t\t\t<\/div>\n\t\t<\/div>\n\t\t\t\t\t<\/div>\n\t\t<\/section>\n\t\t\t\t<section class=\"elementor-section elementor-top-section elementor-element elementor-element-a5946aa elementor-section-full_width elementor-section-height-default elementor-section-height-default\" data-id=\"a5946aa\" data-element_type=\"section\" data-e-type=\"section\">\n\t\t\t\t\t\t<div class=\"elementor-container elementor-column-gap-no\">\n\t\t\t\t\t<div class=\"elementor-column elementor-col-100 elementor-top-column elementor-element elementor-element-187dbb8\" data-id=\"187dbb8\" data-element_type=\"column\" data-e-type=\"column\">\n\t\t\t<div class=\"elementor-widget-wrap elementor-element-populated\">\n\t\t\t\t\t\t<div class=\"elementor-element elementor-element-abd64ab elementor-widget elementor-widget-image\" data-id=\"abd64ab\" data-element_type=\"widget\" data-e-type=\"widget\" data-widget_type=\"image.default\">\n\t\t\t\t<div class=\"elementor-widget-container\">\n\t\t\t\t\t\t\t\t\t\t\t\t\t\t\t<img fetchpriority=\"high\" decoding=\"async\" width=\"600\" height=\"600\" src=\"https:\/\/wiladu.de\/wp-content\/uploads\/2021\/10\/TotsBotsNasstasche_Streifen.jpg\" class=\"attachment-large size-large wp-image-56300\" alt=\"Beutel f\u00fcr Schmutzw\u00e4sche Kita\" srcset=\"https:\/\/wiladu.de\/wp-content\/uploads\/2021\/10\/TotsBotsNasstasche_Streifen.jpg 600w, https:\/\/wiladu.de\/wp-content\/uploads\/2021\/10\/TotsBotsNasstasche_Streifen-300x300.jpg 300w, https:\/\/wiladu.de\/wp-content\/uploads\/2021\/10\/TotsBotsNasstasche_Streifen-150x150.jpg 150w, https:\/\/wiladu.de\/wp-content\/uploads\/2021\/10\/TotsBotsNasstasche_Streifen-441x441.jpg 441w\" sizes=\"(max-width: 360px) 147px, (max-width: 600px) 100vw, 600px\" title=\"\">\t\t\t\t\t\t\t\t\t\t\t\t\t\t\t<\/div>\n\t\t\t\t<\/div>\n\t\t\t\t\t<\/div>\n\t\t<\/div>\n\t\t\t\t\t<\/div>\n\t\t<\/section>\n\t\t\t\t<section class=\"elementor-section elementor-top-section elementor-element elementor-element-836e5b7 elementor-section-boxed elementor-section-height-default elementor-section-height-default\" data-id=\"836e5b7\" data-element_type=\"section\" data-e-type=\"section\">\n\t\t\t\t\t\t<div class=\"elementor-container elementor-column-gap-default\">\n\t\t\t\t\t<div class=\"elementor-column elementor-col-100 elementor-top-column elementor-element elementor-element-315dfcc\" data-id=\"315dfcc\" data-element_type=\"column\" data-e-type=\"column\">\n\t\t\t<div class=\"elementor-widget-wrap elementor-element-populated\">\n\t\t\t\t\t\t<div class=\"elementor-element elementor-element-4e73ae8 elementor-widget elementor-widget-heading\" data-id=\"4e73ae8\" data-element_type=\"widget\" data-e-type=\"widget\" data-widget_type=\"heading.default\">\n\t\t\t\t<div class=\"elementor-widget-container\">\n\t\t\t\t\t<h2 class=\"elementor-heading-title elementor-size-default\">Bolsa para ropa sucia jard\u00edn de infancia - una gran elecci\u00f3n<\/h2>\t\t\t\t<\/div>\n\t\t\t\t<\/div>\n\t\t\t\t\t<\/div>\n\t\t<\/div>\n\t\t\t\t\t<\/div>\n\t\t<\/section>\n\t\t\t\t<section class=\"elementor-section elementor-top-section elementor-element elementor-element-16f64d1 elementor-section-full_width elementor-section-height-default elementor-section-height-default\" data-id=\"16f64d1\" data-element_type=\"section\" data-e-type=\"section\">\n\t\t\t\t\t\t<div class=\"elementor-container elementor-column-gap-default\">\n\t\t\t\t\t<div class=\"elementor-column elementor-col-100 elementor-top-column elementor-element elementor-element-53abf09\" data-id=\"53abf09\" data-element_type=\"column\" data-e-type=\"column\">\n\t\t\t<div class=\"elementor-widget-wrap elementor-element-populated\">\n\t\t\t\t\t\t<div class=\"elementor-element elementor-element-2c83725 elementor-widget elementor-widget-text-editor\" data-id=\"2c83725\" data-element_type=\"widget\" data-e-type=\"widget\" data-widget_type=\"text-editor.default\">\n\t\t\t\t<div class=\"elementor-widget-container\">\n\t\t\t\t\t\t\t\t\t<div class=\"group w-full text-token-text-primary border-b border-black\/10 dark:border-gray-900\/50 bg-gray-50 dark:bg-[#444654]\" data-testid=\"conversation-turn-15\"><div class=\"p-4 justify-center text-base md:gap-6 md:py-6 m-auto\"><div class=\"flex flex-1 gap-4 text-base mx-auto md:gap-6 md:max-w-2xl lg:max-w-[38rem] xl:max-w-3xl }\"><div class=\"relative flex w-[calc(100%-50px)] flex-col gap-1 md:gap-3 lg:w-[calc(100%-115px)]\"><div class=\"flex flex-grow flex-col gap-3 max-w-full\"><div class=\"min-h-[20px] flex flex-col items-start gap-3 overflow-x-auto whitespace-pre-wrap break-words\"><div class=\"markdown prose w-full break-words dark:prose-invert light\"><p>Es maravilloso que cada vez m\u00e1s proveedores y fabricantes hayan reconocido la necesidad de estas bolsas. Esto ha llevado a un creciente n\u00famero de estos fabricantes que ofrecen productos de alta calidad en el mercado, de los cuales no solo te beneficias t\u00fa, sino tambi\u00e9n tu bolsillo, y, por supuesto, en t\u00e9rminos de sostenibilidad, tambi\u00e9n beneficia al medio ambiente. La selecci\u00f3n de estas bolsas es pr\u00e1cticamente ilimitada. Puedes elegir entre una variedad de dise\u00f1os y tama\u00f1os. En nuestra tienda, estas bolsas de lavander\u00eda se encuentran bajo las categor\u00edas de \u00abbolsas h\u00famedas\u00bb. Tambi\u00e9n te ofrecemos la opci\u00f3n de comprarlas en paquetes dobles, porque siempre es una buena idea tener un respaldo cuando, por ejemplo, una bolsa h\u00fameda est\u00e1 en la lavadora.<\/p><p>Y, por supuesto, estas bolsas h\u00famedas no son solo adecuadas para la guarder\u00eda. Tambi\u00e9n se pueden usar con cuidadores de ni\u00f1os, y cada vez m\u00e1s padres y familias recurren a estos art\u00edculos pr\u00e1cticos para actividades de ocio. Un ejemplo popular en este sentido es un viaje a la piscina o al lago. Cuando los pa\u00f1ales de nataci\u00f3n o la ropa mojada se mojan, no hay mejor opci\u00f3n que usar una bolsa h\u00fameda de este tipo. Tienes dos ventajas principales. En primer lugar, la bolsa es absolutamente a prueba de fugas. La humedad no puede escapar de ella, gracias al revestimiento interior. El segundo beneficio significativo es que los olores tampoco pueden escapar. Entonces, si alguna vez hay un accidente, siempre puedes contar con esta bolsa para mantenerte a salvo.<\/p><p>Si est\u00e1s interesado en conservar el medio ambiente mientras haces algo positivo para tu bolsillo, deber\u00edas echar un vistazo a la fant\u00e1stica selecci\u00f3n de nuestras bolsas h\u00famedas ahora. Si tienes alguna pregunta, no dudes en ponerte en contacto con nosotros en cualquier momento. Siempre estamos aqu\u00ed para ayudarte.<\/p><\/div><\/div><\/div><\/div><\/div><\/div><\/div>\t\t\t\t\t\t\t\t<\/div>\n\t\t\t\t<\/div>\n\t\t\t\t\t<\/div>\n\t\t<\/div>\n\t\t\t\t\t<\/div>\n\t\t<\/section>\n\t\t\t\t<section class=\"elementor-section elementor-top-section elementor-element elementor-element-bd42bc8 elementor-section-full_width elementor-section-height-default elementor-section-height-default\" data-id=\"bd42bc8\" data-element_type=\"section\" data-e-type=\"section\">\n\t\t\t\t\t\t<div class=\"elementor-container elementor-column-gap-no\">\n\t\t\t\t\t<div class=\"elementor-column elementor-col-100 elementor-top-column elementor-element elementor-element-8a5c813\" data-id=\"8a5c813\" data-element_type=\"column\" data-e-type=\"column\">\n\t\t\t<div class=\"elementor-widget-wrap elementor-element-populated\">\n\t\t\t\t\t\t<div class=\"elementor-element elementor-element-a3ace5c elementor-widget elementor-widget-bdt-wc-products\" data-id=\"a3ace5c\" data-element_type=\"widget\" data-e-type=\"widget\" data-widget_type=\"bdt-wc-products.default\">\n\t\t\t\t<div class=\"elementor-widget-container\">\n\t\t\t\t\t\t\t<div class=\"bdt-wc-products bdt-wc-products-skin-default\" data-settings=\"{&quot;posts_source&quot;:&quot;manual_selection&quot;,&quot;posts_per_page&quot;:6,&quot;ajax_item_load&quot;:4,&quot;posts_selected_ids&quot;:[&quot;47013&quot;,&quot;47693&quot;,&quot;47390&quot;],&quot;posts_select_date&quot;:&quot;anytime&quot;,&quot;posts_orderby&quot;:&quot;date&quot;,&quot;posts_order&quot;:&quot;desc&quot;,&quot;hide_out_stock&quot;:&quot;yes&quot;,&quot;show_badge&quot;:&quot;yes&quot;,&quot;show_title&quot;:&quot;yes&quot;,&quot;title_tags&quot;:&quot;h2&quot;,&quot;show_rating&quot;:&quot;yes&quot;,&quot;show_price&quot;:&quot;yes&quot;,&quot;show_cart&quot;:&quot;yes&quot;,&quot;paged&quot;:1,&quot;nonce&quot;:&quot;b92ad66b11&quot;}\">\n\n\t\t\t<div class=\"bdt-alert-warning\" data-bdt-alert>Ops! There no product to display.<div>\n\t\t<\/div>\n\t\t\t\t\t\t\t\t<\/div>\n\t\t\t\t<\/div>\n\t\t\t\t\t<\/div>\n\t\t<\/div>\n\t\t\t\t\t<\/div>\n\t\t<\/section>\n\t\t\t\t<\/div>\n\t\t","protected":false},"excerpt":{"rendered":"<p>Bolsa para la ropa sucia Jard\u00edn de infancia Las bolsas de lavander\u00eda para guarder\u00eda son extremadamente \u00fatiles y valiosas para evitar y reducir el desperdicio de bolsas de pl\u00e1stico. Lo bueno de estas bolsas es que puedes usarlas una y otra vez, y limpiarlas es muy f\u00e1cil. Simplemente coloca la bolsa en la lavadora y [&hellip;]<\/p>\n","protected":false},"author":1,"featured_media":0,"parent":0,"menu_order":0,"comment_status":"closed","ping_status":"closed","template":"elementor_header_footer","meta":{"footnotes":""},"class_list":["post-105032","page","type-page","status-publish","hentry"],"_links":{"self":[{"href":"https:\/\/wiladu.de\/es\/wp-json\/wp\/v2\/pages\/105032","targetHints":{"allow":["GET"]}}],"collection":[{"href":"https:\/\/wiladu.de\/es\/wp-json\/wp\/v2\/pages"}],"about":[{"href":"https:\/\/wiladu.de\/es\/wp-json\/wp\/v2\/types\/page"}],"author":[{"embeddable":true,"href":"https:\/\/wiladu.de\/es\/wp-json\/wp\/v2\/users\/1"}],"replies":[{"embeddable":true,"href":"https:\/\/wiladu.de\/es\/wp-json\/wp\/v2\/comments?post=105032"}],"version-history":[{"count":4,"href":"https:\/\/wiladu.de\/es\/wp-json\/wp\/v2\/pages\/105032\/revisions"}],"predecessor-version":[{"id":105036,"href":"https:\/\/wiladu.de\/es\/wp-json\/wp\/v2\/pages\/105032\/revisions\/105036"}],"wp:attachment":[{"href":"https:\/\/wiladu.de\/es\/wp-json\/wp\/v2\/media?parent=105032"}],"curies":[{"name":"wp","href":"https:\/\/api.w.org\/{rel}","templated":true}]}}