{"id":100307,"date":"2023-01-30T10:43:38","date_gmt":"2023-01-30T10:43:38","guid":{"rendered":"https:\/\/wiladu.de\/?page_id=100307"},"modified":"2023-04-25T12:23:01","modified_gmt":"2023-04-25T12:23:01","slug":"eliminar-las-manchas-de-cafe","status":"publish","type":"page","link":"https:\/\/wiladu.de\/es\/eliminar-las-manchas-de-cafe\/","title":{"rendered":"Eliminar las manchas de caf\u00e9"},"content":{"rendered":"\t\t<div data-elementor-type=\"wp-page\" data-elementor-id=\"100307\" class=\"elementor elementor-100307 elementor-91042\" data-elementor-settings=\"{&quot;element_pack_global_tooltip_width&quot;:{&quot;unit&quot;:&quot;px&quot;,&quot;size&quot;:&quot;&quot;,&quot;sizes&quot;:[]},&quot;element_pack_global_tooltip_width_tablet&quot;:{&quot;unit&quot;:&quot;px&quot;,&quot;size&quot;:&quot;&quot;,&quot;sizes&quot;:[]},&quot;element_pack_global_tooltip_width_mobile&quot;:{&quot;unit&quot;:&quot;px&quot;,&quot;size&quot;:&quot;&quot;,&quot;sizes&quot;:[]},&quot;element_pack_global_tooltip_padding&quot;:{&quot;unit&quot;:&quot;px&quot;,&quot;top&quot;:&quot;&quot;,&quot;right&quot;:&quot;&quot;,&quot;bottom&quot;:&quot;&quot;,&quot;left&quot;:&quot;&quot;,&quot;isLinked&quot;:true},&quot;element_pack_global_tooltip_padding_tablet&quot;:{&quot;unit&quot;:&quot;px&quot;,&quot;top&quot;:&quot;&quot;,&quot;right&quot;:&quot;&quot;,&quot;bottom&quot;:&quot;&quot;,&quot;left&quot;:&quot;&quot;,&quot;isLinked&quot;:true},&quot;element_pack_global_tooltip_padding_mobile&quot;:{&quot;unit&quot;:&quot;px&quot;,&quot;top&quot;:&quot;&quot;,&quot;right&quot;:&quot;&quot;,&quot;bottom&quot;:&quot;&quot;,&quot;left&quot;:&quot;&quot;,&quot;isLinked&quot;:true},&quot;element_pack_global_tooltip_border_radius&quot;:{&quot;unit&quot;:&quot;px&quot;,&quot;top&quot;:&quot;&quot;,&quot;right&quot;:&quot;&quot;,&quot;bottom&quot;:&quot;&quot;,&quot;left&quot;:&quot;&quot;,&quot;isLinked&quot;:true},&quot;element_pack_global_tooltip_border_radius_tablet&quot;:{&quot;unit&quot;:&quot;px&quot;,&quot;top&quot;:&quot;&quot;,&quot;right&quot;:&quot;&quot;,&quot;bottom&quot;:&quot;&quot;,&quot;left&quot;:&quot;&quot;,&quot;isLinked&quot;:true},&quot;element_pack_global_tooltip_border_radius_mobile&quot;:{&quot;unit&quot;:&quot;px&quot;,&quot;top&quot;:&quot;&quot;,&quot;right&quot;:&quot;&quot;,&quot;bottom&quot;:&quot;&quot;,&quot;left&quot;:&quot;&quot;,&quot;isLinked&quot;:true}}\" data-elementor-post-type=\"page\">\n\t\t\t\t\t\t<section class=\"elementor-section elementor-top-section elementor-element elementor-element-68eb241 elementor-section-boxed elementor-section-height-default elementor-section-height-default\" data-id=\"68eb241\" data-element_type=\"section\" data-e-type=\"section\">\n\t\t\t\t\t\t<div class=\"elementor-container elementor-column-gap-default\">\n\t\t\t\t\t<div class=\"elementor-column elementor-col-100 elementor-top-column elementor-element elementor-element-40a530a\" data-id=\"40a530a\" data-element_type=\"column\" data-e-type=\"column\">\n\t\t\t<div class=\"elementor-widget-wrap elementor-element-populated\">\n\t\t\t\t\t\t<div class=\"elementor-element elementor-element-b0dc838 elementor-widget elementor-widget-heading\" data-id=\"b0dc838\" data-element_type=\"widget\" data-e-type=\"widget\" data-widget_type=\"heading.default\">\n\t\t\t\t<div class=\"elementor-widget-container\">\n\t\t\t\t\t<h1 class=\"elementor-heading-title elementor-size-default\">Eliminar las manchas de caf\u00e9<\/h1>\t\t\t\t<\/div>\n\t\t\t\t<\/div>\n\t\t\t\t\t<\/div>\n\t\t<\/div>\n\t\t\t\t\t<\/div>\n\t\t<\/section>\n\t\t\t\t<section class=\"elementor-section elementor-top-section elementor-element elementor-element-4ce5201 elementor-section-boxed elementor-section-height-default elementor-section-height-default\" data-id=\"4ce5201\" data-element_type=\"section\" data-e-type=\"section\">\n\t\t\t\t\t\t<div class=\"elementor-container elementor-column-gap-default\">\n\t\t\t\t\t<div class=\"elementor-column elementor-col-100 elementor-top-column elementor-element elementor-element-b3d971e\" data-id=\"b3d971e\" data-element_type=\"column\" data-e-type=\"column\">\n\t\t\t<div class=\"elementor-widget-wrap elementor-element-populated\">\n\t\t\t\t\t\t<div class=\"elementor-element elementor-element-c75557f elementor-widget elementor-widget-heading\" data-id=\"c75557f\" data-element_type=\"widget\" data-e-type=\"widget\" data-widget_type=\"heading.default\">\n\t\t\t\t<div class=\"elementor-widget-container\">\n\t\t\t\t\t<h4 class=\"elementor-heading-title elementor-size-default\">Consejos profesionales para eliminar las manchas de caf\u00e9\n<\/h4>\t\t\t\t<\/div>\n\t\t\t\t<\/div>\n\t\t\t\t\t<\/div>\n\t\t<\/div>\n\t\t\t\t\t<\/div>\n\t\t<\/section>\n\t\t\t\t<section class=\"elementor-section elementor-top-section elementor-element elementor-element-cb26c03 elementor-section-boxed elementor-section-height-default elementor-section-height-default\" data-id=\"cb26c03\" data-element_type=\"section\" data-e-type=\"section\">\n\t\t\t\t\t\t<div class=\"elementor-container elementor-column-gap-default\">\n\t\t\t\t\t<div class=\"elementor-column elementor-col-100 elementor-top-column elementor-element elementor-element-5bee498\" data-id=\"5bee498\" data-element_type=\"column\" data-e-type=\"column\">\n\t\t\t<div class=\"elementor-widget-wrap elementor-element-populated\">\n\t\t\t\t\t\t<div class=\"elementor-element elementor-element-ef6415a elementor-widget elementor-widget-image\" data-id=\"ef6415a\" data-element_type=\"widget\" data-e-type=\"widget\" data-widget_type=\"image.default\">\n\t\t\t\t<div class=\"elementor-widget-container\">\n\t\t\t\t\t\t\t\t\t\t\t\t\t\t\t<img fetchpriority=\"high\" decoding=\"async\" width=\"800\" height=\"533\" src=\"https:\/\/wiladu.de\/wp-content\/uploads\/2023\/01\/Kaffeeflecken-entfernen-800x533.jpg\" class=\"attachment-woocommerce_single size-woocommerce_single wp-image-91052\" alt=\"Kaffeeflecken entfernen\" srcset=\"https:\/\/wiladu.de\/wp-content\/uploads\/2023\/01\/Kaffeeflecken-entfernen-800x533.jpg 800w, https:\/\/wiladu.de\/wp-content\/uploads\/2023\/01\/Kaffeeflecken-entfernen-300x200.jpg 300w, https:\/\/wiladu.de\/wp-content\/uploads\/2023\/01\/Kaffeeflecken-entfernen-1024x683.jpg 1024w, https:\/\/wiladu.de\/wp-content\/uploads\/2023\/01\/Kaffeeflecken-entfernen-768x512.jpg 768w, https:\/\/wiladu.de\/wp-content\/uploads\/2023\/01\/Kaffeeflecken-entfernen-990x660.jpg 990w, https:\/\/wiladu.de\/wp-content\/uploads\/2023\/01\/Kaffeeflecken-entfernen-441x294.jpg 441w, https:\/\/wiladu.de\/wp-content\/uploads\/2023\/01\/Kaffeeflecken-entfernen-150x100.jpg 150w, https:\/\/wiladu.de\/wp-content\/uploads\/2023\/01\/Kaffeeflecken-entfernen.jpg 1500w\" sizes=\"(max-width: 360px) 330px, (max-width: 800px) 100vw, 800px\" title=\"\">\t\t\t\t\t\t\t\t\t\t\t\t\t\t\t<\/div>\n\t\t\t\t<\/div>\n\t\t\t\t\t<\/div>\n\t\t<\/div>\n\t\t\t\t\t<\/div>\n\t\t<\/section>\n\t\t\t\t<section class=\"elementor-section elementor-top-section elementor-element elementor-element-733b9d8 elementor-section-boxed elementor-section-height-default elementor-section-height-default\" data-id=\"733b9d8\" data-element_type=\"section\" data-e-type=\"section\">\n\t\t\t\t\t\t<div class=\"elementor-container elementor-column-gap-default\">\n\t\t\t\t\t<div class=\"elementor-column elementor-col-100 elementor-top-column elementor-element elementor-element-7f7ebd8\" data-id=\"7f7ebd8\" data-element_type=\"column\" data-e-type=\"column\">\n\t\t\t<div class=\"elementor-widget-wrap elementor-element-populated\">\n\t\t\t\t\t\t<div class=\"elementor-element elementor-element-85db719 elementor-widget elementor-widget-text-editor\" data-id=\"85db719\" data-element_type=\"widget\" data-e-type=\"widget\" data-widget_type=\"text-editor.default\">\n\t\t\t\t<div class=\"elementor-widget-container\">\n\t\t\t\t\t\t\t\t\t<p>Las manchas de caf\u00e9 son inevitables, pero afortunadamente hay varias formas de eliminarlas. Tanto si ha derramado una taza de caf\u00e9 sobre la ropa como si ha dejado una mancha en la alfombra o el sof\u00e1, es importante saber c\u00f3mo eliminar las manchas de forma r\u00e1pida y eficaz.<\/p><p>Uno de los primeros pasos para eliminar las manchas de caf\u00e9 es actuar lo antes posible. Cuanto m\u00e1s fresca est\u00e9 la mancha, m\u00e1s f\u00e1cil ser\u00e1 eliminarla. Empiece por absorber el exceso de caf\u00e9 con un pa\u00f1o limpio. No utilice toallitas de papel para esto, ya que s\u00f3lo pueden extender a\u00fan m\u00e1s la mancha.<\/p><p>Traducci\u00f3n realizada con la versi\u00f3n gratuita del traductor www.DeepL.com\/Translator<\/p>\t\t\t\t\t\t\t\t<\/div>\n\t\t\t\t<\/div>\n\t\t\t\t\t<\/div>\n\t\t<\/div>\n\t\t\t\t\t<\/div>\n\t\t<\/section>\n\t\t\t\t<section class=\"elementor-section elementor-top-section elementor-element elementor-element-78b6fe2 elementor-section-boxed elementor-section-height-default elementor-section-height-default\" data-id=\"78b6fe2\" data-element_type=\"section\" data-e-type=\"section\">\n\t\t\t\t\t\t<div class=\"elementor-container elementor-column-gap-default\">\n\t\t\t\t\t<div class=\"elementor-column elementor-col-100 elementor-top-column elementor-element elementor-element-535540a\" data-id=\"535540a\" data-element_type=\"column\" data-e-type=\"column\">\n\t\t\t<div class=\"elementor-widget-wrap elementor-element-populated\">\n\t\t\t\t\t\t<div class=\"elementor-element elementor-element-3e1a43a elementor-widget elementor-widget-heading\" data-id=\"3e1a43a\" data-element_type=\"widget\" data-e-type=\"widget\" data-widget_type=\"heading.default\">\n\t\t\t\t<div class=\"elementor-widget-container\">\n\t\t\t\t\t<h2 class=\"elementor-heading-title elementor-size-default\">Tratar y eliminar las manchas dif\u00edciles de caf\u00e9: esto es lo que importa<\/h2>\t\t\t\t<\/div>\n\t\t\t\t<\/div>\n\t\t\t\t\t<\/div>\n\t\t<\/div>\n\t\t\t\t\t<\/div>\n\t\t<\/section>\n\t\t\t\t<section class=\"elementor-section elementor-top-section elementor-element elementor-element-54a7f64 elementor-section-boxed elementor-section-height-default elementor-section-height-default\" data-id=\"54a7f64\" data-element_type=\"section\" data-e-type=\"section\">\n\t\t\t\t\t\t<div class=\"elementor-container elementor-column-gap-default\">\n\t\t\t\t\t<div class=\"elementor-column elementor-col-100 elementor-top-column elementor-element elementor-element-2f42e91\" data-id=\"2f42e91\" data-element_type=\"column\" data-e-type=\"column\">\n\t\t\t<div class=\"elementor-widget-wrap elementor-element-populated\">\n\t\t\t\t\t\t<div class=\"elementor-element elementor-element-09c4f96 elementor-widget elementor-widget-text-editor\" data-id=\"09c4f96\" data-element_type=\"widget\" data-e-type=\"widget\" data-widget_type=\"text-editor.default\">\n\t\t\t\t<div class=\"elementor-widget-container\">\n\t\t\t\t\t\t\t\t\t<ul><li>Act\u00fae con rapidez al eliminar las manchas de caf\u00e9 para evitar que la mancha penetre en el tejido.<\/li><li>Utilice un spray o polvo quitamanchas para las manchas de caf\u00e9 en la ropa, pero compruebe primero que es adecuado para el tejido.<\/li><li>Tambi\u00e9n se puede utilizar agua jabonosa para quitar las manchas de caf\u00e9 de la ropa.<\/li><li>Una soluci\u00f3n de agua y vinagre o de bicarbonato s\u00f3dico y agua puede servir para quitar las manchas de caf\u00e9 de alfombras y muebles.<\/li><li>Pruebe siempre en una zona peque\u00f1a y discreta del tejido antes de utilizar un m\u00e9todo de eliminaci\u00f3n de manchas para asegurarse de que no se produce decoloraci\u00f3n.<\/li><\/ul>\t\t\t\t\t\t\t\t<\/div>\n\t\t\t\t<\/div>\n\t\t\t\t\t<\/div>\n\t\t<\/div>\n\t\t\t\t\t<\/div>\n\t\t<\/section>\n\t\t\t\t<section class=\"elementor-section elementor-top-section elementor-element elementor-element-e634a46 elementor-section-boxed elementor-section-height-default elementor-section-height-default\" data-id=\"e634a46\" data-element_type=\"section\" data-e-type=\"section\">\n\t\t\t\t\t\t<div class=\"elementor-container elementor-column-gap-default\">\n\t\t\t\t\t<div class=\"elementor-column elementor-col-100 elementor-top-column elementor-element elementor-element-b4dc2a0\" data-id=\"b4dc2a0\" data-element_type=\"column\" data-e-type=\"column\">\n\t\t\t<div class=\"elementor-widget-wrap elementor-element-populated\">\n\t\t\t\t\t\t<div class=\"elementor-element elementor-element-6e32f2a elementor-widget elementor-widget-text-editor\" data-id=\"6e32f2a\" data-element_type=\"widget\" data-e-type=\"widget\" data-widget_type=\"text-editor.default\">\n\t\t\t\t<div class=\"elementor-widget-container\">\n\t\t\t\t\t\t\t\t\t<p>Si quieres quitar las manchas de caf\u00e9 de la ropa, puedes utilizar un quitamanchas en spray o en polvo. Estos productos se aplican directamente sobre la mancha y luego se lavan en la lavadora. Sin embargo, es importante comprobar que el producto elegido es adecuado para el tejido de la ropa.<\/p><p>Otro consejo para quitar las manchas de caf\u00e9 de la ropa es tratar la mancha con agua jabonosa. Para ello, utiliza una soluci\u00f3n jabonosa hecha con agua y jab\u00f3n de lavander\u00eda. Aplique la soluci\u00f3n directamente sobre la mancha y d\u00e9jela actuar unos minutos antes de lavar la ropa en la lavadora.<\/p><p>Si quieres quitar manchas de caf\u00e9 de alfombras o muebles, puedes utilizar una soluci\u00f3n de agua y vinagre. Basta con mezclar agua y vinagre a partes iguales y aplicar la soluci\u00f3n sobre la mancha con un pa\u00f1o limpio. Deje que la soluci\u00f3n act\u00fae durante unos minutos y luego limpie la mancha con un pa\u00f1o limpio.<\/p><p>Otro truco para quitar las manchas de caf\u00e9 de alfombras y muebles es utilizar una soluci\u00f3n de bicarbonato s\u00f3dico y agua. Mezcla una pasta de bicarbonato y agua y apl\u00edcala directamente sobre la mancha. Deja que la pasta se absorba durante un rato y luego ret\u00edrala con agua limpia.<\/p>\t\t\t\t\t\t\t\t<\/div>\n\t\t\t\t<\/div>\n\t\t\t\t\t<\/div>\n\t\t<\/div>\n\t\t\t\t\t<\/div>\n\t\t<\/section>\n\t\t\t\t<section class=\"elementor-section elementor-top-section elementor-element elementor-element-fb99bcf elementor-section-boxed elementor-section-height-default elementor-section-height-default\" data-id=\"fb99bcf\" data-element_type=\"section\" data-e-type=\"section\">\n\t\t\t\t\t\t<div class=\"elementor-container elementor-column-gap-default\">\n\t\t\t\t\t<div class=\"elementor-column elementor-col-100 elementor-top-column elementor-element elementor-element-97a93be\" data-id=\"97a93be\" data-element_type=\"column\" data-e-type=\"column\">\n\t\t\t<div class=\"elementor-widget-wrap elementor-element-populated\">\n\t\t\t\t\t\t<div class=\"elementor-element elementor-element-4698957 elementor-widget elementor-widget-text-editor\" data-id=\"4698957\" data-element_type=\"widget\" data-e-type=\"widget\" data-widget_type=\"text-editor.default\">\n\t\t\t\t<div class=\"elementor-widget-container\">\n\t\t\t\t\t\t\t\t\t<p>\u00bfTiene otras manchas que necesita eliminar? Lea nuestra gu\u00eda de manchas para obtener resultados \u00f3ptimos.<\/p>\t\t\t\t\t\t\t\t<\/div>\n\t\t\t\t<\/div>\n\t\t\t\t\t<\/div>\n\t\t<\/div>\n\t\t\t\t\t<\/div>\n\t\t<\/section>\n\t\t\t\t<\/div>\n\t\t","protected":false},"excerpt":{"rendered":"<p>Eliminar las manchas de caf\u00e9 Consejos profesionales para eliminar las manchas de caf\u00e9 Las manchas de caf\u00e9 son inevitables, pero afortunadamente hay varias formas de eliminarlas. Tanto si ha derramado una taza de caf\u00e9 sobre la ropa como si ha dejado una mancha en la alfombra o el sof\u00e1, es importante saber c\u00f3mo eliminar las [&hellip;]<\/p>\n","protected":false},"author":1,"featured_media":0,"parent":0,"menu_order":0,"comment_status":"closed","ping_status":"closed","template":"elementor_header_footer","meta":{"footnotes":""},"class_list":["post-100307","page","type-page","status-publish","hentry"],"_links":{"self":[{"href":"https:\/\/wiladu.de\/es\/wp-json\/wp\/v2\/pages\/100307","targetHints":{"allow":["GET"]}}],"collection":[{"href":"https:\/\/wiladu.de\/es\/wp-json\/wp\/v2\/pages"}],"about":[{"href":"https:\/\/wiladu.de\/es\/wp-json\/wp\/v2\/types\/page"}],"author":[{"embeddable":true,"href":"https:\/\/wiladu.de\/es\/wp-json\/wp\/v2\/users\/1"}],"replies":[{"embeddable":true,"href":"https:\/\/wiladu.de\/es\/wp-json\/wp\/v2\/comments?post=100307"}],"version-history":[{"count":4,"href":"https:\/\/wiladu.de\/es\/wp-json\/wp\/v2\/pages\/100307\/revisions"}],"predecessor-version":[{"id":100311,"href":"https:\/\/wiladu.de\/es\/wp-json\/wp\/v2\/pages\/100307\/revisions\/100311"}],"wp:attachment":[{"href":"https:\/\/wiladu.de\/es\/wp-json\/wp\/v2\/media?parent=100307"}],"curies":[{"name":"wp","href":"https:\/\/api.w.org\/{rel}","templated":true}]}}